{"id":2162,"date":"2021-04-08T17:47:34","date_gmt":"2021-04-08T20:47:34","guid":{"rendered":"https:\/\/sites.usp.br\/edtec\/?page_id=2162"},"modified":"2021-04-09T11:32:43","modified_gmt":"2021-04-09T14:32:43","slug":"projeto-integrado-i","status":"publish","type":"page","link":"https:\/\/sites.usp.br\/edtec\/projeto-integrado-i\/","title":{"rendered":"Projeto Integrado I"},"content":{"rendered":"\t\t<div data-elementor-type=\"wp-page\" data-elementor-id=\"2162\" class=\"elementor elementor-2162\" data-elementor-post-type=\"page\">\n\t\t\t\t\t\t<section class=\"elementor-section elementor-top-section elementor-element elementor-element-d2ec1af elementor-section-boxed elementor-section-height-default elementor-section-height-default\" data-id=\"d2ec1af\" data-element_type=\"section\">\n\t\t\t\t\t\t<div class=\"elementor-container elementor-column-gap-default\">\n\t\t\t\t\t<div class=\"elementor-column elementor-col-100 elementor-top-column elementor-element elementor-element-ff8ba03\" data-id=\"ff8ba03\" data-element_type=\"column\">\n\t\t\t<div class=\"elementor-widget-wrap elementor-element-populated\">\n\t\t\t\t\t\t<div class=\"elementor-element elementor-element-aded255 elementor-widget elementor-widget-text-editor\" data-id=\"aded255\" data-element_type=\"widget\" data-widget_type=\"text-editor.default\">\n\t\t\t\t<div class=\"elementor-widget-container\">\n\t\t\t\t\t\t\t<p dir=\"ltr\">Descri\u00e7\u00f5es do curso Projeto Integrado I<\/p><p dir=\"ltr\">Inicia\u00e7\u00e3o a um projeto de pesquisa sob orienta\u00e7\u00e3o de um professor.<\/p><p dir=\"ltr\">Organiza\u00e7\u00e3o e o formalismo do desenvolvimento do trabalho cient\u00edfico. T\u00e9cnicas de reda\u00e7\u00e3o cient\u00edfica, uso de ferramentas de<br \/>busca, refer\u00eancias bibliogr\u00e1ficas e estruturas formais de divulga\u00e7\u00e3o cient\u00edfica. Desenvolvimento de um tema de pesquisa<br \/>individual, com o formato de um trabalho de Inicia\u00e7\u00e3o Cient\u00edfica, sob a orienta\u00e7\u00e3o de um professor ou pesquisador autorizado<br \/>pela Comiss\u00e3o de Curso. Entrega e apresenta\u00e7\u00e3o de monografia no final da disciplina.<\/p><p dir=\"ltr\">\u00a0<\/p>\t\t\t\t\t\t<\/div>\n\t\t\t\t<\/div>\n\t\t\t\t\t<\/div>\n\t\t<\/div>\n\t\t\t\t\t<\/div>\n\t\t<\/section>\n\t\t\t\t<section class=\"elementor-section elementor-top-section elementor-element elementor-element-f37fbea elementor-section-boxed elementor-section-height-default elementor-section-height-default\" data-id=\"f37fbea\" data-element_type=\"section\">\n\t\t\t\t\t\t<div class=\"elementor-container elementor-column-gap-default\">\n\t\t\t\t\t<div class=\"elementor-column elementor-col-100 elementor-top-column elementor-element elementor-element-81f5bf5\" data-id=\"81f5bf5\" data-element_type=\"column\">\n\t\t\t<div class=\"elementor-widget-wrap elementor-element-populated\">\n\t\t\t\t\t\t<section class=\"elementor-section elementor-inner-section elementor-element elementor-element-36d4589 elementor-section-boxed elementor-section-height-default elementor-section-height-default\" data-id=\"36d4589\" data-element_type=\"section\">\n\t\t\t\t\t\t<div class=\"elementor-container elementor-column-gap-default\">\n\t\t\t\t\t<div class=\"elementor-column elementor-col-50 elementor-inner-column elementor-element elementor-element-1fd4ce1\" data-id=\"1fd4ce1\" data-element_type=\"column\">\n\t\t\t<div class=\"elementor-widget-wrap elementor-element-populated\">\n\t\t\t\t\t\t\t<\/div>\n\t\t<\/div>\n\t\t\t\t<div class=\"elementor-column elementor-col-50 elementor-inner-column elementor-element elementor-element-e5adf59\" data-id=\"e5adf59\" data-element_type=\"column\">\n\t\t\t<div class=\"elementor-widget-wrap elementor-element-populated\">\n\t\t\t\t\t\t<div class=\"elementor-element elementor-element-92c3910 elementor-widget elementor-widget-text-editor\" data-id=\"92c3910\" data-element_type=\"widget\" data-widget_type=\"text-editor.default\">\n\t\t\t\t<div class=\"elementor-widget-container\">\n\t\t\t\t\t\t\t<p>ASTI VERA, A. Metodologia da pesquisa cient\u00edfica. Porto Alegre: Ed. Globo, 1973.<\/p>\t\t\t\t\t\t<\/div>\n\t\t\t\t<\/div>\n\t\t\t\t\t<\/div>\n\t\t<\/div>\n\t\t\t\t\t<\/div>\n\t\t<\/section>\n\t\t\t\t<section class=\"elementor-section elementor-inner-section elementor-element elementor-element-d6521b8 elementor-section-boxed elementor-section-height-default elementor-section-height-default\" data-id=\"d6521b8\" data-element_type=\"section\">\n\t\t\t\t\t\t<div class=\"elementor-container elementor-column-gap-default\">\n\t\t\t\t\t<div class=\"elementor-column elementor-col-50 elementor-inner-column elementor-element elementor-element-c473acd\" data-id=\"c473acd\" data-element_type=\"column\">\n\t\t\t<div class=\"elementor-widget-wrap elementor-element-populated\">\n\t\t\t\t\t\t\t<\/div>\n\t\t<\/div>\n\t\t\t\t<div class=\"elementor-column elementor-col-50 elementor-inner-column elementor-element elementor-element-350a03e\" data-id=\"350a03e\" data-element_type=\"column\">\n\t\t\t<div class=\"elementor-widget-wrap elementor-element-populated\">\n\t\t\t\t\t\t<div class=\"elementor-element elementor-element-d502d07 elementor-widget elementor-widget-text-editor\" data-id=\"d502d07\" data-element_type=\"widget\" data-widget_type=\"text-editor.default\">\n\t\t\t\t<div class=\"elementor-widget-container\">\n\t\t\t\t\t\t\t<p>BARRAS, R. Os cientistas precisam escrever: guia de reda\u00e7\u00e3o para cientistas, engenheiros e estudantes. S\u00e3o Paulo: TAQ\/EDUSP, 1979.<\/p>\t\t\t\t\t\t<\/div>\n\t\t\t\t<\/div>\n\t\t\t\t\t<\/div>\n\t\t<\/div>\n\t\t\t\t\t<\/div>\n\t\t<\/section>\n\t\t\t\t<section class=\"elementor-section elementor-inner-section elementor-element elementor-element-7019b58 elementor-section-boxed elementor-section-height-default elementor-section-height-default\" data-id=\"7019b58\" data-element_type=\"section\">\n\t\t\t\t\t\t<div class=\"elementor-container elementor-column-gap-default\">\n\t\t\t\t\t<div class=\"elementor-column elementor-col-50 elementor-inner-column elementor-element elementor-element-8434c60\" data-id=\"8434c60\" data-element_type=\"column\">\n\t\t\t<div class=\"elementor-widget-wrap elementor-element-populated\">\n\t\t\t\t\t\t\t<\/div>\n\t\t<\/div>\n\t\t\t\t<div class=\"elementor-column elementor-col-50 elementor-inner-column elementor-element elementor-element-cf9cb5b\" data-id=\"cf9cb5b\" data-element_type=\"column\">\n\t\t\t<div class=\"elementor-widget-wrap elementor-element-populated\">\n\t\t\t\t\t\t<div class=\"elementor-element elementor-element-47256cf elementor-widget elementor-widget-text-editor\" data-id=\"47256cf\" data-element_type=\"widget\" data-widget_type=\"text-editor.default\">\n\t\t\t\t<div class=\"elementor-widget-container\">\n\t\t\t\t\t\t\t<p>BCERVO, A. L.; BERVIAN, P. A. Metodologia cient\u00edfica. S\u00e3o Paulo: Mc-Graw-Hill do Brasil, 1973. <\/p>\t\t\t\t\t\t<\/div>\n\t\t\t\t<\/div>\n\t\t\t\t\t<\/div>\n\t\t<\/div>\n\t\t\t\t\t<\/div>\n\t\t<\/section>\n\t\t\t\t<section class=\"elementor-section elementor-inner-section elementor-element elementor-element-174b153 elementor-section-boxed elementor-section-height-default elementor-section-height-default\" data-id=\"174b153\" data-element_type=\"section\">\n\t\t\t\t\t\t<div class=\"elementor-container elementor-column-gap-default\">\n\t\t\t\t\t<div class=\"elementor-column elementor-col-50 elementor-inner-column elementor-element elementor-element-53e97b6\" data-id=\"53e97b6\" data-element_type=\"column\">\n\t\t\t<div class=\"elementor-widget-wrap elementor-element-populated\">\n\t\t\t\t\t\t\t<\/div>\n\t\t<\/div>\n\t\t\t\t<div class=\"elementor-column elementor-col-50 elementor-inner-column elementor-element elementor-element-21eef2d\" data-id=\"21eef2d\" data-element_type=\"column\">\n\t\t\t<div class=\"elementor-widget-wrap elementor-element-populated\">\n\t\t\t\t\t\t<div class=\"elementor-element elementor-element-e88d842 elementor-widget elementor-widget-text-editor\" data-id=\"e88d842\" data-element_type=\"widget\" data-widget_type=\"text-editor.default\">\n\t\t\t\t<div class=\"elementor-widget-container\">\n\t\t\t\t\t\t\t<p>ANDRADE, M. M. Introdu\u00e7\u00e3o \u00e0 Metodologia do Trabalho Cient\u00edfico S\u00e3o Paulo: Atlas, 2005.<\/p>\t\t\t\t\t\t<\/div>\n\t\t\t\t<\/div>\n\t\t\t\t\t<\/div>\n\t\t<\/div>\n\t\t\t\t\t<\/div>\n\t\t<\/section>\n\t\t\t\t\t<\/div>\n\t\t<\/div>\n\t\t\t\t\t<\/div>\n\t\t<\/section>\n\t\t\t\t<\/div>\n\t\t","protected":false},"excerpt":{"rendered":"<p>Descri\u00e7\u00f5es do curso Projeto Integrado I Inicia\u00e7\u00e3o a um projeto de pesquisa sob orienta\u00e7\u00e3o de um professor. Organiza\u00e7\u00e3o e o &hellip; <\/p>\n<p class=\"link-more\"><a href=\"https:\/\/sites.usp.br\/edtec\/projeto-integrado-i\/\" class=\"more-link\">Continue lendo<span class=\"screen-reader-text\"> &#8220;Projeto Integrado I&#8221;<\/span><\/a><\/p>\n","protected":false},"author":22003,"featured_media":0,"parent":0,"menu_order":0,"comment_status":"closed","ping_status":"closed","template":"","meta":{"_monsterinsights_skip_tracking":false,"_monsterinsights_sitenote_active":false,"_monsterinsights_sitenote_note":"","_monsterinsights_sitenote_category":0,"footnotes":"","_links_to":"","_links_to_target":""},"class_list":["post-2162","page","type-page","status-publish","hentry"],"_links":{"self":[{"href":"https:\/\/sites.usp.br\/edtec\/wp-json\/wp\/v2\/pages\/2162","targetHints":{"allow":["GET"]}}],"collection":[{"href":"https:\/\/sites.usp.br\/edtec\/wp-json\/wp\/v2\/pages"}],"about":[{"href":"https:\/\/sites.usp.br\/edtec\/wp-json\/wp\/v2\/types\/page"}],"author":[{"embeddable":true,"href":"https:\/\/sites.usp.br\/edtec\/wp-json\/wp\/v2\/users\/22003"}],"replies":[{"embeddable":true,"href":"https:\/\/sites.usp.br\/edtec\/wp-json\/wp\/v2\/comments?post=2162"}],"version-history":[{"count":4,"href":"https:\/\/sites.usp.br\/edtec\/wp-json\/wp\/v2\/pages\/2162\/revisions"}],"predecessor-version":[{"id":2182,"href":"https:\/\/sites.usp.br\/edtec\/wp-json\/wp\/v2\/pages\/2162\/revisions\/2182"}],"wp:attachment":[{"href":"https:\/\/sites.usp.br\/edtec\/wp-json\/wp\/v2\/media?parent=2162"}],"curies":[{"name":"wp","href":"https:\/\/api.w.org\/{rel}","templated":true}]}}