{"id":972,"date":"2020-08-13T12:32:07","date_gmt":"2020-08-13T15:32:07","guid":{"rendered":"https:\/\/sites.usp.br\/labeel\/?page_id=972"},"modified":"2025-11-15T10:09:20","modified_gmt":"2025-11-15T13:09:20","slug":"espaco-hertz-maker","status":"publish","type":"page","link":"https:\/\/sites.usp.br\/edtec\/laboratorios\/espaco-hertz-maker\/","title":{"rendered":"Espa\u00e7o Hertz Maker"},"content":{"rendered":"\t\t<div data-elementor-type=\"wp-page\" data-elementor-id=\"972\" class=\"elementor elementor-972\" data-elementor-post-type=\"page\">\n\t\t\t\t\t\t<section class=\"elementor-section elementor-top-section elementor-element elementor-element-10056d8 elementor-section-boxed elementor-section-height-default elementor-section-height-default\" data-id=\"10056d8\" data-element_type=\"section\">\n\t\t\t\t\t\t<div class=\"elementor-container elementor-column-gap-default\">\n\t\t\t\t\t<div class=\"elementor-column elementor-col-100 elementor-top-column elementor-element elementor-element-f85f2bd\" data-id=\"f85f2bd\" data-element_type=\"column\">\n\t\t\t<div class=\"elementor-widget-wrap elementor-element-populated\">\n\t\t\t\t\t\t<div class=\"elementor-element elementor-element-3395a34 elementor--h-position-center elementor--v-position-middle elementor-arrows-position-inside elementor-pagination-position-inside elementor-widget elementor-widget-slides\" data-id=\"3395a34\" data-element_type=\"widget\" data-settings=\"{&quot;navigation&quot;:&quot;both&quot;,&quot;autoplay&quot;:&quot;yes&quot;,&quot;pause_on_hover&quot;:&quot;yes&quot;,&quot;pause_on_interaction&quot;:&quot;yes&quot;,&quot;autoplay_speed&quot;:5000,&quot;infinite&quot;:&quot;yes&quot;,&quot;transition&quot;:&quot;slide&quot;,&quot;transition_speed&quot;:500}\" data-widget_type=\"slides.default\">\n\t\t\t\t<div class=\"elementor-widget-container\">\n\t\t\t\t\t<div class=\"elementor-swiper\">\n\t\t\t<div class=\"elementor-slides-wrapper elementor-main-swiper swiper\" dir=\"ltr\" data-animation=\"fadeInUp\">\n\t\t\t\t<div class=\"swiper-wrapper elementor-slides\">\n\t\t\t\t\t\t\t\t\t\t<div class=\"elementor-repeater-item-a14387a swiper-slide\"><div class=\"swiper-slide-bg\" role=\"img\"><\/div><div class=\"swiper-slide-inner\" ><div class=\"swiper-slide-contents\"><div class=\"elementor-slide-heading\">Cabine de solda<\/div><\/div><\/div><\/div><div class=\"elementor-repeater-item-a3591e6 swiper-slide\"><div class=\"swiper-slide-bg\" role=\"img\"><\/div><a class=\"swiper-slide-inner\" href=\"https:\/\/www.kattolaser.com.br\/produto\/maquina-de-corte-e-gravacao-a-laser-1490-130w\/42\"><div class=\"swiper-slide-contents\"><div class=\"elementor-slide-heading\">Katto laser (130W)<\/div><div class=\"elementor-slide-description\">M\u00e1quina de Corte e grava\u00e7\u00e3o a laser (120 x 90 cm)<\/div><div  class=\"elementor-button elementor-slide-button elementor-size-sm\">Saiba mais<\/div><\/div><\/a><\/div><div class=\"elementor-repeater-item-d94a197 swiper-slide\"><div class=\"swiper-slide-bg\" role=\"img\"><\/div><a class=\"swiper-slide-inner\" href=\"https:\/\/www.kattolaser.com.br\/produto\/maquina-de-corte-e-gravacao-a-laser-1490-130w\/42\"><div class=\"swiper-slide-contents\"><div class=\"elementor-slide-heading\">Katto laser (130W)<\/div><div class=\"elementor-slide-description\">M\u00e1quina de Corte e grava\u00e7\u00e3o a laser<\/div><div  class=\"elementor-button elementor-slide-button elementor-size-sm\">Saiba mais<\/div><\/div><\/a><\/div><div class=\"elementor-repeater-item-fe7ab84 swiper-slide\"><div class=\"swiper-slide-bg\" role=\"img\"><\/div><div class=\"swiper-slide-inner\" ><div class=\"swiper-slide-contents\"><div class=\"elementor-slide-heading\">Impressora 3D - CR-30 Creality<\/div><div class=\"elementor-slide-description\">Impressora com Z-infinito<\/div><div  class=\"elementor-button elementor-slide-button elementor-size-sm\">Clique aqui<\/div><\/div><\/div><\/div><div class=\"elementor-repeater-item-2c838a8 swiper-slide\"><div class=\"swiper-slide-bg\" role=\"img\"><\/div><div class=\"swiper-slide-inner\" ><div class=\"swiper-slide-contents\"><div class=\"elementor-slide-heading\">Impressora 3D - GTMax A3-v2<\/div><div  class=\"elementor-button elementor-slide-button elementor-size-sm\">Clique aqui<\/div><\/div><\/div><\/div><div class=\"elementor-repeater-item-4feb46b swiper-slide\"><div class=\"swiper-slide-bg\" role=\"img\"><\/div><div class=\"swiper-slide-inner\" ><div class=\"swiper-slide-contents\"><div class=\"elementor-slide-heading\">Impressora3D - Core A3-v2 pro (Creality)<\/div><div  class=\"elementor-button elementor-slide-button elementor-size-sm\">Clique aqui<\/div><\/div><\/div><\/div>\t\t\t\t<\/div>\n\t\t\t\t\t\t\t\t\t\t\t\t\t\t\t<div class=\"swiper-pagination\"><\/div>\n\t\t\t\t\t\t\t\t\t\t\t\t\t\t\t\t<div class=\"elementor-swiper-button elementor-swiper-button-prev\" role=\"button\" tabindex=\"0\">\n\t\t\t\t\t\t\t<i aria-hidden=\"true\" class=\"eicon-chevron-left\"><\/i>\t\t\t\t\t\t\t<span class=\"elementor-screen-only\">Previous slide<\/span>\n\t\t\t\t\t\t<\/div>\n\t\t\t\t\t\t<div class=\"elementor-swiper-button elementor-swiper-button-next\" role=\"button\" tabindex=\"0\">\n\t\t\t\t\t\t\t<i aria-hidden=\"true\" class=\"eicon-chevron-right\"><\/i>\t\t\t\t\t\t\t<span class=\"elementor-screen-only\">Next slide<\/span>\n\t\t\t\t\t\t<\/div>\n\t\t\t\t\t\t\t\t\t\t\t\t<\/div>\n\t\t<\/div>\n\t\t\t\t<\/div>\n\t\t\t\t<\/div>\n\t\t\t\t\t<\/div>\n\t\t<\/div>\n\t\t\t\t\t<\/div>\n\t\t<\/section>\n\t\t\t\t<\/div>\n\t\t","protected":false},"excerpt":{"rendered":"<p>Cabine de soldaKatto laser (130W)M\u00e1quina de Corte e grava\u00e7\u00e3o a laser (120 x 90 cm)Saiba maisKatto laser (130W)M\u00e1quina de Corte &hellip; <\/p>\n<p class=\"link-more\"><a href=\"https:\/\/sites.usp.br\/edtec\/laboratorios\/espaco-hertz-maker\/\" class=\"more-link\">Continue lendo<span class=\"screen-reader-text\"> &#8220;Espa\u00e7o Hertz Maker&#8221;<\/span><\/a><\/p>\n","protected":false},"author":22017,"featured_media":0,"parent":1018,"menu_order":0,"comment_status":"closed","ping_status":"closed","template":"","meta":{"_monsterinsights_skip_tracking":false,"_monsterinsights_sitenote_active":false,"_monsterinsights_sitenote_note":"","_monsterinsights_sitenote_category":0,"footnotes":"","_links_to":"","_links_to_target":""},"class_list":["post-972","page","type-page","status-publish","hentry"],"_links":{"self":[{"href":"https:\/\/sites.usp.br\/edtec\/wp-json\/wp\/v2\/pages\/972","targetHints":{"allow":["GET"]}}],"collection":[{"href":"https:\/\/sites.usp.br\/edtec\/wp-json\/wp\/v2\/pages"}],"about":[{"href":"https:\/\/sites.usp.br\/edtec\/wp-json\/wp\/v2\/types\/page"}],"author":[{"embeddable":true,"href":"https:\/\/sites.usp.br\/edtec\/wp-json\/wp\/v2\/users\/22017"}],"replies":[{"embeddable":true,"href":"https:\/\/sites.usp.br\/edtec\/wp-json\/wp\/v2\/comments?post=972"}],"version-history":[{"count":4,"href":"https:\/\/sites.usp.br\/edtec\/wp-json\/wp\/v2\/pages\/972\/revisions"}],"predecessor-version":[{"id":2759,"href":"https:\/\/sites.usp.br\/edtec\/wp-json\/wp\/v2\/pages\/972\/revisions\/2759"}],"up":[{"embeddable":true,"href":"https:\/\/sites.usp.br\/edtec\/wp-json\/wp\/v2\/pages\/1018"}],"wp:attachment":[{"href":"https:\/\/sites.usp.br\/edtec\/wp-json\/wp\/v2\/media?parent=972"}],"curies":[{"name":"wp","href":"https:\/\/api.w.org\/{rel}","templated":true}]}}