{"id":980,"date":"2020-08-13T12:38:13","date_gmt":"2020-08-13T15:38:13","guid":{"rendered":"https:\/\/sites.usp.br\/labeel\/?page_id=980"},"modified":"2021-04-08T15:55:12","modified_gmt":"2021-04-08T18:55:12","slug":"podcast","status":"publish","type":"page","link":"https:\/\/sites.usp.br\/edtec\/projetos\/podcast\/","title":{"rendered":"Podcast"},"content":{"rendered":"<p>P\u00e1gina em constru\u00e7\u00e3o&#8230;<\/p>\n","protected":false},"excerpt":{"rendered":"<p>P\u00e1gina em constru\u00e7\u00e3o&#8230;<\/p>\n","protected":false},"author":22003,"featured_media":0,"parent":989,"menu_order":0,"comment_status":"closed","ping_status":"closed","template":"","meta":{"_monsterinsights_skip_tracking":false,"_monsterinsights_sitenote_active":false,"_monsterinsights_sitenote_note":"","_monsterinsights_sitenote_category":0,"footnotes":"","_links_to":"","_links_to_target":""},"class_list":["post-980","page","type-page","status-publish","hentry"],"_links":{"self":[{"href":"https:\/\/sites.usp.br\/edtec\/wp-json\/wp\/v2\/pages\/980","targetHints":{"allow":["GET"]}}],"collection":[{"href":"https:\/\/sites.usp.br\/edtec\/wp-json\/wp\/v2\/pages"}],"about":[{"href":"https:\/\/sites.usp.br\/edtec\/wp-json\/wp\/v2\/types\/page"}],"author":[{"embeddable":true,"href":"https:\/\/sites.usp.br\/edtec\/wp-json\/wp\/v2\/users\/22003"}],"replies":[{"embeddable":true,"href":"https:\/\/sites.usp.br\/edtec\/wp-json\/wp\/v2\/comments?post=980"}],"version-history":[{"count":3,"href":"https:\/\/sites.usp.br\/edtec\/wp-json\/wp\/v2\/pages\/980\/revisions"}],"predecessor-version":[{"id":2120,"href":"https:\/\/sites.usp.br\/edtec\/wp-json\/wp\/v2\/pages\/980\/revisions\/2120"}],"up":[{"embeddable":true,"href":"https:\/\/sites.usp.br\/edtec\/wp-json\/wp\/v2\/pages\/989"}],"wp:attachment":[{"href":"https:\/\/sites.usp.br\/edtec\/wp-json\/wp\/v2\/media?parent=980"}],"curies":[{"name":"wp","href":"https:\/\/api.w.org\/{rel}","templated":true}]}}