{"id":1174,"date":"2020-10-01T17:15:16","date_gmt":"2020-10-01T20:15:16","guid":{"rendered":"http:\/\/sites.usp.br\/educacaoemfronteiras\/?page_id=1174"},"modified":"2020-10-02T13:30:59","modified_gmt":"2020-10-02T16:30:59","slug":"arquipelago-de-memorias","status":"publish","type":"page","link":"https:\/\/sites.usp.br\/educacaoemfronteiras\/arquipelago-de-memorias\/","title":{"rendered":"Arquip\u00e9lago de mem\u00f3rias"},"content":{"rendered":"<p>Com o intuito de alargar as a\u00e7\u00f5es do Projeto Tem\u00e1tico, abrangendo atividades de extens\u00e3o, iniciou-se uma parceria com a Escola de Aplica\u00e7\u00e3o da Faculdade de Educa\u00e7\u00e3o da USP e o projeto <a href=\"https:\/\/sites.google.com\/ufg.br\/arquipelagodememorias\">Arquip\u00e9lago de mem\u00f3rias.<\/a><\/p>\n<p>Conhe\u00e7a mais sobre a iniciativa, assistindo este <a href=\"https:\/\/www.youtube.com\/watch?v=ecRse-dgS_A&amp;feature=youtu.be\">v\u00eddeo<\/a>, que traz a presen\u00e7a de Marlene Isepi, diretora da EA-FEUSP.<\/p>\n","protected":false},"excerpt":{"rendered":"<p>Com o intuito de alargar as a\u00e7\u00f5es do Projeto Tem\u00e1tico, abrangendo atividades de extens\u00e3o, iniciou-se uma parceria com a Escola de Aplica\u00e7\u00e3o da Faculdade de Educa\u00e7\u00e3o da USP e o projeto Arquip\u00e9lago de mem\u00f3rias. Conhe\u00e7a mais sobre a iniciativa, assistindo este v\u00eddeo, que traz a presen\u00e7a de Marlene Isepi, diretora da EA-FEUSP.<\/p>\n","protected":false},"author":21860,"featured_media":1182,"parent":0,"menu_order":0,"comment_status":"closed","ping_status":"closed","template":"","meta":{"footnotes":"","_links_to":"","_links_to_target":""},"categories":[],"tags":[],"class_list":["post-1174","page","type-page","status-publish","has-post-thumbnail","hentry"],"_links":{"self":[{"href":"https:\/\/sites.usp.br\/educacaoemfronteiras\/wp-json\/wp\/v2\/pages\/1174","targetHints":{"allow":["GET"]}}],"collection":[{"href":"https:\/\/sites.usp.br\/educacaoemfronteiras\/wp-json\/wp\/v2\/pages"}],"about":[{"href":"https:\/\/sites.usp.br\/educacaoemfronteiras\/wp-json\/wp\/v2\/types\/page"}],"author":[{"embeddable":true,"href":"https:\/\/sites.usp.br\/educacaoemfronteiras\/wp-json\/wp\/v2\/users\/21860"}],"replies":[{"embeddable":true,"href":"https:\/\/sites.usp.br\/educacaoemfronteiras\/wp-json\/wp\/v2\/comments?post=1174"}],"version-history":[{"count":4,"href":"https:\/\/sites.usp.br\/educacaoemfronteiras\/wp-json\/wp\/v2\/pages\/1174\/revisions"}],"predecessor-version":[{"id":1192,"href":"https:\/\/sites.usp.br\/educacaoemfronteiras\/wp-json\/wp\/v2\/pages\/1174\/revisions\/1192"}],"wp:featuredmedia":[{"embeddable":true,"href":"https:\/\/sites.usp.br\/educacaoemfronteiras\/wp-json\/wp\/v2\/media\/1182"}],"wp:attachment":[{"href":"https:\/\/sites.usp.br\/educacaoemfronteiras\/wp-json\/wp\/v2\/media?parent=1174"}],"wp:term":[{"taxonomy":"category","embeddable":true,"href":"https:\/\/sites.usp.br\/educacaoemfronteiras\/wp-json\/wp\/v2\/categories?post=1174"},{"taxonomy":"post_tag","embeddable":true,"href":"https:\/\/sites.usp.br\/educacaoemfronteiras\/wp-json\/wp\/v2\/tags?post=1174"}],"curies":[{"name":"wp","href":"https:\/\/api.w.org\/{rel}","templated":true}]}}