{"id":1325,"date":"2021-03-23T15:47:55","date_gmt":"2021-03-23T18:47:55","guid":{"rendered":"http:\/\/sites.usp.br\/educacaoemfronteiras\/?page_id=1325"},"modified":"2025-07-30T10:00:19","modified_gmt":"2025-07-30T13:00:19","slug":"cursos-de-extensao","status":"publish","type":"page","link":"https:\/\/sites.usp.br\/educacaoemfronteiras\/cursos-de-extensao\/","title":{"rendered":"Cursos de Extens\u00e3o"},"content":{"rendered":"<p>Curso on-line de Difus\u00e3o intitulado Ainda a escola, organizado pelo GEFHIPE (Grupo de Estudos de Filosofia e Hist\u00f3ria das Ideias Pedag\u00f3gicas), durante o per\u00edodo compreendido entre mar\u00e7o e julho de 2025, sob coordena\u00e7\u00e3o de Carlota Boto e Bruna Polachini.<br \/>\n     &#8211; SILVA, Alexandre Ribeiro e. Aula: Ecos internacionais nas pol\u00edticas de instru\u00e7\u00e3o p\u00fablica do Brasil Imp\u00e9rio. Curso de Extens\u00e3o \u201cAinda a escola?\u201d.<br \/>\n30\/04\/2025. Online.<br \/>\n     &#8211; SILVA, Carolina Mostaro. Aula: Entre o desejo da mem\u00f3ria e o interesse pela hist\u00f3ria: investiga\u00e7\u00e3o sobre a Creche Baroneza de Limeira. Curso de Extens\u00e3o \u201cAinda a escola?\u201d. 25\/6\/2025. Online.<br \/>\n    &#8211; POLACHINI, Bruna Aula: A forma\u00e7\u00e3o das escolas normais no Brasil no s\u00e9culo XIX. Curso de Extens\u00e3o \u201cAinda a escola?\u201d. 28\/05\/2025. Online.<\/p>\n<p>&nbsp;<\/p>\n<p><a href=\"https:\/\/sites.usp.br\/educacaoemfronteiras\/wp-content\/uploads\/sites\/738\/2025\/06\/cursoextensaoHISTORIADALEITURA.pdf\"><strong>Leitura e escrita sob a clivagem da hist\u00f3ria: cen\u00e1rios e perspectivas<\/strong>, oferecida na Faculdade de Educa\u00e7\u00e3o da USP, no segundo semestre de 2020, por Carlota Boto com a colabora\u00e7\u00e3o de Alexandre Ribeiro e Silva, Bruna Polachini, Carolina Mostaro, Julia Souza Santos Giardino, Maria Alzira da Cruz Colombo, Marina Ribeiro de G\u00f3is, Miriam Fernandes Muramoto, Nath\u00e1lia Campelo Ferraz Guirao, Shirlet dos Santos, Sophia Calil Breymaier, Tiago Almeida e Tiziana Ferrero.<\/a><\/p>\n<p>&nbsp;<\/p>\n<p>Tempos e lugares da oralidade, da alfabetiza\u00e7\u00e3o e da leitura na contemporaneidade -Estrat\u00e9gias para formar bons leitores na escola contempor\u00e2nea, organizado pelos professores: Vivian Batista da Silva, Paula Perin Vicentini, Rita de Cassia Gallego, Claudemir Belintane e Nat\u00e1lia Bortolaci, al\u00e9m das professoras da Escola de Aplica\u00e7\u00e3o: Brenda Gon\u00e7alves, Alessandra Mendes, Mirian Machado, Kamila Rumi. O curso foi aberto a professores de escolas p\u00fablicas e estudantes da \u00e1rea de educa\u00e7\u00e3o.<\/p>\n","protected":false},"excerpt":{"rendered":"<p>Curso on-line de Difus\u00e3o intitulado Ainda a escola, organizado pelo GEFHIPE (Grupo de Estudos de Filosofia e Hist\u00f3ria das Ideias Pedag\u00f3gicas), durante o per\u00edodo compreendido entre mar\u00e7o e julho de 2025, sob coordena\u00e7\u00e3o de Carlota Boto e Bruna Polachini. &#8211; SILVA, Alexandre Ribeiro e. Aula: Ecos internacionais nas pol\u00edticas de instru\u00e7\u00e3o p\u00fablica do Brasil Imp\u00e9rio.<a href=\"https:\/\/sites.usp.br\/educacaoemfronteiras\/cursos-de-extensao\/\">[&#8230;]<\/a><\/p>\n","protected":false},"author":22153,"featured_media":0,"parent":0,"menu_order":0,"comment_status":"closed","ping_status":"closed","template":"","meta":{"footnotes":"","_links_to":"","_links_to_target":""},"categories":[],"tags":[],"class_list":["post-1325","page","type-page","status-publish","hentry"],"_links":{"self":[{"href":"https:\/\/sites.usp.br\/educacaoemfronteiras\/wp-json\/wp\/v2\/pages\/1325","targetHints":{"allow":["GET"]}}],"collection":[{"href":"https:\/\/sites.usp.br\/educacaoemfronteiras\/wp-json\/wp\/v2\/pages"}],"about":[{"href":"https:\/\/sites.usp.br\/educacaoemfronteiras\/wp-json\/wp\/v2\/types\/page"}],"author":[{"embeddable":true,"href":"https:\/\/sites.usp.br\/educacaoemfronteiras\/wp-json\/wp\/v2\/users\/22153"}],"replies":[{"embeddable":true,"href":"https:\/\/sites.usp.br\/educacaoemfronteiras\/wp-json\/wp\/v2\/comments?post=1325"}],"version-history":[{"count":5,"href":"https:\/\/sites.usp.br\/educacaoemfronteiras\/wp-json\/wp\/v2\/pages\/1325\/revisions"}],"predecessor-version":[{"id":1882,"href":"https:\/\/sites.usp.br\/educacaoemfronteiras\/wp-json\/wp\/v2\/pages\/1325\/revisions\/1882"}],"wp:attachment":[{"href":"https:\/\/sites.usp.br\/educacaoemfronteiras\/wp-json\/wp\/v2\/media?parent=1325"}],"wp:term":[{"taxonomy":"category","embeddable":true,"href":"https:\/\/sites.usp.br\/educacaoemfronteiras\/wp-json\/wp\/v2\/categories?post=1325"},{"taxonomy":"post_tag","embeddable":true,"href":"https:\/\/sites.usp.br\/educacaoemfronteiras\/wp-json\/wp\/v2\/tags?post=1325"}],"curies":[{"name":"wp","href":"https:\/\/api.w.org\/{rel}","templated":true}]}}