{"id":1432,"date":"2021-09-25T20:39:10","date_gmt":"2021-09-25T23:39:10","guid":{"rendered":"https:\/\/sites.usp.br\/educacaoemfronteiras\/?page_id=1432"},"modified":"2021-09-30T15:48:24","modified_gmt":"2021-09-30T18:48:24","slug":"disciplina","status":"publish","type":"page","link":"https:\/\/sites.usp.br\/educacaoemfronteiras\/disciplina\/","title":{"rendered":"Disciplina"},"content":{"rendered":"<p>Selecione uma das op\u00e7\u00f5es no menu <strong>disciplinas<\/strong> para ter acesso \u00e0s disciplinas de p\u00f3s-gradua\u00e7\u00e3o, gradua\u00e7\u00e3o, cursos de extens\u00e3o e minicursos oferecidas pelos membros da equipe do projeto tem\u00e1tico.<\/p>\n","protected":false},"excerpt":{"rendered":"<p>Selecione uma das op\u00e7\u00f5es no menu disciplinas para ter acesso \u00e0s disciplinas de p\u00f3s-gradua\u00e7\u00e3o, gradua\u00e7\u00e3o, cursos de extens\u00e3o e minicursos oferecidas pelos membros da equipe do projeto tem\u00e1tico.<\/p>\n","protected":false},"author":22153,"featured_media":0,"parent":0,"menu_order":0,"comment_status":"closed","ping_status":"closed","template":"","meta":{"footnotes":"","_links_to":"","_links_to_target":""},"categories":[],"tags":[],"class_list":["post-1432","page","type-page","status-publish","hentry"],"_links":{"self":[{"href":"https:\/\/sites.usp.br\/educacaoemfronteiras\/wp-json\/wp\/v2\/pages\/1432","targetHints":{"allow":["GET"]}}],"collection":[{"href":"https:\/\/sites.usp.br\/educacaoemfronteiras\/wp-json\/wp\/v2\/pages"}],"about":[{"href":"https:\/\/sites.usp.br\/educacaoemfronteiras\/wp-json\/wp\/v2\/types\/page"}],"author":[{"embeddable":true,"href":"https:\/\/sites.usp.br\/educacaoemfronteiras\/wp-json\/wp\/v2\/users\/22153"}],"replies":[{"embeddable":true,"href":"https:\/\/sites.usp.br\/educacaoemfronteiras\/wp-json\/wp\/v2\/comments?post=1432"}],"version-history":[{"count":4,"href":"https:\/\/sites.usp.br\/educacaoemfronteiras\/wp-json\/wp\/v2\/pages\/1432\/revisions"}],"predecessor-version":[{"id":1546,"href":"https:\/\/sites.usp.br\/educacaoemfronteiras\/wp-json\/wp\/v2\/pages\/1432\/revisions\/1546"}],"wp:attachment":[{"href":"https:\/\/sites.usp.br\/educacaoemfronteiras\/wp-json\/wp\/v2\/media?parent=1432"}],"wp:term":[{"taxonomy":"category","embeddable":true,"href":"https:\/\/sites.usp.br\/educacaoemfronteiras\/wp-json\/wp\/v2\/categories?post=1432"},{"taxonomy":"post_tag","embeddable":true,"href":"https:\/\/sites.usp.br\/educacaoemfronteiras\/wp-json\/wp\/v2\/tags?post=1432"}],"curies":[{"name":"wp","href":"https:\/\/api.w.org\/{rel}","templated":true}]}}