{"id":1443,"date":"2021-09-25T20:47:02","date_gmt":"2021-09-25T23:47:02","guid":{"rendered":"https:\/\/sites.usp.br\/educacaoemfronteiras\/?page_id=1443"},"modified":"2021-09-29T07:39:04","modified_gmt":"2021-09-29T10:39:04","slug":"sobre-2","status":"publish","type":"page","link":"https:\/\/sites.usp.br\/educacaoemfronteiras\/sobre-2\/","title":{"rendered":"Sobre"},"content":{"rendered":"<p>A <a href=\"https:\/\/www.catedraeducacaousp.org\/\">C\u00e1tedra de Educa\u00e7\u00e3o B\u00e1sica Alfredo Bos<\/a>i est\u00e1 sediada no Instituto de Estudos Avan\u00e7ados da Universidade de S\u00e3o Paulo, e tem por objetivo congregar pesquisadoras e pesquisadores que desenvolvam projetos capazes de provocar reflex\u00f5es sobre a educa\u00e7\u00e3o b\u00e1sica brasileira. Dentre seus objetivos espec\u00edficos, a C\u00e1tedra fomenta debates sobre a forma\u00e7\u00e3o de professores, procurando oferecer pondera\u00e7\u00f5es acerca da doc\u00eancia; pretende tamb\u00e9m promover discuss\u00f5es sobre a Educa\u00e7\u00e3o B\u00e1sica por meio de semin\u00e1rios, col\u00f3quios, minicursos e outros eventos que visam o compartilhamento de conhecimentos e geram novas perspectivas por meio do encontro entre pesquisadoras e pesquisadores, empenhando-se em produzir inova\u00e7\u00f5es concernentes a forma\u00e7\u00e3o de professores que possam beneficiar a rede p\u00fablica de ensino.<\/p>\n","protected":false},"excerpt":{"rendered":"<p>A C\u00e1tedra de Educa\u00e7\u00e3o B\u00e1sica Alfredo Bosi est\u00e1 sediada no Instituto de Estudos Avan\u00e7ados da Universidade de S\u00e3o Paulo, e tem por objetivo congregar pesquisadoras e pesquisadores que desenvolvam projetos capazes de provocar reflex\u00f5es sobre a educa\u00e7\u00e3o b\u00e1sica brasileira. Dentre seus objetivos espec\u00edficos, a C\u00e1tedra fomenta debates sobre a forma\u00e7\u00e3o de professores, procurando oferecer pondera\u00e7\u00f5es<a href=\"https:\/\/sites.usp.br\/educacaoemfronteiras\/sobre-2\/\">[&#8230;]<\/a><\/p>\n","protected":false},"author":22153,"featured_media":0,"parent":0,"menu_order":0,"comment_status":"closed","ping_status":"closed","template":"","meta":{"footnotes":"","_links_to":"","_links_to_target":""},"categories":[],"tags":[],"class_list":["post-1443","page","type-page","status-publish","hentry"],"_links":{"self":[{"href":"https:\/\/sites.usp.br\/educacaoemfronteiras\/wp-json\/wp\/v2\/pages\/1443","targetHints":{"allow":["GET"]}}],"collection":[{"href":"https:\/\/sites.usp.br\/educacaoemfronteiras\/wp-json\/wp\/v2\/pages"}],"about":[{"href":"https:\/\/sites.usp.br\/educacaoemfronteiras\/wp-json\/wp\/v2\/types\/page"}],"author":[{"embeddable":true,"href":"https:\/\/sites.usp.br\/educacaoemfronteiras\/wp-json\/wp\/v2\/users\/22153"}],"replies":[{"embeddable":true,"href":"https:\/\/sites.usp.br\/educacaoemfronteiras\/wp-json\/wp\/v2\/comments?post=1443"}],"version-history":[{"count":3,"href":"https:\/\/sites.usp.br\/educacaoemfronteiras\/wp-json\/wp\/v2\/pages\/1443\/revisions"}],"predecessor-version":[{"id":1478,"href":"https:\/\/sites.usp.br\/educacaoemfronteiras\/wp-json\/wp\/v2\/pages\/1443\/revisions\/1478"}],"wp:attachment":[{"href":"https:\/\/sites.usp.br\/educacaoemfronteiras\/wp-json\/wp\/v2\/media?parent=1443"}],"wp:term":[{"taxonomy":"category","embeddable":true,"href":"https:\/\/sites.usp.br\/educacaoemfronteiras\/wp-json\/wp\/v2\/categories?post=1443"},{"taxonomy":"post_tag","embeddable":true,"href":"https:\/\/sites.usp.br\/educacaoemfronteiras\/wp-json\/wp\/v2\/tags?post=1443"}],"curies":[{"name":"wp","href":"https:\/\/api.w.org\/{rel}","templated":true}]}}