{"id":1505,"date":"2021-09-30T15:07:10","date_gmt":"2021-09-30T18:07:10","guid":{"rendered":"https:\/\/sites.usp.br\/educacaoemfronteiras\/?page_id=1505"},"modified":"2021-09-30T15:27:04","modified_gmt":"2021-09-30T18:27:04","slug":"traducoes","status":"publish","type":"page","link":"https:\/\/sites.usp.br\/educacaoemfronteiras\/traducoes\/","title":{"rendered":"Tradu\u00e7\u00f5es"},"content":{"rendered":"<h2>Tradu\u00e7\u00f5es<\/h2>\n<ol>\n<li>ROLDAN VERA, E. &amp; FUCHS, E. O transnacional na hist\u00f3ria da educa\u00e7\u00e3o. S\u00e3o Paulo:\u00a0<em>Revista Educa\u00e7\u00e3o &amp; Pesquisa<\/em>, v. 47, 2021, tradu\u00e7\u00e3o de SILVA, Alexandre R. E.; GUIMARAES, Ana Carolina; revis\u00e3o t\u00e9cnica de VIDAL, Diana. DOI:\u00a0<a href=\"https:\/\/doi.org\/10.1590\/S1517-97022021470100301\">https:\/\/doi.org\/10.1590\/S1517-97022021470100301<\/a><\/li>\n<\/ol>\n","protected":false},"excerpt":{"rendered":"<p>Tradu\u00e7\u00f5es ROLDAN VERA, E. &amp; FUCHS, E. O transnacional na hist\u00f3ria da educa\u00e7\u00e3o. S\u00e3o Paulo:\u00a0Revista Educa\u00e7\u00e3o &amp; Pesquisa, v. 47, 2021, tradu\u00e7\u00e3o de SILVA, Alexandre R. E.; GUIMARAES, Ana Carolina; revis\u00e3o t\u00e9cnica de VIDAL, Diana. DOI:\u00a0https:\/\/doi.org\/10.1590\/S1517-97022021470100301<\/p>\n","protected":false},"author":22153,"featured_media":0,"parent":0,"menu_order":0,"comment_status":"closed","ping_status":"closed","template":"","meta":{"footnotes":"","_links_to":"","_links_to_target":""},"categories":[],"tags":[],"class_list":["post-1505","page","type-page","status-publish","hentry"],"_links":{"self":[{"href":"https:\/\/sites.usp.br\/educacaoemfronteiras\/wp-json\/wp\/v2\/pages\/1505","targetHints":{"allow":["GET"]}}],"collection":[{"href":"https:\/\/sites.usp.br\/educacaoemfronteiras\/wp-json\/wp\/v2\/pages"}],"about":[{"href":"https:\/\/sites.usp.br\/educacaoemfronteiras\/wp-json\/wp\/v2\/types\/page"}],"author":[{"embeddable":true,"href":"https:\/\/sites.usp.br\/educacaoemfronteiras\/wp-json\/wp\/v2\/users\/22153"}],"replies":[{"embeddable":true,"href":"https:\/\/sites.usp.br\/educacaoemfronteiras\/wp-json\/wp\/v2\/comments?post=1505"}],"version-history":[{"count":4,"href":"https:\/\/sites.usp.br\/educacaoemfronteiras\/wp-json\/wp\/v2\/pages\/1505\/revisions"}],"predecessor-version":[{"id":1520,"href":"https:\/\/sites.usp.br\/educacaoemfronteiras\/wp-json\/wp\/v2\/pages\/1505\/revisions\/1520"}],"wp:attachment":[{"href":"https:\/\/sites.usp.br\/educacaoemfronteiras\/wp-json\/wp\/v2\/media?parent=1505"}],"wp:term":[{"taxonomy":"category","embeddable":true,"href":"https:\/\/sites.usp.br\/educacaoemfronteiras\/wp-json\/wp\/v2\/categories?post=1505"},{"taxonomy":"post_tag","embeddable":true,"href":"https:\/\/sites.usp.br\/educacaoemfronteiras\/wp-json\/wp\/v2\/tags?post=1505"}],"curies":[{"name":"wp","href":"https:\/\/api.w.org\/{rel}","templated":true}]}}