{"id":1526,"date":"2021-09-30T15:39:38","date_gmt":"2021-09-30T18:39:38","guid":{"rendered":"https:\/\/sites.usp.br\/educacaoemfronteiras\/?page_id=1526"},"modified":"2021-09-30T15:39:38","modified_gmt":"2021-09-30T18:39:38","slug":"projetos-institucionais","status":"publish","type":"page","link":"https:\/\/sites.usp.br\/educacaoemfronteiras\/projetos-institucionais\/","title":{"rendered":"Projetos institucionais"},"content":{"rendered":"<p style=\"text-align: center;\"><strong>Projetos institucionais<\/strong><\/p>\n<p style=\"text-align: center;\"><a href=\"http:\/\/sites.usp.br\/educacaoemfronteiras\/arquipelago-de-memorias\/\">Arquip\u00e9lago de mem\u00f3rias<\/a><\/p>\n<p style=\"text-align: center;\"><a href=\"https:\/\/bv.fapesp.br\/pt\/auxilios\/107649\/formacao-de-professores-no-brasil-e-nova-zelandia-comparando-dois-periodos-anos-1930-e-dias-de-hoje\/\">SPRINT \u2013 Projeto de Pesquisa \u2013 Mobilidade \u2013 Edi\u00e7\u00e3o 2019\/04 \/ Universities New Zealand<\/a><\/p>\n<p style=\"text-align: center;\"><a href=\"http:\/\/www.iea.usp.br\/pesquisa\/catedras-e-convenios\/catedra-de-educacao-basica\">C\u00e1tedra de Educa\u00e7\u00e3o B\u00e1sica Alfredo Bosi \u2013 IEA\/USP<\/a><\/p>\n","protected":false},"excerpt":{"rendered":"<p>Projetos institucionais Arquip\u00e9lago de mem\u00f3rias SPRINT \u2013 Projeto de Pesquisa \u2013 Mobilidade \u2013 Edi\u00e7\u00e3o 2019\/04 \/ Universities New Zealand C\u00e1tedra de Educa\u00e7\u00e3o B\u00e1sica Alfredo Bosi \u2013 IEA\/USP<\/p>\n","protected":false},"author":22153,"featured_media":0,"parent":0,"menu_order":0,"comment_status":"closed","ping_status":"closed","template":"","meta":{"footnotes":"","_links_to":"","_links_to_target":""},"categories":[],"tags":[],"class_list":["post-1526","page","type-page","status-publish","hentry"],"_links":{"self":[{"href":"https:\/\/sites.usp.br\/educacaoemfronteiras\/wp-json\/wp\/v2\/pages\/1526","targetHints":{"allow":["GET"]}}],"collection":[{"href":"https:\/\/sites.usp.br\/educacaoemfronteiras\/wp-json\/wp\/v2\/pages"}],"about":[{"href":"https:\/\/sites.usp.br\/educacaoemfronteiras\/wp-json\/wp\/v2\/types\/page"}],"author":[{"embeddable":true,"href":"https:\/\/sites.usp.br\/educacaoemfronteiras\/wp-json\/wp\/v2\/users\/22153"}],"replies":[{"embeddable":true,"href":"https:\/\/sites.usp.br\/educacaoemfronteiras\/wp-json\/wp\/v2\/comments?post=1526"}],"version-history":[{"count":1,"href":"https:\/\/sites.usp.br\/educacaoemfronteiras\/wp-json\/wp\/v2\/pages\/1526\/revisions"}],"predecessor-version":[{"id":1527,"href":"https:\/\/sites.usp.br\/educacaoemfronteiras\/wp-json\/wp\/v2\/pages\/1526\/revisions\/1527"}],"wp:attachment":[{"href":"https:\/\/sites.usp.br\/educacaoemfronteiras\/wp-json\/wp\/v2\/media?parent=1526"}],"wp:term":[{"taxonomy":"category","embeddable":true,"href":"https:\/\/sites.usp.br\/educacaoemfronteiras\/wp-json\/wp\/v2\/categories?post=1526"},{"taxonomy":"post_tag","embeddable":true,"href":"https:\/\/sites.usp.br\/educacaoemfronteiras\/wp-json\/wp\/v2\/tags?post=1526"}],"curies":[{"name":"wp","href":"https:\/\/api.w.org\/{rel}","templated":true}]}}