{"id":1536,"date":"2021-09-30T15:41:15","date_gmt":"2021-09-30T18:41:15","guid":{"rendered":"https:\/\/sites.usp.br\/educacaoemfronteiras\/?page_id=1536"},"modified":"2024-01-03T13:56:12","modified_gmt":"2024-01-03T16:56:12","slug":"iniciacao-cientifica","status":"publish","type":"page","link":"https:\/\/sites.usp.br\/educacaoemfronteiras\/iniciacao-cientifica\/","title":{"rendered":"Inicia\u00e7\u00e3o cient\u00edfica"},"content":{"rendered":"<p style=\"text-align: left;\">Ana Laura Sabino dos Santos<\/p>\n<p style=\"text-align: left;\"><a href=\"https:\/\/bv.fapesp.br\/pt\/pesquisador\/710211\/gabriel-delatin-de-toledo\">Gabriel Delatin de Toledo<\/a><\/p>\n<p style=\"text-align: left;\"><a href=\"https:\/\/bv.fapesp.br\/pt\/bolsas\/196187\/saberes-e-praticas-em-perspectiva-historica-um-estudo-da-profissao-e-carreira-docente-no-municipio-d\/\">Stefane Lino de Freitas<\/a><\/p>\n<p style=\"text-align: left;\"><a href=\"https:\/\/bv.fapesp.br\/pt\/bolsas\/190104\/saberes-e-praticas-em-fronteiras-por-uma-historia-transnacional-da-educacao-1810-\/\" data-rich-text-format-boundary=\"true\">Dara Matrella<\/a><\/p>\n<p style=\"text-align: left;\"><a href=\"https:\/\/bv.fapesp.br\/pt\/bolsas\/188854\/saberes-pedagogicos-entre-fronteiras-um-estudo-sobre-a-circulacao-das-ideias-de-luiz-alves-de-matto\/\" data-rich-text-format-boundary=\"true\">Keila da Silva Vieira<\/a><\/p>\n<p style=\"text-align: left;\"><a href=\"https:\/\/sites.usp.br\/educacaoemfronteiras\/projetos-associados\/iniciacao-cientifica\/\">Pedro\u00a0Henrique Gon\u00e7alves Amorim<\/a><\/p>\n<p style=\"text-align: left;\"><a href=\"https:\/\/bv.fapesp.br\/pt\/bolsas\/189831\/saberes-e-praticas-em-fronteiras-por-uma-historia-transnacional-da-educacao-1810-\/\" data-rich-text-format-boundary=\"true\">Tiziana Ferreiro<\/a><\/p>\n<p>Camilla Fernandes da Silva<\/p>\n<p>Leonardo Fernandes Holanda<\/p>\n<p>Juliana Vines Faria de Lima Caixeta<\/p>\n<p>Francinny da Rocha Lima<\/p>\n<p>Jos\u00e9 Guilherme Veras<\/p>\n<p>Let\u00edcia Cescan da Rosa<\/p>\n<p>Crisley Santana da Silva<\/p>\n<p>Marina Bonomi Almeida da Silva<\/p>\n<p>Keila da Silva Vieira<\/p>\n","protected":false},"excerpt":{"rendered":"<p>Ana Laura Sabino dos Santos Gabriel Delatin de Toledo Stefane Lino de Freitas Dara Matrella Keila da Silva Vieira Pedro\u00a0Henrique Gon\u00e7alves Amorim Tiziana Ferreiro Camilla Fernandes da Silva Leonardo Fernandes Holanda Juliana Vines Faria de Lima Caixeta Francinny da Rocha Lima Jos\u00e9 Guilherme Veras Let\u00edcia Cescan da Rosa Crisley Santana da Silva Marina Bonomi Almeida<a href=\"https:\/\/sites.usp.br\/educacaoemfronteiras\/iniciacao-cientifica\/\">[&#8230;]<\/a><\/p>\n","protected":false},"author":22153,"featured_media":0,"parent":0,"menu_order":0,"comment_status":"closed","ping_status":"closed","template":"","meta":{"footnotes":"","_links_to":"","_links_to_target":""},"categories":[],"tags":[],"class_list":["post-1536","page","type-page","status-publish","hentry"],"_links":{"self":[{"href":"https:\/\/sites.usp.br\/educacaoemfronteiras\/wp-json\/wp\/v2\/pages\/1536","targetHints":{"allow":["GET"]}}],"collection":[{"href":"https:\/\/sites.usp.br\/educacaoemfronteiras\/wp-json\/wp\/v2\/pages"}],"about":[{"href":"https:\/\/sites.usp.br\/educacaoemfronteiras\/wp-json\/wp\/v2\/types\/page"}],"author":[{"embeddable":true,"href":"https:\/\/sites.usp.br\/educacaoemfronteiras\/wp-json\/wp\/v2\/users\/22153"}],"replies":[{"embeddable":true,"href":"https:\/\/sites.usp.br\/educacaoemfronteiras\/wp-json\/wp\/v2\/comments?post=1536"}],"version-history":[{"count":3,"href":"https:\/\/sites.usp.br\/educacaoemfronteiras\/wp-json\/wp\/v2\/pages\/1536\/revisions"}],"predecessor-version":[{"id":1643,"href":"https:\/\/sites.usp.br\/educacaoemfronteiras\/wp-json\/wp\/v2\/pages\/1536\/revisions\/1643"}],"wp:attachment":[{"href":"https:\/\/sites.usp.br\/educacaoemfronteiras\/wp-json\/wp\/v2\/media?parent=1536"}],"wp:term":[{"taxonomy":"category","embeddable":true,"href":"https:\/\/sites.usp.br\/educacaoemfronteiras\/wp-json\/wp\/v2\/categories?post=1536"},{"taxonomy":"post_tag","embeddable":true,"href":"https:\/\/sites.usp.br\/educacaoemfronteiras\/wp-json\/wp\/v2\/tags?post=1536"}],"curies":[{"name":"wp","href":"https:\/\/api.w.org\/{rel}","templated":true}]}}