{"id":808,"date":"2020-05-19T17:35:04","date_gmt":"2020-05-19T20:35:04","guid":{"rendered":"https:\/\/sites.usp.br\/educacaoemfronteiras\/?page_id=808"},"modified":"2021-09-30T15:44:15","modified_gmt":"2021-09-30T18:44:15","slug":"projetos-associados","status":"publish","type":"page","link":"https:\/\/sites.usp.br\/educacaoemfronteiras\/projetos-associados\/","title":{"rendered":"Projetos associados"},"content":{"rendered":"<p>Selecione uma das op\u00e7\u00f5es no menu <strong>projetos<\/strong> para ter acesso \u00e0s informa\u00e7\u00f5es sobre aos projetos de pesquisa desenvolvidos pelos membros da equipe do projeto tem\u00e1tico.<\/p>\n","protected":false},"excerpt":{"rendered":"<p>Selecione uma das op\u00e7\u00f5es no menu projetos para ter acesso \u00e0s informa\u00e7\u00f5es sobre aos projetos de pesquisa desenvolvidos pelos membros da equipe do projeto tem\u00e1tico.<\/p>\n","protected":false},"author":21860,"featured_media":0,"parent":0,"menu_order":0,"comment_status":"closed","ping_status":"closed","template":"","meta":{"footnotes":"","_links_to":"","_links_to_target":""},"categories":[],"tags":[],"class_list":["post-808","page","type-page","status-publish","hentry"],"_links":{"self":[{"href":"https:\/\/sites.usp.br\/educacaoemfronteiras\/wp-json\/wp\/v2\/pages\/808","targetHints":{"allow":["GET"]}}],"collection":[{"href":"https:\/\/sites.usp.br\/educacaoemfronteiras\/wp-json\/wp\/v2\/pages"}],"about":[{"href":"https:\/\/sites.usp.br\/educacaoemfronteiras\/wp-json\/wp\/v2\/types\/page"}],"author":[{"embeddable":true,"href":"https:\/\/sites.usp.br\/educacaoemfronteiras\/wp-json\/wp\/v2\/users\/21860"}],"replies":[{"embeddable":true,"href":"https:\/\/sites.usp.br\/educacaoemfronteiras\/wp-json\/wp\/v2\/comments?post=808"}],"version-history":[{"count":4,"href":"https:\/\/sites.usp.br\/educacaoemfronteiras\/wp-json\/wp\/v2\/pages\/808\/revisions"}],"predecessor-version":[{"id":1544,"href":"https:\/\/sites.usp.br\/educacaoemfronteiras\/wp-json\/wp\/v2\/pages\/808\/revisions\/1544"}],"wp:attachment":[{"href":"https:\/\/sites.usp.br\/educacaoemfronteiras\/wp-json\/wp\/v2\/media?parent=808"}],"wp:term":[{"taxonomy":"category","embeddable":true,"href":"https:\/\/sites.usp.br\/educacaoemfronteiras\/wp-json\/wp\/v2\/categories?post=808"},{"taxonomy":"post_tag","embeddable":true,"href":"https:\/\/sites.usp.br\/educacaoemfronteiras\/wp-json\/wp\/v2\/tags?post=808"}],"curies":[{"name":"wp","href":"https:\/\/api.w.org\/{rel}","templated":true}]}}