{"id":817,"date":"2020-05-19T17:45:01","date_gmt":"2020-05-19T20:45:01","guid":{"rendered":"https:\/\/sites.usp.br\/educacaoemfronteiras\/?page_id=817"},"modified":"2025-07-30T11:13:56","modified_gmt":"2025-07-30T14:13:56","slug":"disciplinas","status":"publish","type":"page","link":"https:\/\/sites.usp.br\/educacaoemfronteiras\/disciplinas\/","title":{"rendered":"Disciplinas de P\u00f3s-Gradua\u00e7\u00e3o"},"content":{"rendered":"<p>2020<\/p>\n<ol>\n<li><a href=\"https:\/\/sites.usp.br\/educacaoemfronteiras\/wp-content\/uploads\/sites\/738\/2021\/09\/HTE-UNESP-Rio-Claro.pdf\">Hist\u00f3ria Transnacional da Escola: Circula\u00e7\u00e3o de Sujeitos, Saberes e Artefatos (s\u00e9culos XIX-XX), oferecida no Programa de P\u00f3s-gradua\u00e7\u00e3o do IEB-USP, no primeiro semestre de 2020, por Diana Vidal com colabora\u00e7\u00e3o de Vivian Batista da Silva, Rafaela Rabelo, Rachel Abdala e Wiara Alc\u00e2ntara.<\/a><\/li>\n<li><a href=\"https:\/\/sites.usp.br\/educacaoemfronteiras\/wp-content\/uploads\/sites\/738\/dlm_uploads\/2021\/06\/Alexsandro_Historia-Conectada-da-Educacao.pdf\">Hist\u00f3ria Conectada da Educa\u00e7\u00e3o: Fronteiras da Tradi\u00e7\u00e3o e da Inova\u00e7\u00e3o na administra\u00e7\u00e3o\/Gest\u00e3o Educacional e Escolar, no Programa de P\u00f3s-Gradua\u00e7\u00e3o em Educa\u00e7\u00e3o da Universidade Cidade de S\u00e3o Paulo, por Alexsandro do Nascimento Santos no primeiro semestre de 2020.<\/a><\/li>\n<li><a href=\"https:\/\/sites.usp.br\/educacaoemfronteiras\/wp-content\/uploads\/sites\/738\/dlm_uploads\/2020\/09\/IEB-5040-pdf.pdf\">Artes de Produzir Sentidos para o Passado: acervos e fontes em Hist\u00f3ria da Educa\u00e7\u00e3o, oferecida no Programa de P\u00f3s-gradua\u00e7\u00e3o do IEB-USP, no segundo semestre de 2020, por Diana Vidal com colabora\u00e7\u00e3o de Rafaela Rabelo e Vinicius Mon\u00e7\u00e3o.<\/a><\/li>\n<li><a href=\"https:\/\/sites.usp.br\/educacaoemfronteiras\/wp-content\/uploads\/sites\/738\/2025\/06\/Cultura-material-escolar-enfoques.pdf\">Cultura material escolar: enfoques te\u00f3rico-metodol\u00f3gicos da pesquisa em hist\u00f3ria da educa\u00e7\u00e3o. Professora respons\u00e1vel: Profa. Dra. Wiara Alc\u00e2ntara (2\u00ba semestre de 2020).<\/a><\/li>\n<li><a href=\"https:\/\/sites.usp.br\/educacaoemfronteiras\/wp-content\/uploads\/sites\/738\/dlm_uploads\/2020\/10\/UNITAU.pdf\">Hist\u00f3ria Transnacional da Educa\u00e7\u00e3o, oferecida o segundo semestre de 2020, no Programa de Mestrado em Desenvolvimento Humano-UNITAU, por Rachel Abdala, com colabora\u00e7\u00e3o de Vivian Batista da Silva, Rafaela Rabelo, Diana Vidal e Wiara Alc\u00e2ntara.<\/a><\/li>\n<li><a href=\"https:\/\/sites.usp.br\/educacaoemfronteiras\/wp-content\/uploads\/sites\/738\/dlm_uploads\/2021\/03\/EDF5856-PROGRAMA.pdf\">O desenvolvimento da crian\u00e7a e o progresso social: reflex\u00f5es sobre os temas da tradi\u00e7\u00e3o e da inova\u00e7\u00e3o pedag\u00f3gicas nos discursos educacionais do s\u00e9culo XX, oferecida no segundo semestre de 2020, no Programa de P\u00f3s-Gradua\u00e7\u00e3o em Educa\u00e7\u00e3o &#8211; USP, por Ana Laura Godinho Lima.<\/a><\/li>\n<\/ol>\n<p>2021<\/p>\n<ol start=\"7\">\n<li><a href=\"https:\/\/sites.usp.br\/educacaoemfronteiras\/wp-content\/uploads\/sites\/738\/dlm_uploads\/2021\/03\/IEB-5051-cronograma.pdf\">Movimento Internacional da Educa\u00e7\u00e3o Nova: uma hist\u00f3ria transnacional, oferecida no Programa de P\u00f3s-gradua\u00e7\u00e3o do IEB-USP, no primeiro semestre de 2021, por Diana Vidal com colabora\u00e7\u00e3o de\u00a0Franciele Fran\u00e7a,\u00a0Nara Pinheiro,\u00a0Rafaela Rabelo,\u00a0Tamya Moreira e\u00a0Vinicius Mon\u00e7\u00e3o.<\/a><\/li>\n<li><a href=\"https:\/\/sites.usp.br\/educacaoemfronteiras\/wp-content\/uploads\/sites\/738\/dlm_uploads\/2021\/05\/Historia-da-leitura-Carlota.pdf\">Hist\u00f3ria da leitura e da escrita no mundo ocidental e suas implica\u00e7\u00f5es pedag\u00f3gicas, oferecida no PPGE da FEUSP, por Carlota Boto no segundo semestre de 2021.<\/a><\/li>\n<li><a href=\"https:\/\/sites.usp.br\/educacaoemfronteiras\/wp-content\/uploads\/sites\/738\/2025\/06\/Disciplina-EDF-700-Topicos-Especiais-Estudos-Teoricos-em-Historia-da-Educacao.pdf\">Estudos Te\u00f3ricos em Hist\u00f3ria da Educa\u00e7\u00e3o: Michel de Certeau &#8211; Disciplina EDF 700 T\u00f3picos Especiais &#8211; Prof.: Diana Gon\u00e7alves Vidal<\/a><u> (2\u00ba semestre de 2021)<\/u><\/li>\n<li><a href=\"https:\/\/sites.usp.br\/educacaoemfronteiras\/wp-content\/uploads\/sites\/738\/dlm_uploads\/2021\/09\/Disciplina-UNICAMP-2021.2.pdf\">Hist\u00f3ria da Educa\u00e7\u00e3o e Hist\u00f3ria Cultural: Circula\u00e7\u00e3o Transnacional de Sujeitos, Saberes e Artefatos (s\u00e9culos XIX-XX) &#8211; Programa de P\u00f3s-Gradua\u00e7\u00e3o em Educa\u00e7\u00e3o, Unicamp, por Helo\u00edsa Helena Pimenta Rocha, Andr\u00e9 Luiz Paulilo e Edivaldo G\u00f3is Junior (2\u00ba semestre de 2021).<\/a><\/li>\n<li><a href=\"https:\/\/sites.usp.br\/educacaoemfronteiras\/wp-content\/uploads\/sites\/738\/dlm_uploads\/2020\/05\/IEB-5046.pdf\">Hist\u00f3ria Transnacional da Escola: Circula\u00e7\u00e3o de Sujeitos, Saberes e Artefatos (s\u00e9culos XIX-XX<strong>) &#8211; <\/strong>Disciplina criada por Diana Vidal, no \u00e2mbito do Projeto de Pesquisa Saberes e pr\u00e1ticas em fronteiras: por uma hist\u00f3ria transnacional da educa\u00e7\u00e3o (1810 &#8211; &#8230;.). Programa de P\u00f3s-Gradua\u00e7\u00e3o em Educa\u00e7\u00e3o \u2013 Instituto de Bioci\u00eancias de Rio Claro\/UNESP, por Vera Teresa Valdemarin e Alessandra Arce-Hai<\/a><u> (2\u00ba semestre de 2021)<\/u><\/li>\n<li><a href=\"https:\/\/sites.usp.br\/educacaoemfronteiras\/wp-content\/uploads\/sites\/738\/2025\/06\/HISTORIA-DO-CURRICULO-E-DAS-DISCIPLINAS-ESCOLARES-II.pdf\">Hist\u00f3ria do curr\u00edculo e das disciplinas escolares II &#8211; Professor Respons\u00e1vel: Kazumi Munakata<\/a><u> (2\u00ba semestre de 2021)<\/u><\/li>\n<li><a href=\"https:\/\/sites.usp.br\/educacaoemfronteiras\/wp-content\/uploads\/sites\/738\/dlm_uploads\/2021\/06\/Programa.Producaoecirculacaodesaberesparaprofessores.pdf\">Produ\u00e7\u00e3o e Circula\u00e7\u00e3o de Saberes para Professores e Alunos: Livros e Manuais Escolares, no Programa de P\u00f3s-Gradua\u00e7\u00e3o em Educa\u00e7\u00e3o \u2013 FEUSP, por Vivian Batista da Silva no segundo semestre de 2021.<\/a><\/li>\n<\/ol>\n<p>2022<\/p>\n<ol start=\"14\">\n<li><a href=\"https:\/\/sites.usp.br\/educacaoemfronteiras\/wp-content\/uploads\/sites\/738\/2025\/06\/Historia-da-Educacao-Brasileira-I.pdf\">Hist\u00f3ria da Educa\u00e7\u00e3o Brasileira I. Professor respons\u00e1vel: Kazumi Munakata<\/a><u> (1\u00ba semestre de 2022).<\/u><\/li>\n<li><a href=\"https:\/\/sites.usp.br\/educacaoemfronteiras\/wp-content\/uploads\/sites\/738\/2025\/06\/O-Ambiente-Escolar-o-Desenvolvimento-Psicologico-e-a-Educacao.pdf\">O Ambiente Escolar, o Desenvolvimento Psicol\u00f3gico e a Educa\u00e7\u00e3o &#8211; EDF 5131(oferecida na FEUSP no primeiro semestre de 2022 por Ana Laura Godinho Lima)<\/a><\/li>\n<li><a href=\"https:\/\/sites.usp.br\/educacaoemfronteiras\/wp-content\/uploads\/sites\/738\/2025\/06\/EDF5130-Historia-da-historiografia.pdf\">Hist\u00f3ria da historiografia da educa\u00e7\u00e3o no Brasil: epistemologia e forma\u00e7\u00e3o do campo &#8211; EDF5130 &#8211; Professor Respons\u00e1vel: Bruno Bontempi Junior (1\u00ba semestre de 2022).<\/a><\/li>\n<li><a href=\"https:\/\/sites.usp.br\/educacaoemfronteiras\/wp-content\/uploads\/sites\/738\/2025\/06\/EDM-5197-DISCURSOS-DA-E-SOBRE-A-ESCOLARIDADE.pdf\">Discursos da e sobre a escolaridade: sujeitos, artefatos,mem\u00f3rias. EDM 5197 &#8211; Professores respons\u00e1veis: Profa. Dra. Paula Perin Vicentini, Profa. Dra. Vivian Batista da Silva, Profa. Dra. Rita de Cassia Gallego, Profa. Dra. Rachel Duarte Abdala e Prof. Dr. Ant\u00f3nio Carlos da Luz Correia (2\u00ba semestre de 2022).<\/a><\/li>\n<li><a href=\"https:\/\/sites.usp.br\/educacaoemfronteiras\/wp-content\/uploads\/sites\/738\/2025\/06\/Inovacoes-educacionais-e-tecnologia-ideologia.pdf\"><u>Inova\u00e7\u00f5es educacionais e tecnologia: ideologia, hist\u00f3ria e pr\u00e1ticas. Professor(a): Kazumi Munakata (2\u00ba semestre de 2022).<\/u><\/a><\/li>\n<li><a href=\"https:\/\/sites.usp.br\/educacaoemfronteiras\/wp-content\/uploads\/sites\/738\/2025\/06\/EDF-5856-O-Desenvolvimento-da-crianca-e-o-progresso-social.pdf\">O Desenvolvimento da crian\u00e7a e o progresso social: reflex\u00f5es sobre os temas da tradi\u00e7\u00e3o e da inova\u00e7\u00e3o pedag\u00f3gicas nos discursos educacionais do s\u00e9culo XX. EDF 5856 &#8211; Professora respons\u00e1vel: Profa. Dra. Ana Laura Godinho Lima. Segundo semestre de 2022.<\/a><\/li>\n<li><a href=\"https:\/\/sites.usp.br\/educacaoemfronteiras\/wp-content\/uploads\/sites\/738\/2025\/06\/Praticas-de-leitura-e-representacoes-sociais.pdf\">Pr\u00e1ticas de leitura e representa\u00e7\u00f5es sociais\u00a0 &#8211; Professora respons\u00e1vel: Profa. Dra. Raquel Lazzari Leite Barbosa. Segundo semestre de 2022.<\/a><\/li>\n<\/ol>\n<p>2023<\/p>\n<ol start=\"21\">\n<li><a href=\"https:\/\/sites.usp.br\/educacaoemfronteiras\/wp-content\/uploads\/sites\/738\/2025\/06\/5059-1-Humanidades-digitais-e-acervos.pdf\">Humanidades digitais e acervos, no PPG do IEB-USP. 5059-1 &#8211; Professora respons\u00e1vel: Profa. Dra. Diana G. Vidal, com a colabora\u00e7\u00e3o de Patr\u00edcia Raffaini (2\u00ba semestre de 2023).<\/a><\/li>\n<\/ol>\n<p>2024<\/p>\n<ol start=\"22\">\n<li><a href=\"https:\/\/sites.usp.br\/educacaoemfronteiras\/wp-content\/uploads\/sites\/738\/2025\/06\/EDF5130-Historia-da-historiografia.pdf\">Hist\u00f3ria da historiografia da educa\u00e7\u00e3o no Brasil: epistemologia e forma\u00e7\u00e3o do campo &#8211; EDF5130 &#8211; Professor Respons\u00e1vel: Bruno Bontempi Junior.<\/a><\/li>\n<li><a href=\"https:\/\/sites.usp.br\/educacaoemfronteiras\/wp-content\/uploads\/sites\/738\/2025\/06\/5059-1-Humanidades-digitais-e-acervos.pdf\">Humanidades digitais e acervos, no PPG do IEB-USP. 5059-1 &#8211; Professora respons\u00e1vel: Profa. Dra. Diana G. Vidal, com a colabora\u00e7\u00e3o de Patr\u00edcia Raffaini (1\u00ba semestre de 2024).<\/a><\/li>\n<\/ol>\n<p>2025<\/p>\n<ol start=\"24\">\n<li><a href=\"https:\/\/sites.usp.br\/educacaoemfronteiras\/wp-content\/uploads\/sites\/738\/2025\/07\/DisciplinaIEB.pdf\">Hist\u00f3ria Transnacional da Educa\u00e7\u00e3o: Ag\u00eancias, M\u00e9todos e Artefatos no Processo de Escolariza\u00e7\u00e3o do Social (s\u00e9culos XIX-XX). Docentes Diana Vidal, Renata Castro e Jonatas Ribeiro e participa\u00e7\u00f5es de Patricia Raffaini, Vinicius Mon\u00e7\u00e3o e Marcia Razzini (1\u00ba semestre de 2025).<\/a><\/li>\n<li><a href=\"https:\/\/sites.usp.br\/educacaoemfronteiras\/wp-content\/uploads\/sites\/738\/dlm_uploads\/2021\/06\/Programa.Producaoecirculacaodesaberesparaprofessores.pdf\">Produ\u00e7\u00e3o e Circula\u00e7\u00e3o de Saberes para Professores e Alunos: Livros e Manuais Escolares, no Programa de P\u00f3s-Gradua\u00e7\u00e3o em Educa\u00e7\u00e3o \u2013 FEUSP, por Vivian Batista da Silva\u00a0<\/a><\/li>\n<li><a href=\"https:\/\/sites.usp.br\/educacaoemfronteiras\/wp-content\/uploads\/sites\/738\/dlm_uploads\/2021\/03\/EDF5856-PROGRAMA.pdf\">O desenvolvimento da crian\u00e7a e o progresso social: reflex\u00f5es sobre os temas da tradi\u00e7\u00e3o e da inova\u00e7\u00e3o pedag\u00f3gicas nos discursos educacionais do s\u00e9culo XX,\u00a0 no Programa de P\u00f3s-Gradua\u00e7\u00e3o em Educa\u00e7\u00e3o &#8211; USP, por Ana Laura Godinho Lima.<\/a><\/li>\n<li><a href=\"https:\/\/sites.usp.br\/educacaoemfronteiras\/wp-content\/uploads\/sites\/738\/2025\/07\/saberes-e-praticas-em-fronteiras-pos.pdf\">Saberes e pr\u00e1ticas em fronteiras: mem\u00f3rias, sujeitos, forma\u00e7\u00e3o e diversidade &#8211; Disciplina oferecida no programa de P\u00f3s-Gradua\u00e7\u00e3o em Educa\u00e7\u00e3o da FEUSP.Ministrada pelas docentes\/ pesquisadoras do Eixo 4: Profa. Dra.Paula Perin Vicentini (USP); Profa. Dra. Raquel Lazzari Leite Barbosa (UNESP\/Assis); Profa. Dra. Renata Marc\u00edlio C\u00e2ndido (UNIFESP); Profa. Dra.Rita de Cassia Gallego (USP) e Profa. Dra. Rosario Silvana Genta Lugli(UNIFESP). <\/a><\/li>\n<\/ol>\n","protected":false},"excerpt":{"rendered":"<p>2020 Hist\u00f3ria Transnacional da Escola: Circula\u00e7\u00e3o de Sujeitos, Saberes e Artefatos (s\u00e9culos XIX-XX), oferecida no Programa de P\u00f3s-gradua\u00e7\u00e3o do IEB-USP, no primeiro semestre de 2020, por Diana Vidal com colabora\u00e7\u00e3o de Vivian Batista da Silva, Rafaela Rabelo, Rachel Abdala e Wiara Alc\u00e2ntara. Hist\u00f3ria Conectada da Educa\u00e7\u00e3o: Fronteiras da Tradi\u00e7\u00e3o e da Inova\u00e7\u00e3o na administra\u00e7\u00e3o\/Gest\u00e3o Educacional<a href=\"https:\/\/sites.usp.br\/educacaoemfronteiras\/disciplinas\/\">[&#8230;]<\/a><\/p>\n","protected":false},"author":21860,"featured_media":0,"parent":0,"menu_order":0,"comment_status":"closed","ping_status":"closed","template":"","meta":{"footnotes":"","_links_to":"","_links_to_target":""},"categories":[],"tags":[],"class_list":["post-817","page","type-page","status-publish","hentry"],"_links":{"self":[{"href":"https:\/\/sites.usp.br\/educacaoemfronteiras\/wp-json\/wp\/v2\/pages\/817","targetHints":{"allow":["GET"]}}],"collection":[{"href":"https:\/\/sites.usp.br\/educacaoemfronteiras\/wp-json\/wp\/v2\/pages"}],"about":[{"href":"https:\/\/sites.usp.br\/educacaoemfronteiras\/wp-json\/wp\/v2\/types\/page"}],"author":[{"embeddable":true,"href":"https:\/\/sites.usp.br\/educacaoemfronteiras\/wp-json\/wp\/v2\/users\/21860"}],"replies":[{"embeddable":true,"href":"https:\/\/sites.usp.br\/educacaoemfronteiras\/wp-json\/wp\/v2\/comments?post=817"}],"version-history":[{"count":6,"href":"https:\/\/sites.usp.br\/educacaoemfronteiras\/wp-json\/wp\/v2\/pages\/817\/revisions"}],"predecessor-version":[{"id":1823,"href":"https:\/\/sites.usp.br\/educacaoemfronteiras\/wp-json\/wp\/v2\/pages\/817\/revisions\/1823"}],"wp:attachment":[{"href":"https:\/\/sites.usp.br\/educacaoemfronteiras\/wp-json\/wp\/v2\/media?parent=817"}],"wp:term":[{"taxonomy":"category","embeddable":true,"href":"https:\/\/sites.usp.br\/educacaoemfronteiras\/wp-json\/wp\/v2\/categories?post=817"},{"taxonomy":"post_tag","embeddable":true,"href":"https:\/\/sites.usp.br\/educacaoemfronteiras\/wp-json\/wp\/v2\/tags?post=817"}],"curies":[{"name":"wp","href":"https:\/\/api.w.org\/{rel}","templated":true}]}}