{"id":819,"date":"2020-05-19T17:45:01","date_gmt":"2020-05-19T20:45:01","guid":{"rendered":"https:\/\/sites.usp.br\/educacaoemfronteiras\/?page_id=819"},"modified":"2021-09-30T15:36:38","modified_gmt":"2021-09-30T18:36:38","slug":"publicacoes","status":"publish","type":"page","link":"https:\/\/sites.usp.br\/educacaoemfronteiras\/publicacoes\/","title":{"rendered":"Publica\u00e7\u00f5es"},"content":{"rendered":"<p>Selecione uma das op\u00e7\u00f5es no menu <strong>publica\u00e7\u00f5es<\/strong> para ter acesso aos artigos, cap\u00edtulos de livros, livros, tradu\u00e7\u00f5es e outros textos publicados pelos membros da equipe do projeto tem\u00e1tico.<\/p>\n","protected":false},"excerpt":{"rendered":"<p>Selecione uma das op\u00e7\u00f5es no menu publica\u00e7\u00f5es para ter acesso aos artigos, cap\u00edtulos de livros, livros, tradu\u00e7\u00f5es e outros textos publicados pelos membros da equipe do projeto tem\u00e1tico.<\/p>\n","protected":false},"author":21860,"featured_media":0,"parent":0,"menu_order":0,"comment_status":"closed","ping_status":"closed","template":"","meta":{"footnotes":"","_links_to":"","_links_to_target":""},"categories":[],"tags":[],"class_list":["post-819","page","type-page","status-publish","hentry"],"_links":{"self":[{"href":"https:\/\/sites.usp.br\/educacaoemfronteiras\/wp-json\/wp\/v2\/pages\/819","targetHints":{"allow":["GET"]}}],"collection":[{"href":"https:\/\/sites.usp.br\/educacaoemfronteiras\/wp-json\/wp\/v2\/pages"}],"about":[{"href":"https:\/\/sites.usp.br\/educacaoemfronteiras\/wp-json\/wp\/v2\/types\/page"}],"author":[{"embeddable":true,"href":"https:\/\/sites.usp.br\/educacaoemfronteiras\/wp-json\/wp\/v2\/users\/21860"}],"replies":[{"embeddable":true,"href":"https:\/\/sites.usp.br\/educacaoemfronteiras\/wp-json\/wp\/v2\/comments?post=819"}],"version-history":[{"count":4,"href":"https:\/\/sites.usp.br\/educacaoemfronteiras\/wp-json\/wp\/v2\/pages\/819\/revisions"}],"predecessor-version":[{"id":1524,"href":"https:\/\/sites.usp.br\/educacaoemfronteiras\/wp-json\/wp\/v2\/pages\/819\/revisions\/1524"}],"wp:attachment":[{"href":"https:\/\/sites.usp.br\/educacaoemfronteiras\/wp-json\/wp\/v2\/media?parent=819"}],"wp:term":[{"taxonomy":"category","embeddable":true,"href":"https:\/\/sites.usp.br\/educacaoemfronteiras\/wp-json\/wp\/v2\/categories?post=819"},{"taxonomy":"post_tag","embeddable":true,"href":"https:\/\/sites.usp.br\/educacaoemfronteiras\/wp-json\/wp\/v2\/tags?post=819"}],"curies":[{"name":"wp","href":"https:\/\/api.w.org\/{rel}","templated":true}]}}