{"id":831,"date":"2020-05-19T17:49:41","date_gmt":"2020-05-19T20:49:41","guid":{"rendered":"https:\/\/sites.usp.br\/educacaoemfronteiras\/?page_id=831"},"modified":"2025-07-30T09:45:49","modified_gmt":"2025-07-30T12:45:49","slug":"relatorios","status":"publish","type":"page","link":"https:\/\/sites.usp.br\/educacaoemfronteiras\/relatorios\/","title":{"rendered":"Relat\u00f3rios da FAPESP"},"content":{"rendered":"<p>Acesse aqui os relat\u00f3rios da FAPESP<\/p>\n<p><a href=\"https:\/\/sites.usp.br\/educacaoemfronteiras\/wp-content\/uploads\/sites\/738\/2025\/07\/2025-RELATORIO.pdf\"><span style=\"color: #993300;\"><strong>RELAT\u00d3RIO DE 2025<\/strong><\/span><\/a><\/p>\n<p><a href=\"https:\/\/sites.usp.br\/educacaoemfronteiras\/wp-content\/uploads\/sites\/738\/2025\/06\/relatorio2024__.pdf\"><span style=\"color: #993300;\"><strong>RELAT\u00d3RIO DE 2024<\/strong><\/span><\/a><\/p>\n<p><a href=\"https:\/\/sites.usp.br\/educacaoemfronteiras\/wp-content\/uploads\/sites\/738\/2025\/05\/RELATORIO.FINAL_PROJETO.TEMATICO_2023.pdf\"><span style=\"color: #993300;\"><strong>RELAT\u00d3RIO DE 2023<\/strong><\/span><\/a><\/p>\n<p><a href=\"https:\/\/sites.usp.br\/educacaoemfronteiras\/wp-content\/uploads\/sites\/738\/2025\/05\/RELATORIO.PROJETO_2022_final-2.pdf\"><span style=\"color: #993300;\"><strong>RELAT\u00d3RIO DE 2022<\/strong><\/span><\/a><\/p>\n<p><a href=\"https:\/\/sites.usp.br\/educacaoemfronteiras\/wp-content\/uploads\/sites\/738\/2025\/05\/relatorio-2021.pdf\"><span style=\"color: #993300;\"><strong>RELAT\u00d3RIO\u00a0 DE 2021<\/strong><\/span><\/a><\/p>\n<p><a href=\"https:\/\/sites.usp.br\/educacaoemfronteiras\/wp-content\/uploads\/sites\/738\/2025\/05\/relatorio-2020.pdf\"><span style=\"color: #993300;\"><strong>RELAT\u00d3RIO\u00a0 DE 2020<\/strong><\/span><\/a><\/p>\n<p>&nbsp;<\/p>\n","protected":false},"excerpt":{"rendered":"<p>Acesse aqui os relat\u00f3rios da FAPESP RELAT\u00d3RIO DE 2025 RELAT\u00d3RIO DE 2024 RELAT\u00d3RIO DE 2023 RELAT\u00d3RIO DE 2022 RELAT\u00d3RIO\u00a0 DE 2021 RELAT\u00d3RIO\u00a0 DE 2020 &nbsp;<\/p>\n","protected":false},"author":21860,"featured_media":0,"parent":0,"menu_order":0,"comment_status":"closed","ping_status":"closed","template":"","meta":{"footnotes":"","_links_to":"","_links_to_target":""},"categories":[],"tags":[],"class_list":["post-831","page","type-page","status-publish","hentry"],"_links":{"self":[{"href":"https:\/\/sites.usp.br\/educacaoemfronteiras\/wp-json\/wp\/v2\/pages\/831","targetHints":{"allow":["GET"]}}],"collection":[{"href":"https:\/\/sites.usp.br\/educacaoemfronteiras\/wp-json\/wp\/v2\/pages"}],"about":[{"href":"https:\/\/sites.usp.br\/educacaoemfronteiras\/wp-json\/wp\/v2\/types\/page"}],"author":[{"embeddable":true,"href":"https:\/\/sites.usp.br\/educacaoemfronteiras\/wp-json\/wp\/v2\/users\/21860"}],"replies":[{"embeddable":true,"href":"https:\/\/sites.usp.br\/educacaoemfronteiras\/wp-json\/wp\/v2\/comments?post=831"}],"version-history":[{"count":5,"href":"https:\/\/sites.usp.br\/educacaoemfronteiras\/wp-json\/wp\/v2\/pages\/831\/revisions"}],"predecessor-version":[{"id":1880,"href":"https:\/\/sites.usp.br\/educacaoemfronteiras\/wp-json\/wp\/v2\/pages\/831\/revisions\/1880"}],"wp:attachment":[{"href":"https:\/\/sites.usp.br\/educacaoemfronteiras\/wp-json\/wp\/v2\/media?parent=831"}],"wp:term":[{"taxonomy":"category","embeddable":true,"href":"https:\/\/sites.usp.br\/educacaoemfronteiras\/wp-json\/wp\/v2\/categories?post=831"},{"taxonomy":"post_tag","embeddable":true,"href":"https:\/\/sites.usp.br\/educacaoemfronteiras\/wp-json\/wp\/v2\/tags?post=831"}],"curies":[{"name":"wp","href":"https:\/\/api.w.org\/{rel}","templated":true}]}}