{"id":2880,"date":"2024-10-11T13:29:02","date_gmt":"2024-10-11T16:29:02","guid":{"rendered":"https:\/\/sites.usp.br\/educomeclima\/?page_id=2880"},"modified":"2025-11-08T14:33:39","modified_gmt":"2025-11-08T17:33:39","slug":"bancodedados","status":"publish","type":"page","link":"https:\/\/sites.usp.br\/educomeclima\/bancodedados\/","title":{"rendered":"Banco de dados"},"content":{"rendered":"<p><a href=\"https:\/\/www.monitoraea.org.br\/sobre\/educom_clima\"><img decoding=\"async\" class=\"aligncenter wp-image-3720\" src=\"https:\/\/sites.usp.br\/educomeclima\/wp-content\/uploads\/sites\/1554\/2025\/11\/logo_top-CfxLXEFr-300x68.png\" alt=\"\" width=\"424\" height=\"96\" srcset=\"https:\/\/sites.usp.br\/educomeclima\/wp-content\/uploads\/sites\/1554\/2025\/11\/logo_top-CfxLXEFr-300x68.png 300w, https:\/\/sites.usp.br\/educomeclima\/wp-content\/uploads\/sites\/1554\/2025\/11\/logo_top-CfxLXEFr-205x47.png 205w, https:\/\/sites.usp.br\/educomeclima\/wp-content\/uploads\/sites\/1554\/2025\/11\/logo_top-CfxLXEFr-400x91.png 400w, https:\/\/sites.usp.br\/educomeclima\/wp-content\/uploads\/sites\/1554\/2025\/11\/logo_top-CfxLXEFr.png 462w\" sizes=\"(max-width: 424px) 100vw, 424px\" \/><\/a><\/p>\n<p>&nbsp;<\/p>\n<p>Conhe\u00e7a iniciativas brasileiras que utilizam a educomunica\u00e7\u00e3o para o enfrentamento da emerg\u00eancia clim\u00e1tica mapeadas pelo Educom &amp; Clima e dispon\u00edveis na plataforma do sistema Monitora EA.<\/p>\n<p><a href=\"https:\/\/sites.usp.br\/educomeclima\/wp-content\/uploads\/sites\/1554\/2025\/11\/Captura-de-Tela-116-e1762623179866.png\"><img fetchpriority=\"high\" decoding=\"async\" class=\"aligncenter  wp-image-3727\" src=\"https:\/\/sites.usp.br\/educomeclima\/wp-content\/uploads\/sites\/1554\/2025\/11\/Captura-de-Tela-116-e1762623179866-300x141.png\" alt=\"\" width=\"362\" height=\"170\" srcset=\"https:\/\/sites.usp.br\/educomeclima\/wp-content\/uploads\/sites\/1554\/2025\/11\/Captura-de-Tela-116-e1762623179866-300x141.png 300w, https:\/\/sites.usp.br\/educomeclima\/wp-content\/uploads\/sites\/1554\/2025\/11\/Captura-de-Tela-116-e1762623179866-1024x482.png 1024w, https:\/\/sites.usp.br\/educomeclima\/wp-content\/uploads\/sites\/1554\/2025\/11\/Captura-de-Tela-116-e1762623179866-768x361.png 768w, https:\/\/sites.usp.br\/educomeclima\/wp-content\/uploads\/sites\/1554\/2025\/11\/Captura-de-Tela-116-e1762623179866-205x96.png 205w, https:\/\/sites.usp.br\/educomeclima\/wp-content\/uploads\/sites\/1554\/2025\/11\/Captura-de-Tela-116-e1762623179866-480x226.png 480w, https:\/\/sites.usp.br\/educomeclima\/wp-content\/uploads\/sites\/1554\/2025\/11\/Captura-de-Tela-116-e1762623179866-400x188.png 400w, https:\/\/sites.usp.br\/educomeclima\/wp-content\/uploads\/sites\/1554\/2025\/11\/Captura-de-Tela-116-e1762623179866.png 1350w\" sizes=\"(max-width: 362px) 100vw, 362px\" \/><\/a><\/p>\n<p>J\u00e1 comece a explorar agora! Acesse\u00a0<a href=\"https:\/\/www.monitoraea.org.br\/sobre\/educom_clima\">https:\/\/www.monitoraea.org.br\/sobre\/educom_clima<\/a><\/p>\n<p>&nbsp;<\/p>\n<p>&nbsp;<\/p>\n","protected":false},"excerpt":{"rendered":"<p>&nbsp; Conhe\u00e7a iniciativas brasileiras que utilizam a educomunica\u00e7\u00e3o para o enfrentamento da emerg\u00eancia clim\u00e1tica mapeadas pelo Educom &amp; Clima e dispon\u00edveis na plataforma do sistema Monitora EA. J\u00e1 comece a explorar agora! Acesse\u00a0https:\/\/www.monitoraea.org.br\/sobre\/educom_clima &nbsp; &nbsp;<\/p>\n","protected":false},"author":22627,"featured_media":3720,"parent":0,"menu_order":0,"comment_status":"closed","ping_status":"closed","template":"","meta":{"_monsterinsights_skip_tracking":false,"_monsterinsights_sitenote_active":false,"_monsterinsights_sitenote_note":"","_monsterinsights_sitenote_category":0,"footnotes":"","_links_to":"","_links_to_target":""},"class_list":["post-2880","page","type-page","status-publish","has-post-thumbnail","hentry","entry","has-media"],"_links":{"self":[{"href":"https:\/\/sites.usp.br\/educomeclima\/wp-json\/wp\/v2\/pages\/2880","targetHints":{"allow":["GET"]}}],"collection":[{"href":"https:\/\/sites.usp.br\/educomeclima\/wp-json\/wp\/v2\/pages"}],"about":[{"href":"https:\/\/sites.usp.br\/educomeclima\/wp-json\/wp\/v2\/types\/page"}],"author":[{"embeddable":true,"href":"https:\/\/sites.usp.br\/educomeclima\/wp-json\/wp\/v2\/users\/22627"}],"replies":[{"embeddable":true,"href":"https:\/\/sites.usp.br\/educomeclima\/wp-json\/wp\/v2\/comments?post=2880"}],"version-history":[{"count":4,"href":"https:\/\/sites.usp.br\/educomeclima\/wp-json\/wp\/v2\/pages\/2880\/revisions"}],"predecessor-version":[{"id":3728,"href":"https:\/\/sites.usp.br\/educomeclima\/wp-json\/wp\/v2\/pages\/2880\/revisions\/3728"}],"wp:featuredmedia":[{"embeddable":true,"href":"https:\/\/sites.usp.br\/educomeclima\/wp-json\/wp\/v2\/media\/3720"}],"wp:attachment":[{"href":"https:\/\/sites.usp.br\/educomeclima\/wp-json\/wp\/v2\/media?parent=2880"}],"curies":[{"name":"wp","href":"https:\/\/api.w.org\/{rel}","templated":true}]}}