{"id":3729,"date":"2025-11-08T15:21:04","date_gmt":"2025-11-08T18:21:04","guid":{"rendered":"https:\/\/sites.usp.br\/educomeclima\/?page_id=3729"},"modified":"2025-11-12T16:38:04","modified_gmt":"2025-11-12T19:38:04","slug":"dossie","status":"publish","type":"page","link":"https:\/\/sites.usp.br\/educomeclima\/dossies\/dossie\/","title":{"rendered":"Dossi\u00ea Revista Letramento Socioambiental"},"content":{"rendered":"<p>&nbsp;<\/p>\n<p><strong>Dossi\u00ea &#8220;Educa\u00e7\u00e3o Ambiental Clim\u00e1tica: Educomunica\u00e7\u00e3o, Justi\u00e7a Socioambiental e Bem-viver&#8221;<\/strong><\/p>\n<p>\u00c9 com grande satisfa\u00e7\u00e3o que a equipe do projeto <strong>Educom &amp; Clima<\/strong> anuncia a publica\u00e7\u00e3o do dossi\u00ea tem\u00e1tico <a href=\"https:\/\/drive.google.com\/file\/d\/1hPt-_Yghm7qLtU3JIddlDUfC6WeI9XJr\/view\"><strong>&#8220;Educa\u00e7\u00e3o Ambiental Clim\u00e1tica: Educomunica\u00e7\u00e3o, Justi\u00e7a Socioambiental e Bem-viver&#8221;<\/strong><\/a> na <a href=\"https:\/\/letramentosocioambiental.com.br\/\"><strong>Revista Letramento Socioambiental<\/strong><\/a>. Esta produ\u00e7\u00e3o coletiva re\u00fane 88 textos in\u00e9ditos, organizados em quatro volumes tem\u00e1ticos, que refletem o compromisso com a constru\u00e7\u00e3o de conhecimentos cr\u00edticos e transformadores sobre educa\u00e7\u00e3o ambiental clim\u00e1tica no Brasil.<\/p>\n<p><a href=\"https:\/\/sites.usp.br\/educomeclima\/wp-content\/uploads\/sites\/1554\/2025\/11\/Letramento-SocioAmbiental-v3.n2-1_page-0001.jpg\"><img fetchpriority=\"high\" decoding=\"async\" class=\"aligncenter size-large wp-image-3736\" src=\"https:\/\/sites.usp.br\/educomeclima\/wp-content\/uploads\/sites\/1554\/2025\/11\/Letramento-SocioAmbiental-v3.n2-1_page-0001-779x1024.jpg\" alt=\"\" width=\"779\" height=\"1024\" srcset=\"https:\/\/sites.usp.br\/educomeclima\/wp-content\/uploads\/sites\/1554\/2025\/11\/Letramento-SocioAmbiental-v3.n2-1_page-0001-779x1024.jpg 779w, https:\/\/sites.usp.br\/educomeclima\/wp-content\/uploads\/sites\/1554\/2025\/11\/Letramento-SocioAmbiental-v3.n2-1_page-0001-228x300.jpg 228w, https:\/\/sites.usp.br\/educomeclima\/wp-content\/uploads\/sites\/1554\/2025\/11\/Letramento-SocioAmbiental-v3.n2-1_page-0001-768x1010.jpg 768w, https:\/\/sites.usp.br\/educomeclima\/wp-content\/uploads\/sites\/1554\/2025\/11\/Letramento-SocioAmbiental-v3.n2-1_page-0001-1168x1536.jpg 1168w, https:\/\/sites.usp.br\/educomeclima\/wp-content\/uploads\/sites\/1554\/2025\/11\/Letramento-SocioAmbiental-v3.n2-1_page-0001-205x270.jpg 205w, https:\/\/sites.usp.br\/educomeclima\/wp-content\/uploads\/sites\/1554\/2025\/11\/Letramento-SocioAmbiental-v3.n2-1_page-0001-480x631.jpg 480w, https:\/\/sites.usp.br\/educomeclima\/wp-content\/uploads\/sites\/1554\/2025\/11\/Letramento-SocioAmbiental-v3.n2-1_page-0001-400x526.jpg 400w, https:\/\/sites.usp.br\/educomeclima\/wp-content\/uploads\/sites\/1554\/2025\/11\/Letramento-SocioAmbiental-v3.n2-1_page-0001.jpg 1244w\" sizes=\"(max-width: 779px) 100vw, 779px\" \/><\/a><\/p>\n<p><strong>Sobre o Dossi\u00ea<\/strong><br \/>\nConvidadas pela Revista Letramento Socioambiental para organizar esta publica\u00e7\u00e3o, mobilizamos pesquisadoras(es), educadoras(es), estudantes e ativistas de todo o pa\u00eds em torno de quatro eixos centrais:<\/p>\n<p><strong>1. Educa\u00e7\u00e3o Clim\u00e1tica Transformadora e Curr\u00edculo Escolar<\/strong><br \/>\nDiscuss\u00f5es sobre a integra\u00e7\u00e3o da emerg\u00eancia clim\u00e1tica aos curr\u00edculos escolares, com propostas pedag\u00f3gicas inovadoras.<\/p>\n<p><strong>2. Justi\u00e7a Clim\u00e1tica, Racismo Ambiental e Territ\u00f3rios de Resist\u00eancia<\/strong><br \/>\nAn\u00e1lises sobre os impactos desiguais da crise clim\u00e1tica e estrat\u00e9gias de enfrentamento baseadas na justi\u00e7a socioambiental.<\/p>\n<p><strong>3. Educomunica\u00e7\u00e3o, M\u00eddia e Desinforma\u00e7\u00e3o Clim\u00e1tica<\/strong><br \/>\nReflex\u00f5es sobre o papel da comunica\u00e7\u00e3o e da educomunica\u00e7\u00e3o no combate \u00e0 desinforma\u00e7\u00e3o e na promo\u00e7\u00e3o de narrativas cr\u00edticas.<\/p>\n<p><strong>4.<\/strong> <strong>Sentidos, Culturas e Saberes Ecoafetivos<\/strong><br \/>\nExplorando as dimens\u00f5es subjetivas, culturais e afetivas das rela\u00e7\u00f5es entre seres humanos e natureza.<\/p>\n<p>&nbsp;<\/p>\n<p><strong>Acesso aos Materiais<\/strong><br \/>\nCadernos de Resumos e Artigos Completos:<br \/>\nTodos os volumes j\u00e1 est\u00e3o dispon\u00edveis para acesso aberto no site da <a href=\"https:\/\/letramentosocioambiental.com.br\/\">Revista Letramento Socioambiental<\/a>:<br \/>\n\ud83d\udd17 <a href=\"https:\/\/drive.google.com\/file\/d\/1hPt-_Yghm7qLtU3JIddlDUfC6WeI9XJr\/view\">Acesse aqui o dossi\u00ea completo<\/a><\/p>\n<p>&nbsp;<\/p>\n<p><strong>Evento de Lan\u00e7amento<\/strong><br \/>\nO dossi\u00ea foi lan\u00e7ado oficialmente em 13 de novembro de 2025, em um evento simult\u00e2neo realizado em:<br \/>\n&#8211; Bel\u00e9m\/PA: Casa da Educa\u00e7\u00e3o e Inova\u00e7\u00e3o Ambiental e Clim\u00e1tica (SEDUC-PA)<br \/>\n&#8211; S\u00e3o Paulo\/SP: Audit\u00f3rio Lupe Cotrim da ECA-USP<br \/>\n&#8211; Transmiss\u00e3o Online: Canal do YouTube do Labidecom<\/p>\n<p><strong>Agradecimentos<\/strong><br \/>\nAgradecemos a todos os autores e autoras que contribu\u00edram com seus saberes e experi\u00eancias, \u00e0 Revista Letramento Socioambiental pelo convite e confian\u00e7a, e \u00e0s institui\u00e7\u00f5es parceiras que tornaram esta produ\u00e7\u00e3o poss\u00edvel.<\/p>\n<p>Esta publica\u00e7\u00e3o refor\u00e7a nosso compromisso com a ci\u00eancia aberta, a democratiza\u00e7\u00e3o do conhecimento e a constru\u00e7\u00e3o de redes colaborativas para enfrentar os desafios socioambientais de nosso tempo.<\/p>\n<p>&nbsp;<\/p>\n<p>Uma realiza\u00e7\u00e3o da Revista Letramento Socioambiental com organiza\u00e7\u00e3o do projeto Educom &amp; Clima (FAPESP 2023\/08836-2).<\/p>\n","protected":false},"excerpt":{"rendered":"<p>&nbsp; Dossi\u00ea &#8220;Educa\u00e7\u00e3o Ambiental Clim\u00e1tica: Educomunica\u00e7\u00e3o, Justi\u00e7a Socioambiental e Bem-viver&#8221; \u00c9 com grande satisfa\u00e7\u00e3o que a equipe do projeto Educom &amp; Clima anuncia a publica\u00e7\u00e3o do dossi\u00ea tem\u00e1tico &#8220;Educa\u00e7\u00e3o Ambiental Clim\u00e1tica: Educomunica\u00e7\u00e3o, Justi\u00e7a Socioambiental e Bem-viver&#8221; na Revista Letramento Socioambiental. Esta produ\u00e7\u00e3o coletiva re\u00fane 88 textos in\u00e9ditos, organizados em quatro volumes tem\u00e1ticos, que refletem o [&hellip;]<\/p>\n","protected":false},"author":22627,"featured_media":3736,"parent":3771,"menu_order":0,"comment_status":"closed","ping_status":"closed","template":"","meta":{"_monsterinsights_skip_tracking":false,"_monsterinsights_sitenote_active":false,"_monsterinsights_sitenote_note":"","_monsterinsights_sitenote_category":0,"footnotes":"","_links_to":"","_links_to_target":""},"class_list":["post-3729","page","type-page","status-publish","has-post-thumbnail","hentry","entry","has-media"],"_links":{"self":[{"href":"https:\/\/sites.usp.br\/educomeclima\/wp-json\/wp\/v2\/pages\/3729","targetHints":{"allow":["GET"]}}],"collection":[{"href":"https:\/\/sites.usp.br\/educomeclima\/wp-json\/wp\/v2\/pages"}],"about":[{"href":"https:\/\/sites.usp.br\/educomeclima\/wp-json\/wp\/v2\/types\/page"}],"author":[{"embeddable":true,"href":"https:\/\/sites.usp.br\/educomeclima\/wp-json\/wp\/v2\/users\/22627"}],"replies":[{"embeddable":true,"href":"https:\/\/sites.usp.br\/educomeclima\/wp-json\/wp\/v2\/comments?post=3729"}],"version-history":[{"count":4,"href":"https:\/\/sites.usp.br\/educomeclima\/wp-json\/wp\/v2\/pages\/3729\/revisions"}],"predecessor-version":[{"id":3773,"href":"https:\/\/sites.usp.br\/educomeclima\/wp-json\/wp\/v2\/pages\/3729\/revisions\/3773"}],"up":[{"embeddable":true,"href":"https:\/\/sites.usp.br\/educomeclima\/wp-json\/wp\/v2\/pages\/3771"}],"wp:featuredmedia":[{"embeddable":true,"href":"https:\/\/sites.usp.br\/educomeclima\/wp-json\/wp\/v2\/media\/3736"}],"wp:attachment":[{"href":"https:\/\/sites.usp.br\/educomeclima\/wp-json\/wp\/v2\/media?parent=3729"}],"curies":[{"name":"wp","href":"https:\/\/api.w.org\/{rel}","templated":true}]}}