{"id":3817,"date":"2025-11-21T14:29:49","date_gmt":"2025-11-21T17:29:49","guid":{"rendered":"https:\/\/sites.usp.br\/educomeclima\/?page_id=3817"},"modified":"2025-12-08T17:08:38","modified_gmt":"2025-12-08T20:08:38","slug":"revista-organicom","status":"publish","type":"page","link":"https:\/\/sites.usp.br\/educomeclima\/revista-organicom\/","title":{"rendered":"Dossi\u00ea Revista Organicom"},"content":{"rendered":"<p><strong>A nova edi\u00e7\u00e3o da Revista Organicom j\u00e1 est\u00e1 no ar!<\/strong><\/p>\n<p>Organizado pela Dra. Tha\u00eds Brianezi e com apoio do Educom&amp;Clima, o dossi\u00ea \u201cComunica\u00e7\u00e3o, Emerg\u00eancia Clim\u00e1tica e Amaz\u00f4nia\u201d mergulha nos desafios ambientais do nosso tempo e no papel da comunica\u00e7\u00e3o para compreender e ajudar a transformar esse cen\u00e1rio.<\/p>\n<p>Da valoriza\u00e7\u00e3o dos saberes ancestrais \u00e0 luta contra o negacionismo, passando pela COP-30, educomunica\u00e7\u00e3o e justi\u00e7a clim\u00e1tica, a edi\u00e7\u00e3o revela a for\u00e7a das narrativas socioambientais e a import\u00e2ncia de olhar para a Amaz\u00f4nia de forma cr\u00edtica e interdisciplinar.<\/p>\n<p>Leia mais sobre o dossi\u00ea em: <a href=\"https:\/\/revistas.usp.br\/organicom\/issue\/view\/13781\/3185\">https:\/\/revistas.usp.br\/organicom<\/a><\/p>\n<p><a href=\"https:\/\/revistas.usp.br\/organicom\/issue\/view\/13781\/3185\"><img fetchpriority=\"high\" decoding=\"async\" class=\"aligncenter size-large wp-image-3813\" src=\"https:\/\/sites.usp.br\/educomeclima\/wp-content\/uploads\/sites\/1554\/2025\/11\/cover_issue_13781_pt_BR-768x1024.jpg\" alt=\"\" width=\"768\" height=\"1024\" srcset=\"https:\/\/sites.usp.br\/educomeclima\/wp-content\/uploads\/sites\/1554\/2025\/11\/cover_issue_13781_pt_BR-768x1024.jpg 768w, https:\/\/sites.usp.br\/educomeclima\/wp-content\/uploads\/sites\/1554\/2025\/11\/cover_issue_13781_pt_BR-225x300.jpg 225w, https:\/\/sites.usp.br\/educomeclima\/wp-content\/uploads\/sites\/1554\/2025\/11\/cover_issue_13781_pt_BR-1152x1536.jpg 1152w, https:\/\/sites.usp.br\/educomeclima\/wp-content\/uploads\/sites\/1554\/2025\/11\/cover_issue_13781_pt_BR-1536x2048.jpg 1536w, https:\/\/sites.usp.br\/educomeclima\/wp-content\/uploads\/sites\/1554\/2025\/11\/cover_issue_13781_pt_BR-205x273.jpg 205w, https:\/\/sites.usp.br\/educomeclima\/wp-content\/uploads\/sites\/1554\/2025\/11\/cover_issue_13781_pt_BR-480x640.jpg 480w, https:\/\/sites.usp.br\/educomeclima\/wp-content\/uploads\/sites\/1554\/2025\/11\/cover_issue_13781_pt_BR-400x533.jpg 400w, https:\/\/sites.usp.br\/educomeclima\/wp-content\/uploads\/sites\/1554\/2025\/11\/cover_issue_13781_pt_BR-scaled.jpg 1920w\" sizes=\"(max-width: 768px) 100vw, 768px\" \/><\/a><\/p>\n","protected":false},"excerpt":{"rendered":"<p>A nova edi\u00e7\u00e3o da Revista Organicom j\u00e1 est\u00e1 no ar! Organizado pela Dra. Tha\u00eds Brianezi e com apoio do Educom&amp;Clima, o dossi\u00ea \u201cComunica\u00e7\u00e3o, Emerg\u00eancia Clim\u00e1tica e Amaz\u00f4nia\u201d mergulha nos desafios ambientais do nosso tempo e no papel da comunica\u00e7\u00e3o para compreender e ajudar a transformar esse cen\u00e1rio. Da valoriza\u00e7\u00e3o dos saberes ancestrais \u00e0 luta contra [&hellip;]<\/p>\n","protected":false},"author":22627,"featured_media":0,"parent":0,"menu_order":0,"comment_status":"closed","ping_status":"closed","template":"","meta":{"_monsterinsights_skip_tracking":false,"_monsterinsights_sitenote_active":false,"_monsterinsights_sitenote_note":"","_monsterinsights_sitenote_category":0,"footnotes":"","_links_to":"","_links_to_target":""},"class_list":["post-3817","page","type-page","status-publish","hentry","entry"],"_links":{"self":[{"href":"https:\/\/sites.usp.br\/educomeclima\/wp-json\/wp\/v2\/pages\/3817","targetHints":{"allow":["GET"]}}],"collection":[{"href":"https:\/\/sites.usp.br\/educomeclima\/wp-json\/wp\/v2\/pages"}],"about":[{"href":"https:\/\/sites.usp.br\/educomeclima\/wp-json\/wp\/v2\/types\/page"}],"author":[{"embeddable":true,"href":"https:\/\/sites.usp.br\/educomeclima\/wp-json\/wp\/v2\/users\/22627"}],"replies":[{"embeddable":true,"href":"https:\/\/sites.usp.br\/educomeclima\/wp-json\/wp\/v2\/comments?post=3817"}],"version-history":[{"count":4,"href":"https:\/\/sites.usp.br\/educomeclima\/wp-json\/wp\/v2\/pages\/3817\/revisions"}],"predecessor-version":[{"id":3885,"href":"https:\/\/sites.usp.br\/educomeclima\/wp-json\/wp\/v2\/pages\/3817\/revisions\/3885"}],"wp:attachment":[{"href":"https:\/\/sites.usp.br\/educomeclima\/wp-json\/wp\/v2\/media?parent=3817"}],"curies":[{"name":"wp","href":"https:\/\/api.w.org\/{rel}","templated":true}]}}