{"id":3861,"date":"2025-12-03T17:03:33","date_gmt":"2025-12-03T20:03:33","guid":{"rendered":"https:\/\/sites.usp.br\/educomeclima\/?page_id=3861"},"modified":"2025-12-03T17:17:37","modified_gmt":"2025-12-03T20:17:37","slug":"curso","status":"publish","type":"page","link":"https:\/\/sites.usp.br\/educomeclima\/curso\/","title":{"rendered":"Curso"},"content":{"rendered":"\t\t<div data-elementor-type=\"wp-page\" data-elementor-id=\"3861\" class=\"elementor elementor-3861\" data-elementor-post-type=\"page\">\n\t\t\t\t\t\t<section class=\"elementor-section elementor-top-section elementor-element elementor-element-9d8ce2e elementor-section-boxed elementor-section-height-default elementor-section-height-default\" data-id=\"9d8ce2e\" data-element_type=\"section\">\n\t\t\t\t\t\t<div class=\"elementor-container elementor-column-gap-default\">\n\t\t\t\t\t<div class=\"elementor-column elementor-col-100 elementor-top-column elementor-element elementor-element-c3cdcfd\" data-id=\"c3cdcfd\" data-element_type=\"column\">\n\t\t\t<div class=\"elementor-widget-wrap elementor-element-populated\">\n\t\t\t\t\t\t<div class=\"elementor-element elementor-element-0f8766f elementor-nav-menu__align-start elementor-nav-menu--dropdown-tablet elementor-nav-menu__text-align-aside elementor-nav-menu--toggle elementor-nav-menu--burger elementor-widget elementor-widget-nav-menu\" data-id=\"0f8766f\" data-element_type=\"widget\" data-settings=\"{&quot;layout&quot;:&quot;vertical&quot;,&quot;submenu_icon&quot;:{&quot;value&quot;:&quot;&lt;i class=\\&quot;fas fa-caret-down\\&quot;&gt;&lt;\\\/i&gt;&quot;,&quot;library&quot;:&quot;fa-solid&quot;},&quot;toggle&quot;:&quot;burger&quot;}\" data-widget_type=\"nav-menu.default\">\n\t\t\t\t<div class=\"elementor-widget-container\">\n\t\t\t\t\t\t<nav aria-label=\"Menu\" class=\"elementor-nav-menu--main elementor-nav-menu__container elementor-nav-menu--layout-vertical e--pointer-underline e--animation-fade\">\n\t\t\t\t<ul id=\"menu-1-0f8766f\" class=\"elementor-nav-menu sm-vertical\"><li class=\"menu-item menu-item-type-post_type menu-item-object-page menu-item-3872\"><a href=\"https:\/\/sites.usp.br\/educomeclima\/avamec-educomunicacao-e-clima-precisamos-conversar-sobre-emergencia-climatica-nas-escolas\/\" class=\"elementor-item\">AVAMEC \u2013 Educomunica\u00e7\u00e3o e Clima: Precisamos conversar sobre emerg\u00eancia clim\u00e1tica nas escolas<\/a><\/li>\n<li class=\"menu-item menu-item-type-post_type menu-item-object-page menu-item-3873\"><a href=\"https:\/\/sites.usp.br\/educomeclima\/turma-experimental\/\" class=\"elementor-item\">Turma experimental<\/a><\/li>\n<\/ul>\t\t\t<\/nav>\n\t\t\t\t\t<div class=\"elementor-menu-toggle\" role=\"button\" tabindex=\"0\" aria-label=\"Alternar menu\" aria-expanded=\"false\">\n\t\t\t<i aria-hidden=\"true\" role=\"presentation\" class=\"elementor-menu-toggle__icon--open eicon-menu-bar\"><\/i><i aria-hidden=\"true\" role=\"presentation\" class=\"elementor-menu-toggle__icon--close eicon-close\"><\/i>\t\t\t<span class=\"elementor-screen-only\">Menu<\/span>\n\t\t<\/div>\n\t\t\t\t\t<nav class=\"elementor-nav-menu--dropdown elementor-nav-menu__container\" aria-hidden=\"true\">\n\t\t\t\t<ul id=\"menu-2-0f8766f\" class=\"elementor-nav-menu sm-vertical\"><li class=\"menu-item menu-item-type-post_type menu-item-object-page menu-item-3872\"><a href=\"https:\/\/sites.usp.br\/educomeclima\/avamec-educomunicacao-e-clima-precisamos-conversar-sobre-emergencia-climatica-nas-escolas\/\" class=\"elementor-item\" tabindex=\"-1\">AVAMEC \u2013 Educomunica\u00e7\u00e3o e Clima: Precisamos conversar sobre emerg\u00eancia clim\u00e1tica nas escolas<\/a><\/li>\n<li class=\"menu-item menu-item-type-post_type menu-item-object-page menu-item-3873\"><a href=\"https:\/\/sites.usp.br\/educomeclima\/turma-experimental\/\" class=\"elementor-item\" tabindex=\"-1\">Turma experimental<\/a><\/li>\n<\/ul>\t\t\t<\/nav>\n\t\t\t\t<\/div>\n\t\t\t\t<\/div>\n\t\t\t\t\t<\/div>\n\t\t<\/div>\n\t\t\t\t\t<\/div>\n\t\t<\/section>\n\t\t\t\t<\/div>\n\t\t","protected":false},"excerpt":{"rendered":"","protected":false},"author":22627,"featured_media":0,"parent":0,"menu_order":0,"comment_status":"closed","ping_status":"closed","template":"","meta":{"_monsterinsights_skip_tracking":false,"_monsterinsights_sitenote_active":false,"_monsterinsights_sitenote_note":"","_monsterinsights_sitenote_category":0,"footnotes":"","_links_to":"","_links_to_target":""},"class_list":["post-3861","page","type-page","status-publish","hentry","entry"],"_links":{"self":[{"href":"https:\/\/sites.usp.br\/educomeclima\/wp-json\/wp\/v2\/pages\/3861","targetHints":{"allow":["GET"]}}],"collection":[{"href":"https:\/\/sites.usp.br\/educomeclima\/wp-json\/wp\/v2\/pages"}],"about":[{"href":"https:\/\/sites.usp.br\/educomeclima\/wp-json\/wp\/v2\/types\/page"}],"author":[{"embeddable":true,"href":"https:\/\/sites.usp.br\/educomeclima\/wp-json\/wp\/v2\/users\/22627"}],"replies":[{"embeddable":true,"href":"https:\/\/sites.usp.br\/educomeclima\/wp-json\/wp\/v2\/comments?post=3861"}],"version-history":[{"count":4,"href":"https:\/\/sites.usp.br\/educomeclima\/wp-json\/wp\/v2\/pages\/3861\/revisions"}],"predecessor-version":[{"id":3876,"href":"https:\/\/sites.usp.br\/educomeclima\/wp-json\/wp\/v2\/pages\/3861\/revisions\/3876"}],"wp:attachment":[{"href":"https:\/\/sites.usp.br\/educomeclima\/wp-json\/wp\/v2\/media?parent=3861"}],"curies":[{"name":"wp","href":"https:\/\/api.w.org\/{rel}","templated":true}]}}