{"id":129,"date":"2014-02-24T17:28:39","date_gmt":"2014-02-24T19:28:39","guid":{"rendered":"http:\/\/sites.usp.br\/ee\/?page_id=129"},"modified":"2024-06-04T13:46:44","modified_gmt":"2024-06-04T15:46:44","slug":"graduate","status":"publish","type":"page","link":"https:\/\/sites.usp.br\/ee\/courses\/graduate\/","title":{"rendered":"Graduate"},"content":{"rendered":"<p>EEUSP has 40 years of experience in graduate Nursing teaching. Its Master\u2019s and Ph.D. programs figure among the most traditional ones in Brazil and Latin America, covering Adult Health, Obstetric and Neonatal Health, Pediatric Health and Family, Mental and Psychiatric Health, Collective Health and Nursing Management. We offer more than 80 advisors, countless subjects and consistent research groups. Physical and technological resources are available and students can run for grants.<\/p>\n<p><a href=\"http:\/\/www2.ee.usp.br\/posgraduacao\/ppge\/index.php\/home\" target=\"_blank\" rel=\"noopener\"><strong>Graduate Program in Nursing (PPGE)<\/strong><\/a><br \/>\nThe Nursing Graduate Program (PPGE) is offered at Master\u2019s and Ph.D. program, created in 1973 and 1989, respectively. Its mission is to enable nurses and other health professionals for knowledge production and scientific recycling processes, so as to enhance innovative knowledge advances and produce transformations in nursing and health care and management practices, integrating knowledge from nursing science with that of other areas. The Program focuses on current health care problems in Brazil and around the world, affecting women, children, families and communities.<\/p>\n<p>At the end of the PPGE, students should be able to:<\/p>\n<p><strong>At Master\u2019s level:<\/strong><\/p>\n<p>&#8211; access knowledge sources, systemize the search for knowledge and analyze scientific advances regarding the study problem to support decision making in clinical, educational and research practice.<br \/>\n&#8211; identify the state of the art, gaps and trends in nursing knowledge;<br \/>\n&#8211; delimit research problems;<br \/>\n&#8211; analyze the scientific method and ethical aspects of research;<br \/>\n&#8211; critically interpret research designs and results;<br \/>\n&#8211; advise undergraduate students at scientific initiation (SI) level and in course monographs, accompanied by their advisor;<br \/>\n&#8211; identify learning needs and contribute to the establishment of teaching programs in the area.<\/p>\n<p><strong>Ph.D.<\/strong><br \/>\n&#8211; plan and manage research projects in coherence with the study phenomenon.<br \/>\n&#8211; analyze and articulate scientific production and the impact of research in nursing and related areas as well as in society;<br \/>\n&#8211; demonstrate the acquisition of multiple knowledge perspectives, integrating what exists in Nursing with different knowledge areas;<br \/>\n&#8211; advise undergraduate students at scientific initiation (SI) level and in course monographs and accompany their advisor in student advice at Master\u2019s level;<br \/>\n&#8211; demonstrate the ability to work in research groups and seek research funding.<\/p>\n<p>The Program structure includes: \u201cTheoretical and methodological bases of nursing and health care\u201d and two axes: \u201cPublic health and human resource policies in nursing and health\u201d and \u201cHealth-disease process of individuals, families, social groups and communities\u201d. This structure guided the definition of a concentration area \u201cHealth care\u201d with three research lines: \u201cPublic health and human resource policies in nursing and health\u201d, \u201cHealth-disease process of individuals, families, social groups and communities\u201d and \u201cNursing and health care in the health-disease process\u201d.<\/p>\n<p><a href=\"https:\/\/www.ee.usp.br\/proesa\/eng\/\" target=\"_blank\" rel=\"noopener\"><strong>Graduate Program in Adult Healthcare Nursing (PROESA)<\/strong><\/a><br \/>\nThe mission of PROESA is to prepare highly human resources in research at the levels of Master\u2019s Degree (M.Sc.), Doctor\u2019s Degree (Ph.D.) and Post-Doctorate Degree (Post-Doc) through the professional qualification of nurses and other healthcare professionals for the processes of knowledge production, continuing education and training in advanced technologies regarding the patient care. The scope of the PROESA is to integrate the knowledge of the Nursing Sciences to other areas. It is expected the profile of candidates includes purposes of advanced research, education and advanced care within the legal and ethical scope of the profession.<\/p>\n<p>Objectives<br \/>\n&#8211; To produce evidence-based knowledge, respecting related ethical issues.<br \/>\n&#8211; To develop behaviors and attitudes towards continuous scientific and technological care update.<br \/>\n&#8211; To demonstrate reflection skills and educational interventions connected to the University-level of nursing teaching.<\/p>\n<p>The concentration area of PROESA is Adult Health Nursing and its core centers on the development of studies on advanced nursing care models and practices. It is structured along two thematic axes: Clinical Care and the Care Context. These axes organize four research lines directed at the study of phenomena, interventions and outcomes related to advanced care delivery to adult patients:<\/p>\n<p>\u2022 Care Delivery to Adults with non-Transmissible Chronic Conditions,<br \/>\n\u2022 Care Delivery to Adults with Acute and Critical Conditions,<br \/>\n\u2022 Work dynamics in Adult Health<br \/>\n\u2022 Technology in Adult Health.<\/p>\n<p style=\"text-align: left;\"><a href=\"https:\/\/www.ee.usp.br\/proesa\/eng\/processo-seletivo\" target=\"_blank\" rel=\"noopener\"><strong>\u00bb Recruitment<\/strong><br \/>\nProgram &#8211; Graduate Program in Adult Health Nursing (PROESA)<\/a><\/p>\n<p><a href=\"http:\/\/www2.ee.usp.br\/posgraduacao\/ppgen\/\" target=\"_blank\" rel=\"noopener\"><strong>Graduate Program in Nursing Management (PPGEn)<\/strong><\/a><br \/>\nThe Program responds to the need to prepare researchers at Master\u2019s and Ph.D. level; to broaden and deepen nursing and health management research; and to produce specific and innovative knowledge in this area.<\/p>\n<p>The PPGEn develops four thematic cores: Management, Education, History and Legislation and Ethics and Bioethics.<\/p>\n<p>Its goals are:<br \/>\n1. To prepare researchers and leaders qualified in Nursing and Health Management and in their interfaces with other subjects, in order to produce innovative knowledge that transforms health practices.<br \/>\n2. To prepare researchers to act in different scenarios, which demand the expansion and verticalization of specialized knowledge in nursing and health management, resulting in intervention matrixes and models with a social impact.<br \/>\n3. Exchange knowledge resulting from studies involving researchers from Brazilian and international fellow centers of excellence.<\/p>\n<p><em> Concentration Area: <\/em><br \/>\nNursing and Health Fundamentals and Practices<\/p>\n<p><em>Research lines:<\/em><br \/>\nNursing and health human resource education and management<\/p>\n<p>Summary: studies on historical, theoretical-methodological, ethical, legal and techno-logical aspects of human resource education and management in nursing and health, based on educational and people management processes.<\/p>\n<p>Nursing action and service management<\/p>\n<p>Summary: studies on historical, theoretical-methodological, ethical, legal, technological and economic aspects related to the actions, dynamics and organization of nursing and health services.<\/p>\n<p><strong>Doctoral Inter-Unit Program for Nursing of the School of Nursing of the University of S\u00e3o Paulo at Ribeir\u00e3o Preto<\/strong><br \/>\nThe Interunit Nursing Doctoral Program is offered by the University of S\u00e3o Paulo School of Nursing together with the University of S\u00e3o Paulo at Ribeir\u00e3o Preto College of Nursing.<\/p>\n<p>The objective is to provide for deepened scientific trainings of healthcare researchers with view to develop technical, scientific, and ethical-political competences within the investigation, assistance, and training scope.<\/p>\n<p><em>Research Lines:<\/em><\/p>\n<p>1. Epistemology of Health Sciences<br \/>\nAnalytical studies on the construction of health and nursing science, on the theoretical and methodological frameworks, principles and data analysis strategies in qualitative research and its relation with and contribution to nursing research practice.<\/p>\n<p>2. Theoretical and Philosophical Foundations of Care Delivery<br \/>\nStudies aimed at deepening knowledge on the different nuances of the health-disease process and the social construction of disease, related to ethics and bioethics, culture, the body and its historical and cultural process.<\/p>\n<p>3. Social and Professional Practice in Health<br \/>\nStudies on the historical, social and philosophical analysis of health and nursing practices and their relations with Brazilian and international public policies.<\/p>\n<p>4. Society, Health and Nursing<br \/>\nStudies about the theoretical-conceptual articulation of societies\u2019 structure and the cor-responding production forms of health and nursing development processes as a social practice.<\/p>\n<p><strong>Professional Master\u2019s in Primary Healthcare within SUS\u00a0<\/strong><br \/>\nPresentation<br \/>\nProfessional Master\u2019s is designed for continued qualification of nurses and other healthcare professionals that perform within Primary Healthcare scope. Those graduated from the Program will hold a title of Master of Sciences.<\/p>\n<p><em>Objectives<\/em><br \/>\n\u2022 Stimulate the qualification for healthcare professional practicing, based on theoretical and practical references and on scientific evidences that allow for the broadened clinic consolidation and assistance systematization having in view national and regional protocols;<br \/>\n\u2022 Develop competences so as to intervene within local and regional scopes, and healthcare sphere in an articulated shape towards inter-sectorial processes that impact the determinants and conditionings of the healthcare-disease process of the populational groups;<br \/>\n\u2022 Stimulate tools and other healthcare professionals to become investigators of their own practicing by means of the appropriation of theoretical and methodological bases that enable the critical and continued work evaluation;<br \/>\n\u2022 Conduct scientific investigations on the healthcare everyday-work, based on the healthcare issues identified, allowing the proposal of new technologies to be applied in improving professional practicing in convergence with the principles and guidelines of SUS, and which impact the epidemiological profiles of the Brazilian society;<br \/>\n\u2022 Stimulate the development of competences so as to exercise leadership in healthcare public institutions and related areas, seeking excellence servicing.<\/p>\n<p><em><strong>Concentration Area<\/strong><\/em><br \/>\nPrimary Healthcare<br \/>\nResearch Lines<\/p>\n<p>\u2022 <strong>Primary Healthcare Processes:<\/strong> committed to the analysis of healthcare process and improvement of healthcare practicing. It includes studies on collection and interpretation of the population\u2019s healthcare needs as well as proposing and implementing interventions oriented towards the enhancement of the epidemiological profiles. It integrates the construction and validation of markers and indicators of healthcare, vulnerabilities, and accession to healthcare practicing. It includes knowledge and abilities of Deliberative Bioethics within Primary Healthcare so as to identify ethical issues and subsidize the decision-making process towards healthcare.<br \/>\n\u2022 <strong>Innovative Technologies directed to Primary Healthcare:<\/strong> this is about proposing and implementing technologies directed to primary healthcare, incorporating soft, soft-hard, and hard technologies. It is articulated to analysis, management, and evaluation of public health policies and their impact towards the population\u2019s healthcare needs. It integrates the studies on concepts and strategies for the operationalization and evaluation of Healthcare Promotion within individual, communitarian, and healthcare scope.<\/p>\n<p><strong><a href=\"http:\/\/sites.usp.br\/ee\/wp-content\/uploads\/sites\/22\/2014\/02\/Equivalence-request.pdf\" target=\"_blank\" rel=\"noopener noreferrer\">Equivalence request<\/a><\/strong><\/p>\n<p><strong>\u00a0<\/strong><\/p>\n","protected":false},"excerpt":{"rendered":"<p>EEUSP has 40 years of experience in graduate Nursing teaching. Its Master\u2019s and Ph.D. programs figure among the most traditional ones in Brazil and Latin America, covering Adult Health, Obstetric and Neonatal Health, Pediatric Health and Family, Mental and Psychiatric &hellip; <a href=\"https:\/\/sites.usp.br\/ee\/courses\/graduate\/\">Continue reading <span class=\"meta-nav\">&rarr;<\/span><\/a><\/p>\n","protected":false},"author":1,"featured_media":0,"parent":100,"menu_order":0,"comment_status":"closed","ping_status":"closed","template":"","meta":{"footnotes":"","_links_to":"","_links_to_target":""},"class_list":["post-129","page","type-page","status-publish","hentry"],"_links":{"self":[{"href":"https:\/\/sites.usp.br\/ee\/wp-json\/wp\/v2\/pages\/129","targetHints":{"allow":["GET"]}}],"collection":[{"href":"https:\/\/sites.usp.br\/ee\/wp-json\/wp\/v2\/pages"}],"about":[{"href":"https:\/\/sites.usp.br\/ee\/wp-json\/wp\/v2\/types\/page"}],"author":[{"embeddable":true,"href":"https:\/\/sites.usp.br\/ee\/wp-json\/wp\/v2\/users\/1"}],"replies":[{"embeddable":true,"href":"https:\/\/sites.usp.br\/ee\/wp-json\/wp\/v2\/comments?post=129"}],"version-history":[{"count":6,"href":"https:\/\/sites.usp.br\/ee\/wp-json\/wp\/v2\/pages\/129\/revisions"}],"predecessor-version":[{"id":514,"href":"https:\/\/sites.usp.br\/ee\/wp-json\/wp\/v2\/pages\/129\/revisions\/514"}],"up":[{"embeddable":true,"href":"https:\/\/sites.usp.br\/ee\/wp-json\/wp\/v2\/pages\/100"}],"wp:attachment":[{"href":"https:\/\/sites.usp.br\/ee\/wp-json\/wp\/v2\/media?parent=129"}],"curies":[{"name":"wp","href":"https:\/\/api.w.org\/{rel}","templated":true}]}}