{"id":92,"date":"2014-02-24T17:09:37","date_gmt":"2014-02-24T19:09:37","guid":{"rendered":"http:\/\/sites.usp.br\/ee\/?page_id=92"},"modified":"2014-09-23T14:09:52","modified_gmt":"2014-09-23T16:09:52","slug":"international-agreements","status":"publish","type":"page","link":"https:\/\/sites.usp.br\/ee\/institutional\/international-agreements\/","title":{"rendered":"International Agreements"},"content":{"rendered":"<p><a href=\"http:\/\/sites.usp.br\/ee\/wp-content\/uploads\/sites\/22\/2014\/02\/tabela_2.jpg\"><img loading=\"lazy\" decoding=\"async\" class=\"alignnone size-full wp-image-430\" alt=\"tabela_2\" src=\"http:\/\/sites.usp.br\/ee\/wp-content\/uploads\/sites\/22\/2014\/02\/tabela_2.jpg\" width=\"604\" height=\"853\" srcset=\"https:\/\/sites.usp.br\/ee\/wp-content\/uploads\/sites\/22\/2014\/02\/tabela_2.jpg 604w, https:\/\/sites.usp.br\/ee\/wp-content\/uploads\/sites\/22\/2014\/02\/tabela_2-212x300.jpg 212w, https:\/\/sites.usp.br\/ee\/wp-content\/uploads\/sites\/22\/2014\/02\/tabela_2-400x564.jpg 400w\" sizes=\"auto, (max-width: 604px) 100vw, 604px\" \/><\/a><\/p>\n<p>Please, also check USP\u2019s general agreements in AUCANI site \u2013 S\u00e3o Paulo, at <a href=\"http:\/\/www.usp.br\/internationaloffice\/index.php\/convenios\/instituicoes-conveniadas\/\" target=\"_blank\">http:\/\/www.usp.br\/ccint\/<\/a><br \/>\nPlease, keep in mind that International Academic Agreements and Protocols settled between USP and foreign institutions with \u201cUSP\u201d mediation, and not any of its Units specifically, encompasses ALL USP UNITS, that is, any USP Unit can make use of the conditions accorded in these Agreements and Protocols; except for the cases in which specific agreement participation areas are determined.<\/p>\n<p>&nbsp;<\/p>\n<p><strong>Drafts <\/strong><\/p>\n<p><strong>Deutsch<\/strong><\/p>\n<ul>\n<li><a href=\"http:\/\/sites.usp.br\/ee\/wp-content\/uploads\/sites\/22\/2014\/03\/Abkommen-\u00dcber-Akademische-Kooperation.pdf\" target=\"_blank\">Abkommen \u00dcber Akademische Kooperation<\/a><\/li>\n<li><a href=\"http:\/\/sites.usp.br\/ee\/wp-content\/uploads\/sites\/22\/2014\/03\/Absichtserkl\u00e4rung.pdf\" target=\"_blank\">Absichtserkl\u00e4rung<\/a><\/li>\n<li><a href=\"http:\/\/sites.usp.br\/ee\/wp-content\/uploads\/sites\/22\/2014\/03\/Internationales-Akademisches-Abkommen.pdf\" target=\"_blank\">Internationales Akademisches Abkommen<\/a><\/li>\n<li><a href=\"http:\/\/sites.usp.br\/ee\/wp-content\/uploads\/sites\/22\/2014\/03\/Internationales-Akademisches-Abkommen-2.pdf\" target=\"_blank\">Internationales Akademisches Abkommen (2)<\/a><\/li>\n<li><a href=\"http:\/\/sites.usp.br\/ee\/wp-content\/uploads\/sites\/22\/2014\/03\/Leitfaden-F\u00fcr-Die-Vorbereitung.pdf\" target=\"_blank\">Leitfaden F\u00fcr Die Vorbereitung<\/a><\/li>\n<\/ul>\n<p><strong>English<\/strong><\/p>\n<ul>\n<li><a href=\"http:\/\/sites.usp.br\/ee\/wp-content\/uploads\/sites\/22\/2014\/03\/International-Academic-Agreement.pdf\" target=\"_blank\">International Academic Agreement<\/a><\/li>\n<li><a href=\"http:\/\/sites.usp.br\/ee\/wp-content\/uploads\/sites\/22\/2014\/03\/International-Co-operation-Agreement.pdf\" target=\"_blank\">International Co-operation Agreement<\/a><\/li>\n<li><a href=\"http:\/\/sites.usp.br\/ee\/wp-content\/uploads\/sites\/22\/2014\/03\/Letter-of-Intent.pdf\" target=\"_blank\">Letter of Intent<\/a><\/li>\n<li><a href=\"http:\/\/sites.usp.br\/ee\/wp-content\/uploads\/sites\/22\/2014\/03\/Mou.pdf\" target=\"_blank\">Mou<\/a><\/li>\n<li><a href=\"http:\/\/sites.usp.br\/ee\/wp-content\/uploads\/sites\/22\/2014\/03\/Work-Program.pdf\" target=\"_blank\">Work Program<\/a><\/li>\n<\/ul>\n<p><strong>Espa\u00f1ol<\/strong><\/p>\n<ul>\n<li><a href=\"http:\/\/sites.usp.br\/ee\/wp-content\/uploads\/sites\/22\/2014\/03\/Acuerdo-de-Cooperaci\u00f3n-Acad\u00e9mica.pdf\" target=\"_blank\">Acuerdo de Cooperaci\u00f3n Acad\u00e9mica<\/a><\/li>\n<li><a href=\"http:\/\/sites.usp.br\/ee\/wp-content\/uploads\/sites\/22\/2014\/03\/Convenio-Acad\u00e9mico-Internacional.pdf\" target=\"_blank\">Convenio Acad\u00e9mico Internacional<\/a><\/li>\n<li><a href=\"http:\/\/sites.usp.br\/ee\/wp-content\/uploads\/sites\/22\/2014\/03\/Convenio-Acad\u00e9mico-Internacional-2.pdf\" target=\"_blank\">Convenio Acad\u00e9mico Internacional (2)<\/a><\/li>\n<li><a href=\"http:\/\/sites.usp.br\/ee\/wp-content\/uploads\/sites\/22\/2014\/03\/Plan-de-Trabajo.pdf\" target=\"_blank\">Plan de Trabajo<\/a><\/li>\n<li><a href=\"http:\/\/sites.usp.br\/ee\/wp-content\/uploads\/sites\/22\/2014\/03\/Protocolo-Acad\u00e9mico-Internacional.pdf\" target=\"_blank\">Protocolo Acad\u00e9mico Internacional<\/a><\/li>\n<\/ul>\n<p><strong><br \/>\nFran\u00e7ais<\/strong><\/p>\n<ul>\n<li><a href=\"http:\/\/sites.usp.br\/ee\/wp-content\/uploads\/sites\/22\/2014\/03\/Accord-2011.pdf\" target=\"_blank\">Accord 2011<\/a><\/li>\n<li><a href=\"http:\/\/sites.usp.br\/ee\/wp-content\/uploads\/sites\/22\/2014\/03\/Convention-2011.pdf\" target=\"_blank\">Convention 2011<\/a><\/li>\n<li><a href=\"http:\/\/sites.usp.br\/ee\/wp-content\/uploads\/sites\/22\/2014\/03\/Convention-Recherche-2011.pdf\" target=\"_blank\">Convention Recherche 2011<\/a><\/li>\n<li><a href=\"http:\/\/sites.usp.br\/ee\/wp-content\/uploads\/sites\/22\/2014\/03\/Plan-de-Travail-2011.pdf\" target=\"_blank\">Plan de Travail 2011<\/a><\/li>\n<li><a href=\"http:\/\/sites.usp.br\/ee\/wp-content\/uploads\/sites\/22\/2014\/03\/Protocole-2011.pdf\" target=\"_blank\">Protocole 2011<\/a><\/li>\n<\/ul>\n<p><strong>Italiano<\/strong><\/p>\n<ul>\n<li><a href=\"http:\/\/sites.usp.br\/ee\/wp-content\/uploads\/sites\/22\/2014\/03\/Accordo-2011.pdf\" target=\"_blank\">Accordo 2011<\/a><\/li>\n<li><a href=\"http:\/\/sites.usp.br\/ee\/wp-content\/uploads\/sites\/22\/2014\/03\/Convenzione-2011.pdf\" target=\"_blank\">Convenzione 2011<\/a><\/li>\n<li><a href=\"http:\/\/sites.usp.br\/ee\/wp-content\/uploads\/sites\/22\/2014\/03\/Convenzione-Ricerca-2011.pdf\" target=\"_blank\">Convenzione Ricerca 2011<\/a><\/li>\n<li><a href=\"http:\/\/sites.usp.br\/ee\/wp-content\/uploads\/sites\/22\/2014\/03\/Piano-di-Lavoro-2011.pdf\" target=\"_blank\">Piano di Lavoro 2011<\/a><\/li>\n<li><a href=\"http:\/\/sites.usp.br\/ee\/wp-content\/uploads\/sites\/22\/2014\/03\/Protocollo-2011.pdf\" target=\"_blank\">Protocollo 2011<\/a><\/li>\n<\/ul>\n<p><strong>\u00a0Portugu\u00eas<\/strong><\/p>\n<ul>\n<li><a href=\"http:\/\/sites.usp.br\/ee\/wp-content\/uploads\/sites\/22\/2014\/02\/Acordo-de-Coopera\u00e7\u00e3o-Acad\u00eamica-2011.pdf\" target=\"_blank\">Acordo de Coopera\u00e7\u00e3o Acad\u00eamica 2011<\/a><\/li>\n<li><a href=\"http:\/\/sites.usp.br\/ee\/wp-content\/uploads\/sites\/22\/2014\/02\/Conv\u00eanio-Acad\u00eamico-Internacional-2011.pdf\" target=\"_blank\">Conv\u00eanio Acad\u00eamico Internacional 2011<\/a><\/li>\n<li><a href=\"http:\/\/sites.usp.br\/ee\/wp-content\/uploads\/sites\/22\/2014\/02\/Convenio-Intercambios-2011.pdf\" target=\"_blank\">Convenio Intercambios 2011<\/a><\/li>\n<li><a href=\"http:\/\/sites.usp.br\/ee\/wp-content\/uploads\/sites\/22\/2014\/02\/Plano-de-trabalho-2011.pdf\" target=\"_blank\">Plano de trabalho 2011<\/a><\/li>\n<li><a href=\"http:\/\/sites.usp.br\/ee\/wp-content\/uploads\/sites\/22\/2014\/02\/Protocolo-Acad\u00eamico-2011.pdf\" target=\"_blank\">Protocolo Acad\u00eamico 2011<\/a><\/li>\n<\/ul>\n","protected":false},"excerpt":{"rendered":"<p>Please, also check USP\u2019s general agreements in AUCANI site \u2013 S\u00e3o Paulo, at http:\/\/www.usp.br\/ccint\/ Please, keep in mind that International Academic Agreements and Protocols settled between USP and foreign institutions with \u201cUSP\u201d mediation, and not any of its Units specifically, &hellip; <a href=\"https:\/\/sites.usp.br\/ee\/institutional\/international-agreements\/\">Continue reading <span class=\"meta-nav\">&rarr;<\/span><\/a><\/p>\n","protected":false},"author":1,"featured_media":0,"parent":62,"menu_order":0,"comment_status":"closed","ping_status":"closed","template":"","meta":{"footnotes":"","_links_to":"","_links_to_target":""},"class_list":["post-92","page","type-page","status-publish","hentry"],"_links":{"self":[{"href":"https:\/\/sites.usp.br\/ee\/wp-json\/wp\/v2\/pages\/92","targetHints":{"allow":["GET"]}}],"collection":[{"href":"https:\/\/sites.usp.br\/ee\/wp-json\/wp\/v2\/pages"}],"about":[{"href":"https:\/\/sites.usp.br\/ee\/wp-json\/wp\/v2\/types\/page"}],"author":[{"embeddable":true,"href":"https:\/\/sites.usp.br\/ee\/wp-json\/wp\/v2\/users\/1"}],"replies":[{"embeddable":true,"href":"https:\/\/sites.usp.br\/ee\/wp-json\/wp\/v2\/comments?post=92"}],"version-history":[{"count":6,"href":"https:\/\/sites.usp.br\/ee\/wp-json\/wp\/v2\/pages\/92\/revisions"}],"predecessor-version":[{"id":431,"href":"https:\/\/sites.usp.br\/ee\/wp-json\/wp\/v2\/pages\/92\/revisions\/431"}],"up":[{"embeddable":true,"href":"https:\/\/sites.usp.br\/ee\/wp-json\/wp\/v2\/pages\/62"}],"wp:attachment":[{"href":"https:\/\/sites.usp.br\/ee\/wp-json\/wp\/v2\/media?parent=92"}],"curies":[{"name":"wp","href":"https:\/\/api.w.org\/{rel}","templated":true}]}}