{"id":1116,"date":"2023-07-11T14:10:51","date_gmt":"2023-07-11T17:10:51","guid":{"rendered":"https:\/\/sites.usp.br\/eec\/?page_id=1116"},"modified":"2025-08-19T13:41:42","modified_gmt":"2025-08-19T16:41:42","slug":"mesa-redonda","status":"publish","type":"page","link":"https:\/\/sites.usp.br\/eec\/v-eec\/mesa-redonda\/","title":{"rendered":"Mesa Redonda"},"content":{"rendered":"<h2>Experi\u00eancias Inspiradoras em Ensino de Ci\u00eancias<\/h2>\n<p>Dia 13\/09\/23 (s\u00e1bado), 13h30-15h00<\/p>\n<p>A mesa-redonda Experi\u00eancias Inspiradoras em Ensino de Ci\u00eancias prop\u00f5e-se como um espa\u00e7o de di\u00e1logo, reunindo professoras que, a partir de suas viv\u00eancias e contextos escolares diversos, desenvolveram pr\u00e1ticas pedag\u00f3gicas inovadoras e transformadoras no ensino de Ci\u00eancias. Mais do que relatos, ser\u00e3o compartilhadas trajet\u00f3rias marcadas por criatividade, enfrentamento de desafios cotidianos e compromisso com uma educa\u00e7\u00e3o mais significativa e engajada. Ao valorizar saberes constru\u00eddos na sala de aula, esta mesa pretende n\u00e3o apenas inspirar, mas tamb\u00e9m provocar reflex\u00f5es e conex\u00f5es entre os participantes, fortalecendo a rede de educadores comprometidos com uma pr\u00e1tica docente sens\u00edvel, cr\u00edtica e colaborativa.<\/p>\n<h3>Com a participa\u00e7\u00e3o de<\/h3>\n<ul>\n<li><em>B\u00e1rbara Daniela Guedes Rodrigues<\/em> \u2014 E.E. Prof. Sebasti\u00e3o de Oliveira Rocha, S\u00e3o Carlos<\/li>\n<li><em>Jacqueline Marisa de Souza Antoneli<\/em> \u2014 SESI S\u00e3o Carlos<\/li>\n<li><em>La\u00eds Goyos Pieroni<\/em> \u2014 E.M.E.F. Ermides Barsaglini Gulla, Gavi\u00e3o Peixoto<\/li>\n<li><em>Maressa Pomaro Casali Pereira<\/em> \u2014 Curso e Col\u00e9gio Interativo, S\u00e3o Carlos<\/li>\n<\/ul>\n","protected":false},"excerpt":{"rendered":"<p>Experi\u00eancias Inspiradoras em Ensino de Ci\u00eancias Dia 13\/09\/23 (s\u00e1bado), 13h30-15h00 A mesa-redonda Experi\u00eancias Inspiradoras em Ensino de Ci\u00eancias prop\u00f5e-se como um espa\u00e7o de di\u00e1logo, reunindo professoras que, a partir de suas viv\u00eancias e contextos escolares diversos, desenvolveram pr\u00e1ticas pedag\u00f3gicas inovadoras e transformadoras no ensino de Ci\u00eancias. Mais do que relatos, ser\u00e3o compartilhadas trajet\u00f3rias marcadas por<a href=\"https:\/\/sites.usp.br\/eec\/v-eec\/mesa-redonda\/\">[&#8230;]<\/a><\/p>\n","protected":false},"author":972,"featured_media":0,"parent":1235,"menu_order":0,"comment_status":"closed","ping_status":"closed","template":"","meta":{"_monsterinsights_skip_tracking":false,"_monsterinsights_sitenote_active":false,"_monsterinsights_sitenote_note":"","_monsterinsights_sitenote_category":0,"footnotes":"","_links_to":"","_links_to_target":""},"class_list":["post-1116","page","type-page","status-publish","hentry"],"_links":{"self":[{"href":"https:\/\/sites.usp.br\/eec\/wp-json\/wp\/v2\/pages\/1116","targetHints":{"allow":["GET"]}}],"collection":[{"href":"https:\/\/sites.usp.br\/eec\/wp-json\/wp\/v2\/pages"}],"about":[{"href":"https:\/\/sites.usp.br\/eec\/wp-json\/wp\/v2\/types\/page"}],"author":[{"embeddable":true,"href":"https:\/\/sites.usp.br\/eec\/wp-json\/wp\/v2\/users\/972"}],"replies":[{"embeddable":true,"href":"https:\/\/sites.usp.br\/eec\/wp-json\/wp\/v2\/comments?post=1116"}],"version-history":[{"count":4,"href":"https:\/\/sites.usp.br\/eec\/wp-json\/wp\/v2\/pages\/1116\/revisions"}],"predecessor-version":[{"id":1332,"href":"https:\/\/sites.usp.br\/eec\/wp-json\/wp\/v2\/pages\/1116\/revisions\/1332"}],"up":[{"embeddable":true,"href":"https:\/\/sites.usp.br\/eec\/wp-json\/wp\/v2\/pages\/1235"}],"wp:attachment":[{"href":"https:\/\/sites.usp.br\/eec\/wp-json\/wp\/v2\/media?parent=1116"}],"curies":[{"name":"wp","href":"https:\/\/api.w.org\/{rel}","templated":true}]}}