{"id":26,"date":"2013-11-21T19:00:33","date_gmt":"2013-11-21T19:00:33","guid":{"rendered":"http:\/\/sites.usp.br\/eec\/?page_id=26"},"modified":"2025-09-15T11:22:43","modified_gmt":"2025-09-15T14:22:43","slug":"inscricao-2","status":"publish","type":"page","link":"https:\/\/sites.usp.br\/eec\/v-eec\/inscricao-2\/","title":{"rendered":"Inscri\u00e7\u00e3o"},"content":{"rendered":"<p>As inscri\u00e7\u00f5es estar\u00e3o abertas de <em><strong>08 \u00e0 24 de agosto<\/strong><\/em>.<br \/>(Como o n\u00famero de vagas de participa\u00e7\u00e3o no evento \u00e9 limitado, as inscri\u00e7\u00f5es podem se encerrar antes da data limite.)<\/p>\n<p>Para se inscrever ser\u00e1 necess\u00e1rio o preenchimento de formul\u00e1rio pr\u00f3prio e o pagamento da taxa de inscri\u00e7\u00e3o no valor de R$60,00 (Sessenta reais).<\/p>\n<p>Todo autor apresentador de trabalho aceito dever\u00e1 estar inscrito no Encontro.<\/p>\n<p><!-- \n\n\n<p>As instru\u00e7\u00f5es para a inscri\u00e7\u00e3o ser\u00e3o disponibilizadas em breve.<\/p>\n\n \n\n\n<p><strong>Para se inscrever:<\/strong><\/p>\n\n\n\n\n<p>Clique <a href=\"http:\/\/200.144.245.213\/FormInscricao.html\">aqui<\/a> e preencha o formul\u00e1rio de inscri\u00e7\u00e3o.<\/p>\n\n\n\n\n<p>Aguarde o envio, por e-mail, do boleto para pagamento.<\/p>\n\n\n\n\n<p>A confirma\u00e7\u00e3o da inscri\u00e7\u00e3o ocorrer\u00e1 ap\u00f3s a o pagamento da taxa de inscri\u00e7\u00e3o.<\/p>\n\n\n\n\n<p><strong>A taxa de inscri\u00e7\u00e3o n\u00e3o ser\u00e1 devolvida em hip\u00f3tese alguma.<\/strong><\/p>\n\n\n--><\/p>\n","protected":false},"excerpt":{"rendered":"<p>As inscri\u00e7\u00f5es estar\u00e3o abertas de 08 \u00e0 24 de agosto.(Como o n\u00famero de vagas de participa\u00e7\u00e3o no evento \u00e9 limitado, as inscri\u00e7\u00f5es podem se encerrar antes da data limite.) Para se inscrever ser\u00e1 necess\u00e1rio o preenchimento de formul\u00e1rio pr\u00f3prio e o pagamento da taxa de inscri\u00e7\u00e3o no valor de R$60,00 (Sessenta reais). Todo autor apresentador<a href=\"https:\/\/sites.usp.br\/eec\/v-eec\/inscricao-2\/\">[&#8230;]<\/a><\/p>\n","protected":false},"author":1,"featured_media":0,"parent":1235,"menu_order":0,"comment_status":"closed","ping_status":"closed","template":"","meta":{"_monsterinsights_skip_tracking":false,"_monsterinsights_sitenote_active":false,"_monsterinsights_sitenote_note":"","_monsterinsights_sitenote_category":0,"footnotes":"","_links_to":"","_links_to_target":""},"class_list":["post-26","page","type-page","status-publish","hentry"],"_links":{"self":[{"href":"https:\/\/sites.usp.br\/eec\/wp-json\/wp\/v2\/pages\/26","targetHints":{"allow":["GET"]}}],"collection":[{"href":"https:\/\/sites.usp.br\/eec\/wp-json\/wp\/v2\/pages"}],"about":[{"href":"https:\/\/sites.usp.br\/eec\/wp-json\/wp\/v2\/types\/page"}],"author":[{"embeddable":true,"href":"https:\/\/sites.usp.br\/eec\/wp-json\/wp\/v2\/users\/1"}],"replies":[{"embeddable":true,"href":"https:\/\/sites.usp.br\/eec\/wp-json\/wp\/v2\/comments?post=26"}],"version-history":[{"count":4,"href":"https:\/\/sites.usp.br\/eec\/wp-json\/wp\/v2\/pages\/26\/revisions"}],"predecessor-version":[{"id":1351,"href":"https:\/\/sites.usp.br\/eec\/wp-json\/wp\/v2\/pages\/26\/revisions\/1351"}],"up":[{"embeddable":true,"href":"https:\/\/sites.usp.br\/eec\/wp-json\/wp\/v2\/pages\/1235"}],"wp:attachment":[{"href":"https:\/\/sites.usp.br\/eec\/wp-json\/wp\/v2\/media?parent=26"}],"curies":[{"name":"wp","href":"https:\/\/api.w.org\/{rel}","templated":true}]}}