{"id":330,"date":"2019-05-13T14:10:35","date_gmt":"2019-05-13T17:10:35","guid":{"rendered":"https:\/\/sites.usp.br\/eec\/?page_id=330"},"modified":"2025-05-06T10:00:52","modified_gmt":"2025-05-06T13:00:52","slug":"sobre","status":"publish","type":"page","link":"https:\/\/sites.usp.br\/eec\/v-eec\/sobre\/","title":{"rendered":"Sobre"},"content":{"rendered":"<p><span style=\"font-weight: 400;\">O V Encontro de Educadores em Ci\u00eancias (V EEC) ocorrer\u00e1 nos dias 12 e 13 de setembro de 2025, no Centro de Divulga\u00e7\u00e3o Cient\u00edfica e Cultural da USP (CDCC), em S\u00e3o Carlos (SP).<\/span><\/p>\n<p><span style=\"font-weight: 400;\">O evento tem o objetivo de reunir professores da Educa\u00e7\u00e3o B\u00e1sica, pesquisadores e estudantes que cursam Licenciatura em Qu\u00edmica, F\u00edsica, Biologia e Ci\u00eancias da Natureza, para um exerc\u00edcio de socializa\u00e7\u00e3o e an\u00e1lise de experi\u00eancias e estudos vinculados \u00e0 Educa\u00e7\u00e3o em Ci\u00eancias Naturais em diferentes n\u00edveis e modalidades.<\/span><\/p>\n<p><span style=\"font-weight: 400;\">O Encontro contar\u00e1 com\u00a0 palestra de abertura, oficinas, mesa redonda, apresenta\u00e7\u00e3o de p\u00f4steres, al\u00e9m de uma atividade cultural.<\/span><\/p>\n<p><span style=\"font-weight: 400;\">A participa\u00e7\u00e3o no Encontro est\u00e1 condicionada \u00e0 confirma\u00e7\u00e3o da inscri\u00e7\u00e3o.<\/span><\/p>\n","protected":false},"excerpt":{"rendered":"<p>O V Encontro de Educadores em Ci\u00eancias (V EEC) ocorrer\u00e1 nos dias 12 e 13 de setembro de 2025, no Centro de Divulga\u00e7\u00e3o Cient\u00edfica e Cultural da USP (CDCC), em S\u00e3o Carlos (SP). O evento tem o objetivo de reunir professores da Educa\u00e7\u00e3o B\u00e1sica, pesquisadores e estudantes que cursam Licenciatura em Qu\u00edmica, F\u00edsica, Biologia e<a href=\"https:\/\/sites.usp.br\/eec\/v-eec\/sobre\/\">[&#8230;]<\/a><\/p>\n","protected":false},"author":971,"featured_media":0,"parent":1235,"menu_order":0,"comment_status":"closed","ping_status":"closed","template":"","meta":{"_monsterinsights_skip_tracking":false,"_monsterinsights_sitenote_active":false,"_monsterinsights_sitenote_note":"","_monsterinsights_sitenote_category":0,"footnotes":"","_links_to":"","_links_to_target":""},"class_list":["post-330","page","type-page","status-publish","hentry"],"_links":{"self":[{"href":"https:\/\/sites.usp.br\/eec\/wp-json\/wp\/v2\/pages\/330","targetHints":{"allow":["GET"]}}],"collection":[{"href":"https:\/\/sites.usp.br\/eec\/wp-json\/wp\/v2\/pages"}],"about":[{"href":"https:\/\/sites.usp.br\/eec\/wp-json\/wp\/v2\/types\/page"}],"author":[{"embeddable":true,"href":"https:\/\/sites.usp.br\/eec\/wp-json\/wp\/v2\/users\/971"}],"replies":[{"embeddable":true,"href":"https:\/\/sites.usp.br\/eec\/wp-json\/wp\/v2\/comments?post=330"}],"version-history":[{"count":4,"href":"https:\/\/sites.usp.br\/eec\/wp-json\/wp\/v2\/pages\/330\/revisions"}],"predecessor-version":[{"id":1253,"href":"https:\/\/sites.usp.br\/eec\/wp-json\/wp\/v2\/pages\/330\/revisions\/1253"}],"up":[{"embeddable":true,"href":"https:\/\/sites.usp.br\/eec\/wp-json\/wp\/v2\/pages\/1235"}],"wp:attachment":[{"href":"https:\/\/sites.usp.br\/eec\/wp-json\/wp\/v2\/media?parent=330"}],"curies":[{"name":"wp","href":"https:\/\/api.w.org\/{rel}","templated":true}]}}