{"id":331,"date":"2019-05-13T14:10:35","date_gmt":"2019-05-13T17:10:35","guid":{"rendered":"https:\/\/sites.usp.br\/eec\/?page_id=331"},"modified":"2025-05-06T10:04:44","modified_gmt":"2025-05-06T13:04:44","slug":"local","status":"publish","type":"page","link":"https:\/\/sites.usp.br\/eec\/v-eec\/local\/","title":{"rendered":"Local"},"content":{"rendered":"<p>Centro de Divulga\u00e7\u00e3o Cient\u00edfica e Cultural &#8211; CDCC\/USP<\/p>\n<p>R. Nove de Julho, 1227 &#8211; Centro, S\u00e3o Carlos &#8211; SP<\/p>\n<p>CEP: 13560-042<\/p>\n<p>Clique <a href=\"https:\/\/www.google.com.br\/maps\/place\/CDCC+-+Centro+de+Divulga%C3%A7%C3%A3o+Cient%C3%ADfica+e+Cultural\/@-22.0189842,-47.8950393,17z\/data=!3m1!4b1!4m5!3m4!1s0x94b8773b30001d89:0xc419f7563ec8de49!8m2!3d-22.0189892!4d-47.8928506\" target=\"_blank\" rel=\"noopener\">aqui<\/a>\u00a0para ver no mapa.<\/p>\n<p>&nbsp;<\/p>\n","protected":false},"excerpt":{"rendered":"<p>Centro de Divulga\u00e7\u00e3o Cient\u00edfica e Cultural &#8211; CDCC\/USP R. Nove de Julho, 1227 &#8211; Centro, S\u00e3o Carlos &#8211; SP CEP: 13560-042 Clique aqui\u00a0para ver no mapa. &nbsp;<\/p>\n","protected":false},"author":971,"featured_media":0,"parent":1235,"menu_order":0,"comment_status":"closed","ping_status":"closed","template":"","meta":{"_monsterinsights_skip_tracking":false,"_monsterinsights_sitenote_active":false,"_monsterinsights_sitenote_note":"","_monsterinsights_sitenote_category":0,"footnotes":"","_links_to":"","_links_to_target":""},"class_list":["post-331","page","type-page","status-publish","hentry"],"_links":{"self":[{"href":"https:\/\/sites.usp.br\/eec\/wp-json\/wp\/v2\/pages\/331","targetHints":{"allow":["GET"]}}],"collection":[{"href":"https:\/\/sites.usp.br\/eec\/wp-json\/wp\/v2\/pages"}],"about":[{"href":"https:\/\/sites.usp.br\/eec\/wp-json\/wp\/v2\/types\/page"}],"author":[{"embeddable":true,"href":"https:\/\/sites.usp.br\/eec\/wp-json\/wp\/v2\/users\/971"}],"replies":[{"embeddable":true,"href":"https:\/\/sites.usp.br\/eec\/wp-json\/wp\/v2\/comments?post=331"}],"version-history":[{"count":4,"href":"https:\/\/sites.usp.br\/eec\/wp-json\/wp\/v2\/pages\/331\/revisions"}],"predecessor-version":[{"id":853,"href":"https:\/\/sites.usp.br\/eec\/wp-json\/wp\/v2\/pages\/331\/revisions\/853"}],"up":[{"embeddable":true,"href":"https:\/\/sites.usp.br\/eec\/wp-json\/wp\/v2\/pages\/1235"}],"wp:attachment":[{"href":"https:\/\/sites.usp.br\/eec\/wp-json\/wp\/v2\/media?parent=331"}],"curies":[{"name":"wp","href":"https:\/\/api.w.org\/{rel}","templated":true}]}}