{"id":335,"date":"2019-05-13T14:10:36","date_gmt":"2019-05-13T17:10:36","guid":{"rendered":"https:\/\/sites.usp.br\/eec\/?page_id=335"},"modified":"2025-08-26T08:51:51","modified_gmt":"2025-08-26T11:51:51","slug":"datas-importantes","status":"publish","type":"page","link":"https:\/\/sites.usp.br\/eec\/v-eec\/datas-importantes\/","title":{"rendered":"Datas Importantes"},"content":{"rendered":"<header>\r\n<p class=\"entry-title\"><strong style=\"font-size: 16px;\">Submiss\u00e3o de trabalhos :<\/strong><span style=\"font-size: 16px;\"> 01 de julho a 27 de julho de 2025<\/span><\/p>\r\n<\/header>\r\n<div class=\"entry-content\">\r\n<p><strong>Divulga\u00e7\u00e3o de trabalhos aceitos:<\/strong> 08 de agosto de 2025<\/p>\r\n<p><strong>Inscri\u00e7\u00f5es:<\/strong> at\u00e9 08 de setembro de 2025<\/p>\r\n<!-- <p><strong>Divulga\u00e7\u00e3o de inscritos no Encontro:<\/strong>\u00a013 de setembro de 2023<\/p> -->\r\n<p><strong>Encontro:<\/strong> 12 e 13 de setembro de 2025<\/p>\r\n<\/div>\r\n\r\n\r\n<p><\/p>\r\n","protected":false},"excerpt":{"rendered":"<p>Submiss\u00e3o de trabalhos : 01 de julho a 27 de julho de 2025 Divulga\u00e7\u00e3o de trabalhos aceitos: 08 de agosto de 2025 Inscri\u00e7\u00f5es: at\u00e9 08 de setembro de 2025 Encontro: 12 e 13 de setembro de 2025<\/p>\n","protected":false},"author":971,"featured_media":0,"parent":1235,"menu_order":0,"comment_status":"closed","ping_status":"closed","template":"","meta":{"_monsterinsights_skip_tracking":false,"_monsterinsights_sitenote_active":false,"_monsterinsights_sitenote_note":"","_monsterinsights_sitenote_category":0,"footnotes":"","_links_to":"","_links_to_target":""},"class_list":["post-335","page","type-page","status-publish","hentry"],"_links":{"self":[{"href":"https:\/\/sites.usp.br\/eec\/wp-json\/wp\/v2\/pages\/335","targetHints":{"allow":["GET"]}}],"collection":[{"href":"https:\/\/sites.usp.br\/eec\/wp-json\/wp\/v2\/pages"}],"about":[{"href":"https:\/\/sites.usp.br\/eec\/wp-json\/wp\/v2\/types\/page"}],"author":[{"embeddable":true,"href":"https:\/\/sites.usp.br\/eec\/wp-json\/wp\/v2\/users\/971"}],"replies":[{"embeddable":true,"href":"https:\/\/sites.usp.br\/eec\/wp-json\/wp\/v2\/comments?post=335"}],"version-history":[{"count":4,"href":"https:\/\/sites.usp.br\/eec\/wp-json\/wp\/v2\/pages\/335\/revisions"}],"predecessor-version":[{"id":1337,"href":"https:\/\/sites.usp.br\/eec\/wp-json\/wp\/v2\/pages\/335\/revisions\/1337"}],"up":[{"embeddable":true,"href":"https:\/\/sites.usp.br\/eec\/wp-json\/wp\/v2\/pages\/1235"}],"wp:attachment":[{"href":"https:\/\/sites.usp.br\/eec\/wp-json\/wp\/v2\/media?parent=335"}],"curies":[{"name":"wp","href":"https:\/\/api.w.org\/{rel}","templated":true}]}}