{"id":354,"date":"2019-05-13T14:14:11","date_gmt":"2019-05-13T17:14:11","guid":{"rendered":"https:\/\/sites.usp.br\/eec\/?page_id=354"},"modified":"2025-07-02T09:02:41","modified_gmt":"2025-07-02T12:02:41","slug":"submissao-de-resumos","status":"publish","type":"page","link":"https:\/\/sites.usp.br\/eec\/v-eec\/submissao-de-resumos\/","title":{"rendered":"Submiss\u00e3o de resumos"},"content":{"rendered":"<p>Para submeter seu trabalho, preencha o formul\u00e1rio que pode ser acessado clicando <a href=\"http:\/\/200.144.245.213\/FormResumo.html\">aqui<\/a>.<\/p>\n<h2>Instru\u00e7\u00f5es<\/h2>\n<p>O apresentador do trabalho dever\u00e1 indicar um email v\u00e1lido para fazer a submiss\u00e3o. Este email ser\u00e1 depois utilizado para todas as comunica\u00e7\u00f5es sobre o trabalho. O apresentador tamb\u00e9m dever\u00e1 apresentar o trabalho durante o Encontro.<\/p>\n<p>O resumo deve ser inserido como texto puro nos campos do formul\u00e1rio como texto puro, sem caracteres especiais ou formata\u00e7\u00e3o. \u00c9 aconselh\u00e1vel escrever antes o resumo e colar os textos nos devidos campos. Para isso use um editor de texto puro como o <em>Notepad<\/em>. <u>N\u00e3o copie os textos de editores<\/u> como o <em>MSWord<\/em> ou o <em>Writer<\/em> do <em>Libreoffice<\/em>,  o que poder\u00e1 ocasionar erros de formata\u00e7\u00e3o.<\/p>\n<p>Toda formata\u00e7\u00e3o, espa\u00e7os e tabula\u00e7\u00f5es e mudan\u00e7as de linha ser\u00e3o ignorados na edi\u00e7\u00e3o final dos anais, mas voc\u00ea pode usar recursos do tipo <em>Markdown<\/em> como:<\/p>\n<ul>\n<li>Uma linha em branco indica mudan\u00e7a de paragrafo. Um novo par\u00e1grafo \u00e9 iniciado ap\u00f3s a linha em branco.<\/li>\n<li>Um texto entre asteriscos ser\u00e1 formatado em it\u00e1lico.<br \/> *Isso est\u00e1 em it\u00e1lico* &#8211;> <em>isso ficar\u00e1 em it\u00e1lico<\/em>.<\/li>\n<li>Listas podem ser criadas iniciando cada linha com h\u00edfen seguido de um espa\u00e7o.\n<div style=\"vertical-align: middle;\">\n<div style=\"display: inline-block;\">Se voc\u00ea fizer: <\/div>\n<div style=\"display: inline-block; width: 10em; border: 1px dotted;\">&#8211; item 1<br \/>&#8211; item 2<br \/>&#8211; item 3<\/div>\n<div style=\"display: inline-block; width: 10em; text-align: center;\">vai obter \u2192<\/div>\n<div style=\"display: inline-block; width: 10em; border: 1px dotted;\">\n<ul>\n<li>item 1<\/li>\n<li>item 2<\/li>\n<li>item 3<\/li>\n<\/ul>\n<\/div><\/div>\n<p>  Sempre deixe uma linha em branco antes de iniciar a lista.\n<\/li>\n<\/ul>\n","protected":false},"excerpt":{"rendered":"<p>Para submeter seu trabalho, preencha o formul\u00e1rio que pode ser acessado clicando aqui. Instru\u00e7\u00f5es O apresentador do trabalho dever\u00e1 indicar um email v\u00e1lido para fazer a submiss\u00e3o. Este email ser\u00e1 depois utilizado para todas as comunica\u00e7\u00f5es sobre o trabalho. O apresentador tamb\u00e9m dever\u00e1 apresentar o trabalho durante o Encontro. O resumo deve ser inserido como<a href=\"https:\/\/sites.usp.br\/eec\/v-eec\/submissao-de-resumos\/\">[&#8230;]<\/a><\/p>\n","protected":false},"author":971,"featured_media":0,"parent":1235,"menu_order":0,"comment_status":"closed","ping_status":"closed","template":"","meta":{"_monsterinsights_skip_tracking":false,"_monsterinsights_sitenote_active":false,"_monsterinsights_sitenote_note":"","_monsterinsights_sitenote_category":0,"footnotes":"","_links_to":"","_links_to_target":""},"class_list":["post-354","page","type-page","status-publish","hentry"],"_links":{"self":[{"href":"https:\/\/sites.usp.br\/eec\/wp-json\/wp\/v2\/pages\/354","targetHints":{"allow":["GET"]}}],"collection":[{"href":"https:\/\/sites.usp.br\/eec\/wp-json\/wp\/v2\/pages"}],"about":[{"href":"https:\/\/sites.usp.br\/eec\/wp-json\/wp\/v2\/types\/page"}],"author":[{"embeddable":true,"href":"https:\/\/sites.usp.br\/eec\/wp-json\/wp\/v2\/users\/971"}],"replies":[{"embeddable":true,"href":"https:\/\/sites.usp.br\/eec\/wp-json\/wp\/v2\/comments?post=354"}],"version-history":[{"count":4,"href":"https:\/\/sites.usp.br\/eec\/wp-json\/wp\/v2\/pages\/354\/revisions"}],"predecessor-version":[{"id":1298,"href":"https:\/\/sites.usp.br\/eec\/wp-json\/wp\/v2\/pages\/354\/revisions\/1298"}],"up":[{"embeddable":true,"href":"https:\/\/sites.usp.br\/eec\/wp-json\/wp\/v2\/pages\/1235"}],"wp:attachment":[{"href":"https:\/\/sites.usp.br\/eec\/wp-json\/wp\/v2\/media?parent=354"}],"curies":[{"name":"wp","href":"https:\/\/api.w.org\/{rel}","templated":true}]}}