{"id":398,"date":"2019-05-13T16:46:57","date_gmt":"2019-05-13T19:46:57","guid":{"rendered":"https:\/\/sites.usp.br\/eec\/?page_id=398"},"modified":"2025-08-27T10:57:19","modified_gmt":"2025-08-27T13:57:19","slug":"normas-para-elaboracao-dos-posteres","status":"publish","type":"page","link":"https:\/\/sites.usp.br\/eec\/v-eec\/normas-para-elaboracao-dos-posteres\/","title":{"rendered":"Orienta\u00e7\u00f5es Gerais para Elabora\u00e7\u00e3o do P\u00f4ster"},"content":{"rendered":"<ol>\n<li>Os trabalhos aceitos e que n\u00e3o foram escolhidos para apresenta\u00e7\u00e3o oral, dever\u00e3o ser apresentados na forma de p\u00f4ster seguindo o modelo para <i>MS PowerPoint<\/i> (.pptx) que pode ser baixado aqui: <a href=\"https:\/\/sites.usp.br\/eec\/wp-content\/uploads\/sites\/518\/2025\/08\/Poster-V_EEC.pptx\" target=\"_blank\" rel=\"noopener\">Modelo de Poster para o V EEC<\/a>.<br \/><b>ATEN\u00c7\u00c3O:<\/b> este modelo j\u00e1 est\u00e1 definido com o tamanho de <b>90cm\u00d7120cm<\/b> e isso <b>n\u00e3o<\/b> deve ser modificado.<\/li>\n<li>A elabora\u00e7\u00e3o e impress\u00e3o do p\u00f4ster ser\u00e3o de responsabilidade dos autores.<\/li>\n<li>Os p\u00f4steres dever\u00e3o ser fixados no dia 13 de setembro entre 8h e 8h30.<\/li>\n<li>Durante a sess\u00e3o de \u201cApresenta\u00e7\u00e3o de P\u00f4steres\u201d, o autor do trabalho identificado como apresentador dever\u00e1 estar pr\u00f3ximo ao p\u00f4ster a fim de apresent\u00e1-lo ao p\u00fablico e \u00e0 comiss\u00e3o organizadora. Isso \u00e9 essencial para a emiss\u00e3o do certificado de apresenta\u00e7\u00e3o do trabalho.<\/li>\n<li>Os p\u00f4steres dever\u00e3o ser retirados ap\u00f3s o t\u00e9rmino do evento. A Comiss\u00e3o Organizadora n\u00e3o se responsabiliza pelos p\u00f4steres n\u00e3o retirados.<\/li>\n<\/ol>\n","protected":false},"excerpt":{"rendered":"<p>Os trabalhos aceitos e que n\u00e3o foram escolhidos para apresenta\u00e7\u00e3o oral, dever\u00e3o ser apresentados na forma de p\u00f4ster seguindo o modelo para MS PowerPoint (.pptx) que pode ser baixado aqui: Modelo de Poster para o V EEC.ATEN\u00c7\u00c3O: este modelo j\u00e1 est\u00e1 definido com o tamanho de 90cm\u00d7120cm e isso n\u00e3o deve ser modificado. A elabora\u00e7\u00e3o<a href=\"https:\/\/sites.usp.br\/eec\/v-eec\/normas-para-elaboracao-dos-posteres\/\">[&#8230;]<\/a><\/p>\n","protected":false},"author":971,"featured_media":0,"parent":1235,"menu_order":0,"comment_status":"closed","ping_status":"closed","template":"","meta":{"_monsterinsights_skip_tracking":false,"_monsterinsights_sitenote_active":false,"_monsterinsights_sitenote_note":"","_monsterinsights_sitenote_category":0,"footnotes":"","_links_to":"","_links_to_target":""},"class_list":["post-398","page","type-page","status-publish","hentry"],"_links":{"self":[{"href":"https:\/\/sites.usp.br\/eec\/wp-json\/wp\/v2\/pages\/398","targetHints":{"allow":["GET"]}}],"collection":[{"href":"https:\/\/sites.usp.br\/eec\/wp-json\/wp\/v2\/pages"}],"about":[{"href":"https:\/\/sites.usp.br\/eec\/wp-json\/wp\/v2\/types\/page"}],"author":[{"embeddable":true,"href":"https:\/\/sites.usp.br\/eec\/wp-json\/wp\/v2\/users\/971"}],"replies":[{"embeddable":true,"href":"https:\/\/sites.usp.br\/eec\/wp-json\/wp\/v2\/comments?post=398"}],"version-history":[{"count":4,"href":"https:\/\/sites.usp.br\/eec\/wp-json\/wp\/v2\/pages\/398\/revisions"}],"predecessor-version":[{"id":1345,"href":"https:\/\/sites.usp.br\/eec\/wp-json\/wp\/v2\/pages\/398\/revisions\/1345"}],"up":[{"embeddable":true,"href":"https:\/\/sites.usp.br\/eec\/wp-json\/wp\/v2\/pages\/1235"}],"wp:attachment":[{"href":"https:\/\/sites.usp.br\/eec\/wp-json\/wp\/v2\/media?parent=398"}],"curies":[{"name":"wp","href":"https:\/\/api.w.org\/{rel}","templated":true}]}}