{"id":778,"date":"2019-06-11T13:50:36","date_gmt":"2019-06-11T16:50:36","guid":{"rendered":"https:\/\/sites.usp.br\/eec\/?page_id=778"},"modified":"2025-05-06T10:09:45","modified_gmt":"2025-05-06T13:09:45","slug":"questoes-frequentes","status":"publish","type":"page","link":"https:\/\/sites.usp.br\/eec\/v-eec\/questoes-frequentes\/","title":{"rendered":"Quest\u00f5es Frequentes"},"content":{"rendered":"<p><b>Como fa\u00e7o minha inscri\u00e7\u00e3o?<\/b><b><br \/>\n<\/b><span style=\"font-weight: 400;\">Acesse o formul\u00e1rio de inscri\u00e7\u00e3o, preencha com seus dados e envie. Voc\u00ea deve receber um e-mail de confirma\u00e7\u00e3o e, em at\u00e9 2 dias \u00fateis, um boleto para realizar o pagamento da taxa de inscri\u00e7\u00e3o. Sua inscri\u00e7\u00e3o ser\u00e1 validada apenas ap\u00f3s o pagamento da taxa de inscri\u00e7\u00e3o.<\/span><\/p>\n<p><b>Como sei que minha inscri\u00e7\u00e3o foi confirmada?<\/b><b><br \/>\n<\/b><span style=\"font-weight: 400;\">Atrav\u00e9s do recebimento do e-mail de confirma\u00e7\u00e3o do envio do formul\u00e1rio e do pagamento da taxa de inscri\u00e7\u00e3o.Sua inscri\u00e7\u00e3o ser\u00e1 validada apenas ap\u00f3s o pagamento da taxa de inscri\u00e7\u00e3o.<\/span><!--\nNo dia 13 de setembro de 2023 divulgaremos a <a href=\"https:\/\/sites.usp.br\/eec\/lista-de-inscritos\/\"> <span style=\"font-weight: 400;\">lista de inscritos<\/span><\/a> no evento. Aproveite para verificar em que <a href=\"https:\/\/sites.usp.br\/eec\/lista-de-inscritos-nas-oficinas\/\"> oficina est\u00e1 inscrito<\/a>. --><\/p>\n<p><b>Por que o n\u00famero de vagas \u00e9 limitado?<\/b><b><br \/>\n<\/b><span style=\"font-weight: 400;\">O V EEC acontecer\u00e1 nas depend\u00eancias do CDCC. Para garantir a realiza\u00e7\u00e3o das atividades e o conforto dos participantes, o n\u00famero de vagas necessita ser limitado.<\/span><\/p>\n<p><b>Os participantes receber\u00e3o certificado?<\/b><b><br \/>\n<\/b><span style=\"font-weight: 400;\">Sim. Os participantes inscritos receber\u00e3o certificados eletr\u00f4nicos, com indica\u00e7\u00e3o da carga hor\u00e1ria das atividades das quais efetivamente participaram.<\/span><span style=\"font-weight: 400;\"><br \/>\n<\/span><span style=\"font-weight: 400;\">S\u00f3 receber\u00e3o certificados os inscritos que fizerem o credenciamento no evento.<\/span><\/p>\n<p><b>Os trabalhos apresentados receber\u00e3o certificados?<\/b><b><br \/>\n<\/b><span style=\"font-weight: 400;\">Cada trabalho apresentado receber\u00e1 um certificado com indica\u00e7\u00e3o do t\u00edtulo e autores.<\/span><\/p>\n<p><b>Quando os certificados ser\u00e3o emitidos?<\/b><b><br \/>\n<\/b><span style=\"font-weight: 400;\">Os certificados estar\u00e3o dispon\u00edveis em at\u00e9 60 dias ap\u00f3s a realiza\u00e7\u00e3o do evento e ser\u00e3o enviados por e-mail.<\/span><\/p>\n<p><b>O trabalho deve ser apresentado somente pelo primeiro autor?<\/b><b><br \/>\n<\/b><span style=\"font-weight: 400;\">N\u00e3o, qualquer um dos autores pode apresentar o trabalho, desde que esteja inscrito no V EEC e tenha sido indicado como apresentador do trabalho. Mas cada um s\u00f3 pode ser apresentador de um trabalho.<\/span><\/p>\n","protected":false},"excerpt":{"rendered":"<p>Como fa\u00e7o minha inscri\u00e7\u00e3o? Acesse o formul\u00e1rio de inscri\u00e7\u00e3o, preencha com seus dados e envie. Voc\u00ea deve receber um e-mail de confirma\u00e7\u00e3o e, em at\u00e9 2 dias \u00fateis, um boleto para realizar o pagamento da taxa de inscri\u00e7\u00e3o. Sua inscri\u00e7\u00e3o ser\u00e1 validada apenas ap\u00f3s o pagamento da taxa de inscri\u00e7\u00e3o. Como sei que minha inscri\u00e7\u00e3o<a href=\"https:\/\/sites.usp.br\/eec\/v-eec\/questoes-frequentes\/\">[&#8230;]<\/a><\/p>\n","protected":false},"author":971,"featured_media":0,"parent":1235,"menu_order":0,"comment_status":"closed","ping_status":"closed","template":"","meta":{"_monsterinsights_skip_tracking":false,"_monsterinsights_sitenote_active":false,"_monsterinsights_sitenote_note":"","_monsterinsights_sitenote_category":0,"footnotes":"","_links_to":"","_links_to_target":""},"class_list":["post-778","page","type-page","status-publish","hentry"],"_links":{"self":[{"href":"https:\/\/sites.usp.br\/eec\/wp-json\/wp\/v2\/pages\/778","targetHints":{"allow":["GET"]}}],"collection":[{"href":"https:\/\/sites.usp.br\/eec\/wp-json\/wp\/v2\/pages"}],"about":[{"href":"https:\/\/sites.usp.br\/eec\/wp-json\/wp\/v2\/types\/page"}],"author":[{"embeddable":true,"href":"https:\/\/sites.usp.br\/eec\/wp-json\/wp\/v2\/users\/971"}],"replies":[{"embeddable":true,"href":"https:\/\/sites.usp.br\/eec\/wp-json\/wp\/v2\/comments?post=778"}],"version-history":[{"count":4,"href":"https:\/\/sites.usp.br\/eec\/wp-json\/wp\/v2\/pages\/778\/revisions"}],"predecessor-version":[{"id":1272,"href":"https:\/\/sites.usp.br\/eec\/wp-json\/wp\/v2\/pages\/778\/revisions\/1272"}],"up":[{"embeddable":true,"href":"https:\/\/sites.usp.br\/eec\/wp-json\/wp\/v2\/pages\/1235"}],"wp:attachment":[{"href":"https:\/\/sites.usp.br\/eec\/wp-json\/wp\/v2\/media?parent=778"}],"curies":[{"name":"wp","href":"https:\/\/api.w.org\/{rel}","templated":true}]}}