{"id":795,"date":"2023-05-23T08:31:43","date_gmt":"2023-05-23T11:31:43","guid":{"rendered":"https:\/\/sites.usp.br\/eec\/?page_id=795"},"modified":"2025-08-19T09:13:35","modified_gmt":"2025-08-19T12:13:35","slug":"oficinas","status":"publish","type":"page","link":"https:\/\/sites.usp.br\/eec\/v-eec\/oficinas\/","title":{"rendered":"Oficina"},"content":{"rendered":"<h2>Educa\u00e7\u00e3o em Mudan\u00e7as Clim\u00e1ticas<\/h2>\n<h3>Dra. Daniela Resende de Faria<\/h3>\n<p>Trata-se de uma oficina com o objetivo de elaborar uma sequ\u00eancia did\u00e1tica para o ensino em Mudan\u00e7as Clim\u00e1ticas (EMC) embasada nos tr\u00eas pilares e quatro eixos essenciais para a promo\u00e7\u00e3o da EMC.<\/p>\n<h4>Mini-Bio<\/h4>\n<p><em>Daniela Resende de Faria<\/em> \u2014 Ge\u00f3grafa (Licenciada \u2014 UNESP \u2014 Rio Claro), Mestre em Ensino e Hist\u00f3ria de Ci\u00eancias da Terra (Instituto de Geoci\u00eancias \u2014 UNICAMP) e Doutora em Ci\u00eancias, pelo mesmo programa. Pesquisadora do LabEduc (CEPAGRI), laborat\u00f3rio de Educa\u00e7\u00e3o em Mudan\u00e7as Clim\u00e1ticas do CEPAGRI (UNICAMP). Professora de Geografia da Educa\u00e7\u00e3o B\u00e1sica por 30 anos. Atualmente \u00e9 <em>Fellow Researcher<\/em> (P\u00f3s-Doutorado), desenvolvendo pesquisas na \u00e1rea de Educa\u00e7\u00e3o e difus\u00e3o cient\u00edfica em mudan\u00e7as clim\u00e1ticas, associada ao BI0S (<em>Brazilian Institute of Data Sciences<\/em>), o NUDECRI (N\u00facleo de Desenvolvimento da Criatividade) e o Laberurb (Laborat\u00f3rio de Estudos Urbanos), todos da UNICAMP.<\/p>\n","protected":false},"excerpt":{"rendered":"<p>Educa\u00e7\u00e3o em Mudan\u00e7as Clim\u00e1ticas Dra. Daniela Resende de Faria Trata-se de uma oficina com o objetivo de elaborar uma sequ\u00eancia did\u00e1tica para o ensino em Mudan\u00e7as Clim\u00e1ticas (EMC) embasada nos tr\u00eas pilares e quatro eixos essenciais para a promo\u00e7\u00e3o da EMC. Mini-Bio Daniela Resende de Faria \u2014 Ge\u00f3grafa (Licenciada \u2014 UNESP \u2014 Rio Claro), Mestre<a href=\"https:\/\/sites.usp.br\/eec\/v-eec\/oficinas\/\">[&#8230;]<\/a><\/p>\n","protected":false},"author":971,"featured_media":0,"parent":1235,"menu_order":0,"comment_status":"closed","ping_status":"closed","template":"","meta":{"_monsterinsights_skip_tracking":false,"_monsterinsights_sitenote_active":false,"_monsterinsights_sitenote_note":"","_monsterinsights_sitenote_category":0,"footnotes":"","_links_to":"","_links_to_target":""},"class_list":["post-795","page","type-page","status-publish","hentry"],"_links":{"self":[{"href":"https:\/\/sites.usp.br\/eec\/wp-json\/wp\/v2\/pages\/795","targetHints":{"allow":["GET"]}}],"collection":[{"href":"https:\/\/sites.usp.br\/eec\/wp-json\/wp\/v2\/pages"}],"about":[{"href":"https:\/\/sites.usp.br\/eec\/wp-json\/wp\/v2\/types\/page"}],"author":[{"embeddable":true,"href":"https:\/\/sites.usp.br\/eec\/wp-json\/wp\/v2\/users\/971"}],"replies":[{"embeddable":true,"href":"https:\/\/sites.usp.br\/eec\/wp-json\/wp\/v2\/comments?post=795"}],"version-history":[{"count":4,"href":"https:\/\/sites.usp.br\/eec\/wp-json\/wp\/v2\/pages\/795\/revisions"}],"predecessor-version":[{"id":1324,"href":"https:\/\/sites.usp.br\/eec\/wp-json\/wp\/v2\/pages\/795\/revisions\/1324"}],"up":[{"embeddable":true,"href":"https:\/\/sites.usp.br\/eec\/wp-json\/wp\/v2\/pages\/1235"}],"wp:attachment":[{"href":"https:\/\/sites.usp.br\/eec\/wp-json\/wp\/v2\/media?parent=795"}],"curies":[{"name":"wp","href":"https:\/\/api.w.org\/{rel}","templated":true}]}}