{"id":865,"date":"2019-06-14T11:58:22","date_gmt":"2019-06-14T14:58:22","guid":{"rendered":"https:\/\/sites.usp.br\/eec\/?page_id=865"},"modified":"2025-09-11T14:37:52","modified_gmt":"2025-09-11T17:37:52","slug":"programacao-2","status":"publish","type":"page","link":"https:\/\/sites.usp.br\/eec\/v-eec\/programacao-2\/","title":{"rendered":"Programa\u00e7\u00e3o"},"content":{"rendered":"<table>\n<tbody>\n<tr>\n<td rowspan=\"2\">12\/09<br \/>\nsexta-feira<\/td>\n<td>18h30 \u00e0s 19h30<\/td>\n<td>Credenciamento e Abertura<\/td>\n<\/tr>\n<tr>\n<td>19h30 \u00e0s 21h30<\/td>\n<td style=\"line-height: 1;\"><a href=\"https:\/\/sites.usp.br\/eec\/v-eec\/palestra-de-abertura\/\">Palestra de Abertura<\/a> com o <em>Prof. Dr. Marcelo Demarzo<\/em>: <strong>Mindfulness na Educa\u00e7\u00e3o<\/strong><\/td>\n<\/tr>\n<tr>\n<td rowspan=\"8\">13\/09<br \/>\ns\u00e1bado<\/td>\n<td>8h \u00e0s 8h30<\/td>\n<td>Fixa\u00e7\u00e3o de p\u00f4steres<\/td>\n<\/tr>\n<tr>\n<td>8h30 \u00e0s 10h<\/td>\n<td><a href=\"https:\/\/sites.usp.br\/eec\/v-eec\/oficinas\/\">Oficina<\/a>: Educa\u00e7\u00e3o em Mudan\u00e7as Clim\u00e1ticas<\/td>\n<\/tr>\n<tr>\n<td>10 \u00e0s 10h30<\/td>\n<td>Intervalo<\/td>\n<\/tr>\n<tr>\n<td>10h30 \u00e0s 12h<\/td>\n<td>Apresenta\u00e7\u00e3o Oral de trabalhos<\/p>\n<ul>\n<li>An\u00e1lise de Justificativas em Protocolos Pr\u00e9-Experimentais Elaborados por Estudantes do 6\u00ba ano sobre Separa\u00e7\u00e3o de uma Mistura Desafio<\/li>\n<li>Como Professores de Ci\u00eancias implementam a Metodologia Ativa Instru\u00e7\u00e3o pelos Colegas em Sala de aula<\/li>\n<li>Quem tem medo de Aranha?<\/li>\n<li>Cerrado Rimado: um livro infantil para apresentar esse bioma brasileiro<\/li>\n<li>Explorando as Plantas com Investiga\u00e7\u00e3o e Encantamento: um relato de Experi\u00eancia com alunos do 4\u00ba ano do Ensino Fundamental<\/li>\n<li>Do micro ao macro: das nossas casas a um mundo sustent\u00e1vel<\/li>\n<\/ul>\n<\/td>\n<\/tr>\n<tr>\n<td>12h \u00e0s 13h30<\/td>\n<td>Almo\u00e7o<\/td>\n<\/tr>\n<tr>\n<td>13h30 \u00e0s 15h<\/td>\n<td><a href=\"https:\/\/sites.usp.br\/eec\/v-eec\/mesa-redonda\/\">Mesa redonda:<\/a> <em>Experi\u00eancias Inspiradoras em Ensino de Ci\u00eancias<\/em><\/td>\n<\/tr>\n<tr>\n<td>15h \u00e0s 16h<\/td>\n<td>Coffee Break e Atividade Cultural<\/td>\n<\/tr>\n<tr>\n<td>16 \u00e0s 17h30<\/td>\n<td>Apresenta\u00e7\u00e3o dos trabalhos*<br \/>\n*A partir das 16h30 estar\u00e1 aberto para pessoas n\u00e3o inscritas.<\/td>\n<\/tr>\n<\/tbody>\n<\/table>\n","protected":false},"excerpt":{"rendered":"<p>12\/09 sexta-feira 18h30 \u00e0s 19h30 Credenciamento e Abertura 19h30 \u00e0s 21h30 Palestra de Abertura com o Prof. Dr. Marcelo Demarzo: Mindfulness na Educa\u00e7\u00e3o 13\/09 s\u00e1bado 8h \u00e0s 8h30 Fixa\u00e7\u00e3o de p\u00f4steres 8h30 \u00e0s 10h Oficina: Educa\u00e7\u00e3o em Mudan\u00e7as Clim\u00e1ticas 10 \u00e0s 10h30 Intervalo 10h30 \u00e0s 12h Apresenta\u00e7\u00e3o Oral de trabalhos An\u00e1lise de Justificativas em Protocolos<a href=\"https:\/\/sites.usp.br\/eec\/v-eec\/programacao-2\/\">[&#8230;]<\/a><\/p>\n","protected":false},"author":971,"featured_media":0,"parent":1235,"menu_order":0,"comment_status":"closed","ping_status":"closed","template":"","meta":{"_monsterinsights_skip_tracking":false,"_monsterinsights_sitenote_active":false,"_monsterinsights_sitenote_note":"","_monsterinsights_sitenote_category":0,"footnotes":"","_links_to":"","_links_to_target":""},"class_list":["post-865","page","type-page","status-publish","hentry"],"_links":{"self":[{"href":"https:\/\/sites.usp.br\/eec\/wp-json\/wp\/v2\/pages\/865","targetHints":{"allow":["GET"]}}],"collection":[{"href":"https:\/\/sites.usp.br\/eec\/wp-json\/wp\/v2\/pages"}],"about":[{"href":"https:\/\/sites.usp.br\/eec\/wp-json\/wp\/v2\/types\/page"}],"author":[{"embeddable":true,"href":"https:\/\/sites.usp.br\/eec\/wp-json\/wp\/v2\/users\/971"}],"replies":[{"embeddable":true,"href":"https:\/\/sites.usp.br\/eec\/wp-json\/wp\/v2\/comments?post=865"}],"version-history":[{"count":4,"href":"https:\/\/sites.usp.br\/eec\/wp-json\/wp\/v2\/pages\/865\/revisions"}],"predecessor-version":[{"id":1349,"href":"https:\/\/sites.usp.br\/eec\/wp-json\/wp\/v2\/pages\/865\/revisions\/1349"}],"up":[{"embeddable":true,"href":"https:\/\/sites.usp.br\/eec\/wp-json\/wp\/v2\/pages\/1235"}],"wp:attachment":[{"href":"https:\/\/sites.usp.br\/eec\/wp-json\/wp\/v2\/media?parent=865"}],"curies":[{"name":"wp","href":"https:\/\/api.w.org\/{rel}","templated":true}]}}