{"id":1655,"date":"2024-07-29T02:52:20","date_gmt":"2024-07-29T04:52:20","guid":{"rendered":"https:\/\/sites.usp.br\/eifamb\/?page_id=1655"},"modified":"2026-03-16T09:08:18","modified_gmt":"2026-03-16T11:08:18","slug":"mapa","status":"publish","type":"page","link":"https:\/\/sites.usp.br\/eifamb\/mapa\/","title":{"rendered":"Mapa"},"content":{"rendered":"\t\t<div data-elementor-type=\"wp-page\" data-elementor-id=\"1655\" class=\"elementor elementor-1655\" data-elementor-post-type=\"page\">\n\t\t\t\t<div class=\"elementor-element elementor-element-ec07465 e-con-full e-flex e-con e-parent\" data-id=\"ec07465\" data-element_type=\"container\" data-settings=\"{&quot;background_background&quot;:&quot;classic&quot;}\">\n\t\t<div class=\"elementor-element elementor-element-3adad6e e-con-full e-flex e-con e-child\" data-id=\"3adad6e\" data-element_type=\"container\">\n\t\t\t\t<div class=\"elementor-element elementor-element-5408d90 elementor-widget elementor-widget-spacer\" data-id=\"5408d90\" data-element_type=\"widget\" data-widget_type=\"spacer.default\">\n\t\t\t\t<div class=\"elementor-widget-container\">\n\t\t\t\t\t<div class=\"elementor-spacer\">\n\t\t\t<div class=\"elementor-spacer-inner\"><\/div>\n\t\t<\/div>\n\t\t\t\t<\/div>\n\t\t\t\t<\/div>\n\t\t\t\t<div class=\"elementor-element elementor-element-1b0c6ce elementor-widget__width-initial elementor-widget elementor-widget-heading\" data-id=\"1b0c6ce\" data-element_type=\"widget\" data-widget_type=\"heading.default\">\n\t\t\t\t<div class=\"elementor-widget-container\">\n\t\t\t<h2 class=\"elementor-heading-title elementor-size-default\">MAPA DO DEPARTAMENTO<\/h2>\t\t<\/div>\n\t\t\t\t<\/div>\n\t\t\t\t<\/div>\n\t\t<div class=\"elementor-element elementor-element-1f6a48b e-con-full e-flex e-con e-child\" data-id=\"1f6a48b\" data-element_type=\"container\">\n\t\t\t\t<div class=\"elementor-element elementor-element-9591555 elementor-widget__width-initial elementor-widget elementor-widget-heading\" data-id=\"9591555\" data-element_type=\"widget\" data-widget_type=\"heading.default\">\n\t\t\t\t<div class=\"elementor-widget-container\">\n\t\t\t<h2 class=\"elementor-heading-title elementor-size-default\">Bloco 3 (B3) - T\u00e9rreo<\/h2>\t\t<\/div>\n\t\t\t\t<\/div>\n\t\t\t\t<\/div>\n\t\t<div class=\"elementor-element elementor-element-47bef5d e-con-full e-flex e-con e-child\" data-id=\"47bef5d\" data-element_type=\"container\">\n\t\t\t\t<div class=\"elementor-element elementor-element-5e8c720 elementor-widget elementor-widget-image\" data-id=\"5e8c720\" data-element_type=\"widget\" data-widget_type=\"image.default\">\n\t\t\t\t<div class=\"elementor-widget-container\">\n\t\t\t\t\t\t\t\t\t\t\t\t\t<img fetchpriority=\"high\" decoding=\"async\" width=\"604\" height=\"451\" src=\"https:\/\/sites.usp.br\/eifamb\/wp-content\/uploads\/sites\/1451\/2024\/07\/b3.png\" class=\"attachment-large size-large wp-image-1659\" alt=\"\" srcset=\"https:\/\/sites.usp.br\/eifamb\/wp-content\/uploads\/sites\/1451\/2024\/07\/b3.png 705w, https:\/\/sites.usp.br\/eifamb\/wp-content\/uploads\/sites\/1451\/2024\/07\/b3-300x224.png 300w, https:\/\/sites.usp.br\/eifamb\/wp-content\/uploads\/sites\/1451\/2024\/07\/b3-80x60.png 80w, https:\/\/sites.usp.br\/eifamb\/wp-content\/uploads\/sites\/1451\/2024\/07\/b3-400x298.png 400w\" sizes=\"(max-width: 604px) 100vw, 604px\" \/>\t\t\t\t\t\t\t\t\t\t\t\t\t<\/div>\n\t\t\t\t<\/div>\n\t\t\t\t<\/div>\n\t\t<div class=\"elementor-element elementor-element-e1f0b83 e-con-full e-flex e-con e-child\" data-id=\"e1f0b83\" data-element_type=\"container\">\n\t\t\t\t<div class=\"elementor-element elementor-element-74f6049 elementor-widget elementor-widget-spacer\" data-id=\"74f6049\" data-element_type=\"widget\" data-widget_type=\"spacer.default\">\n\t\t\t\t<div class=\"elementor-widget-container\">\n\t\t\t\t\t<div class=\"elementor-spacer\">\n\t\t\t<div class=\"elementor-spacer-inner\"><\/div>\n\t\t<\/div>\n\t\t\t\t<\/div>\n\t\t\t\t<\/div>\n\t\t\t\t<\/div>\n\t\t<div class=\"elementor-element elementor-element-2350f89 e-con-full e-flex e-con e-child\" data-id=\"2350f89\" data-element_type=\"container\">\n\t\t\t\t<div class=\"elementor-element elementor-element-2ed7a76 elementor-widget__width-initial elementor-widget elementor-widget-heading\" data-id=\"2ed7a76\" data-element_type=\"widget\" data-widget_type=\"heading.default\">\n\t\t\t\t<div class=\"elementor-widget-container\">\n\t\t\t<h2 class=\"elementor-heading-title elementor-size-default\">Bloco 2 (B2) - T\u00e9rreo<\/h2>\t\t<\/div>\n\t\t\t\t<\/div>\n\t\t\t\t<\/div>\n\t\t<div class=\"elementor-element elementor-element-5f03872 e-con-full e-flex e-con e-child\" data-id=\"5f03872\" data-element_type=\"container\">\n\t\t\t\t<div class=\"elementor-element elementor-element-41b3e96 elementor-widget elementor-widget-image\" data-id=\"41b3e96\" data-element_type=\"widget\" data-widget_type=\"image.default\">\n\t\t\t\t<div class=\"elementor-widget-container\">\n\t\t\t\t\t\t\t\t\t\t\t\t\t<img decoding=\"async\" width=\"604\" height=\"600\" src=\"https:\/\/sites.usp.br\/eifamb\/wp-content\/uploads\/sites\/1451\/2024\/07\/b2.png\" class=\"attachment-large size-large wp-image-1660\" alt=\"\" srcset=\"https:\/\/sites.usp.br\/eifamb\/wp-content\/uploads\/sites\/1451\/2024\/07\/b2.png 676w, https:\/\/sites.usp.br\/eifamb\/wp-content\/uploads\/sites\/1451\/2024\/07\/b2-300x298.png 300w, https:\/\/sites.usp.br\/eifamb\/wp-content\/uploads\/sites\/1451\/2024\/07\/b2-150x150.png 150w, https:\/\/sites.usp.br\/eifamb\/wp-content\/uploads\/sites\/1451\/2024\/07\/b2-45x45.png 45w, https:\/\/sites.usp.br\/eifamb\/wp-content\/uploads\/sites\/1451\/2024\/07\/b2-200x200.png 200w, https:\/\/sites.usp.br\/eifamb\/wp-content\/uploads\/sites\/1451\/2024\/07\/b2-400x397.png 400w\" sizes=\"(max-width: 604px) 100vw, 604px\" \/>\t\t\t\t\t\t\t\t\t\t\t\t\t<\/div>\n\t\t\t\t<\/div>\n\t\t\t\t<\/div>\n\t\t<div class=\"elementor-element elementor-element-356a8f4 e-con-full e-flex e-con e-child\" data-id=\"356a8f4\" data-element_type=\"container\">\n\t\t\t\t<div class=\"elementor-element elementor-element-98bb7c5 elementor-widget elementor-widget-spacer\" data-id=\"98bb7c5\" data-element_type=\"widget\" data-widget_type=\"spacer.default\">\n\t\t\t\t<div class=\"elementor-widget-container\">\n\t\t\t\t\t<div class=\"elementor-spacer\">\n\t\t\t<div class=\"elementor-spacer-inner\"><\/div>\n\t\t<\/div>\n\t\t\t\t<\/div>\n\t\t\t\t<\/div>\n\t\t\t\t<\/div>\n\t\t<div class=\"elementor-element elementor-element-d283626 e-con-full e-flex e-con e-child\" data-id=\"d283626\" data-element_type=\"container\">\n\t\t\t\t<div class=\"elementor-element elementor-element-b576c4f elementor-widget__width-initial elementor-widget elementor-widget-heading\" data-id=\"b576c4f\" data-element_type=\"widget\" data-widget_type=\"heading.default\">\n\t\t\t\t<div class=\"elementor-widget-container\">\n\t\t\t<h2 class=\"elementor-heading-title elementor-size-default\">Bloco 5 (B5) - Piso 2<\/h2>\t\t<\/div>\n\t\t\t\t<\/div>\n\t\t\t\t<\/div>\n\t\t<div class=\"elementor-element elementor-element-618b9d3 e-con-full e-flex e-con e-child\" data-id=\"618b9d3\" data-element_type=\"container\">\n\t\t\t\t<div class=\"elementor-element elementor-element-54edf3e elementor-widget elementor-widget-image\" data-id=\"54edf3e\" data-element_type=\"widget\" data-widget_type=\"image.default\">\n\t\t\t\t<div class=\"elementor-widget-container\">\n\t\t\t\t\t\t\t\t\t\t\t\t\t<img decoding=\"async\" width=\"604\" height=\"660\" src=\"https:\/\/sites.usp.br\/eifamb\/wp-content\/uploads\/sites\/1451\/2024\/07\/b5.png\" class=\"attachment-large size-large wp-image-1661\" alt=\"\" srcset=\"https:\/\/sites.usp.br\/eifamb\/wp-content\/uploads\/sites\/1451\/2024\/07\/b5.png 663w, https:\/\/sites.usp.br\/eifamb\/wp-content\/uploads\/sites\/1451\/2024\/07\/b5-274x300.png 274w, https:\/\/sites.usp.br\/eifamb\/wp-content\/uploads\/sites\/1451\/2024\/07\/b5-400x437.png 400w\" sizes=\"(max-width: 604px) 100vw, 604px\" \/>\t\t\t\t\t\t\t\t\t\t\t\t\t<\/div>\n\t\t\t\t<\/div>\n\t\t\t\t<\/div>\n\t\t<div class=\"elementor-element elementor-element-2bb5b0d e-con-full e-flex e-con e-child\" data-id=\"2bb5b0d\" data-element_type=\"container\">\n\t\t\t\t<div class=\"elementor-element elementor-element-162c40b elementor-widget elementor-widget-spacer\" data-id=\"162c40b\" data-element_type=\"widget\" data-widget_type=\"spacer.default\">\n\t\t\t\t<div class=\"elementor-widget-container\">\n\t\t\t\t\t<div class=\"elementor-spacer\">\n\t\t\t<div class=\"elementor-spacer-inner\"><\/div>\n\t\t<\/div>\n\t\t\t\t<\/div>\n\t\t\t\t<\/div>\n\t\t\t\t<\/div>\n\t\t\t\t<\/div>\n\t\t\t\t<\/div>\n\t\t","protected":false},"excerpt":{"rendered":"<p>MAPA DO DEPARTAMENTO Bloco 3 (B3) &#8211; T\u00e9rreo Bloco 2 (B2) &#8211; T\u00e9rreo Bloco 5 (B5) &#8211; Piso 2<\/p>\n","protected":false},"author":22154,"featured_media":0,"parent":0,"menu_order":0,"comment_status":"closed","ping_status":"closed","template":"elementor_header_footer","meta":{"footnotes":"","_links_to":"","_links_to_target":""},"class_list":["post-1655","page","type-page","status-publish","hentry"],"yoast_head":"<!-- This site is optimized with the Yoast SEO plugin v27.5 - https:\/\/yoast.com\/product\/yoast-seo-wordpress\/ -->\n<title>Mapa - EIFAMB - Escola de Inverno FAMB<\/title>\n<meta name=\"robots\" content=\"index, follow, max-snippet:-1, max-image-preview:large, max-video-preview:-1\" \/>\n<link rel=\"canonical\" href=\"https:\/\/sites.usp.br\/eifamb\/mapa\/\" \/>\n<script type=\"application\/ld+json\" class=\"yoast-schema-graph\">{\"@context\":\"https:\\\/\\\/schema.org\",\"@graph\":[{\"@type\":\"WebPage\",\"@id\":\"https:\\\/\\\/sites.usp.br\\\/eifamb\\\/mapa\\\/\",\"url\":\"https:\\\/\\\/sites.usp.br\\\/eifamb\\\/mapa\\\/\",\"name\":\"Mapa - EIFAMB - Escola de Inverno FAMB\",\"isPartOf\":{\"@id\":\"https:\\\/\\\/sites.usp.br\\\/eifamb\\\/#website\"},\"primaryImageOfPage\":{\"@id\":\"https:\\\/\\\/sites.usp.br\\\/eifamb\\\/mapa\\\/#primaryimage\"},\"image\":{\"@id\":\"https:\\\/\\\/sites.usp.br\\\/eifamb\\\/mapa\\\/#primaryimage\"},\"thumbnailUrl\":\"https:\\\/\\\/sites.usp.br\\\/eifamb\\\/wp-content\\\/uploads\\\/sites\\\/1451\\\/2024\\\/07\\\/b3.png\",\"datePublished\":\"2024-07-29T04:52:20+00:00\",\"dateModified\":\"2026-03-16T11:08:18+00:00\",\"inLanguage\":\"pt-BR\",\"potentialAction\":[{\"@type\":\"ReadAction\",\"target\":[\"https:\\\/\\\/sites.usp.br\\\/eifamb\\\/mapa\\\/\"]}]},{\"@type\":\"ImageObject\",\"inLanguage\":\"pt-BR\",\"@id\":\"https:\\\/\\\/sites.usp.br\\\/eifamb\\\/mapa\\\/#primaryimage\",\"url\":\"https:\\\/\\\/sites.usp.br\\\/eifamb\\\/wp-content\\\/uploads\\\/sites\\\/1451\\\/2024\\\/07\\\/b3.png\",\"contentUrl\":\"https:\\\/\\\/sites.usp.br\\\/eifamb\\\/wp-content\\\/uploads\\\/sites\\\/1451\\\/2024\\\/07\\\/b3.png\",\"width\":705,\"height\":526},{\"@type\":\"WebSite\",\"@id\":\"https:\\\/\\\/sites.usp.br\\\/eifamb\\\/#website\",\"url\":\"https:\\\/\\\/sites.usp.br\\\/eifamb\\\/\",\"name\":\"EIFAMB - Escola de Inverno FAMB\",\"description\":\"Conhe\u00e7a a Escola de Inverno do Programa de P\u00f3s-gradua\u00e7\u00e3o em F\u00edsica Aplicada \u00e0 Medicina e Biologia - USP\\\/RP\",\"publisher\":{\"@id\":\"https:\\\/\\\/sites.usp.br\\\/eifamb\\\/#organization\"},\"potentialAction\":[{\"@type\":\"SearchAction\",\"target\":{\"@type\":\"EntryPoint\",\"urlTemplate\":\"https:\\\/\\\/sites.usp.br\\\/eifamb\\\/?s={search_term_string}\"},\"query-input\":{\"@type\":\"PropertyValueSpecification\",\"valueRequired\":true,\"valueName\":\"search_term_string\"}}],\"inLanguage\":\"pt-BR\"},{\"@type\":\"Organization\",\"@id\":\"https:\\\/\\\/sites.usp.br\\\/eifamb\\\/#organization\",\"name\":\"EIFAMB - Escola de Inverno em F\u00edsica Aplicada \u00e0 Medicina e Biologia\",\"url\":\"https:\\\/\\\/sites.usp.br\\\/eifamb\\\/\",\"logo\":{\"@type\":\"ImageObject\",\"inLanguage\":\"pt-BR\",\"@id\":\"https:\\\/\\\/sites.usp.br\\\/eifamb\\\/#\\\/schema\\\/logo\\\/image\\\/\",\"url\":\"https:\\\/\\\/sites.usp.br\\\/eifamb\\\/wp-content\\\/uploads\\\/sites\\\/1451\\\/2024\\\/04\\\/logo-eifamb-completo.png\",\"contentUrl\":\"https:\\\/\\\/sites.usp.br\\\/eifamb\\\/wp-content\\\/uploads\\\/sites\\\/1451\\\/2024\\\/04\\\/logo-eifamb-completo.png\",\"width\":1080,\"height\":1080,\"caption\":\"EIFAMB - Escola de Inverno em F\u00edsica Aplicada \u00e0 Medicina e Biologia\"},\"image\":{\"@id\":\"https:\\\/\\\/sites.usp.br\\\/eifamb\\\/#\\\/schema\\\/logo\\\/image\\\/\"},\"sameAs\":[\"https:\\\/\\\/www.facebook.com\\\/eifamb\\\/\",\"https:\\\/\\\/www.instagram.com\\\/eifamb_usp\\\/\"]}]}<\/script>\n<!-- \/ Yoast SEO plugin. -->","yoast_head_json":{"title":"Mapa - EIFAMB - Escola de Inverno FAMB","robots":{"index":"index","follow":"follow","max-snippet":"max-snippet:-1","max-image-preview":"max-image-preview:large","max-video-preview":"max-video-preview:-1"},"canonical":"https:\/\/sites.usp.br\/eifamb\/mapa\/","schema":{"@context":"https:\/\/schema.org","@graph":[{"@type":"WebPage","@id":"https:\/\/sites.usp.br\/eifamb\/mapa\/","url":"https:\/\/sites.usp.br\/eifamb\/mapa\/","name":"Mapa - EIFAMB - Escola de Inverno FAMB","isPartOf":{"@id":"https:\/\/sites.usp.br\/eifamb\/#website"},"primaryImageOfPage":{"@id":"https:\/\/sites.usp.br\/eifamb\/mapa\/#primaryimage"},"image":{"@id":"https:\/\/sites.usp.br\/eifamb\/mapa\/#primaryimage"},"thumbnailUrl":"https:\/\/sites.usp.br\/eifamb\/wp-content\/uploads\/sites\/1451\/2024\/07\/b3.png","datePublished":"2024-07-29T04:52:20+00:00","dateModified":"2026-03-16T11:08:18+00:00","inLanguage":"pt-BR","potentialAction":[{"@type":"ReadAction","target":["https:\/\/sites.usp.br\/eifamb\/mapa\/"]}]},{"@type":"ImageObject","inLanguage":"pt-BR","@id":"https:\/\/sites.usp.br\/eifamb\/mapa\/#primaryimage","url":"https:\/\/sites.usp.br\/eifamb\/wp-content\/uploads\/sites\/1451\/2024\/07\/b3.png","contentUrl":"https:\/\/sites.usp.br\/eifamb\/wp-content\/uploads\/sites\/1451\/2024\/07\/b3.png","width":705,"height":526},{"@type":"WebSite","@id":"https:\/\/sites.usp.br\/eifamb\/#website","url":"https:\/\/sites.usp.br\/eifamb\/","name":"EIFAMB - Escola de Inverno FAMB","description":"Conhe\u00e7a a Escola de Inverno do Programa de P\u00f3s-gradua\u00e7\u00e3o em F\u00edsica Aplicada \u00e0 Medicina e Biologia - USP\/RP","publisher":{"@id":"https:\/\/sites.usp.br\/eifamb\/#organization"},"potentialAction":[{"@type":"SearchAction","target":{"@type":"EntryPoint","urlTemplate":"https:\/\/sites.usp.br\/eifamb\/?s={search_term_string}"},"query-input":{"@type":"PropertyValueSpecification","valueRequired":true,"valueName":"search_term_string"}}],"inLanguage":"pt-BR"},{"@type":"Organization","@id":"https:\/\/sites.usp.br\/eifamb\/#organization","name":"EIFAMB - Escola de Inverno em F\u00edsica Aplicada \u00e0 Medicina e Biologia","url":"https:\/\/sites.usp.br\/eifamb\/","logo":{"@type":"ImageObject","inLanguage":"pt-BR","@id":"https:\/\/sites.usp.br\/eifamb\/#\/schema\/logo\/image\/","url":"https:\/\/sites.usp.br\/eifamb\/wp-content\/uploads\/sites\/1451\/2024\/04\/logo-eifamb-completo.png","contentUrl":"https:\/\/sites.usp.br\/eifamb\/wp-content\/uploads\/sites\/1451\/2024\/04\/logo-eifamb-completo.png","width":1080,"height":1080,"caption":"EIFAMB - Escola de Inverno em F\u00edsica Aplicada \u00e0 Medicina e Biologia"},"image":{"@id":"https:\/\/sites.usp.br\/eifamb\/#\/schema\/logo\/image\/"},"sameAs":["https:\/\/www.facebook.com\/eifamb\/","https:\/\/www.instagram.com\/eifamb_usp\/"]}]}},"_links":{"self":[{"href":"https:\/\/sites.usp.br\/eifamb\/wp-json\/wp\/v2\/pages\/1655","targetHints":{"allow":["GET"]}}],"collection":[{"href":"https:\/\/sites.usp.br\/eifamb\/wp-json\/wp\/v2\/pages"}],"about":[{"href":"https:\/\/sites.usp.br\/eifamb\/wp-json\/wp\/v2\/types\/page"}],"author":[{"embeddable":true,"href":"https:\/\/sites.usp.br\/eifamb\/wp-json\/wp\/v2\/users\/22154"}],"replies":[{"embeddable":true,"href":"https:\/\/sites.usp.br\/eifamb\/wp-json\/wp\/v2\/comments?post=1655"}],"version-history":[{"count":4,"href":"https:\/\/sites.usp.br\/eifamb\/wp-json\/wp\/v2\/pages\/1655\/revisions"}],"predecessor-version":[{"id":1829,"href":"https:\/\/sites.usp.br\/eifamb\/wp-json\/wp\/v2\/pages\/1655\/revisions\/1829"}],"wp:attachment":[{"href":"https:\/\/sites.usp.br\/eifamb\/wp-json\/wp\/v2\/media?parent=1655"}],"curies":[{"name":"wp","href":"https:\/\/api.w.org\/{rel}","templated":true}]}}