{"id":175,"date":"2024-03-27T13:36:38","date_gmt":"2024-03-27T15:36:38","guid":{"rendered":"https:\/\/sites.usp.br\/eifamb\/?page_id=175"},"modified":"2026-05-06T20:18:13","modified_gmt":"2026-05-06T22:18:13","slug":"inscricao","status":"publish","type":"page","link":"https:\/\/sites.usp.br\/eifamb\/inscricao\/","title":{"rendered":"Inscri\u00e7\u00e3o"},"content":{"rendered":"\t\t<div data-elementor-type=\"wp-page\" data-elementor-id=\"175\" class=\"elementor elementor-175\" data-elementor-post-type=\"page\">\n\t\t\t\t<div class=\"elementor-element elementor-element-d23bc06 e-con-full e-flex e-con e-parent\" data-id=\"d23bc06\" data-element_type=\"container\" data-settings=\"{&quot;background_background&quot;:&quot;classic&quot;}\">\n\t\t<div class=\"elementor-element elementor-element-3a3634e e-con-full e-flex e-con e-child\" data-id=\"3a3634e\" data-element_type=\"container\">\n\t\t\t\t<div class=\"elementor-element elementor-element-778636f elementor-widget elementor-widget-spacer\" data-id=\"778636f\" data-element_type=\"widget\" data-widget_type=\"spacer.default\">\n\t\t\t\t<div class=\"elementor-widget-container\">\n\t\t\t\t\t<div class=\"elementor-spacer\">\n\t\t\t<div class=\"elementor-spacer-inner\"><\/div>\n\t\t<\/div>\n\t\t\t\t<\/div>\n\t\t\t\t<\/div>\n\t\t\t\t<div class=\"elementor-element elementor-element-fff6ff6 elementor-widget__width-initial elementor-widget elementor-widget-heading\" data-id=\"fff6ff6\" data-element_type=\"widget\" data-widget_type=\"heading.default\">\n\t\t\t\t<div class=\"elementor-widget-container\">\n\t\t\t<h2 class=\"elementor-heading-title elementor-size-default\">INSCRI\u00c7\u00c3O 2026<\/h2>\t\t<\/div>\n\t\t\t\t<\/div>\n\t\t\t\t<\/div>\n\t\t<div class=\"elementor-element elementor-element-ee54bd4 e-con-full e-flex e-con e-child\" data-id=\"ee54bd4\" data-element_type=\"container\">\n\t\t\t\t<div class=\"elementor-element elementor-element-9ca1832 elementor-widget__width-initial elementor-widget elementor-widget-text-editor\" data-id=\"9ca1832\" data-element_type=\"widget\" data-widget_type=\"text-editor.default\">\n\t\t\t\t<div class=\"elementor-widget-container\">\n\t\t\t\t\t\t\t<p>As pr\u00e9-inscri\u00e7\u00f5es para a VII EIFAMB (2026) est\u00e3o abertas at\u00e9 o dia <strong>24 de maio de 2026<\/strong> !&nbsp; Garanta o seu lugar preenchendo o formul\u00e1rio abaixo.<\/p>\n<p>Acompanhe mais informa\u00e7\u00f5es&nbsp;sobre o evento&nbsp;em nossas redes sociais.<\/p>\t\t\t\t\t\t<\/div>\n\t\t\t\t<\/div>\n\t\t\t\t<div class=\"elementor-element elementor-element-e1f8336 elementor-align-center elementor-widget elementor-widget-button\" data-id=\"e1f8336\" data-element_type=\"widget\" data-widget_type=\"button.default\">\n\t\t\t\t<div class=\"elementor-widget-container\">\n\t\t\t\t\t\t\t<div class=\"elementor-button-wrapper\">\n\t\t\t\t\t<a class=\"elementor-button elementor-button-link elementor-size-sm\" href=\"https:\/\/docs.google.com\/forms\/d\/1FZudFBYswddeAT6JXL-DatEhAhe_FspgDmSF_JXQ7Tk\/edit\">\n\t\t\t\t\t\t<span class=\"elementor-button-content-wrapper\">\n\t\t\t\t\t\t\t\t\t<span class=\"elementor-button-text\">Inscri\u00e7\u00e3o<\/span>\n\t\t\t\t\t<\/span>\n\t\t\t\t\t<\/a>\n\t\t\t\t<\/div>\n\t\t\t\t\t\t<\/div>\n\t\t\t\t<\/div>\n\t\t\t\t<\/div>\n\t\t<div class=\"elementor-element elementor-element-d4eaff9 e-con-full e-flex e-con e-child\" data-id=\"d4eaff9\" data-element_type=\"container\">\n\t\t\t\t<div class=\"elementor-element elementor-element-8a7f606 elementor-widget-mobile__width-initial elementor-widget elementor-widget-html\" data-id=\"8a7f606\" data-element_type=\"widget\" data-widget_type=\"html.default\">\n\t\t\t\t<div class=\"elementor-widget-container\">\n\t\t\t<iframe src=\"https:\/\/docs.google.com\/forms\/d\/e\/1FAIpQLSeqEWAuMisCKWyEvjUdwABQ56xNT8gbnYXyvsg3BMPDu4O1MQ\/viewform?embedded=true\" width=\"640\" height=\"1825\" frameborder=\"0\" marginheight=\"0\" marginwidth=\"0\">Carregando\u2026<\/iframe>\t\t<\/div>\n\t\t\t\t<\/div>\n\t\t\t\t<\/div>\n\t\t<div class=\"elementor-element elementor-element-3b280a9 e-con-full e-flex e-con e-child\" data-id=\"3b280a9\" data-element_type=\"container\">\n\t\t\t\t<div class=\"elementor-element elementor-element-d086d50 elementor-widget elementor-widget-spacer\" data-id=\"d086d50\" data-element_type=\"widget\" data-widget_type=\"spacer.default\">\n\t\t\t\t<div class=\"elementor-widget-container\">\n\t\t\t\t\t<div class=\"elementor-spacer\">\n\t\t\t<div class=\"elementor-spacer-inner\"><\/div>\n\t\t<\/div>\n\t\t\t\t<\/div>\n\t\t\t\t<\/div>\n\t\t\t\t<\/div>\n\t\t\t\t<\/div>\n\t\t\t\t<\/div>\n\t\t","protected":false},"excerpt":{"rendered":"<p>INSCRI\u00c7\u00c3O 2026 As pr\u00e9-inscri\u00e7\u00f5es para a VII EIFAMB (2026) est\u00e3o abertas at\u00e9 o dia 24 de maio de 2026 !&nbsp; Garanta o seu lugar preenchendo o formul\u00e1rio abaixo. Acompanhe mais informa\u00e7\u00f5es&nbsp;sobre o evento&nbsp;em nossas redes sociais. Inscri\u00e7\u00e3o Carregando\u2026<\/p>\n","protected":false},"author":22154,"featured_media":0,"parent":0,"menu_order":1,"comment_status":"closed","ping_status":"closed","template":"elementor_header_footer","meta":{"footnotes":"","_links_to":"","_links_to_target":""},"class_list":["post-175","page","type-page","status-publish","hentry"],"yoast_head":"<!-- This site is optimized with the Yoast SEO plugin v27.5 - https:\/\/yoast.com\/product\/yoast-seo-wordpress\/ -->\n<title>Inscri\u00e7\u00e3o - EIFAMB - Escola de Inverno FAMB<\/title>\n<meta name=\"robots\" content=\"index, follow, max-snippet:-1, max-image-preview:large, max-video-preview:-1\" \/>\n<link rel=\"canonical\" href=\"https:\/\/sites.usp.br\/eifamb\/inscricao\/\" \/>\n<script type=\"application\/ld+json\" class=\"yoast-schema-graph\">{\"@context\":\"https:\\\/\\\/schema.org\",\"@graph\":[{\"@type\":\"WebPage\",\"@id\":\"https:\\\/\\\/sites.usp.br\\\/eifamb\\\/inscricao\\\/\",\"url\":\"https:\\\/\\\/sites.usp.br\\\/eifamb\\\/inscricao\\\/\",\"name\":\"Inscri\u00e7\u00e3o - EIFAMB - Escola de Inverno FAMB\",\"isPartOf\":{\"@id\":\"https:\\\/\\\/sites.usp.br\\\/eifamb\\\/#website\"},\"datePublished\":\"2024-03-27T15:36:38+00:00\",\"dateModified\":\"2026-05-06T22:18:13+00:00\",\"inLanguage\":\"pt-BR\",\"potentialAction\":[{\"@type\":\"ReadAction\",\"target\":[\"https:\\\/\\\/sites.usp.br\\\/eifamb\\\/inscricao\\\/\"]}]},{\"@type\":\"WebSite\",\"@id\":\"https:\\\/\\\/sites.usp.br\\\/eifamb\\\/#website\",\"url\":\"https:\\\/\\\/sites.usp.br\\\/eifamb\\\/\",\"name\":\"EIFAMB - Escola de Inverno FAMB\",\"description\":\"Conhe\u00e7a a Escola de Inverno do Programa de P\u00f3s-gradua\u00e7\u00e3o em F\u00edsica Aplicada \u00e0 Medicina e Biologia - USP\\\/RP\",\"publisher\":{\"@id\":\"https:\\\/\\\/sites.usp.br\\\/eifamb\\\/#organization\"},\"potentialAction\":[{\"@type\":\"SearchAction\",\"target\":{\"@type\":\"EntryPoint\",\"urlTemplate\":\"https:\\\/\\\/sites.usp.br\\\/eifamb\\\/?s={search_term_string}\"},\"query-input\":{\"@type\":\"PropertyValueSpecification\",\"valueRequired\":true,\"valueName\":\"search_term_string\"}}],\"inLanguage\":\"pt-BR\"},{\"@type\":\"Organization\",\"@id\":\"https:\\\/\\\/sites.usp.br\\\/eifamb\\\/#organization\",\"name\":\"EIFAMB - Escola de Inverno em F\u00edsica Aplicada \u00e0 Medicina e Biologia\",\"url\":\"https:\\\/\\\/sites.usp.br\\\/eifamb\\\/\",\"logo\":{\"@type\":\"ImageObject\",\"inLanguage\":\"pt-BR\",\"@id\":\"https:\\\/\\\/sites.usp.br\\\/eifamb\\\/#\\\/schema\\\/logo\\\/image\\\/\",\"url\":\"https:\\\/\\\/sites.usp.br\\\/eifamb\\\/wp-content\\\/uploads\\\/sites\\\/1451\\\/2024\\\/04\\\/logo-eifamb-completo.png\",\"contentUrl\":\"https:\\\/\\\/sites.usp.br\\\/eifamb\\\/wp-content\\\/uploads\\\/sites\\\/1451\\\/2024\\\/04\\\/logo-eifamb-completo.png\",\"width\":1080,\"height\":1080,\"caption\":\"EIFAMB - Escola de Inverno em F\u00edsica Aplicada \u00e0 Medicina e Biologia\"},\"image\":{\"@id\":\"https:\\\/\\\/sites.usp.br\\\/eifamb\\\/#\\\/schema\\\/logo\\\/image\\\/\"},\"sameAs\":[\"https:\\\/\\\/www.facebook.com\\\/eifamb\\\/\",\"https:\\\/\\\/www.instagram.com\\\/eifamb_usp\\\/\"]}]}<\/script>\n<!-- \/ Yoast SEO plugin. -->","yoast_head_json":{"title":"Inscri\u00e7\u00e3o - EIFAMB - Escola de Inverno FAMB","robots":{"index":"index","follow":"follow","max-snippet":"max-snippet:-1","max-image-preview":"max-image-preview:large","max-video-preview":"max-video-preview:-1"},"canonical":"https:\/\/sites.usp.br\/eifamb\/inscricao\/","schema":{"@context":"https:\/\/schema.org","@graph":[{"@type":"WebPage","@id":"https:\/\/sites.usp.br\/eifamb\/inscricao\/","url":"https:\/\/sites.usp.br\/eifamb\/inscricao\/","name":"Inscri\u00e7\u00e3o - EIFAMB - Escola de Inverno FAMB","isPartOf":{"@id":"https:\/\/sites.usp.br\/eifamb\/#website"},"datePublished":"2024-03-27T15:36:38+00:00","dateModified":"2026-05-06T22:18:13+00:00","inLanguage":"pt-BR","potentialAction":[{"@type":"ReadAction","target":["https:\/\/sites.usp.br\/eifamb\/inscricao\/"]}]},{"@type":"WebSite","@id":"https:\/\/sites.usp.br\/eifamb\/#website","url":"https:\/\/sites.usp.br\/eifamb\/","name":"EIFAMB - Escola de Inverno FAMB","description":"Conhe\u00e7a a Escola de Inverno do Programa de P\u00f3s-gradua\u00e7\u00e3o em F\u00edsica Aplicada \u00e0 Medicina e Biologia - USP\/RP","publisher":{"@id":"https:\/\/sites.usp.br\/eifamb\/#organization"},"potentialAction":[{"@type":"SearchAction","target":{"@type":"EntryPoint","urlTemplate":"https:\/\/sites.usp.br\/eifamb\/?s={search_term_string}"},"query-input":{"@type":"PropertyValueSpecification","valueRequired":true,"valueName":"search_term_string"}}],"inLanguage":"pt-BR"},{"@type":"Organization","@id":"https:\/\/sites.usp.br\/eifamb\/#organization","name":"EIFAMB - Escola de Inverno em F\u00edsica Aplicada \u00e0 Medicina e Biologia","url":"https:\/\/sites.usp.br\/eifamb\/","logo":{"@type":"ImageObject","inLanguage":"pt-BR","@id":"https:\/\/sites.usp.br\/eifamb\/#\/schema\/logo\/image\/","url":"https:\/\/sites.usp.br\/eifamb\/wp-content\/uploads\/sites\/1451\/2024\/04\/logo-eifamb-completo.png","contentUrl":"https:\/\/sites.usp.br\/eifamb\/wp-content\/uploads\/sites\/1451\/2024\/04\/logo-eifamb-completo.png","width":1080,"height":1080,"caption":"EIFAMB - Escola de Inverno em F\u00edsica Aplicada \u00e0 Medicina e Biologia"},"image":{"@id":"https:\/\/sites.usp.br\/eifamb\/#\/schema\/logo\/image\/"},"sameAs":["https:\/\/www.facebook.com\/eifamb\/","https:\/\/www.instagram.com\/eifamb_usp\/"]}]}},"_links":{"self":[{"href":"https:\/\/sites.usp.br\/eifamb\/wp-json\/wp\/v2\/pages\/175","targetHints":{"allow":["GET"]}}],"collection":[{"href":"https:\/\/sites.usp.br\/eifamb\/wp-json\/wp\/v2\/pages"}],"about":[{"href":"https:\/\/sites.usp.br\/eifamb\/wp-json\/wp\/v2\/types\/page"}],"author":[{"embeddable":true,"href":"https:\/\/sites.usp.br\/eifamb\/wp-json\/wp\/v2\/users\/22154"}],"replies":[{"embeddable":true,"href":"https:\/\/sites.usp.br\/eifamb\/wp-json\/wp\/v2\/comments?post=175"}],"version-history":[{"count":4,"href":"https:\/\/sites.usp.br\/eifamb\/wp-json\/wp\/v2\/pages\/175\/revisions"}],"predecessor-version":[{"id":1951,"href":"https:\/\/sites.usp.br\/eifamb\/wp-json\/wp\/v2\/pages\/175\/revisions\/1951"}],"wp:attachment":[{"href":"https:\/\/sites.usp.br\/eifamb\/wp-json\/wp\/v2\/media?parent=175"}],"curies":[{"name":"wp","href":"https:\/\/api.w.org\/{rel}","templated":true}]}}