{"id":210,"date":"2024-03-28T14:46:10","date_gmt":"2024-03-28T16:46:10","guid":{"rendered":"https:\/\/sites.usp.br\/eifamb\/?page_id=210"},"modified":"2026-03-16T09:11:48","modified_gmt":"2026-03-16T11:11:48","slug":"contato","status":"publish","type":"page","link":"https:\/\/sites.usp.br\/eifamb\/contato\/","title":{"rendered":"Contato"},"content":{"rendered":"\t\t<div data-elementor-type=\"wp-page\" data-elementor-id=\"210\" class=\"elementor elementor-210\" data-elementor-post-type=\"page\">\n\t\t\t\t<div class=\"elementor-element elementor-element-d6b4280 e-con-full e-flex e-con e-parent\" data-id=\"d6b4280\" data-element_type=\"container\" data-settings=\"{&quot;background_background&quot;:&quot;classic&quot;}\">\n\t\t<div class=\"elementor-element elementor-element-7261bb9 e-con-full e-flex e-con e-child\" data-id=\"7261bb9\" data-element_type=\"container\">\n\t\t\t\t<div class=\"elementor-element elementor-element-30c15e5 elementor-widget elementor-widget-spacer\" data-id=\"30c15e5\" data-element_type=\"widget\" data-widget_type=\"spacer.default\">\n\t\t\t\t<div class=\"elementor-widget-container\">\n\t\t\t\t\t<div class=\"elementor-spacer\">\n\t\t\t<div class=\"elementor-spacer-inner\"><\/div>\n\t\t<\/div>\n\t\t\t\t<\/div>\n\t\t\t\t<\/div>\n\t\t\t\t<div class=\"elementor-element elementor-element-e2d56f4 elementor-widget__width-initial elementor-widget elementor-widget-heading\" data-id=\"e2d56f4\" data-element_type=\"widget\" data-widget_type=\"heading.default\">\n\t\t\t\t<div class=\"elementor-widget-container\">\n\t\t\t<h2 class=\"elementor-heading-title elementor-size-default\">CONTATO<\/h2>\t\t<\/div>\n\t\t\t\t<\/div>\n\t\t\t\t<\/div>\n\t\t<div class=\"elementor-element elementor-element-6ea1091 e-con-full e-flex e-con e-child\" data-id=\"6ea1091\" data-element_type=\"container\">\n\t\t\t\t<div class=\"elementor-element elementor-element-2ed2b01 elementor-widget__width-initial elementor-widget elementor-widget-text-editor\" data-id=\"2ed2b01\" data-element_type=\"widget\" data-widget_type=\"text-editor.default\">\n\t\t\t\t<div class=\"elementor-widget-container\">\n\t\t\t\t\t\t\t<p>Caso tenha alguma d\u00favida, sugest\u00e3o ou bug identificado, entre em contato conosco! Mande sua mensagem pelo formul\u00e1rio abaixo, por nossas redes sociais ou se preferir entre em contato diretamente pelo endere\u00e7o de e-mail: eifamb@usp.br<\/p>\t\t\t\t\t\t<\/div>\n\t\t\t\t<\/div>\n\t\t\t\t<\/div>\n\t\t<div class=\"elementor-element elementor-element-0ad2349 e-con-full e-flex e-con e-child\" data-id=\"0ad2349\" data-element_type=\"container\">\n\t\t\t\t<div class=\"elementor-element elementor-element-4593099 elementor-widget__width-initial elementor-widget-mobile__width-inherit elementor-button-align-stretch elementor-widget elementor-widget-form\" data-id=\"4593099\" data-element_type=\"widget\" data-settings=\"{&quot;step_next_label&quot;:&quot;Next&quot;,&quot;step_previous_label&quot;:&quot;Previous&quot;,&quot;button_width&quot;:&quot;100&quot;,&quot;step_type&quot;:&quot;number_text&quot;,&quot;step_icon_shape&quot;:&quot;circle&quot;}\" data-widget_type=\"form.default\">\n\t\t\t\t<div class=\"elementor-widget-container\">\n\t\t\t\t\t<form class=\"elementor-form\" method=\"post\" name=\"Contato\">\n\t\t\t<input type=\"hidden\" name=\"post_id\" value=\"210\"\/>\n\t\t\t<input type=\"hidden\" name=\"form_id\" value=\"4593099\"\/>\n\t\t\t<input type=\"hidden\" name=\"referer_title\" value=\"EIFAMB &#8211; Escola de Inverno FAMB\" \/>\n\n\t\t\t\n\t\t\t<div class=\"elementor-form-fields-wrapper elementor-labels-above\">\n\t\t\t\t\t\t\t\t<div class=\"elementor-field-type-text elementor-field-group elementor-column elementor-field-group-name elementor-col-100 elementor-field-required\">\n\t\t\t\t\t\t\t\t\t\t\t\t\t<input size=\"1\" type=\"text\" name=\"form_fields[name]\" id=\"form-field-name\" class=\"elementor-field elementor-size-sm  elementor-field-textual\" placeholder=\"Nome e Sobrenome\" required=\"required\" aria-required=\"true\">\n\t\t\t\t\t\t\t\t\t\t\t<\/div>\n\t\t\t\t\t\t\t\t<div class=\"elementor-field-type-email elementor-field-group elementor-column elementor-field-group-email elementor-col-100 elementor-field-required\">\n\t\t\t\t\t\t\t\t\t\t\t\t\t<input size=\"1\" type=\"email\" name=\"form_fields[email]\" id=\"form-field-email\" class=\"elementor-field elementor-size-sm  elementor-field-textual\" placeholder=\"Email\" required=\"required\" aria-required=\"true\">\n\t\t\t\t\t\t\t\t\t\t\t<\/div>\n\t\t\t\t\t\t\t\t<div class=\"elementor-field-type-tel elementor-field-group elementor-column elementor-field-group-field_3c275f0 elementor-col-100\">\n\t\t\t\t\t\t\t<input size=\"1\" type=\"tel\" name=\"form_fields[field_3c275f0]\" id=\"form-field-field_3c275f0\" class=\"elementor-field elementor-size-sm  elementor-field-textual\" placeholder=\"Telefone\" pattern=\"[0-9()#&amp;+*-=.]+\" title=\"Apenas n\u00fameros e caracteres de telefone (#, -, *, etc.) s\u00e3o aceitos.\">\n\n\t\t\t\t\t\t<\/div>\n\t\t\t\t\t\t\t\t<div class=\"elementor-field-type-textarea elementor-field-group elementor-column elementor-field-group-message elementor-col-100 elementor-field-required\">\n\t\t\t\t\t<textarea class=\"elementor-field-textual elementor-field  elementor-size-sm\" name=\"form_fields[message]\" id=\"form-field-message\" rows=\"4\" placeholder=\"Mensagem\" required=\"required\" aria-required=\"true\"><\/textarea>\t\t\t\t<\/div>\n\t\t\t\t\t\t\t\t<div class=\"elementor-field-group elementor-column elementor-field-type-submit elementor-col-100 e-form__buttons\">\n\t\t\t\t\t<button class=\"elementor-button elementor-size-sm\" type=\"submit\">\n\t\t\t\t\t\t<span class=\"elementor-button-content-wrapper\">\n\t\t\t\t\t\t\t\t\t\t\t\t\t\t\t\t\t\t\t\t\t\t<span class=\"elementor-button-text\">Enviar<\/span>\n\t\t\t\t\t\t\t\t\t\t\t\t\t<\/span>\n\t\t\t\t\t<\/button>\n\t\t\t\t<\/div>\n\t\t\t<\/div>\n\t\t<\/form>\n\t\t\t\t<\/div>\n\t\t\t\t<\/div>\n\t\t\t\t<div class=\"elementor-element elementor-element-217d92f elementor-grid-1 e-grid-align-right elementor-widget__width-initial elementor-hidden-tablet elementor-hidden-mobile elementor-shape-rounded elementor-widget elementor-widget-social-icons\" data-id=\"217d92f\" data-element_type=\"widget\" data-widget_type=\"social-icons.default\">\n\t\t\t\t<div class=\"elementor-widget-container\">\n\t\t\t\t\t<div class=\"elementor-social-icons-wrapper elementor-grid\">\n\t\t\t\t\t\t\t<span class=\"elementor-grid-item\">\n\t\t\t\t\t<a class=\"elementor-icon elementor-social-icon elementor-social-icon-facebook elementor-repeater-item-01c5a4e\" href=\"https:\/\/www.facebook.com\/eifamb\" target=\"_blank\">\n\t\t\t\t\t\t<span class=\"elementor-screen-only\">Facebook<\/span>\n\t\t\t\t\t\t<i class=\"fab fa-facebook\"><\/i>\t\t\t\t\t<\/a>\n\t\t\t\t<\/span>\n\t\t\t\t\t\t\t<span class=\"elementor-grid-item\">\n\t\t\t\t\t<a class=\"elementor-icon elementor-social-icon elementor-social-icon-instagram elementor-repeater-item-4796ff6\" href=\"https:\/\/www.instagram.com\/eifamb_usp\/\" target=\"_blank\">\n\t\t\t\t\t\t<span class=\"elementor-screen-only\">Instagram<\/span>\n\t\t\t\t\t\t<i class=\"fab fa-instagram\"><\/i>\t\t\t\t\t<\/a>\n\t\t\t\t<\/span>\n\t\t\t\t\t<\/div>\n\t\t\t\t<\/div>\n\t\t\t\t<\/div>\n\t\t\t\t<\/div>\n\t\t<div class=\"elementor-element elementor-element-29ff1f0 e-con-full e-flex e-con e-child\" data-id=\"29ff1f0\" data-element_type=\"container\">\n\t\t\t\t<div class=\"elementor-element elementor-element-afb961d elementor-widget elementor-widget-spacer\" data-id=\"afb961d\" data-element_type=\"widget\" data-widget_type=\"spacer.default\">\n\t\t\t\t<div class=\"elementor-widget-container\">\n\t\t\t\t\t<div class=\"elementor-spacer\">\n\t\t\t<div class=\"elementor-spacer-inner\"><\/div>\n\t\t<\/div>\n\t\t\t\t<\/div>\n\t\t\t\t<\/div>\n\t\t\t\t<\/div>\n\t\t\t\t<\/div>\n\t\t\t\t<\/div>\n\t\t","protected":false},"excerpt":{"rendered":"<p>CONTATO Caso tenha alguma d\u00favida, sugest\u00e3o ou bug identificado, entre em contato conosco! Mande sua mensagem pelo formul\u00e1rio abaixo, por nossas redes sociais ou se preferir entre em contato diretamente pelo endere\u00e7o de e-mail: eifamb@usp.br Facebook Instagram<\/p>\n","protected":false},"author":24003,"featured_media":0,"parent":0,"menu_order":5,"comment_status":"closed","ping_status":"closed","template":"elementor_header_footer","meta":{"footnotes":"","_links_to":"","_links_to_target":""},"class_list":["post-210","page","type-page","status-publish","hentry"],"yoast_head":"<!-- This site is optimized with the Yoast SEO plugin v27.5 - https:\/\/yoast.com\/product\/yoast-seo-wordpress\/ -->\n<title>Contato - EIFAMB - Escola de Inverno FAMB<\/title>\n<meta name=\"robots\" content=\"index, follow, max-snippet:-1, max-image-preview:large, max-video-preview:-1\" \/>\n<link rel=\"canonical\" href=\"https:\/\/sites.usp.br\/eifamb\/contato\/\" \/>\n<script type=\"application\/ld+json\" class=\"yoast-schema-graph\">{\"@context\":\"https:\\\/\\\/schema.org\",\"@graph\":[{\"@type\":\"WebPage\",\"@id\":\"https:\\\/\\\/sites.usp.br\\\/eifamb\\\/contato\\\/\",\"url\":\"https:\\\/\\\/sites.usp.br\\\/eifamb\\\/contato\\\/\",\"name\":\"Contato - EIFAMB - Escola de Inverno FAMB\",\"isPartOf\":{\"@id\":\"https:\\\/\\\/sites.usp.br\\\/eifamb\\\/#website\"},\"datePublished\":\"2024-03-28T16:46:10+00:00\",\"dateModified\":\"2026-03-16T11:11:48+00:00\",\"inLanguage\":\"pt-BR\",\"potentialAction\":[{\"@type\":\"ReadAction\",\"target\":[\"https:\\\/\\\/sites.usp.br\\\/eifamb\\\/contato\\\/\"]}]},{\"@type\":\"WebSite\",\"@id\":\"https:\\\/\\\/sites.usp.br\\\/eifamb\\\/#website\",\"url\":\"https:\\\/\\\/sites.usp.br\\\/eifamb\\\/\",\"name\":\"EIFAMB - Escola de Inverno FAMB\",\"description\":\"Conhe\u00e7a a Escola de Inverno do Programa de P\u00f3s-gradua\u00e7\u00e3o em F\u00edsica Aplicada \u00e0 Medicina e Biologia - USP\\\/RP\",\"publisher\":{\"@id\":\"https:\\\/\\\/sites.usp.br\\\/eifamb\\\/#organization\"},\"potentialAction\":[{\"@type\":\"SearchAction\",\"target\":{\"@type\":\"EntryPoint\",\"urlTemplate\":\"https:\\\/\\\/sites.usp.br\\\/eifamb\\\/?s={search_term_string}\"},\"query-input\":{\"@type\":\"PropertyValueSpecification\",\"valueRequired\":true,\"valueName\":\"search_term_string\"}}],\"inLanguage\":\"pt-BR\"},{\"@type\":\"Organization\",\"@id\":\"https:\\\/\\\/sites.usp.br\\\/eifamb\\\/#organization\",\"name\":\"EIFAMB - Escola de Inverno em F\u00edsica Aplicada \u00e0 Medicina e Biologia\",\"url\":\"https:\\\/\\\/sites.usp.br\\\/eifamb\\\/\",\"logo\":{\"@type\":\"ImageObject\",\"inLanguage\":\"pt-BR\",\"@id\":\"https:\\\/\\\/sites.usp.br\\\/eifamb\\\/#\\\/schema\\\/logo\\\/image\\\/\",\"url\":\"https:\\\/\\\/sites.usp.br\\\/eifamb\\\/wp-content\\\/uploads\\\/sites\\\/1451\\\/2024\\\/04\\\/logo-eifamb-completo.png\",\"contentUrl\":\"https:\\\/\\\/sites.usp.br\\\/eifamb\\\/wp-content\\\/uploads\\\/sites\\\/1451\\\/2024\\\/04\\\/logo-eifamb-completo.png\",\"width\":1080,\"height\":1080,\"caption\":\"EIFAMB - Escola de Inverno em F\u00edsica Aplicada \u00e0 Medicina e Biologia\"},\"image\":{\"@id\":\"https:\\\/\\\/sites.usp.br\\\/eifamb\\\/#\\\/schema\\\/logo\\\/image\\\/\"},\"sameAs\":[\"https:\\\/\\\/www.facebook.com\\\/eifamb\\\/\",\"https:\\\/\\\/www.instagram.com\\\/eifamb_usp\\\/\"]}]}<\/script>\n<!-- \/ Yoast SEO plugin. -->","yoast_head_json":{"title":"Contato - EIFAMB - Escola de Inverno FAMB","robots":{"index":"index","follow":"follow","max-snippet":"max-snippet:-1","max-image-preview":"max-image-preview:large","max-video-preview":"max-video-preview:-1"},"canonical":"https:\/\/sites.usp.br\/eifamb\/contato\/","schema":{"@context":"https:\/\/schema.org","@graph":[{"@type":"WebPage","@id":"https:\/\/sites.usp.br\/eifamb\/contato\/","url":"https:\/\/sites.usp.br\/eifamb\/contato\/","name":"Contato - EIFAMB - Escola de Inverno FAMB","isPartOf":{"@id":"https:\/\/sites.usp.br\/eifamb\/#website"},"datePublished":"2024-03-28T16:46:10+00:00","dateModified":"2026-03-16T11:11:48+00:00","inLanguage":"pt-BR","potentialAction":[{"@type":"ReadAction","target":["https:\/\/sites.usp.br\/eifamb\/contato\/"]}]},{"@type":"WebSite","@id":"https:\/\/sites.usp.br\/eifamb\/#website","url":"https:\/\/sites.usp.br\/eifamb\/","name":"EIFAMB - Escola de Inverno FAMB","description":"Conhe\u00e7a a Escola de Inverno do Programa de P\u00f3s-gradua\u00e7\u00e3o em F\u00edsica Aplicada \u00e0 Medicina e Biologia - USP\/RP","publisher":{"@id":"https:\/\/sites.usp.br\/eifamb\/#organization"},"potentialAction":[{"@type":"SearchAction","target":{"@type":"EntryPoint","urlTemplate":"https:\/\/sites.usp.br\/eifamb\/?s={search_term_string}"},"query-input":{"@type":"PropertyValueSpecification","valueRequired":true,"valueName":"search_term_string"}}],"inLanguage":"pt-BR"},{"@type":"Organization","@id":"https:\/\/sites.usp.br\/eifamb\/#organization","name":"EIFAMB - Escola de Inverno em F\u00edsica Aplicada \u00e0 Medicina e Biologia","url":"https:\/\/sites.usp.br\/eifamb\/","logo":{"@type":"ImageObject","inLanguage":"pt-BR","@id":"https:\/\/sites.usp.br\/eifamb\/#\/schema\/logo\/image\/","url":"https:\/\/sites.usp.br\/eifamb\/wp-content\/uploads\/sites\/1451\/2024\/04\/logo-eifamb-completo.png","contentUrl":"https:\/\/sites.usp.br\/eifamb\/wp-content\/uploads\/sites\/1451\/2024\/04\/logo-eifamb-completo.png","width":1080,"height":1080,"caption":"EIFAMB - Escola de Inverno em F\u00edsica Aplicada \u00e0 Medicina e Biologia"},"image":{"@id":"https:\/\/sites.usp.br\/eifamb\/#\/schema\/logo\/image\/"},"sameAs":["https:\/\/www.facebook.com\/eifamb\/","https:\/\/www.instagram.com\/eifamb_usp\/"]}]}},"_links":{"self":[{"href":"https:\/\/sites.usp.br\/eifamb\/wp-json\/wp\/v2\/pages\/210","targetHints":{"allow":["GET"]}}],"collection":[{"href":"https:\/\/sites.usp.br\/eifamb\/wp-json\/wp\/v2\/pages"}],"about":[{"href":"https:\/\/sites.usp.br\/eifamb\/wp-json\/wp\/v2\/types\/page"}],"author":[{"embeddable":true,"href":"https:\/\/sites.usp.br\/eifamb\/wp-json\/wp\/v2\/users\/24003"}],"replies":[{"embeddable":true,"href":"https:\/\/sites.usp.br\/eifamb\/wp-json\/wp\/v2\/comments?post=210"}],"version-history":[{"count":4,"href":"https:\/\/sites.usp.br\/eifamb\/wp-json\/wp\/v2\/pages\/210\/revisions"}],"predecessor-version":[{"id":1832,"href":"https:\/\/sites.usp.br\/eifamb\/wp-json\/wp\/v2\/pages\/210\/revisions\/1832"}],"wp:attachment":[{"href":"https:\/\/sites.usp.br\/eifamb\/wp-json\/wp\/v2\/media?parent=210"}],"curies":[{"name":"wp","href":"https:\/\/api.w.org\/{rel}","templated":true}]}}