{"id":62,"date":"2014-02-12T11:28:30","date_gmt":"2014-02-12T13:28:30","guid":{"rendered":"http:\/\/sites.usp.br\/eifamb\/?page_id=62"},"modified":"2026-05-06T20:09:17","modified_gmt":"2026-05-06T22:09:17","slug":"palestrantes","status":"publish","type":"page","link":"https:\/\/sites.usp.br\/eifamb\/palestrantes\/","title":{"rendered":"Palestrantes"},"content":{"rendered":"\t\t<div data-elementor-type=\"wp-page\" data-elementor-id=\"62\" class=\"elementor elementor-62\" data-elementor-post-type=\"page\">\n\t\t\t\t<div class=\"elementor-element elementor-element-6d9f0c8 e-con-full e-flex e-con e-parent\" data-id=\"6d9f0c8\" data-element_type=\"container\" data-settings=\"{&quot;background_background&quot;:&quot;classic&quot;}\">\n\t\t<div class=\"elementor-element elementor-element-243beb2 e-con-full e-flex e-con e-child\" data-id=\"243beb2\" data-element_type=\"container\">\n\t\t\t\t<div class=\"elementor-element elementor-element-20797dd elementor-widget__width-initial elementor-widget elementor-widget-heading\" data-id=\"20797dd\" data-element_type=\"widget\" data-widget_type=\"heading.default\">\n\t\t\t\t<div class=\"elementor-widget-container\">\n\t\t\t<h2 class=\"elementor-heading-title elementor-size-default\">PALESTRANTES 2026 <\/h2>\t\t<\/div>\n\t\t\t\t<\/div>\n\t\t\t\t<div class=\"elementor-element elementor-element-bc8bf73 elementor-widget elementor-widget-text-editor\" data-id=\"bc8bf73\" data-element_type=\"widget\" data-widget_type=\"text-editor.default\">\n\t\t\t\t<div class=\"elementor-widget-container\">\n\t\t\t\t\t\t\t<p>Venha conferir os palestrantes confirmados at\u00e9 o momento!<\/p>\t\t\t\t\t\t<\/div>\n\t\t\t\t<\/div>\n\t\t\t\t<\/div>\n\t\t<div class=\"elementor-element elementor-element-40a2b34 e-con-full e-flex e-con e-child\" data-id=\"40a2b34\" data-element_type=\"container\">\n\t\t\t\t<div class=\"elementor-element elementor-element-41f6bdf elementor-widget__width-initial elementor-widget-mobile__width-initial elementor-widget elementor-widget-image\" data-id=\"41f6bdf\" data-element_type=\"widget\" data-widget_type=\"image.default\">\n\t\t\t\t<div class=\"elementor-widget-container\">\n\t\t\t\t\t\t\t\t\t\t\t\t\t<img fetchpriority=\"high\" decoding=\"async\" width=\"604\" height=\"551\" src=\"https:\/\/sites.usp.br\/eifamb\/wp-content\/uploads\/sites\/1451\/2026\/05\/AntonioCosta-1-1024x934.jpg\" class=\"attachment-large size-large wp-image-1896\" alt=\"\" srcset=\"https:\/\/sites.usp.br\/eifamb\/wp-content\/uploads\/sites\/1451\/2026\/05\/AntonioCosta-1-1024x934.jpg 1024w, https:\/\/sites.usp.br\/eifamb\/wp-content\/uploads\/sites\/1451\/2026\/05\/AntonioCosta-1-300x274.jpg 300w, https:\/\/sites.usp.br\/eifamb\/wp-content\/uploads\/sites\/1451\/2026\/05\/AntonioCosta-1-768x701.jpg 768w, https:\/\/sites.usp.br\/eifamb\/wp-content\/uploads\/sites\/1451\/2026\/05\/AntonioCosta-1-400x365.jpg 400w, https:\/\/sites.usp.br\/eifamb\/wp-content\/uploads\/sites\/1451\/2026\/05\/AntonioCosta-1.jpg 1315w\" sizes=\"(max-width: 604px) 100vw, 604px\" \/>\t\t\t\t\t\t\t\t\t\t\t\t\t<\/div>\n\t\t\t\t<\/div>\n\t\t\t\t<div class=\"elementor-element elementor-element-19862a3 elementor-widget-mobile__width-initial elementor-widget__width-initial elementor-widget elementor-widget-text-editor\" data-id=\"19862a3\" data-element_type=\"widget\" data-widget_type=\"text-editor.default\">\n\t\t\t\t<div class=\"elementor-widget-container\">\n\t\t\t\t\t\t\t<p><b>Prof. Ant\u00f4nio Jos\u00e9 da Costa Filho<\/b><br \/><strong><br \/>Contato: <\/strong>ajcosta@usp.br<b>\u3164<\/b><\/p>\t\t\t\t\t\t<\/div>\n\t\t\t\t<\/div>\n\t\t\t\t<\/div>\n\t\t<div class=\"elementor-element elementor-element-7091348 e-con-full e-flex e-con e-child\" data-id=\"7091348\" data-element_type=\"container\">\n\t\t\t\t<div class=\"elementor-element elementor-element-e343e6e elementor-widget__width-initial elementor-widget-mobile__width-initial elementor-widget-tablet__width-initial elementor-widget elementor-widget-image\" data-id=\"e343e6e\" data-element_type=\"widget\" data-widget_type=\"image.default\">\n\t\t\t\t<div class=\"elementor-widget-container\">\n\t\t\t\t\t\t\t\t\t\t\t\t\t<img decoding=\"async\" width=\"604\" height=\"604\" src=\"https:\/\/sites.usp.br\/eifamb\/wp-content\/uploads\/sites\/1451\/2024\/03\/alexandre_souto-e1711660938533-1024x1024.jpg\" class=\"attachment-large size-large wp-image-240\" alt=\"\" srcset=\"https:\/\/sites.usp.br\/eifamb\/wp-content\/uploads\/sites\/1451\/2024\/03\/alexandre_souto-e1711660938533-1024x1024.jpg 1024w, https:\/\/sites.usp.br\/eifamb\/wp-content\/uploads\/sites\/1451\/2024\/03\/alexandre_souto-e1711660938533-300x300.jpg 300w, https:\/\/sites.usp.br\/eifamb\/wp-content\/uploads\/sites\/1451\/2024\/03\/alexandre_souto-e1711660938533-150x150.jpg 150w, https:\/\/sites.usp.br\/eifamb\/wp-content\/uploads\/sites\/1451\/2024\/03\/alexandre_souto-e1711660938533-768x768.jpg 768w, https:\/\/sites.usp.br\/eifamb\/wp-content\/uploads\/sites\/1451\/2024\/03\/alexandre_souto-e1711660938533-1536x1536.jpg 1536w, https:\/\/sites.usp.br\/eifamb\/wp-content\/uploads\/sites\/1451\/2024\/03\/alexandre_souto-e1711660938533-45x45.jpg 45w, https:\/\/sites.usp.br\/eifamb\/wp-content\/uploads\/sites\/1451\/2024\/03\/alexandre_souto-e1711660938533-200x200.jpg 200w, https:\/\/sites.usp.br\/eifamb\/wp-content\/uploads\/sites\/1451\/2024\/03\/alexandre_souto-e1711660938533-400x400.jpg 400w, https:\/\/sites.usp.br\/eifamb\/wp-content\/uploads\/sites\/1451\/2024\/03\/alexandre_souto-e1711660938533.jpg 1706w\" sizes=\"(max-width: 604px) 100vw, 604px\" \/>\t\t\t\t\t\t\t\t\t\t\t\t\t<\/div>\n\t\t\t\t<\/div>\n\t\t\t\t<div class=\"elementor-element elementor-element-b924dce elementor-widget-mobile__width-initial elementor-widget__width-initial elementor-widget elementor-widget-text-editor\" data-id=\"b924dce\" data-element_type=\"widget\" data-widget_type=\"text-editor.default\">\n\t\t\t\t<div class=\"elementor-widget-container\">\n\t\t\t\t\t\t\t<p><span style=\"color: #000000;\"><strong>Prof. Alexandre Souto Martinez<br \/><\/strong><\/span><br \/><span style=\"color: #000000;\"><strong>Contato: <\/strong>asmartinez@usp.br<\/span><\/p>\t\t\t\t\t\t<\/div>\n\t\t\t\t<\/div>\n\t\t\t\t<\/div>\n\t\t<div class=\"elementor-element elementor-element-fb1a088 e-con-full e-flex e-con e-child\" data-id=\"fb1a088\" data-element_type=\"container\">\n\t\t\t\t<div class=\"elementor-element elementor-element-2317716 elementor-widget__width-initial elementor-widget elementor-widget-image\" data-id=\"2317716\" data-element_type=\"widget\" data-widget_type=\"image.default\">\n\t\t\t\t<div class=\"elementor-widget-container\">\n\t\t\t\t\t\t\t\t\t\t\t\t\t<img decoding=\"async\" width=\"604\" height=\"604\" src=\"https:\/\/sites.usp.br\/eifamb\/wp-content\/uploads\/sites\/1451\/2024\/03\/juliana_cancina-e1711662537703-1024x1024.jpeg\" class=\"attachment-large size-large wp-image-261\" alt=\"\" srcset=\"https:\/\/sites.usp.br\/eifamb\/wp-content\/uploads\/sites\/1451\/2024\/03\/juliana_cancina-e1711662537703-1024x1024.jpeg 1024w, https:\/\/sites.usp.br\/eifamb\/wp-content\/uploads\/sites\/1451\/2024\/03\/juliana_cancina-e1711662537703-300x300.jpeg 300w, https:\/\/sites.usp.br\/eifamb\/wp-content\/uploads\/sites\/1451\/2024\/03\/juliana_cancina-e1711662537703-150x150.jpeg 150w, https:\/\/sites.usp.br\/eifamb\/wp-content\/uploads\/sites\/1451\/2024\/03\/juliana_cancina-e1711662537703-768x768.jpeg 768w, https:\/\/sites.usp.br\/eifamb\/wp-content\/uploads\/sites\/1451\/2024\/03\/juliana_cancina-e1711662537703-45x45.jpeg 45w, https:\/\/sites.usp.br\/eifamb\/wp-content\/uploads\/sites\/1451\/2024\/03\/juliana_cancina-e1711662537703-200x200.jpeg 200w, https:\/\/sites.usp.br\/eifamb\/wp-content\/uploads\/sites\/1451\/2024\/03\/juliana_cancina-e1711662537703-400x400.jpeg 400w, https:\/\/sites.usp.br\/eifamb\/wp-content\/uploads\/sites\/1451\/2024\/03\/juliana_cancina-e1711662537703.jpeg 1106w\" sizes=\"(max-width: 604px) 100vw, 604px\" \/>\t\t\t\t\t\t\t\t\t\t\t\t\t<\/div>\n\t\t\t\t<\/div>\n\t\t\t\t<div class=\"elementor-element elementor-element-69204b6 elementor-widget-mobile__width-initial elementor-widget elementor-widget-text-editor\" data-id=\"69204b6\" data-element_type=\"widget\" data-widget_type=\"text-editor.default\">\n\t\t\t\t<div class=\"elementor-widget-container\">\n\t\t\t\t\t\t\t<p><b>Prof. Juliana Cancino Bernardi<\/b><\/p><p><strong>Contato: <\/strong>jucancino@usp.br<\/p>\t\t\t\t\t\t<\/div>\n\t\t\t\t<\/div>\n\t\t\t\t<\/div>\n\t\t<div class=\"elementor-element elementor-element-f6e57e4 e-con-full e-flex e-con e-child\" data-id=\"f6e57e4\" data-element_type=\"container\">\n\t\t\t\t<div class=\"elementor-element elementor-element-d5a96e7 elementor-widget__width-initial elementor-widget elementor-widget-image\" data-id=\"d5a96e7\" data-element_type=\"widget\" data-widget_type=\"image.default\">\n\t\t\t\t<div class=\"elementor-widget-container\">\n\t\t\t\t\t\t\t\t\t\t\t\t\t<img loading=\"lazy\" decoding=\"async\" width=\"604\" height=\"604\" src=\"https:\/\/sites.usp.br\/eifamb\/wp-content\/uploads\/sites\/1451\/2024\/03\/george_cardoso-e1711662244348.png\" class=\"attachment-large size-large wp-image-256\" alt=\"\" srcset=\"https:\/\/sites.usp.br\/eifamb\/wp-content\/uploads\/sites\/1451\/2024\/03\/george_cardoso-e1711662244348.png 717w, https:\/\/sites.usp.br\/eifamb\/wp-content\/uploads\/sites\/1451\/2024\/03\/george_cardoso-e1711662244348-300x300.png 300w, https:\/\/sites.usp.br\/eifamb\/wp-content\/uploads\/sites\/1451\/2024\/03\/george_cardoso-e1711662244348-150x150.png 150w, https:\/\/sites.usp.br\/eifamb\/wp-content\/uploads\/sites\/1451\/2024\/03\/george_cardoso-e1711662244348-45x45.png 45w, https:\/\/sites.usp.br\/eifamb\/wp-content\/uploads\/sites\/1451\/2024\/03\/george_cardoso-e1711662244348-200x200.png 200w, https:\/\/sites.usp.br\/eifamb\/wp-content\/uploads\/sites\/1451\/2024\/03\/george_cardoso-e1711662244348-400x400.png 400w\" sizes=\"(max-width: 604px) 100vw, 604px\" \/>\t\t\t\t\t\t\t\t\t\t\t\t\t<\/div>\n\t\t\t\t<\/div>\n\t\t\t\t<div class=\"elementor-element elementor-element-6ae27e9 elementor-widget-mobile__width-initial elementor-widget elementor-widget-text-editor\" data-id=\"6ae27e9\" data-element_type=\"widget\" data-widget_type=\"text-editor.default\">\n\t\t\t\t<div class=\"elementor-widget-container\">\n\t\t\t\t\t\t\t<p><strong>Prof. George Cunha Cardoso<\/strong><\/p><p><strong>Contato:<\/strong> gcc@usp.br<\/p>\t\t\t\t\t\t<\/div>\n\t\t\t\t<\/div>\n\t\t\t\t<\/div>\n\t\t<div class=\"elementor-element elementor-element-346678a e-con-full e-flex e-con e-child\" data-id=\"346678a\" data-element_type=\"container\">\n\t\t\t\t<div class=\"elementor-element elementor-element-49691a6 elementor-widget__width-initial elementor-widget elementor-widget-image\" data-id=\"49691a6\" data-element_type=\"widget\" data-widget_type=\"image.default\">\n\t\t\t\t<div class=\"elementor-widget-container\">\n\t\t\t\t\t\t\t\t\t\t\t\t\t<img loading=\"lazy\" decoding=\"async\" width=\"477\" height=\"497\" src=\"https:\/\/sites.usp.br\/eifamb\/wp-content\/uploads\/sites\/1451\/2026\/05\/KaioBernardo_square.png\" class=\"attachment-large size-large wp-image-1886\" alt=\"\" srcset=\"https:\/\/sites.usp.br\/eifamb\/wp-content\/uploads\/sites\/1451\/2026\/05\/KaioBernardo_square.png 477w, https:\/\/sites.usp.br\/eifamb\/wp-content\/uploads\/sites\/1451\/2026\/05\/KaioBernardo_square-288x300.png 288w, https:\/\/sites.usp.br\/eifamb\/wp-content\/uploads\/sites\/1451\/2026\/05\/KaioBernardo_square-400x417.png 400w\" sizes=\"(max-width: 477px) 100vw, 477px\" \/>\t\t\t\t\t\t\t\t\t\t\t\t\t<\/div>\n\t\t\t\t<\/div>\n\t\t\t\t<div class=\"elementor-element elementor-element-56b0b85 elementor-widget-mobile__width-initial elementor-widget elementor-widget-text-editor\" data-id=\"56b0b85\" data-element_type=\"widget\" data-widget_type=\"text-editor.default\">\n\t\t\t\t<div class=\"elementor-widget-container\">\n\t\t\t\t\t\t\t<p><b>Kaio Bernardo de Barros<\/b><\/p><p>Aluno do Professor Luciano Bachmann<\/p><p><strong>Contato: <\/strong>l.b@usp.br<\/p>\t\t\t\t\t\t<\/div>\n\t\t\t\t<\/div>\n\t\t\t\t<\/div>\n\t\t<div class=\"elementor-element elementor-element-8d21cf2 e-con-full e-flex e-con e-child\" data-id=\"8d21cf2\" data-element_type=\"container\">\n\t\t\t\t<div class=\"elementor-element elementor-element-3e15c3c elementor-widget__width-initial elementor-widget elementor-widget-image\" data-id=\"3e15c3c\" data-element_type=\"widget\" data-widget_type=\"image.default\">\n\t\t\t\t<div class=\"elementor-widget-container\">\n\t\t\t\t\t\t\t\t\t\t\t\t\t<img loading=\"lazy\" decoding=\"async\" width=\"506\" height=\"537\" src=\"https:\/\/sites.usp.br\/eifamb\/wp-content\/uploads\/sites\/1451\/2026\/05\/LuismarBarbosa.png\" class=\"attachment-large size-large wp-image-1887\" alt=\"\" srcset=\"https:\/\/sites.usp.br\/eifamb\/wp-content\/uploads\/sites\/1451\/2026\/05\/LuismarBarbosa.png 506w, https:\/\/sites.usp.br\/eifamb\/wp-content\/uploads\/sites\/1451\/2026\/05\/LuismarBarbosa-283x300.png 283w, https:\/\/sites.usp.br\/eifamb\/wp-content\/uploads\/sites\/1451\/2026\/05\/LuismarBarbosa-400x425.png 400w\" sizes=\"(max-width: 506px) 100vw, 506px\" \/>\t\t\t\t\t\t\t\t\t\t\t\t\t<\/div>\n\t\t\t\t<\/div>\n\t\t\t\t<div class=\"elementor-element elementor-element-8240086 elementor-widget-mobile__width-initial elementor-widget elementor-widget-text-editor\" data-id=\"8240086\" data-element_type=\"widget\" data-widget_type=\"text-editor.default\">\n\t\t\t\t<div class=\"elementor-widget-container\">\n\t\t\t\t\t\t\t<p><b>Prof. Luismar Barbosa da Cruz Junior<\/b><\/p><p><strong>Contato: <\/strong>luismar@usp.br<\/p>\t\t\t\t\t\t<\/div>\n\t\t\t\t<\/div>\n\t\t\t\t<\/div>\n\t\t<div class=\"elementor-element elementor-element-fef3fe0 e-con-full e-flex e-con e-child\" data-id=\"fef3fe0\" data-element_type=\"container\">\n\t\t\t\t<div class=\"elementor-element elementor-element-738df4b elementor-widget__width-initial elementor-widget elementor-widget-image\" data-id=\"738df4b\" data-element_type=\"widget\" data-widget_type=\"image.default\">\n\t\t\t\t<div class=\"elementor-widget-container\">\n\t\t\t\t\t\t\t\t\t\t\t\t\t<img loading=\"lazy\" decoding=\"async\" width=\"604\" height=\"698\" src=\"https:\/\/sites.usp.br\/eifamb\/wp-content\/uploads\/sites\/1451\/2026\/05\/RenataLeoni-886x1024.jpeg\" class=\"attachment-large size-large wp-image-1889\" alt=\"\" srcset=\"https:\/\/sites.usp.br\/eifamb\/wp-content\/uploads\/sites\/1451\/2026\/05\/RenataLeoni-886x1024.jpeg 886w, https:\/\/sites.usp.br\/eifamb\/wp-content\/uploads\/sites\/1451\/2026\/05\/RenataLeoni-259x300.jpeg 259w, https:\/\/sites.usp.br\/eifamb\/wp-content\/uploads\/sites\/1451\/2026\/05\/RenataLeoni-768x888.jpeg 768w, https:\/\/sites.usp.br\/eifamb\/wp-content\/uploads\/sites\/1451\/2026\/05\/RenataLeoni-400x463.jpeg 400w, https:\/\/sites.usp.br\/eifamb\/wp-content\/uploads\/sites\/1451\/2026\/05\/RenataLeoni.jpeg 1107w\" sizes=\"(max-width: 604px) 100vw, 604px\" \/>\t\t\t\t\t\t\t\t\t\t\t\t\t<\/div>\n\t\t\t\t<\/div>\n\t\t\t\t<div class=\"elementor-element elementor-element-8eea540 elementor-widget-mobile__width-initial elementor-widget__width-initial elementor-widget elementor-widget-text-editor\" data-id=\"8eea540\" data-element_type=\"widget\" data-widget_type=\"text-editor.default\">\n\t\t\t\t<div class=\"elementor-widget-container\">\n\t\t\t\t\t\t\t<p><b>Prof. Renata Ferranti Leoni<\/b><\/p><p><strong>Contato: <\/strong>leonirf@usp.br<\/p>\t\t\t\t\t\t<\/div>\n\t\t\t\t<\/div>\n\t\t\t\t<\/div>\n\t\t<div class=\"elementor-element elementor-element-6abbe92 e-con-full e-flex e-con e-child\" data-id=\"6abbe92\" data-element_type=\"container\">\n\t\t\t\t<div class=\"elementor-element elementor-element-2a2e9b9 elementor-widget__width-initial elementor-widget elementor-widget-image\" data-id=\"2a2e9b9\" data-element_type=\"widget\" data-widget_type=\"image.default\">\n\t\t\t\t<div class=\"elementor-widget-container\">\n\t\t\t\t\t\t\t\t\t\t\t\t\t<img loading=\"lazy\" decoding=\"async\" width=\"508\" height=\"563\" src=\"https:\/\/sites.usp.br\/eifamb\/wp-content\/uploads\/sites\/1451\/2026\/05\/Theo.jpg\" class=\"attachment-large size-large wp-image-1888\" alt=\"\" srcset=\"https:\/\/sites.usp.br\/eifamb\/wp-content\/uploads\/sites\/1451\/2026\/05\/Theo.jpg 508w, https:\/\/sites.usp.br\/eifamb\/wp-content\/uploads\/sites\/1451\/2026\/05\/Theo-271x300.jpg 271w, https:\/\/sites.usp.br\/eifamb\/wp-content\/uploads\/sites\/1451\/2026\/05\/Theo-400x443.jpg 400w\" sizes=\"(max-width: 508px) 100vw, 508px\" \/>\t\t\t\t\t\t\t\t\t\t\t\t\t<\/div>\n\t\t\t\t<\/div>\n\t\t\t\t<div class=\"elementor-element elementor-element-2cc6ded elementor-widget-mobile__width-initial elementor-widget elementor-widget-text-editor\" data-id=\"2cc6ded\" data-element_type=\"widget\" data-widget_type=\"text-editor.default\">\n\t\t\t\t<div class=\"elementor-widget-container\">\n\t\t\t\t\t\t\t<p><strong>Prof. Theo Zeferino Pavan<\/strong><\/p>\n<p><b>Contato:&nbsp;<br><\/b>theozp@usp.br<\/p>\t\t\t\t\t\t<\/div>\n\t\t\t\t<\/div>\n\t\t\t\t<\/div>\n\t\t\t\t<\/div>\n\t\t\t\t<\/div>\n\t\t","protected":false},"excerpt":{"rendered":"<p>PALESTRANTES 2026 Venha conferir os palestrantes confirmados at\u00e9 o momento! Prof. Ant\u00f4nio Jos\u00e9 da Costa FilhoContato: ajcosta@usp.br\u3164 Prof. Alexandre Souto MartinezContato: asmartinez@usp.br Prof. Juliana Cancino Bernardi Contato: jucancino@usp.br Prof. George Cunha Cardoso Contato: gcc@usp.br Kaio Bernardo de Barros Aluno do Professor Luciano Bachmann Contato: l.b@usp.br Prof. Luismar Barbosa da Cruz Junior Contato: luismar@usp.br Prof. Renata [&hellip;]<\/p>\n","protected":false},"author":1,"featured_media":0,"parent":0,"menu_order":3,"comment_status":"closed","ping_status":"closed","template":"elementor_header_footer","meta":{"footnotes":"","_links_to":"","_links_to_target":""},"class_list":["post-62","page","type-page","status-publish","hentry"],"yoast_head":"<!-- This site is optimized with the Yoast SEO plugin v27.5 - https:\/\/yoast.com\/product\/yoast-seo-wordpress\/ -->\n<title>Palestrantes - EIFAMB - Escola de Inverno FAMB<\/title>\n<meta name=\"robots\" content=\"index, follow, max-snippet:-1, max-image-preview:large, max-video-preview:-1\" \/>\n<link rel=\"canonical\" href=\"https:\/\/sites.usp.br\/eifamb\/palestrantes\/\" \/>\n<script type=\"application\/ld+json\" class=\"yoast-schema-graph\">{\"@context\":\"https:\\\/\\\/schema.org\",\"@graph\":[{\"@type\":\"WebPage\",\"@id\":\"https:\\\/\\\/sites.usp.br\\\/eifamb\\\/palestrantes\\\/\",\"url\":\"https:\\\/\\\/sites.usp.br\\\/eifamb\\\/palestrantes\\\/\",\"name\":\"Palestrantes - EIFAMB - Escola de Inverno FAMB\",\"isPartOf\":{\"@id\":\"https:\\\/\\\/sites.usp.br\\\/eifamb\\\/#website\"},\"primaryImageOfPage\":{\"@id\":\"https:\\\/\\\/sites.usp.br\\\/eifamb\\\/palestrantes\\\/#primaryimage\"},\"image\":{\"@id\":\"https:\\\/\\\/sites.usp.br\\\/eifamb\\\/palestrantes\\\/#primaryimage\"},\"thumbnailUrl\":\"https:\\\/\\\/sites.usp.br\\\/eifamb\\\/wp-content\\\/uploads\\\/sites\\\/1451\\\/2026\\\/05\\\/AntonioCosta-1-1024x934.jpg\",\"datePublished\":\"2014-02-12T13:28:30+00:00\",\"dateModified\":\"2026-05-06T22:09:17+00:00\",\"inLanguage\":\"pt-BR\",\"potentialAction\":[{\"@type\":\"ReadAction\",\"target\":[\"https:\\\/\\\/sites.usp.br\\\/eifamb\\\/palestrantes\\\/\"]}]},{\"@type\":\"ImageObject\",\"inLanguage\":\"pt-BR\",\"@id\":\"https:\\\/\\\/sites.usp.br\\\/eifamb\\\/palestrantes\\\/#primaryimage\",\"url\":\"https:\\\/\\\/sites.usp.br\\\/eifamb\\\/wp-content\\\/uploads\\\/sites\\\/1451\\\/2026\\\/05\\\/AntonioCosta-1.jpg\",\"contentUrl\":\"https:\\\/\\\/sites.usp.br\\\/eifamb\\\/wp-content\\\/uploads\\\/sites\\\/1451\\\/2026\\\/05\\\/AntonioCosta-1.jpg\",\"width\":1315,\"height\":1200},{\"@type\":\"WebSite\",\"@id\":\"https:\\\/\\\/sites.usp.br\\\/eifamb\\\/#website\",\"url\":\"https:\\\/\\\/sites.usp.br\\\/eifamb\\\/\",\"name\":\"EIFAMB - Escola de Inverno FAMB\",\"description\":\"Conhe\u00e7a a Escola de Inverno do Programa de P\u00f3s-gradua\u00e7\u00e3o em F\u00edsica Aplicada \u00e0 Medicina e Biologia - USP\\\/RP\",\"publisher\":{\"@id\":\"https:\\\/\\\/sites.usp.br\\\/eifamb\\\/#organization\"},\"potentialAction\":[{\"@type\":\"SearchAction\",\"target\":{\"@type\":\"EntryPoint\",\"urlTemplate\":\"https:\\\/\\\/sites.usp.br\\\/eifamb\\\/?s={search_term_string}\"},\"query-input\":{\"@type\":\"PropertyValueSpecification\",\"valueRequired\":true,\"valueName\":\"search_term_string\"}}],\"inLanguage\":\"pt-BR\"},{\"@type\":\"Organization\",\"@id\":\"https:\\\/\\\/sites.usp.br\\\/eifamb\\\/#organization\",\"name\":\"EIFAMB - Escola de Inverno em F\u00edsica Aplicada \u00e0 Medicina e Biologia\",\"url\":\"https:\\\/\\\/sites.usp.br\\\/eifamb\\\/\",\"logo\":{\"@type\":\"ImageObject\",\"inLanguage\":\"pt-BR\",\"@id\":\"https:\\\/\\\/sites.usp.br\\\/eifamb\\\/#\\\/schema\\\/logo\\\/image\\\/\",\"url\":\"https:\\\/\\\/sites.usp.br\\\/eifamb\\\/wp-content\\\/uploads\\\/sites\\\/1451\\\/2024\\\/04\\\/logo-eifamb-completo.png\",\"contentUrl\":\"https:\\\/\\\/sites.usp.br\\\/eifamb\\\/wp-content\\\/uploads\\\/sites\\\/1451\\\/2024\\\/04\\\/logo-eifamb-completo.png\",\"width\":1080,\"height\":1080,\"caption\":\"EIFAMB - Escola de Inverno em F\u00edsica Aplicada \u00e0 Medicina e Biologia\"},\"image\":{\"@id\":\"https:\\\/\\\/sites.usp.br\\\/eifamb\\\/#\\\/schema\\\/logo\\\/image\\\/\"},\"sameAs\":[\"https:\\\/\\\/www.facebook.com\\\/eifamb\\\/\",\"https:\\\/\\\/www.instagram.com\\\/eifamb_usp\\\/\"]}]}<\/script>\n<!-- \/ Yoast SEO plugin. -->","yoast_head_json":{"title":"Palestrantes - EIFAMB - Escola de Inverno FAMB","robots":{"index":"index","follow":"follow","max-snippet":"max-snippet:-1","max-image-preview":"max-image-preview:large","max-video-preview":"max-video-preview:-1"},"canonical":"https:\/\/sites.usp.br\/eifamb\/palestrantes\/","schema":{"@context":"https:\/\/schema.org","@graph":[{"@type":"WebPage","@id":"https:\/\/sites.usp.br\/eifamb\/palestrantes\/","url":"https:\/\/sites.usp.br\/eifamb\/palestrantes\/","name":"Palestrantes - EIFAMB - Escola de Inverno FAMB","isPartOf":{"@id":"https:\/\/sites.usp.br\/eifamb\/#website"},"primaryImageOfPage":{"@id":"https:\/\/sites.usp.br\/eifamb\/palestrantes\/#primaryimage"},"image":{"@id":"https:\/\/sites.usp.br\/eifamb\/palestrantes\/#primaryimage"},"thumbnailUrl":"https:\/\/sites.usp.br\/eifamb\/wp-content\/uploads\/sites\/1451\/2026\/05\/AntonioCosta-1-1024x934.jpg","datePublished":"2014-02-12T13:28:30+00:00","dateModified":"2026-05-06T22:09:17+00:00","inLanguage":"pt-BR","potentialAction":[{"@type":"ReadAction","target":["https:\/\/sites.usp.br\/eifamb\/palestrantes\/"]}]},{"@type":"ImageObject","inLanguage":"pt-BR","@id":"https:\/\/sites.usp.br\/eifamb\/palestrantes\/#primaryimage","url":"https:\/\/sites.usp.br\/eifamb\/wp-content\/uploads\/sites\/1451\/2026\/05\/AntonioCosta-1.jpg","contentUrl":"https:\/\/sites.usp.br\/eifamb\/wp-content\/uploads\/sites\/1451\/2026\/05\/AntonioCosta-1.jpg","width":1315,"height":1200},{"@type":"WebSite","@id":"https:\/\/sites.usp.br\/eifamb\/#website","url":"https:\/\/sites.usp.br\/eifamb\/","name":"EIFAMB - Escola de Inverno FAMB","description":"Conhe\u00e7a a Escola de Inverno do Programa de P\u00f3s-gradua\u00e7\u00e3o em F\u00edsica Aplicada \u00e0 Medicina e Biologia - USP\/RP","publisher":{"@id":"https:\/\/sites.usp.br\/eifamb\/#organization"},"potentialAction":[{"@type":"SearchAction","target":{"@type":"EntryPoint","urlTemplate":"https:\/\/sites.usp.br\/eifamb\/?s={search_term_string}"},"query-input":{"@type":"PropertyValueSpecification","valueRequired":true,"valueName":"search_term_string"}}],"inLanguage":"pt-BR"},{"@type":"Organization","@id":"https:\/\/sites.usp.br\/eifamb\/#organization","name":"EIFAMB - Escola de Inverno em F\u00edsica Aplicada \u00e0 Medicina e Biologia","url":"https:\/\/sites.usp.br\/eifamb\/","logo":{"@type":"ImageObject","inLanguage":"pt-BR","@id":"https:\/\/sites.usp.br\/eifamb\/#\/schema\/logo\/image\/","url":"https:\/\/sites.usp.br\/eifamb\/wp-content\/uploads\/sites\/1451\/2024\/04\/logo-eifamb-completo.png","contentUrl":"https:\/\/sites.usp.br\/eifamb\/wp-content\/uploads\/sites\/1451\/2024\/04\/logo-eifamb-completo.png","width":1080,"height":1080,"caption":"EIFAMB - Escola de Inverno em F\u00edsica Aplicada \u00e0 Medicina e Biologia"},"image":{"@id":"https:\/\/sites.usp.br\/eifamb\/#\/schema\/logo\/image\/"},"sameAs":["https:\/\/www.facebook.com\/eifamb\/","https:\/\/www.instagram.com\/eifamb_usp\/"]}]}},"_links":{"self":[{"href":"https:\/\/sites.usp.br\/eifamb\/wp-json\/wp\/v2\/pages\/62","targetHints":{"allow":["GET"]}}],"collection":[{"href":"https:\/\/sites.usp.br\/eifamb\/wp-json\/wp\/v2\/pages"}],"about":[{"href":"https:\/\/sites.usp.br\/eifamb\/wp-json\/wp\/v2\/types\/page"}],"author":[{"embeddable":true,"href":"https:\/\/sites.usp.br\/eifamb\/wp-json\/wp\/v2\/users\/1"}],"replies":[{"embeddable":true,"href":"https:\/\/sites.usp.br\/eifamb\/wp-json\/wp\/v2\/comments?post=62"}],"version-history":[{"count":4,"href":"https:\/\/sites.usp.br\/eifamb\/wp-json\/wp\/v2\/pages\/62\/revisions"}],"predecessor-version":[{"id":1942,"href":"https:\/\/sites.usp.br\/eifamb\/wp-json\/wp\/v2\/pages\/62\/revisions\/1942"}],"wp:attachment":[{"href":"https:\/\/sites.usp.br\/eifamb\/wp-json\/wp\/v2\/media?parent=62"}],"curies":[{"name":"wp","href":"https:\/\/api.w.org\/{rel}","templated":true}]}}