{"id":162,"date":"2023-10-19T12:56:15","date_gmt":"2023-10-19T14:56:15","guid":{"rendered":"https:\/\/sites.usp.br\/embrapii\/?page_id=162"},"modified":"2026-02-27T16:15:29","modified_gmt":"2026-02-27T18:15:29","slug":"projetos","status":"publish","type":"page","link":"https:\/\/sites.usp.br\/embrapii\/projetos\/","title":{"rendered":"Projetos"},"content":{"rendered":"\t\t<div data-elementor-type=\"wp-page\" data-elementor-id=\"162\" class=\"elementor elementor-162\" data-elementor-post-type=\"page\">\n\t\t\t\t\t\t<section class=\"elementor-section elementor-top-section elementor-element elementor-element-9c8ca41 elementor-section-full_width elementor-section-stretched elementor-section-height-default elementor-section-height-default elementor-invisible\" data-id=\"9c8ca41\" data-element_type=\"section\" data-settings=\"{&quot;stretch_section&quot;:&quot;section-stretched&quot;,&quot;background_background&quot;:&quot;classic&quot;,&quot;animation&quot;:&quot;slideInLeft&quot;}\">\n\t\t\t\t\t\t<div class=\"elementor-container elementor-column-gap-default\">\n\t\t\t\t\t<div class=\"elementor-column elementor-col-100 elementor-top-column elementor-element elementor-element-4e5bc59\" data-id=\"4e5bc59\" data-element_type=\"column\">\n\t\t\t<div class=\"elementor-widget-wrap elementor-element-populated\">\n\t\t\t\t\t\t<div class=\"elementor-element elementor-element-91f8084 elementor-widget elementor-widget-heading\" data-id=\"91f8084\" data-element_type=\"widget\" data-widget_type=\"heading.default\">\n\t\t\t\t<div class=\"elementor-widget-container\">\n\t\t\t<h5 class=\"elementor-heading-title elementor-size-default\">PROJETOS<\/h5>\t\t<\/div>\n\t\t\t\t<\/div>\n\t\t\t\t\t<\/div>\n\t\t<\/div>\n\t\t\t\t\t<\/div>\n\t\t<\/section>\n\t\t\t\t<section class=\"elementor-section elementor-top-section elementor-element elementor-element-45ebd49 elementor-section-full_width elementor-section-stretched elementor-section-height-default elementor-section-height-default elementor-invisible\" data-id=\"45ebd49\" data-element_type=\"section\" data-settings=\"{&quot;stretch_section&quot;:&quot;section-stretched&quot;,&quot;background_background&quot;:&quot;classic&quot;,&quot;animation&quot;:&quot;slideInUp&quot;}\">\n\t\t\t\t\t\t<div class=\"elementor-container elementor-column-gap-default\">\n\t\t\t\t\t<div class=\"elementor-column elementor-col-100 elementor-top-column elementor-element elementor-element-2aa23c1\" data-id=\"2aa23c1\" data-element_type=\"column\">\n\t\t\t<div class=\"elementor-widget-wrap elementor-element-populated\">\n\t\t\t\t\t\t<div class=\"elementor-element elementor-element-9171c58 elementor-widget__width-initial elementor-widget elementor-widget-text-editor\" data-id=\"9171c58\" data-element_type=\"widget\" data-widget_type=\"text-editor.default\">\n\t\t\t\t<div class=\"elementor-widget-container\">\n\t\t\t\t\t\t\t<p style=\"text-align: center;\">Conhe\u00e7a quais s\u00e3o os <span style=\"color: #33cccc;\"><a style=\"color: #33cccc;\" href=\"https:\/\/storage.googleapis.com\/uploads-site-embrapii\/2025\/01\/Lista-Projetos-Embrapii_10Abr2025.pdf\" target=\"_blank\" rel=\"noopener\">projetos<\/a><\/span> em andamento em parceria com a Unidade EMBRAPII FMRP USP.<\/p>\t\t\t\t\t\t<\/div>\n\t\t\t\t<\/div>\n\t\t\t\t\t<\/div>\n\t\t<\/div>\n\t\t\t\t\t<\/div>\n\t\t<\/section>\n\t\t\t\t<section class=\"elementor-section elementor-top-section elementor-element elementor-element-9830ac4 elementor-section-full_width elementor-section-stretched elementor-section-height-default elementor-section-height-default\" data-id=\"9830ac4\" data-element_type=\"section\" data-settings=\"{&quot;stretch_section&quot;:&quot;section-stretched&quot;}\">\n\t\t\t\t\t\t<div class=\"elementor-container elementor-column-gap-default\">\n\t\t\t\t\t<div class=\"elementor-column elementor-col-100 elementor-top-column elementor-element elementor-element-e2dfe5d\" data-id=\"e2dfe5d\" data-element_type=\"column\">\n\t\t\t<div class=\"elementor-widget-wrap elementor-element-populated\">\n\t\t\t\t\t\t<div class=\"elementor-element elementor-element-20dd597 elementor--h-position-center elementor--v-position-middle elementor-arrows-position-inside elementor-pagination-position-inside elementor-widget elementor-widget-slides\" data-id=\"20dd597\" data-element_type=\"widget\" data-settings=\"{&quot;navigation&quot;:&quot;both&quot;,&quot;autoplay&quot;:&quot;yes&quot;,&quot;pause_on_hover&quot;:&quot;yes&quot;,&quot;pause_on_interaction&quot;:&quot;yes&quot;,&quot;autoplay_speed&quot;:5000,&quot;infinite&quot;:&quot;yes&quot;,&quot;transition&quot;:&quot;slide&quot;,&quot;transition_speed&quot;:500}\" data-widget_type=\"slides.default\">\n\t\t\t\t<div class=\"elementor-widget-container\">\n\t\t\t\t\t<div class=\"elementor-swiper\">\n\t\t\t<div class=\"elementor-slides-wrapper elementor-main-swiper swiper\" dir=\"ltr\" data-animation=\"fadeInUp\">\n\t\t\t\t<div class=\"swiper-wrapper elementor-slides\">\n\t\t\t\t\t\t\t\t\t\t<div class=\"elementor-repeater-item-3d084ac swiper-slide\"><div class=\"swiper-slide-bg\" role=\"img\"><\/div><div class=\"swiper-slide-inner\" ><div class=\"swiper-slide-contents\"><div class=\"elementor-slide-heading\">Avalia\u00e7\u00e3o e testes das hip\u00f3teses\u00a0 visando a efici\u00eancia de\u00a0 uma vacina de preven\u00e7\u00e3o ao SARS-Cov-2 no modelo murino in vivo.<\/div><div class=\"elementor-slide-description\">Empresa parceira: FUTR BIO LTDA<\/div><\/div><\/div><\/div><div class=\"elementor-repeater-item-6c4fc3b swiper-slide\"><div class=\"swiper-slide-bg\" role=\"img\"><\/div><div class=\"swiper-slide-inner\" ><div class=\"swiper-slide-contents\"><div class=\"elementor-slide-heading\">Estudo cl\u00ednico explorat\u00f3rio\u00a0 para avalia\u00e7\u00e3o\u00a0 do potencial terap\u00eautico do Canabidiol no tratamento dos sintomas de\u00a0 pacientes com\u00a0 transtorno do espectro autista (TEA).<\/div><div class=\"elementor-slide-description\">Empresa parceira: PRATI, DONADUZZI & CIA LTDA<\/div><\/div><\/div><\/div><div class=\"elementor-repeater-item-5b48b9c swiper-slide\"><div class=\"swiper-slide-bg\" role=\"img\"><\/div><div class=\"swiper-slide-inner\" ><div class=\"swiper-slide-contents\"><div class=\"elementor-slide-heading\">Desenvolvimento de analg\u00e9sico para o tratamento de  dor neurop\u00e1tica a partir da biodiversidade brasileira.<\/div><div class=\"elementor-slide-description\">Empresas parceiras: Nintx, Crist\u00e1lia, Phytobios e CNPEM<\/div><\/div><\/div><\/div><div class=\"elementor-repeater-item-0c0e2da swiper-slide\"><div class=\"swiper-slide-bg\" role=\"img\"><\/div><div class=\"swiper-slide-inner\" ><div class=\"swiper-slide-contents\"><div class=\"elementor-slide-heading\">Desenvolvimento de biof\u00e1rmacos para o tratamento  de doen\u00e7as inflamat\u00f3rias cr\u00f4nicas.<\/div><div class=\"elementor-slide-description\">Empresas parceiras: Bio-Manguinhos, FIOCRUZ, FIOTEC e IOC<\/div><\/div><\/div><\/div><div class=\"elementor-repeater-item-5ed522b swiper-slide\"><div class=\"swiper-slide-bg\" role=\"img\"><\/div><div class=\"swiper-slide-inner\" ><div class=\"swiper-slide-contents\"><div class=\"elementor-slide-heading\">Caracteriza\u00e7\u00e3o quanto a efici\u00eancia de uma vacina  para a preven\u00e7\u00e3o da COVID-19 no\u00a0 modelo murino.<\/div><div class=\"elementor-slide-description\">Empresa parceira: FUTR BIO LTDA<\/div><\/div><\/div><\/div><div class=\"elementor-repeater-item-1ab2bd8 swiper-slide\"><div class=\"swiper-slide-bg\" role=\"img\"><\/div><div class=\"swiper-slide-inner\" ><div class=\"swiper-slide-contents\"><div class=\"elementor-slide-heading\">Uso de antagonista de receptor TP  para o tratamento de s\u00edndrome metab\u00f3lica.<\/div><div class=\"elementor-slide-description\">Empresa parceira: OURO\u00a0 FINO SAUDE ANIMAL LTDA<\/div><\/div><\/div><\/div>\t\t\t\t<\/div>\n\t\t\t\t\t\t\t\t\t\t\t\t\t\t\t<div class=\"swiper-pagination\"><\/div>\n\t\t\t\t\t\t\t\t\t\t\t\t\t\t\t\t<div class=\"elementor-swiper-button elementor-swiper-button-prev\" role=\"button\" tabindex=\"0\">\n\t\t\t\t\t\t\t<svg aria-hidden=\"true\" class=\"e-font-icon-svg e-eicon-chevron-left\" viewBox=\"0 0 1000 1000\" xmlns=\"http:\/\/www.w3.org\/2000\/svg\"><path d=\"M646 125C629 125 613 133 604 142L308 442C296 454 292 471 292 487 292 504 296 521 308 533L604 854C617 867 629 875 646 875 663 875 679 871 692 858 704 846 713 829 713 812 713 796 708 779 692 767L438 487 692 225C700 217 708 204 708 187 708 171 704 154 692 142 675 129 663 125 646 125Z\"><\/path><\/svg>\t\t\t\t\t\t\t<span class=\"elementor-screen-only\">Previous slide<\/span>\n\t\t\t\t\t\t<\/div>\n\t\t\t\t\t\t<div class=\"elementor-swiper-button elementor-swiper-button-next\" role=\"button\" tabindex=\"0\">\n\t\t\t\t\t\t\t<svg aria-hidden=\"true\" class=\"e-font-icon-svg e-eicon-chevron-right\" viewBox=\"0 0 1000 1000\" xmlns=\"http:\/\/www.w3.org\/2000\/svg\"><path d=\"M696 533C708 521 713 504 713 487 713 471 708 454 696 446L400 146C388 133 375 125 354 125 338 125 325 129 313 142 300 154 292 171 292 187 292 204 296 221 308 233L563 492 304 771C292 783 288 800 288 817 288 833 296 850 308 863 321 871 338 875 354 875 371 875 388 867 400 854L696 533Z\"><\/path><\/svg>\t\t\t\t\t\t\t<span class=\"elementor-screen-only\">Next slide<\/span>\n\t\t\t\t\t\t<\/div>\n\t\t\t\t\t\t\t\t\t\t\t\t<\/div>\n\t\t<\/div>\n\t\t\t\t<\/div>\n\t\t\t\t<\/div>\n\t\t\t\t\t<\/div>\n\t\t<\/div>\n\t\t\t\t\t<\/div>\n\t\t<\/section>\n\t\t\t\t<\/div>\n\t\t","protected":false},"excerpt":{"rendered":"<p>PROJETOS Conhe\u00e7a quais s\u00e3o os projetos em andamento em parceria com a Unidade EMBRAPII FMRP USP. Avalia\u00e7\u00e3o e testes das hip\u00f3teses\u00a0 visando a efici\u00eancia de\u00a0 uma vacina de preven\u00e7\u00e3o ao SARS-Cov-2 no modelo murino in vivo.Empresa parceira: FUTR BIO LTDAEstudo cl\u00ednico explorat\u00f3rio\u00a0 para avalia\u00e7\u00e3o\u00a0 do potencial terap\u00eautico do Canabidiol no tratamento dos sintomas de\u00a0 pacientes [&hellip;]<\/p>\n","protected":false},"author":23818,"featured_media":0,"parent":0,"menu_order":3,"comment_status":"closed","ping_status":"closed","template":"","meta":{"footnotes":"","_links_to":"","_links_to_target":""},"class_list":["post-162","page","type-page","status-publish","hentry","entry"],"jetpack_sharing_enabled":true,"_links":{"self":[{"href":"https:\/\/sites.usp.br\/embrapii\/wp-json\/wp\/v2\/pages\/162","targetHints":{"allow":["GET"]}}],"collection":[{"href":"https:\/\/sites.usp.br\/embrapii\/wp-json\/wp\/v2\/pages"}],"about":[{"href":"https:\/\/sites.usp.br\/embrapii\/wp-json\/wp\/v2\/types\/page"}],"author":[{"embeddable":true,"href":"https:\/\/sites.usp.br\/embrapii\/wp-json\/wp\/v2\/users\/23818"}],"replies":[{"embeddable":true,"href":"https:\/\/sites.usp.br\/embrapii\/wp-json\/wp\/v2\/comments?post=162"}],"version-history":[{"count":4,"href":"https:\/\/sites.usp.br\/embrapii\/wp-json\/wp\/v2\/pages\/162\/revisions"}],"predecessor-version":[{"id":2021,"href":"https:\/\/sites.usp.br\/embrapii\/wp-json\/wp\/v2\/pages\/162\/revisions\/2021"}],"wp:attachment":[{"href":"https:\/\/sites.usp.br\/embrapii\/wp-json\/wp\/v2\/media?parent=162"}],"curies":[{"name":"wp","href":"https:\/\/api.w.org\/{rel}","templated":true}]}}