{"id":373,"date":"2025-03-04T12:27:54","date_gmt":"2025-03-04T14:27:54","guid":{"rendered":"https:\/\/sites.usp.br\/emme\/?page_id=373"},"modified":"2025-07-17T22:58:41","modified_gmt":"2025-07-18T00:58:41","slug":"inscricao","status":"publish","type":"page","link":"https:\/\/sites.usp.br\/emme\/inscricao\/","title":{"rendered":"Inscri\u00e7\u00e3o"},"content":{"rendered":"\t\t<div data-elementor-type=\"wp-page\" data-elementor-id=\"373\" class=\"elementor elementor-373\" data-elementor-post-type=\"page\">\n\t\t\t\t<div class=\"elementor-element elementor-element-4bfcfdb e-flex e-con-boxed e-con e-parent\" data-id=\"4bfcfdb\" data-element_type=\"container\">\n\t\t\t\t\t<div class=\"e-con-inner\">\n\t\t\t\t<div class=\"elementor-element elementor-element-746a88a elementor-widget elementor-widget-spacer\" data-id=\"746a88a\" data-element_type=\"widget\" data-widget_type=\"spacer.default\">\n\t\t\t\t<div class=\"elementor-widget-container\">\n\t\t\t\t\t<div class=\"elementor-spacer\">\n\t\t\t<div class=\"elementor-spacer-inner\"><\/div>\n\t\t<\/div>\n\t\t\t\t<\/div>\n\t\t\t\t<\/div>\n\t\t\t\t<div class=\"elementor-element elementor-element-4abd986 elementor-widget elementor-widget-text-editor\" data-id=\"4abd986\" data-element_type=\"widget\" data-widget_type=\"text-editor.default\">\n\t\t\t\t<div class=\"elementor-widget-container\">\n\t\t\t\t\t\t\t<p>INSCRI\u00c7\u00c3O<\/p>\t\t\t\t\t\t<\/div>\n\t\t\t\t<\/div>\n\t\t\t\t\t<\/div>\n\t\t\t\t<\/div>\n\t\t<div class=\"elementor-element elementor-element-ee6ca51 e-flex e-con-boxed e-con e-parent\" data-id=\"ee6ca51\" data-element_type=\"container\">\n\t\t\t\t\t<div class=\"e-con-inner\">\n\t\t\t\t<div class=\"elementor-element elementor-element-48302ea elementor-widget elementor-widget-text-editor\" data-id=\"48302ea\" data-element_type=\"widget\" data-widget_type=\"text-editor.default\">\n\t\t\t\t<div class=\"elementor-widget-container\">\n\t\t\t\t\t\t\t<div class=\"gmail_default\"><p>O formul\u00e1rio de inscri\u00e7\u00e3o foi elaborado para atender dois perfis de participantes:<\/p><p><img decoding=\"async\" class=\"an1\" draggable=\"false\" src=\"https:\/\/fonts.gstatic.com\/s\/e\/notoemoji\/16.0\/0031_fe0f_20e3\/72.png\" alt=\"1\ufe0f\u20e3\" width=\"33\" height=\"33\" data-emoji=\"1\ufe0f\u20e3\" aria-label=\"1\ufe0f\u20e3\" \/>\u00a0 \u00a0<strong>Participantes das Atividades em Grupo + Palestras<\/strong><\/p><ul><li>Participar\u00e3o das atividades em grupo (online e presenciais) e das palestras.<\/li><li>Passam por processo seletivo.<\/li><li>Devem informar os dados da pessoa que far\u00e1 sua recomenda\u00e7\u00e3o e anexar uma carta de apresenta\u00e7\u00e3o, destacando seu interesse e motiva\u00e7\u00e3o para participar.<\/li><\/ul><p><img decoding=\"async\" class=\"an1\" draggable=\"false\" src=\"https:\/\/fonts.gstatic.com\/s\/e\/notoemoji\/16.0\/0032_fe0f_20e3\/72.png\" alt=\"2\ufe0f\u20e3\" width=\"33\" height=\"33\" data-emoji=\"2\ufe0f\u20e3\" aria-label=\"2\ufe0f\u20e3\" \/>\u00a0 \u00a0<strong>Participantes Ouvintes (somente Palestras)<\/strong><\/p><ul><li>Participar\u00e3o apenas das palestras presenciais nos dias 16 e 17 de outubro.<\/li><li>N\u00e3o precisam de carta de recomenda\u00e7\u00e3o nem de apresenta\u00e7\u00e3o.<\/li><\/ul><p><img decoding=\"async\" class=\"an1\" draggable=\"false\" src=\"https:\/\/fonts.gstatic.com\/s\/e\/notoemoji\/16.0\/1f4cc\/72.png\" alt=\"\ud83d\udccc\" width=\"33\" height=\"33\" data-emoji=\"\ud83d\udccc\" aria-label=\"\ud83d\udccc\" \/><strong>\u00a0 \u00a0Informa\u00e7\u00f5es importantes:<\/strong><\/p><ul><li><strong>Prazo de inscri\u00e7\u00e3o: <del>at\u00e9 30 de junho de 2025\u00a0<\/del> <span style=\"color: red;\"> Prorrogado at\u00e9 04 de julho de 2025<\/span><\/strong><\/li><li>Divulga\u00e7\u00e3o dos selecionados: 31 de julho de 2025<\/li><li>Participantes selecionados para as atividades em grupo poder\u00e3o se matricular na disciplina BMP5799 \u2013 &#8220;Modelagem de Sistemas Biol\u00f3gicos: Fundamentos e Aplica\u00e7\u00f5es&#8221; (2 cr\u00e9ditos).<\/li><\/ul><p><a href=\"https:\/\/forms.gle\/9rTH4T4swEZgYHmt7\"><img loading=\"lazy\" decoding=\"async\" class=\"an1\" draggable=\"false\" src=\"https:\/\/fonts.gstatic.com\/s\/e\/notoemoji\/16.0\/1f517\/72.png\" alt=\"\ud83d\udd17\" width=\"32\" height=\"32\" data-emoji=\"\ud83d\udd17\" aria-label=\"\ud83d\udd17\" \/><\/a>\u00a0 \u00a0<strong>\u00a0<a href=\"https:\/\/forms.gle\/9rTH4T4swEZgYHmt7\">Link da Inscri\u00e7\u00e3o<\/a><\/strong><\/p><\/div><div class=\"gmail_default\">Preencha com aten\u00e7\u00e3o, indicando corretamente o tipo de participa\u00e7\u00e3o desejada. Todas as informa\u00e7\u00f5es fornecidas ser\u00e3o consideradas no processo de sele\u00e7\u00e3o e organiza\u00e7\u00e3o do evento.<\/div>\t\t\t\t\t\t<\/div>\n\t\t\t\t<\/div>\n\t\t\t\t\t<\/div>\n\t\t\t\t<\/div>\n\t\t<div class=\"elementor-element elementor-element-ba6b66a e-flex e-con-boxed e-con e-parent\" data-id=\"ba6b66a\" data-element_type=\"container\">\n\t\t\t\t\t<div class=\"e-con-inner\">\n\t\t\t\t<div class=\"elementor-element elementor-element-dca5d72 elementor-widget elementor-widget-spacer\" data-id=\"dca5d72\" data-element_type=\"widget\" data-widget_type=\"spacer.default\">\n\t\t\t\t<div class=\"elementor-widget-container\">\n\t\t\t\t\t<div class=\"elementor-spacer\">\n\t\t\t<div class=\"elementor-spacer-inner\"><\/div>\n\t\t<\/div>\n\t\t\t\t<\/div>\n\t\t\t\t<\/div>\n\t\t\t\t\t<\/div>\n\t\t\t\t<\/div>\n\t\t\t\t<\/div>\n\t\t","protected":false},"excerpt":{"rendered":"<p>INSCRI\u00c7\u00c3O O formul\u00e1rio de inscri\u00e7\u00e3o foi elaborado para atender dois perfis de participantes: \u00a0 \u00a0Participantes das Atividades em Grupo + Palestras Participar\u00e3o das atividades em grupo (online e presenciais) e das palestras. Passam por processo seletivo. Devem informar os dados da pessoa que far\u00e1 sua recomenda\u00e7\u00e3o e anexar uma carta de apresenta\u00e7\u00e3o, destacando seu interesse<a href=\"https:\/\/sites.usp.br\/emme\/inscricao\/\">[&#8230;]<\/a><\/p>\n","protected":false},"author":24434,"featured_media":0,"parent":0,"menu_order":0,"comment_status":"closed","ping_status":"closed","template":"","meta":{"footnotes":"","_links_to":"","_links_to_target":""},"class_list":["post-373","page","type-page","status-publish","hentry"],"_links":{"self":[{"href":"https:\/\/sites.usp.br\/emme\/wp-json\/wp\/v2\/pages\/373","targetHints":{"allow":["GET"]}}],"collection":[{"href":"https:\/\/sites.usp.br\/emme\/wp-json\/wp\/v2\/pages"}],"about":[{"href":"https:\/\/sites.usp.br\/emme\/wp-json\/wp\/v2\/types\/page"}],"author":[{"embeddable":true,"href":"https:\/\/sites.usp.br\/emme\/wp-json\/wp\/v2\/users\/24434"}],"replies":[{"embeddable":true,"href":"https:\/\/sites.usp.br\/emme\/wp-json\/wp\/v2\/comments?post=373"}],"version-history":[{"count":4,"href":"https:\/\/sites.usp.br\/emme\/wp-json\/wp\/v2\/pages\/373\/revisions"}],"predecessor-version":[{"id":1231,"href":"https:\/\/sites.usp.br\/emme\/wp-json\/wp\/v2\/pages\/373\/revisions\/1231"}],"wp:attachment":[{"href":"https:\/\/sites.usp.br\/emme\/wp-json\/wp\/v2\/media?parent=373"}],"curies":[{"name":"wp","href":"https:\/\/api.w.org\/{rel}","templated":true}]}}