{"id":110,"date":"2019-03-15T12:06:08","date_gmt":"2019-03-15T14:06:08","guid":{"rendered":"http:\/\/sites.usp.br\/encabel\/?page_id=110"},"modified":"2025-09-30T13:55:48","modified_gmt":"2025-09-30T15:55:48","slug":"localizacao","status":"publish","type":"page","link":"https:\/\/sites.usp.br\/encabel\/localizacao\/","title":{"rendered":"Localiza\u00e7\u00e3o"},"content":{"rendered":"<p>&nbsp;<\/p>\n<h2 style=\"text-align: center;\"><strong>CONHE\u00c7A A USP!<\/strong><\/h2>\n<p style=\"text-align: center;\"><a href=\"https:\/\/sites.usp.br\/encabel\/wp-content\/uploads\/sites\/1247\/2023\/03\/mapa-USP-scaled.jpg\" rel=\"https:\/\/www.prefeiturarp.usp.br\/mapa\/mapa.jpg\"><img loading=\"lazy\" decoding=\"async\" class=\"aligncenter wp-image-196 size-large\" title=\"Mapa Campus USP - Ribeir\u00e3o Preto \" src=\"https:\/\/sites.usp.br\/encabel\/wp-content\/uploads\/sites\/1247\/2023\/03\/mapa-USP-1024x459.jpg\" alt=\"\" width=\"720\" height=\"323\" srcset=\"https:\/\/sites.usp.br\/encabel\/wp-content\/uploads\/sites\/1247\/2023\/03\/mapa-USP-1024x459.jpg 1024w, https:\/\/sites.usp.br\/encabel\/wp-content\/uploads\/sites\/1247\/2023\/03\/mapa-USP-300x134.jpg 300w, https:\/\/sites.usp.br\/encabel\/wp-content\/uploads\/sites\/1247\/2023\/03\/mapa-USP-768x344.jpg 768w, https:\/\/sites.usp.br\/encabel\/wp-content\/uploads\/sites\/1247\/2023\/03\/mapa-USP-1536x688.jpg 1536w, https:\/\/sites.usp.br\/encabel\/wp-content\/uploads\/sites\/1247\/2023\/03\/mapa-USP-2048x917.jpg 2048w, https:\/\/sites.usp.br\/encabel\/wp-content\/uploads\/sites\/1247\/2023\/03\/mapa-USP-400x179.jpg 400w\" sizes=\"auto, (max-width: 720px) 100vw, 720px\" \/><\/a><\/p>\n<h2 style=\"text-align: center;\">_______________________________________________<\/h2>\n<h1 style=\"text-align: center;\"><span style=\"color: #000000;\">Teatro USP-RP &#8211; Local do 1\u00ba dia de evento<\/span><\/h1>\n<h3 style=\"text-align: center;\"><span style=\"color: #ff6600;\"><a style=\"color: #ff6600;\" href=\"https:\/\/www.google.com\/maps\/place\/Teatro+do+Campus+-+PUSP-RP\/@-21.1673634,-47.8525568,17z\/data=!3m1!4b1!4m6!3m5!1s0x94b9bd376013d5a3:0x4dd718076769806f!8m2!3d-21.1673634!4d-47.8525568!16s%2Fg%2F11g0g_x70t?entry=ttu&amp;g_ep=EgoyMDI1MDkyOC4wIKXMDSoASAFQAw%3D%3D\" target=\"_blank\" rel=\"noopener\">Link da Localiza\u00e7\u00e3o do Teatro<\/a><\/span><\/h3>\n<h3 style=\"text-align: center;\"><span style=\"color: #000000;\">Endere\u00e7o: Bal\u00e3o Central do Campus da USP, Ribeir\u00e3o Preto &#8211; SP, 14040-900<\/span><\/h3>\n<h2 style=\"text-align: center;\">_______________________________________________<\/h2>\n<h1 style=\"text-align: center;\"><span style=\"color: #000000;\">Bloco Did\u00e1tico &#8211; FMRP<\/span><\/h1>\n<h3 style=\"text-align: center;\"><span style=\"color: #ff6600;\"><a style=\"color: #ff6600;\" href=\"https:\/\/www.google.com\/maps\/place\/Bloco+Did\u00e1tico+-+FMRP+-+Subsetor+Oeste+-+11+(N-11),+Ribeir\u00e3o+Preto+-+SP\/@-21.1639663,-47.8527869,17z\/data=!3m1!4b1!4m6!3m5!1s0x94b9bde86aec4c65:0x941ecdb53c96450f!8m2!3d-21.1639663!4d-47.8527869!16s%2Fg%2F1ptwshcgd?entry=ttu&amp;g_ep=EgoyMDI1MDkyOC4wIKXMDSoASAFQAw%3D%3D\" target=\"_blank\" rel=\"noopener\">Link da Localiza\u00e7\u00e3o do Bloco Did\u00e1tico &#8211; FMRP<\/a><\/span><\/h3>\n<h3 style=\"text-align: center;\"><span style=\"color: #000000;\">Endere\u00e7o: Rua Prof. Miguel Covian, S\/N &#8211; Campus da USP, Ribeir\u00e3o Preto &#8211; SP, 14040-900<\/span><\/h3>\n<h2 style=\"text-align: center;\">_______________________________________________<\/h2>\n<h1 style=\"text-align: center;\"><span style=\"color: #000000;\">ARFUSP &#8211; Sess\u00e3o de p\u00f4steres<\/span><\/h1>\n<h3 style=\"text-align: center;\"><span style=\"color: #ff6600;\"><a style=\"color: #ff6600;\" href=\"https:\/\/www.google.com\/maps\/place\/ARFUSP+-+Associa\u00e7\u00e3o+Ribeir\u00e3opretana+dos+Funcion\u00e1rios+da+Universidade+de+S\u00e3o+Paulo\/@-21.1695766,-47.8573492,17z\/data=!3m1!4b1!4m6!3m5!1s0x94b9bdc3e08ace49:0x7d7d7ccfdc5cd9cc!8m2!3d-21.1695766!4d-47.8573492!16s%2Fg%2F1v2jd_vr?entry=ttu&amp;g_ep=EgoyMDI1MDkyOC4wIKXMDSoASAFQAw%3D%3D\" target=\"_blank\" rel=\"noopener\">Link da Localiza\u00e7\u00e3o da ARFUSP<\/a><\/span><\/h3>\n<h3 style=\"text-align: center;\"><span style=\"color: #000000;\">Endere\u00e7o: Bal\u00e3o Central do Campus da USP, Ribeir\u00e3o Preto &#8211; SP, 14040-900<\/span><\/h3>\n<h3 style=\"text-align: center;\"><span style=\"color: #000000;\">Refer\u00eancia: Pr\u00f3ximo ao Departamento de Gen\u00e9tica da Faculdade de Medicina de Ribeir\u00e3o Preto<\/span><\/h3>\n<h2 style=\"text-align: center;\">_______________________________________________<\/h2>\n<h1 style=\"text-align: center;\"><span style=\"color: #000000;\">Restaurantes dentro do Campus<\/span><\/h1>\n<h2 style=\"text-align: center;\"><span style=\"color: #000000;\">Cantina do Valter<\/span><\/h2>\n<h3 style=\"text-align: center;\"><span style=\"color: #ff6600;\"><a style=\"color: #ff6600;\" href=\"https:\/\/www.google.com.br\/maps\/place\/Cantina+do+Valter\/@-21.1672408,-47.8498575,17z\/data=!3m1!4b1!4m6!3m5!1s0x94b9bddea8952c63:0x6f562f2a8f341a3e!8m2!3d-21.1672458!4d-47.8472826!16s%2Fg%2F11ddwj24_3?entry=ttu\" target=\"_blank\" rel=\"noopener\">Link Localiza\u00e7\u00e3o Cantina do Valter<\/a><\/span><\/h3>\n<h3 style=\"text-align: center;\"><span style=\"color: #000000;\">Endere\u00e7o: Rua Prof. Aymar Batista Prado, S\/N &#8211; Campus da USP, Ribeir\u00e3o Preto &#8211; SP, 14040-900 (Bloco das exatas)<\/span><\/h3>\n<h3 style=\"text-align: center;\"><\/h3>\n<h3 style=\"text-align: center;\"><\/h3>\n<p>&nbsp;<\/p>\n","protected":false},"excerpt":{"rendered":"<p>&nbsp; CONHE\u00c7A A USP! _______________________________________________ Teatro USP-RP &#8211; Local do 1\u00ba dia de evento Link da Localiza\u00e7\u00e3o do Teatro Endere\u00e7o: Bal\u00e3o Central do Campus da USP, Ribeir\u00e3o Preto &#8211; SP, 14040-900 _______________________________________________ Bloco Did\u00e1tico&#46;&#46;&#46;<\/p>\n","protected":false},"author":1,"featured_media":0,"parent":0,"menu_order":4,"comment_status":"closed","ping_status":"closed","template":"","meta":{"footnotes":"","_links_to":"","_links_to_target":""},"class_list":["post-110","page","type-page","status-publish","hentry"],"_links":{"self":[{"href":"https:\/\/sites.usp.br\/encabel\/wp-json\/wp\/v2\/pages\/110","targetHints":{"allow":["GET"]}}],"collection":[{"href":"https:\/\/sites.usp.br\/encabel\/wp-json\/wp\/v2\/pages"}],"about":[{"href":"https:\/\/sites.usp.br\/encabel\/wp-json\/wp\/v2\/types\/page"}],"author":[{"embeddable":true,"href":"https:\/\/sites.usp.br\/encabel\/wp-json\/wp\/v2\/users\/1"}],"replies":[{"embeddable":true,"href":"https:\/\/sites.usp.br\/encabel\/wp-json\/wp\/v2\/comments?post=110"}],"version-history":[{"count":6,"href":"https:\/\/sites.usp.br\/encabel\/wp-json\/wp\/v2\/pages\/110\/revisions"}],"predecessor-version":[{"id":773,"href":"https:\/\/sites.usp.br\/encabel\/wp-json\/wp\/v2\/pages\/110\/revisions\/773"}],"wp:attachment":[{"href":"https:\/\/sites.usp.br\/encabel\/wp-json\/wp\/v2\/media?parent=110"}],"curies":[{"name":"wp","href":"https:\/\/api.w.org\/{rel}","templated":true}]}}