{"id":669,"date":"2025-07-14T12:22:36","date_gmt":"2025-07-14T14:22:36","guid":{"rendered":"https:\/\/sites.usp.br\/encabel\/?page_id=669"},"modified":"2025-11-20T13:17:16","modified_gmt":"2025-11-20T15:17:16","slug":"resumos-e-posteres","status":"publish","type":"page","link":"https:\/\/sites.usp.br\/encabel\/resumos-e-posteres\/","title":{"rendered":"RESUMOS E P\u00d4STERES"},"content":{"rendered":"<h1 style=\"text-align: center;\"><img loading=\"lazy\" decoding=\"async\" class=\"alignnone wp-image-705 size-full\" src=\"https:\/\/sites.usp.br\/encabel\/wp-content\/uploads\/sites\/1247\/2025\/07\/INSCRICOES_PRECOS.pptx-e1753705233637.png\" alt=\"\" width=\"1280\" height=\"145\" srcset=\"https:\/\/sites.usp.br\/encabel\/wp-content\/uploads\/sites\/1247\/2025\/07\/INSCRICOES_PRECOS.pptx-e1753705233637.png 1280w, https:\/\/sites.usp.br\/encabel\/wp-content\/uploads\/sites\/1247\/2025\/07\/INSCRICOES_PRECOS.pptx-e1753705233637-300x34.png 300w, https:\/\/sites.usp.br\/encabel\/wp-content\/uploads\/sites\/1247\/2025\/07\/INSCRICOES_PRECOS.pptx-e1753705233637-1024x116.png 1024w, https:\/\/sites.usp.br\/encabel\/wp-content\/uploads\/sites\/1247\/2025\/07\/INSCRICOES_PRECOS.pptx-e1753705233637-768x87.png 768w, https:\/\/sites.usp.br\/encabel\/wp-content\/uploads\/sites\/1247\/2025\/07\/INSCRICOES_PRECOS.pptx-e1753705233637-400x45.png 400w\" sizes=\"auto, (max-width: 1280px) 100vw, 1280px\" \/><\/h1>\n<h1 style=\"text-align: center;\"><span style=\"color: #000000;\">Trabalhos e Apresenta\u00e7\u00f5es Orais Aprovados<\/span><\/h1>\n<h2 style=\"text-align: center;\"><span style=\"color: #000000;\">Confira os trabalhos aprovados aqui:<\/span><span style=\"color: #ff9900;\"> <a style=\"color: #ff9900;\" href=\"https:\/\/sites.usp.br\/encabel\/wp-content\/uploads\/sites\/1247\/2025\/11\/Lista-final-de-trabalhos-e-apresentacoes1.2.pdf\">Lista de Trabalhos e Apresenta\u00e7\u00f5es<\/a><\/span><\/h2>\n<h2 style=\"text-align: center;\"><span style=\"color: #000000;\">Apresenta\u00e7\u00f5es orais por simp\u00f3sio:<\/span> <a href=\"https:\/\/sites.usp.br\/encabel\/wp-content\/uploads\/sites\/1247\/2025\/11\/Apresentacoes-Orais-por-simposio.pdf\"><span style=\"color: #ff9900;\">Lista de Apresenta\u00e7\u00f5es Orais<\/span><\/a><\/h2>\n<h2 style=\"text-align: center;\"><span style=\"color: #000000;\">N\u00famero dos pain\u00e9is:<\/span> <a href=\"https:\/\/sites.usp.br\/encabel\/wp-content\/uploads\/sites\/1247\/2025\/11\/No_dos_Paineis-.pdf\"><span style=\"color: #ff9900;\">Lista com o n\u00famero dos pain\u00e9is<\/span><\/a><\/h2>\n<p>&nbsp;<\/p>\n<h1 style=\"text-align: center;\"><span style=\"color: #000000;\"><strong>Normas para confec\u00e7\u00e3o dos p\u00f4steres:\u00a0<\/strong><\/span><\/h1>\n<h1><span style=\"color: #000000;\"><a style=\"color: #000000;\" href=\"https:\/\/sites.usp.br\/encabel\/wp-content\/uploads\/sites\/1247\/2025\/05\/giphy-e1747754477178.gif\"><img loading=\"lazy\" decoding=\"async\" class=\"alignnone wp-image-601 \" src=\"https:\/\/sites.usp.br\/encabel\/wp-content\/uploads\/sites\/1247\/2025\/05\/giphy-e1747754477178-150x150.gif\" alt=\"\" width=\"23\" height=\"23\" srcset=\"https:\/\/sites.usp.br\/encabel\/wp-content\/uploads\/sites\/1247\/2025\/05\/giphy-e1747754477178-150x150.gif 150w, https:\/\/sites.usp.br\/encabel\/wp-content\/uploads\/sites\/1247\/2025\/05\/giphy-e1747754477178-160x160.gif 160w, https:\/\/sites.usp.br\/encabel\/wp-content\/uploads\/sites\/1247\/2025\/05\/giphy-e1747754477178-320x320.gif 320w, https:\/\/sites.usp.br\/encabel\/wp-content\/uploads\/sites\/1247\/2025\/05\/giphy-e1747754477178-45x45.gif 45w, https:\/\/sites.usp.br\/encabel\/wp-content\/uploads\/sites\/1247\/2025\/05\/giphy-e1747754477178-200x200.gif 200w\" sizes=\"auto, (max-width: 23px) 100vw, 23px\" \/><\/a> Dimens\u00f5es recomendadas:<\/span><\/h1>\n<h2><\/h2>\n<h2><a href=\"https:\/\/sites.usp.br\/encabel\/wp-content\/uploads\/sites\/1247\/2025\/10\/Junk-montages2.png\"><img loading=\"lazy\" decoding=\"async\" class=\"size-medium wp-image-857 aligncenter\" src=\"https:\/\/sites.usp.br\/encabel\/wp-content\/uploads\/sites\/1247\/2025\/10\/Junk-montages2-189x300.png\" alt=\"\" width=\"189\" height=\"300\" srcset=\"https:\/\/sites.usp.br\/encabel\/wp-content\/uploads\/sites\/1247\/2025\/10\/Junk-montages2-189x300.png 189w, https:\/\/sites.usp.br\/encabel\/wp-content\/uploads\/sites\/1247\/2025\/10\/Junk-montages2-647x1024.png 647w, https:\/\/sites.usp.br\/encabel\/wp-content\/uploads\/sites\/1247\/2025\/10\/Junk-montages2-379x600.png 379w, https:\/\/sites.usp.br\/encabel\/wp-content\/uploads\/sites\/1247\/2025\/10\/Junk-montages2.png 682w\" sizes=\"auto, (max-width: 189px) 100vw, 189px\" \/><\/a><\/h2>\n<h3 style=\"text-align: center;\"><span style=\"color: #000000;\">Orienta\u00e7\u00e3o do p\u00f4ster: Retrato<\/span><\/h3>\n<h2 style=\"text-align: center;\"><a href=\"https:\/\/sites.usp.br\/encabel\/wp-content\/uploads\/sites\/1247\/2025\/11\/logo_xiv_esa.png\">Logo do evento aqui!<\/a><\/h2>\n<h1><span style=\"color: #000000;\"><a style=\"color: #000000;\" href=\"https:\/\/sites.usp.br\/encabel\/wp-content\/uploads\/sites\/1247\/2025\/05\/giphy-e1747754477178.gif\"><img loading=\"lazy\" decoding=\"async\" class=\"alignnone wp-image-601 \" src=\"https:\/\/sites.usp.br\/encabel\/wp-content\/uploads\/sites\/1247\/2025\/05\/giphy-e1747754477178-150x150.gif\" alt=\"\" width=\"23\" height=\"23\" srcset=\"https:\/\/sites.usp.br\/encabel\/wp-content\/uploads\/sites\/1247\/2025\/05\/giphy-e1747754477178-150x150.gif 150w, https:\/\/sites.usp.br\/encabel\/wp-content\/uploads\/sites\/1247\/2025\/05\/giphy-e1747754477178-160x160.gif 160w, https:\/\/sites.usp.br\/encabel\/wp-content\/uploads\/sites\/1247\/2025\/05\/giphy-e1747754477178-320x320.gif 320w, https:\/\/sites.usp.br\/encabel\/wp-content\/uploads\/sites\/1247\/2025\/05\/giphy-e1747754477178-45x45.gif 45w, https:\/\/sites.usp.br\/encabel\/wp-content\/uploads\/sites\/1247\/2025\/05\/giphy-e1747754477178-200x200.gif 200w\" sizes=\"auto, (max-width: 23px) 100vw, 23px\" \/><\/a> Impress\u00e3o e instala\u00e7\u00e3o<\/span><\/h1>\n<h4><span style=\"color: #000000;\"><span style=\"color: #ff0000;\">Os autores do trabalho ser\u00e3o respons\u00e1veis pela impress\u00e3o, transporte e instala\u00e7\u00e3o do p\u00f4ster<\/span> na placa espec\u00edfica de apresenta\u00e7\u00e3o no dia do evento. <\/span><\/h4>\n<h4><span style=\"color: #000000;\">A organiza\u00e7\u00e3o prover\u00e1 suporte para d\u00favidas e dificuldades inerentes ao processo por meio dos colaboradores Staff do evento.<\/span><\/h4>\n<h4><span style=\"color: #ff0000;\">A organiza\u00e7\u00e3o do evento n\u00e3o se responsabilizar\u00e1 pela entrega ou recebimento de p\u00f4steres<span style=\"color: #000000;\">.<\/span><\/span><\/h4>\n<p>&nbsp;<\/p>\n<h2><strong><span style=\"color: #000000;\">&#8211; IMPRESS\u00c3O EM PAPEL<\/span><\/strong><\/h2>\n<h4><span style=\"color: #000000;\">Recomendamos que voc\u00ea fa\u00e7a seu p\u00f4ster em papel pois \u00e9 mais econ\u00f4mico, leve e sustent\u00e1vel (uma vez que \u00e9 biodegrad\u00e1vel).<\/span><\/h4>\n<p>&nbsp;<\/p>\n<h2><strong><span style=\"color: #000000;\">&#8211; IMPRESS\u00c3O EM LONA<\/span><\/strong><\/h2>\n<h4><span style=\"color: #000000;\">P\u00f4ster em lona dever\u00e1 ser produzido com bast\u00e3o e corda para que seja afixado nos ganchos nas placas. <\/span><\/h4>\n<h4><span style=\"color: #000000;\"><span style=\"color: #ff0000;\">Neste caso, voc\u00ea deve observar as regras de transporte a\u00e9reo que obriga o despache de mala do banner como uma mala<\/span>.<\/span><\/h4>\n<p>&nbsp;<\/p>\n<h2><span style=\"color: #000000;\">&#8211; LOCAL DE INSTALA\u00c7\u00c3O DO P\u00d4STER<\/span><\/h2>\n<h4><span style=\"color: #000000;\">A apresenta\u00e7\u00e3o dos p\u00f4steres ser\u00e1 realizada na Associa\u00e7\u00e3o Recreativa dos Funcion\u00e1rios da USP (ARFUSP), no dia 21\/11, a partir das 17h30.<\/span><\/h4>\n<h4><span style=\"color: #000000;\">Cada trabalho ter\u00e1 uma posi\u00e7\u00e3o NUMERAL de painel para instalar seu p\u00f4ster, indicado na lista de sess\u00f5es. <\/span><\/h4>\n<h4><span style=\"color: #000000;\">Consulte seu trabalho na listagem de sess\u00f5es que ser\u00e1 disponibilizada para verificar o n\u00famero do painel previamente ao evento para evitar atrasos e contribuir para melhor fluidez na din\u00e2mica das sess\u00f5es.<\/span><\/h4>\n<h4><span style=\"color: #000000;\"> Recomendamos que os autores se dirijam \u00e0 sua sess\u00e3o com 20 minutos de anteced\u00eancia para garantir o tempo h\u00e1bil para instala\u00e7\u00e3o dos p\u00f4steres.<\/span><\/h4>\n<h4><span style=\"color: #000000;\">Os p\u00f4steres poder\u00e3o ser fixados com hastes e barbantes ou com fita adesiva, a crit\u00e9rio dos autores\/apresentador.<\/span><\/h4>\n<p>&nbsp;<\/p>\n<h2><span style=\"color: #000000;\">&#8211; RETIRADA DO P\u00d4STER<\/span><\/h2>\n<h4><span style=\"color: #000000;\">O autor apresentador respons\u00e1vel pelo trabalho dever\u00e1 retirar o p\u00f4ster do painel at\u00e9 \u00e0s 10h horas do dia seguinte da sua apresenta\u00e7\u00e3o. <\/span><\/h4>\n<h4><span style=\"color: #000000;\">Caso o p\u00f4ster n\u00e3o seja retirado, a organiza\u00e7\u00e3o far\u00e1 a retirada e o descarte automaticamente. A organiza\u00e7\u00e3o n\u00e3o se responsabilizar\u00e1 por materiais n\u00e3o recolhidos ap\u00f3s esse hor\u00e1rio.<\/span><\/h4>\n<p>&nbsp;<\/p>\n<h1><span style=\"color: #000000;\"><a style=\"color: #000000;\" href=\"https:\/\/sites.usp.br\/encabel\/wp-content\/uploads\/sites\/1247\/2025\/05\/giphy-e1747754477178.gif\"><img loading=\"lazy\" decoding=\"async\" class=\"alignnone wp-image-601 \" src=\"https:\/\/sites.usp.br\/encabel\/wp-content\/uploads\/sites\/1247\/2025\/05\/giphy-e1747754477178-150x150.gif\" alt=\"\" width=\"23\" height=\"23\" srcset=\"https:\/\/sites.usp.br\/encabel\/wp-content\/uploads\/sites\/1247\/2025\/05\/giphy-e1747754477178-150x150.gif 150w, https:\/\/sites.usp.br\/encabel\/wp-content\/uploads\/sites\/1247\/2025\/05\/giphy-e1747754477178-160x160.gif 160w, https:\/\/sites.usp.br\/encabel\/wp-content\/uploads\/sites\/1247\/2025\/05\/giphy-e1747754477178-320x320.gif 320w, https:\/\/sites.usp.br\/encabel\/wp-content\/uploads\/sites\/1247\/2025\/05\/giphy-e1747754477178-45x45.gif 45w, https:\/\/sites.usp.br\/encabel\/wp-content\/uploads\/sites\/1247\/2025\/05\/giphy-e1747754477178-200x200.gif 200w\" sizes=\"auto, (max-width: 23px) 100vw, 23px\" \/><\/a> Apresenta\u00e7\u00e3o do trabalho<\/span><\/h1>\n<h4><span style=\"color: #000000;\">O trabalho deve ser apresentado por um dos autores componentes do trabalho.<\/span><\/h4>\n<h4><span style=\"color: #000000;\">Para ter acesso ao evento e realizar a apresenta\u00e7\u00e3o, o autor apresentador dever\u00e1 estar devidamente inscrito.<\/span><\/h4>\n<h4><span style=\"color: #000000;\">O autor apresentador dever\u00e1 permanecer junto ao trabalho exposto durante o per\u00edodo da sua sess\u00e3o para a apresenta\u00e7\u00e3o e para atender aos questionamentos da banca\u00a0avaliadora.<\/span><\/h4>\n<p>&nbsp;<\/p>\n<p>&nbsp;<\/p>\n<h1 style=\"text-align: center;\"><span style=\"color: #000000;\">Apresenta\u00e7\u00f5es Orais<\/span><\/h1>\n<h3 style=\"text-align: center;\"><span style=\"color: #000000;\">As apresenta\u00e7\u00f5es orais dever\u00e3o ter dura\u00e7\u00e3o de 15 minutos, seguidas de 5 minutos destinados \u00e0 argui\u00e7\u00e3o.<\/span><\/h3>\n<p>&nbsp;<\/p>\n<p>&nbsp;<\/p>\n<h1 style=\"text-align: center;\"><span style=\"color: #000000;\"><strong>Resumos<\/strong><\/span><\/h1>\n<h2><span style=\"color: #000000;\"><a style=\"color: #000000;\" href=\"https:\/\/sites.usp.br\/encabel\/wp-content\/uploads\/sites\/1247\/2025\/05\/giphy-e1747754477178.gif\"><img loading=\"lazy\" decoding=\"async\" class=\"alignnone wp-image-601 \" src=\"https:\/\/sites.usp.br\/encabel\/wp-content\/uploads\/sites\/1247\/2025\/05\/giphy-e1747754477178-150x150.gif\" alt=\"\" width=\"23\" height=\"23\" srcset=\"https:\/\/sites.usp.br\/encabel\/wp-content\/uploads\/sites\/1247\/2025\/05\/giphy-e1747754477178-150x150.gif 150w, https:\/\/sites.usp.br\/encabel\/wp-content\/uploads\/sites\/1247\/2025\/05\/giphy-e1747754477178-160x160.gif 160w, https:\/\/sites.usp.br\/encabel\/wp-content\/uploads\/sites\/1247\/2025\/05\/giphy-e1747754477178-320x320.gif 320w, https:\/\/sites.usp.br\/encabel\/wp-content\/uploads\/sites\/1247\/2025\/05\/giphy-e1747754477178-45x45.gif 45w, https:\/\/sites.usp.br\/encabel\/wp-content\/uploads\/sites\/1247\/2025\/05\/giphy-e1747754477178-200x200.gif 200w\" sizes=\"auto, (max-width: 23px) 100vw, 23px\" \/><\/a> <span style=\"color: #ff0000;\">Per\u00edodo de Inscri\u00e7\u00e3o Encerrado<\/span>.<\/span><\/h2>\n<h3><span style=\"color: #000000;\"><a style=\"color: #000000;\" href=\"https:\/\/sites.usp.br\/encabel\/wp-content\/uploads\/sites\/1247\/2025\/05\/giphy-e1747754477178.gif\"><img loading=\"lazy\" decoding=\"async\" class=\"alignnone wp-image-601 \" src=\"https:\/\/sites.usp.br\/encabel\/wp-content\/uploads\/sites\/1247\/2025\/05\/giphy-e1747754477178-150x150.gif\" alt=\"\" width=\"23\" height=\"23\" srcset=\"https:\/\/sites.usp.br\/encabel\/wp-content\/uploads\/sites\/1247\/2025\/05\/giphy-e1747754477178-150x150.gif 150w, https:\/\/sites.usp.br\/encabel\/wp-content\/uploads\/sites\/1247\/2025\/05\/giphy-e1747754477178-160x160.gif 160w, https:\/\/sites.usp.br\/encabel\/wp-content\/uploads\/sites\/1247\/2025\/05\/giphy-e1747754477178-320x320.gif 320w, https:\/\/sites.usp.br\/encabel\/wp-content\/uploads\/sites\/1247\/2025\/05\/giphy-e1747754477178-45x45.gif 45w, https:\/\/sites.usp.br\/encabel\/wp-content\/uploads\/sites\/1247\/2025\/05\/giphy-e1747754477178-200x200.gif 200w\" sizes=\"auto, (max-width: 23px) 100vw, 23px\" \/><\/a> ATEN\u00c7\u00c3O: O formul\u00e1rio para a submiss\u00e3o de resumos ser\u00e1 enviado juntamente com um e-mail de confirma\u00e7\u00e3o de inscri\u00e7\u00e3o pela comiss\u00e3o organizadora. Ent\u00e3o n\u00e3o deixe para se inscrever na \u00faltima hora e fique de olho na sua caixa de entrada para mais informa\u00e7\u00f5es e os pr\u00f3ximos passos.<\/span><\/h3>\n<h2><span style=\"color: #000000;\"><a style=\"color: #000000;\" href=\"https:\/\/sites.usp.br\/encabel\/wp-content\/uploads\/sites\/1247\/2025\/05\/giphy-e1747754477178.gif\"><img loading=\"lazy\" decoding=\"async\" class=\"alignnone wp-image-601 \" src=\"https:\/\/sites.usp.br\/encabel\/wp-content\/uploads\/sites\/1247\/2025\/05\/giphy-e1747754477178-150x150.gif\" alt=\"\" width=\"23\" height=\"23\" srcset=\"https:\/\/sites.usp.br\/encabel\/wp-content\/uploads\/sites\/1247\/2025\/05\/giphy-e1747754477178-150x150.gif 150w, https:\/\/sites.usp.br\/encabel\/wp-content\/uploads\/sites\/1247\/2025\/05\/giphy-e1747754477178-160x160.gif 160w, https:\/\/sites.usp.br\/encabel\/wp-content\/uploads\/sites\/1247\/2025\/05\/giphy-e1747754477178-320x320.gif 320w, https:\/\/sites.usp.br\/encabel\/wp-content\/uploads\/sites\/1247\/2025\/05\/giphy-e1747754477178-45x45.gif 45w, https:\/\/sites.usp.br\/encabel\/wp-content\/uploads\/sites\/1247\/2025\/05\/giphy-e1747754477178-200x200.gif 200w\" sizes=\"auto, (max-width: 23px) 100vw, 23px\" \/><\/a>Formato da apresenta\u00e7\u00e3o<\/span><\/h2>\n<h4><span style=\"color: #000000;\">&#8211; Haver\u00e1 um simp\u00f3sio para apresenta\u00e7\u00f5es orais de participantes.<\/span><\/h4>\n<h4><span style=\"color: #000000;\">&#8211; Caso haja interesse em apresentar seu trabalho no formato oral, assinale no formul\u00e1rio a inten\u00e7\u00e3o. Um n\u00famero limitado de trabalhos ser\u00e1 selecionado para tal.<\/span><\/h4>\n<h4><span style=\"color: #000000;\">&#8211; Os trabalhos n\u00e3o selecionados para serem apresentados oralmente, mas com qualidade cient\u00edfica, ser\u00e3o encaminhados para a apresenta\u00e7\u00e3o no formato de p\u00f4ster.<\/span><\/h4>\n<p>&nbsp;<\/p>\n<h1 style=\"text-align: center;\"><span style=\"color: #000000;\"><strong>Regras de submiss\u00e3o &#8211; Resumos<\/strong><\/span><\/h1>\n<h2><span style=\"color: #000000;\"><a style=\"color: #000000;\" href=\"https:\/\/sites.usp.br\/encabel\/wp-content\/uploads\/sites\/1247\/2025\/05\/giphy-e1747754477178.gif\"><img loading=\"lazy\" decoding=\"async\" class=\"alignnone wp-image-601 \" src=\"https:\/\/sites.usp.br\/encabel\/wp-content\/uploads\/sites\/1247\/2025\/05\/giphy-e1747754477178-150x150.gif\" alt=\"\" width=\"23\" height=\"23\" srcset=\"https:\/\/sites.usp.br\/encabel\/wp-content\/uploads\/sites\/1247\/2025\/05\/giphy-e1747754477178-150x150.gif 150w, https:\/\/sites.usp.br\/encabel\/wp-content\/uploads\/sites\/1247\/2025\/05\/giphy-e1747754477178-160x160.gif 160w, https:\/\/sites.usp.br\/encabel\/wp-content\/uploads\/sites\/1247\/2025\/05\/giphy-e1747754477178-320x320.gif 320w, https:\/\/sites.usp.br\/encabel\/wp-content\/uploads\/sites\/1247\/2025\/05\/giphy-e1747754477178-45x45.gif 45w, https:\/\/sites.usp.br\/encabel\/wp-content\/uploads\/sites\/1247\/2025\/05\/giphy-e1747754477178-200x200.gif 200w\" sizes=\"auto, (max-width: 23px) 100vw, 23px\" \/><\/a><strong> Apenas participantes devidamente inscritos no evento poder\u00e3o submeter resumos.<\/strong><\/span><\/h2>\n<h2><span style=\"color: #000000;\"><strong><a style=\"color: #000000;\" href=\"https:\/\/sites.usp.br\/encabel\/wp-content\/uploads\/sites\/1247\/2025\/05\/giphy-e1747754477178.gif\"><img loading=\"lazy\" decoding=\"async\" class=\"alignnone wp-image-601 \" src=\"https:\/\/sites.usp.br\/encabel\/wp-content\/uploads\/sites\/1247\/2025\/05\/giphy-e1747754477178-150x150.gif\" alt=\"\" width=\"23\" height=\"23\" srcset=\"https:\/\/sites.usp.br\/encabel\/wp-content\/uploads\/sites\/1247\/2025\/05\/giphy-e1747754477178-150x150.gif 150w, https:\/\/sites.usp.br\/encabel\/wp-content\/uploads\/sites\/1247\/2025\/05\/giphy-e1747754477178-160x160.gif 160w, https:\/\/sites.usp.br\/encabel\/wp-content\/uploads\/sites\/1247\/2025\/05\/giphy-e1747754477178-320x320.gif 320w, https:\/\/sites.usp.br\/encabel\/wp-content\/uploads\/sites\/1247\/2025\/05\/giphy-e1747754477178-45x45.gif 45w, https:\/\/sites.usp.br\/encabel\/wp-content\/uploads\/sites\/1247\/2025\/05\/giphy-e1747754477178-200x200.gif 200w\" sizes=\"auto, (max-width: 23px) 100vw, 23px\" \/><\/a> Cada inscri\u00e7\u00e3o d\u00e1 direito a submiss\u00e3o e apresenta\u00e7\u00e3o de um trabalho, podendo ser apresentado oralmente OU no formato de p\u00f4ster.<\/strong><\/span><\/h2>\n<h2><span style=\"color: #000000;\"><strong><a style=\"color: #000000;\" href=\"https:\/\/sites.usp.br\/encabel\/wp-content\/uploads\/sites\/1247\/2025\/05\/giphy-e1747754477178.gif\"><img loading=\"lazy\" decoding=\"async\" class=\"alignnone wp-image-601 \" src=\"https:\/\/sites.usp.br\/encabel\/wp-content\/uploads\/sites\/1247\/2025\/05\/giphy-e1747754477178-150x150.gif\" alt=\"\" width=\"23\" height=\"23\" srcset=\"https:\/\/sites.usp.br\/encabel\/wp-content\/uploads\/sites\/1247\/2025\/05\/giphy-e1747754477178-150x150.gif 150w, https:\/\/sites.usp.br\/encabel\/wp-content\/uploads\/sites\/1247\/2025\/05\/giphy-e1747754477178-160x160.gif 160w, https:\/\/sites.usp.br\/encabel\/wp-content\/uploads\/sites\/1247\/2025\/05\/giphy-e1747754477178-320x320.gif 320w, https:\/\/sites.usp.br\/encabel\/wp-content\/uploads\/sites\/1247\/2025\/05\/giphy-e1747754477178-45x45.gif 45w, https:\/\/sites.usp.br\/encabel\/wp-content\/uploads\/sites\/1247\/2025\/05\/giphy-e1747754477178-200x200.gif 200w\" sizes=\"auto, (max-width: 23px) 100vw, 23px\" \/><\/a> S\u00f3 ser\u00e3o aceitos resumos referentes a trabalhos com resultados (mesmo que parciais).<\/strong><\/span><\/h2>\n<h2><span style=\"color: #000000;\"><strong><a style=\"color: #000000;\" href=\"https:\/\/sites.usp.br\/encabel\/wp-content\/uploads\/sites\/1247\/2025\/05\/giphy-e1747754477178.gif\"><img loading=\"lazy\" decoding=\"async\" class=\"alignnone wp-image-601 \" src=\"https:\/\/sites.usp.br\/encabel\/wp-content\/uploads\/sites\/1247\/2025\/05\/giphy-e1747754477178-150x150.gif\" alt=\"\" width=\"23\" height=\"23\" srcset=\"https:\/\/sites.usp.br\/encabel\/wp-content\/uploads\/sites\/1247\/2025\/05\/giphy-e1747754477178-150x150.gif 150w, https:\/\/sites.usp.br\/encabel\/wp-content\/uploads\/sites\/1247\/2025\/05\/giphy-e1747754477178-160x160.gif 160w, https:\/\/sites.usp.br\/encabel\/wp-content\/uploads\/sites\/1247\/2025\/05\/giphy-e1747754477178-320x320.gif 320w, https:\/\/sites.usp.br\/encabel\/wp-content\/uploads\/sites\/1247\/2025\/05\/giphy-e1747754477178-45x45.gif 45w, https:\/\/sites.usp.br\/encabel\/wp-content\/uploads\/sites\/1247\/2025\/05\/giphy-e1747754477178-200x200.gif 200w\" sizes=\"auto, (max-width: 23px) 100vw, 23px\" \/><\/a> Resumos dever\u00e3o ser redigidos em Portugu\u00eas, Espanhol ou Ingl\u00eas.<\/strong><\/span><\/h2>\n<h2><span style=\"color: #000000;\"><strong><a style=\"color: #000000;\" href=\"https:\/\/sites.usp.br\/encabel\/wp-content\/uploads\/sites\/1247\/2025\/05\/giphy-e1747754477178.gif\"><img loading=\"lazy\" decoding=\"async\" class=\"alignnone wp-image-601 \" src=\"https:\/\/sites.usp.br\/encabel\/wp-content\/uploads\/sites\/1247\/2025\/05\/giphy-e1747754477178-150x150.gif\" alt=\"\" width=\"23\" height=\"23\" srcset=\"https:\/\/sites.usp.br\/encabel\/wp-content\/uploads\/sites\/1247\/2025\/05\/giphy-e1747754477178-150x150.gif 150w, https:\/\/sites.usp.br\/encabel\/wp-content\/uploads\/sites\/1247\/2025\/05\/giphy-e1747754477178-160x160.gif 160w, https:\/\/sites.usp.br\/encabel\/wp-content\/uploads\/sites\/1247\/2025\/05\/giphy-e1747754477178-320x320.gif 320w, https:\/\/sites.usp.br\/encabel\/wp-content\/uploads\/sites\/1247\/2025\/05\/giphy-e1747754477178-45x45.gif 45w, https:\/\/sites.usp.br\/encabel\/wp-content\/uploads\/sites\/1247\/2025\/05\/giphy-e1747754477178-200x200.gif 200w\" sizes=\"auto, (max-width: 23px) 100vw, 23px\" \/><\/a> Os resumos dever\u00e3o obrigatoriamente ser enviados em formato .docx, seguindo este modelo, e dever\u00e3o conter:<\/strong><\/span><\/h2>\n<h3><span style=\"color: #000000;\">&#8211; T\u00edtulo (Letra mai\u00fascula somente na primeira letra do t\u00edtulo e no g\u00eanero das esp\u00e9cies)<\/span><br \/>\n<span style=\"color: #000000;\">&#8211; Autores<\/span><br \/>\n<span style=\"color: #000000;\">&#8211; Filia\u00e7\u00e3o<\/span><br \/>\n<span style=\"color: #000000;\">&#8211; Corpo (Introdu\u00e7\u00e3o, metodologia, resultados e discuss\u00e3o) &#8211; com no m\u00e1ximo 350 palavras, justificado, sem cita\u00e7\u00f5es nem refer\u00eancias bibliogr\u00e1ficas. Os resumos N\u00c3O podem conter imagens ou gr\u00e1ficos.<\/span><br \/>\n<span style=\"color: #000000;\">&#8211; Cinco palavras chave<\/span><br \/>\n<span style=\"color: #000000;\">&#8211; Formata\u00e7\u00e3o: Times New Roman, 12, espa\u00e7amento\u00a01,5.<\/span><\/h3>\n<h2><span style=\"color: #000000;\">ATEN\u00c7\u00c3O!!!<\/span><\/h2>\n<h2><span style=\"color: #000000;\"><strong><a style=\"color: #000000;\" href=\"https:\/\/sites.usp.br\/encabel\/wp-content\/uploads\/sites\/1247\/2025\/05\/giphy-e1747754477178.gif\"><img loading=\"lazy\" decoding=\"async\" class=\"alignnone wp-image-601 \" src=\"https:\/\/sites.usp.br\/encabel\/wp-content\/uploads\/sites\/1247\/2025\/05\/giphy-e1747754477178-150x150.gif\" alt=\"\" width=\"23\" height=\"23\" srcset=\"https:\/\/sites.usp.br\/encabel\/wp-content\/uploads\/sites\/1247\/2025\/05\/giphy-e1747754477178-150x150.gif 150w, https:\/\/sites.usp.br\/encabel\/wp-content\/uploads\/sites\/1247\/2025\/05\/giphy-e1747754477178-160x160.gif 160w, https:\/\/sites.usp.br\/encabel\/wp-content\/uploads\/sites\/1247\/2025\/05\/giphy-e1747754477178-320x320.gif 320w, https:\/\/sites.usp.br\/encabel\/wp-content\/uploads\/sites\/1247\/2025\/05\/giphy-e1747754477178-45x45.gif 45w, https:\/\/sites.usp.br\/encabel\/wp-content\/uploads\/sites\/1247\/2025\/05\/giphy-e1747754477178-200x200.gif 200w\" sizes=\"auto, (max-width: 23px) 100vw, 23px\" \/><\/a> A formata\u00e7\u00e3o \u00e9 de total responsabilidade dos autores. Trabalhos fora de formata\u00e7\u00e3o n\u00e3o ser\u00e3o aceitos.<\/strong><\/span><\/h2>\n<h2><span style=\"color: #000000;\">Exemplo:<\/span><\/h2>\n<p><a href=\"https:\/\/sites.usp.br\/encabel\/wp-content\/uploads\/sites\/1247\/2025\/07\/Documento-sem-titulo_page-0001-scaled.jpg\"><img loading=\"lazy\" decoding=\"async\" class=\"alignnone wp-image-685 size-full\" src=\"https:\/\/sites.usp.br\/encabel\/wp-content\/uploads\/sites\/1247\/2025\/07\/Documento-sem-titulo_page-0001-scaled-e1752524494585.jpg\" alt=\"\" width=\"1566\" height=\"1300\" srcset=\"https:\/\/sites.usp.br\/encabel\/wp-content\/uploads\/sites\/1247\/2025\/07\/Documento-sem-titulo_page-0001-scaled-e1752524494585.jpg 1566w, https:\/\/sites.usp.br\/encabel\/wp-content\/uploads\/sites\/1247\/2025\/07\/Documento-sem-titulo_page-0001-scaled-e1752524494585-300x249.jpg 300w, https:\/\/sites.usp.br\/encabel\/wp-content\/uploads\/sites\/1247\/2025\/07\/Documento-sem-titulo_page-0001-scaled-e1752524494585-1024x850.jpg 1024w, https:\/\/sites.usp.br\/encabel\/wp-content\/uploads\/sites\/1247\/2025\/07\/Documento-sem-titulo_page-0001-scaled-e1752524494585-768x638.jpg 768w, https:\/\/sites.usp.br\/encabel\/wp-content\/uploads\/sites\/1247\/2025\/07\/Documento-sem-titulo_page-0001-scaled-e1752524494585-1536x1275.jpg 1536w, https:\/\/sites.usp.br\/encabel\/wp-content\/uploads\/sites\/1247\/2025\/07\/Documento-sem-titulo_page-0001-scaled-e1752524494585-400x332.jpg 400w\" sizes=\"auto, (max-width: 1566px) 100vw, 1566px\" \/><\/a><\/p>\n<h1 style=\"text-align: center;\">&#8211;<\/h1>\n<h1 style=\"text-align: center;\"><\/h1>\n<h2 style=\"text-align: center;\"><\/h2>\n","protected":false},"excerpt":{"rendered":"<p>Trabalhos e Apresenta\u00e7\u00f5es Orais Aprovados Confira os trabalhos aprovados aqui: Lista de Trabalhos e Apresenta\u00e7\u00f5es Apresenta\u00e7\u00f5es orais por simp\u00f3sio: Lista de Apresenta\u00e7\u00f5es Orais N\u00famero dos pain\u00e9is: Lista com o n\u00famero dos pain\u00e9is &nbsp; Normas&#46;&#46;&#46;<\/p>\n","protected":false},"author":24744,"featured_media":0,"parent":0,"menu_order":0,"comment_status":"closed","ping_status":"closed","template":"","meta":{"footnotes":"","_links_to":"","_links_to_target":""},"class_list":["post-669","page","type-page","status-publish","hentry"],"_links":{"self":[{"href":"https:\/\/sites.usp.br\/encabel\/wp-json\/wp\/v2\/pages\/669","targetHints":{"allow":["GET"]}}],"collection":[{"href":"https:\/\/sites.usp.br\/encabel\/wp-json\/wp\/v2\/pages"}],"about":[{"href":"https:\/\/sites.usp.br\/encabel\/wp-json\/wp\/v2\/types\/page"}],"author":[{"embeddable":true,"href":"https:\/\/sites.usp.br\/encabel\/wp-json\/wp\/v2\/users\/24744"}],"replies":[{"embeddable":true,"href":"https:\/\/sites.usp.br\/encabel\/wp-json\/wp\/v2\/comments?post=669"}],"version-history":[{"count":4,"href":"https:\/\/sites.usp.br\/encabel\/wp-json\/wp\/v2\/pages\/669\/revisions"}],"predecessor-version":[{"id":886,"href":"https:\/\/sites.usp.br\/encabel\/wp-json\/wp\/v2\/pages\/669\/revisions\/886"}],"wp:attachment":[{"href":"https:\/\/sites.usp.br\/encabel\/wp-json\/wp\/v2\/media?parent=669"}],"curies":[{"name":"wp","href":"https:\/\/api.w.org\/{rel}","templated":true}]}}