{"id":749,"date":"2025-09-10T14:27:12","date_gmt":"2025-09-10T16:27:12","guid":{"rendered":"https:\/\/sites.usp.br\/encabel\/?page_id=749"},"modified":"2025-10-30T15:15:04","modified_gmt":"2025-10-30T17:15:04","slug":"hospedagem","status":"publish","type":"page","link":"https:\/\/sites.usp.br\/encabel\/hospedagem\/","title":{"rendered":"HOSPEDAGEM"},"content":{"rendered":"<p><a href=\"https:\/\/sites.usp.br\/encabel\/wp-content\/uploads\/sites\/1247\/2025\/10\/INSCRICOES_PRECOS.pptx1_-e1761655234426.png\"><img loading=\"lazy\" decoding=\"async\" class=\"aligncenter wp-image-779 size-full\" src=\"https:\/\/sites.usp.br\/encabel\/wp-content\/uploads\/sites\/1247\/2025\/10\/INSCRICOES_PRECOS.pptx1_-e1761655234426.png\" alt=\"\" width=\"1280\" height=\"145\" srcset=\"https:\/\/sites.usp.br\/encabel\/wp-content\/uploads\/sites\/1247\/2025\/10\/INSCRICOES_PRECOS.pptx1_-e1761655234426.png 1280w, https:\/\/sites.usp.br\/encabel\/wp-content\/uploads\/sites\/1247\/2025\/10\/INSCRICOES_PRECOS.pptx1_-e1761655234426-300x34.png 300w, https:\/\/sites.usp.br\/encabel\/wp-content\/uploads\/sites\/1247\/2025\/10\/INSCRICOES_PRECOS.pptx1_-e1761655234426-1024x116.png 1024w, https:\/\/sites.usp.br\/encabel\/wp-content\/uploads\/sites\/1247\/2025\/10\/INSCRICOES_PRECOS.pptx1_-e1761655234426-768x87.png 768w, https:\/\/sites.usp.br\/encabel\/wp-content\/uploads\/sites\/1247\/2025\/10\/INSCRICOES_PRECOS.pptx1_-e1761655234426-400x45.png 400w\" sizes=\"auto, (max-width: 1280px) 100vw, 1280px\" \/><\/a><\/p>\n<h2 style=\"text-align: center;\"><span style=\"color: #000000;\">SEGUEM ABAIXO <span style=\"color: #ff6600;\">SUGEST\u00d5ES<\/span> DE HOSPEDAGEM DURANTE O EVENTO<\/span><\/h2>\n<h4 style=\"text-align: center;\"><span style=\"color: #ff0000;\">ATEN\u00c7\u00c3O!<\/span> <span style=\"color: #ff0000;\">A COMISS\u00c3O ORGANIZADORA N\u00c3O \u00c9 RESPONS\u00c1VEL<\/span> <span style=\"color: #000000;\">PELAS HOSPEDAGENS SUGERIDAS, PELA DISPONIBILIDADE DE VAGAS E NEM POR INTERMEDIAR O CONTATO COM AS MESMAS.<\/span><\/h4>\n<p>&nbsp;<\/p>\n<h2 style=\"text-align: center;\"><span style=\"color: #000000;\">HOTEL\/POUSADA<\/span><\/h2>\n<h2 style=\"text-align: center;\"><span style=\"color: #000000;\">_______________________________________________<\/span><\/h2>\n<h1 style=\"text-align: center;\"><span style=\"color: #000000;\">Pousada Santa Rita<\/span><\/h1>\n<h3 style=\"text-align: center;\"><a href=\"https:\/\/maps.app.goo.gl\/31fF9N4bZd48mU4M6\" target=\"_blank\" rel=\"noopener\"><span style=\"color: #ff9900;\">Link da Localiza\u00e7\u00e3o da Pousada<\/span><\/a><\/h3>\n<h3 style=\"text-align: center;\"><span style=\"color: #000000;\">Endere\u00e7o: Av. do Caf\u00e9, 2295 &#8211; Vila Amelia, Ribeir\u00e3o Preto &#8211; SP, 14050-230<\/span><\/h3>\n<h3 style=\"text-align: center;\"><span style=\"color: #000000;\">Telefone: (16) 3966-5404<\/span><\/h3>\n<h2 style=\"text-align: center;\"><span style=\"color: #000000;\">_______________________________________________<\/span><\/h2>\n<p>&nbsp;<\/p>\n<h2 style=\"text-align: center;\"><span style=\"color: #000000;\">REP\u00daBLICAS<\/span><\/h2>\n<h2 style=\"text-align: center;\"><span style=\"color: #000000;\">_______________________________________________<\/span><\/h2>\n<h1 style=\"text-align: center;\"><span style=\"color: #000000;\">Rep\u00fablica Damas de Paus \u2663<\/span><\/h1>\n<h3 style=\"text-align: center;\"><span style=\"color: #000000;\">Contato respons\u00e1vel rep\u00fablica:<\/span><br \/>\n<span style=\"color: #000000;\">Nicolas +55\u00a016\u00a099275-2046<\/span><\/h3>\n<h2 style=\"text-align: center;\"><span style=\"color: #000000;\">_______________________________________________<\/span><\/h2>\n<h1 style=\"text-align: center;\"><span style=\"color: #000000;\">Rep\u00fablica Coruj\u00e3o \ud83e\udd89<\/span><\/h1>\n<h3 style=\"text-align: center;\"><span style=\"color: #000000;\">\u00a0Contato respons\u00e1vel rep\u00fablica:<\/span><br \/>\n<span style=\"color: #000000;\">Lana +55\u00a016\u00a099300-2938<\/span><\/h3>\n<h2 style=\"text-align: center;\"><span style=\"color: #000000;\">_______________________________________________<\/span><\/h2>\n<h1 style=\"text-align: center;\"><span style=\"color: #000000;\">Rep\u00fablica Maria Joana<\/span><\/h1>\n<h3 style=\"text-align: center;\"><span style=\"color: #000000;\">Contato respons\u00e1vel rep\u00fablica:<\/span><br \/>\n<span style=\"color: #000000;\">Matheus +55\u00a013\u00a099670-0537<\/span><\/h3>\n<h2 style=\"text-align: center;\"><span style=\"color: #000000;\">_______________________________________________<\/span><\/h2>\n<p>&nbsp;<\/p>\n","protected":false},"excerpt":{"rendered":"<p>SEGUEM ABAIXO SUGEST\u00d5ES DE HOSPEDAGEM DURANTE O EVENTO ATEN\u00c7\u00c3O! A COMISS\u00c3O ORGANIZADORA N\u00c3O \u00c9 RESPONS\u00c1VEL PELAS HOSPEDAGENS SUGERIDAS, PELA DISPONIBILIDADE DE VAGAS E NEM POR INTERMEDIAR O CONTATO COM AS MESMAS. &nbsp; HOTEL\/POUSADA _______________________________________________&#46;&#46;&#46;<\/p>\n","protected":false},"author":24744,"featured_media":0,"parent":0,"menu_order":0,"comment_status":"closed","ping_status":"closed","template":"","meta":{"footnotes":"","_links_to":"","_links_to_target":""},"class_list":["post-749","page","type-page","status-publish","hentry"],"_links":{"self":[{"href":"https:\/\/sites.usp.br\/encabel\/wp-json\/wp\/v2\/pages\/749","targetHints":{"allow":["GET"]}}],"collection":[{"href":"https:\/\/sites.usp.br\/encabel\/wp-json\/wp\/v2\/pages"}],"about":[{"href":"https:\/\/sites.usp.br\/encabel\/wp-json\/wp\/v2\/types\/page"}],"author":[{"embeddable":true,"href":"https:\/\/sites.usp.br\/encabel\/wp-json\/wp\/v2\/users\/24744"}],"replies":[{"embeddable":true,"href":"https:\/\/sites.usp.br\/encabel\/wp-json\/wp\/v2\/comments?post=749"}],"version-history":[{"count":3,"href":"https:\/\/sites.usp.br\/encabel\/wp-json\/wp\/v2\/pages\/749\/revisions"}],"predecessor-version":[{"id":865,"href":"https:\/\/sites.usp.br\/encabel\/wp-json\/wp\/v2\/pages\/749\/revisions\/865"}],"wp:attachment":[{"href":"https:\/\/sites.usp.br\/encabel\/wp-json\/wp\/v2\/media?parent=749"}],"curies":[{"name":"wp","href":"https:\/\/api.w.org\/{rel}","templated":true}]}}