{"id":257,"date":"2020-01-09T07:39:13","date_gmt":"2020-01-09T09:39:13","guid":{"rendered":"https:\/\/sites.usp.br\/encerramentogsuite\/?page_id=257"},"modified":"2023-03-30T13:21:23","modified_gmt":"2023-03-30T15:21:23","slug":"encerramento-de-conta-gsuite-usp","status":"publish","type":"page","link":"https:\/\/sites.usp.br\/encerramentogsuite\/","title":{"rendered":"Encerramento de Conta GSuite &#8211; USP"},"content":{"rendered":"<p>Se voc\u00ea chegou at\u00e9 aqui, recebeu nossa notifica\u00e7\u00e3o informando que seu v\u00ednculo com a Universidade de S\u00e3o Paulo (USP) terminou e a sua conta de email <strong>@usp.br<\/strong> ser\u00e1 encerrada ou deseja saber mais informa\u00e7\u00f5es a respeito do encerramento de sua conta.<\/p>\n<ul>\n<li><strong>Porque o acesso a minha conta ser\u00e1 encerrado?<\/strong>\n<ul>\n<li>De acordo com as portarias <a href=\"http:\/\/www.leginf.usp.br\/?portaria=portaria-gr-no-3662-de-12-janeiro-de-2006\" target=\"_blank\" rel=\"noopener noreferrer\">GR3662<\/a>\u00a0e\u00a0<a href=\"http:\/\/www.leginf.usp.br\/?portaria=portaria-gr-no-7141-de-2-de-marco-de-2018\" target=\"_blank\" rel=\"noopener noreferrer\">GR7141<\/a>, o acesso as contas de sistema devem ser encerrado em at\u00e9 180 dias do fim do v\u00ednculo do usu\u00e1rio com a USP. Al\u00e9m de cumprir as portarias, o encerramento do acesso garante que contas inativas n\u00e3o sejam usadas para fins maliciosos por invasores.<\/li>\n<\/ul>\n<\/li>\n<li><strong>Meu v\u00ednculo atual com a USP encerrou, mas pretendo retornar em breve a ter v\u00ednculo com a mesma. Como fica nesse caso?<\/strong>\n<ul>\n<li>Se voc\u00ea retornar a ter um v\u00ednculo com a USP que tenha direito a uma Conta GSuite (conforme Anexo 1 da portaria <a href=\"http:\/\/www.leginf.usp.br\/?portaria=portaria-gr-no-7141-de-2-de-marco-de-2018\" target=\"_blank\" rel=\"noopener noreferrer\">GR7141<\/a>) dentro do prazo de 180 dias, o seu acesso a conta n\u00e3o ser\u00e1 encerrado. Caso volte a ter v\u00ednculo depois desse prazo, \u00e9 poss\u00edvel que voc\u00ea retorne a ter acesso usando o mesmo nome de conta, mas n\u00e3o garantimos o conte\u00fado da mesma.<\/li>\n<\/ul>\n<\/li>\n<li><strong>Ap\u00f3s o encerramento de minha conta @usp.br, eu ainda terei acesso ao Google Drive?<\/strong>\n<ul>\n<li>N\u00e3o, a conta GSuite engloba todos os servi\u00e7os associadas a mesma, assim voc\u00ea perder\u00e1 acesso ao e-mail e todos os recursos associados ao mesmo, incluindo o Google Drive.<\/li>\n<li>Em particular, caso a conta tenha algo compartilhado, no momento que ela for removida, os compartilhamentos ser\u00e3o removidos junto com os dados da mesma.<\/li>\n<li>Caso tenha algo importante, fa\u00e7a <a href=\"https:\/\/sites.usp.br\/encerramentogsuite\/backup\/\">Backup<\/a> e informe seus contatos para que salvem uma c\u00f3pia local dos arquivos e\/ou pastas que foram compartilhados.<\/li>\n<\/ul>\n<\/li>\n<li><strong>Mesmo sem ter v\u00ednculo, eu preciso acessar minha conta novamente. Tenho um arquivo ou mensagem importante que preciso acessar. \u00c9 poss\u00edvel?<\/strong>\n<ul>\n<li>N\u00e3o. A portaria considera um prazo de 180 dias para que nossos usu\u00e1rios tenham tempo suficiente para fazer <a href=\"https:\/\/sites.usp.br\/encerramentogsuite\/backup\/\">backup<\/a> e informar seus contatos um novo e-mail.<\/li>\n<\/ul>\n<\/li>\n<li><strong>Eu recebo mensagens importantes em minha conta, ap\u00f3s o encerramento de minha conta @usp.br eu posso redirecionar as mensagens para outra conta?<\/strong>\n<ul>\n<li>N\u00e3o. Todos os redirecionamentos ser\u00e3o removidos quando a conta for encerrada.<\/li>\n<\/ul>\n<\/li>\n<li><strong>Eu cadastrei a conta @usp.br em aplicativos\/servi\u00e7os para recupera\u00e7\u00e3o de senha e notifica\u00e7\u00f5es, como fico?<\/strong>\n<ul>\n<li>N\u00e3o aconselhamos usar a conta @usp.br para fins particulares, uma vez encerrado o acesso voc\u00ea deve procurar o aplicativo\/servi\u00e7o para atualizar o e-mail usado<\/li>\n<li>O <a href=\"https:\/\/leginf.usp.br\/?resolucao=resolucao-no-4871-de-22-de-outubro-de-2001\">c\u00f3digo de \u00e9tica da USP<\/a> \u00e9 claro, os recursos computacionais da Universidade destinam-se exclusivamente ao desenvolvimento de suas atividades de ensino, pesquisa e extens\u00e3o (Artigo 36)<\/li>\n<li>Nossa recomenda\u00e7\u00e3o, caso ainda tenha acesso a conta, \u00e9 trocar esses cadastros para e-mails pessoais, evite usar o e-mail USP ou mesmo ALUMNI com essa finalidade<\/li>\n<li>Uma vez encerrado o acesso, somente conversando diretamente com o aplicativo\/servi\u00e7o para conseguir alterar o e-mail.<\/li>\n<\/ul>\n<\/li>\n<\/ul>\n<p>Caso necessite de alguma informa\u00e7\u00e3o especifica ao seu tipo de v\u00ednculo, consulte uma das p\u00e1ginas abaixo ou utilize o menu acima.<\/p>\n<ul>\n<li><a href=\"https:\/\/sites.usp.br\/encerramentogsuite\/ex-alunos\/\">Sou Ex-Aluno<\/a><\/li>\n<li><a href=\"https:\/\/sites.usp.br\/encerramentogsuite\/ex-funcionarios\/\">Sou Ex-Funcion\u00e1rio<\/a><\/li>\n<li><a href=\"https:\/\/sites.usp.br\/encerramentogsuite\/backup\/\">Desejo fazer Backup do conte\u00fado de minha conta<\/a><\/li>\n<li><a href=\"https:\/\/sites.usp.br\/encerramentogsuite\/contato\/\">Entrar em Contato com a Equipe de Suporte<\/a><\/li>\n<\/ul>\n<p>&nbsp;<\/p>\n","protected":false},"excerpt":{"rendered":"<p>Se voc\u00ea chegou at\u00e9 aqui, recebeu nossa notifica\u00e7\u00e3o informando que seu v\u00ednculo com a Universidade de S\u00e3o Paulo (USP) terminou e a sua conta de email @usp.br ser\u00e1 encerrada ou deseja saber mais informa\u00e7\u00f5es a respeito do encerramento de sua conta. Porque o acesso a minha conta ser\u00e1 encerrado? De acordo com as portarias GR3662\u00a0e\u00a0GR7141,<a href=\"https:\/\/sites.usp.br\/encerramentogsuite\/\">[&#8230;]<\/a><\/p>\n","protected":false},"author":402,"featured_media":0,"parent":0,"menu_order":0,"comment_status":"closed","ping_status":"closed","template":"","meta":{"footnotes":"","_links_to":"","_links_to_target":""},"class_list":["post-257","page","type-page","status-publish","hentry"],"_links":{"self":[{"href":"https:\/\/sites.usp.br\/encerramentogsuite\/wp-json\/wp\/v2\/pages\/257","targetHints":{"allow":["GET"]}}],"collection":[{"href":"https:\/\/sites.usp.br\/encerramentogsuite\/wp-json\/wp\/v2\/pages"}],"about":[{"href":"https:\/\/sites.usp.br\/encerramentogsuite\/wp-json\/wp\/v2\/types\/page"}],"author":[{"embeddable":true,"href":"https:\/\/sites.usp.br\/encerramentogsuite\/wp-json\/wp\/v2\/users\/402"}],"replies":[{"embeddable":true,"href":"https:\/\/sites.usp.br\/encerramentogsuite\/wp-json\/wp\/v2\/comments?post=257"}],"version-history":[{"count":4,"href":"https:\/\/sites.usp.br\/encerramentogsuite\/wp-json\/wp\/v2\/pages\/257\/revisions"}],"predecessor-version":[{"id":347,"href":"https:\/\/sites.usp.br\/encerramentogsuite\/wp-json\/wp\/v2\/pages\/257\/revisions\/347"}],"wp:attachment":[{"href":"https:\/\/sites.usp.br\/encerramentogsuite\/wp-json\/wp\/v2\/media?parent=257"}],"curies":[{"name":"wp","href":"https:\/\/api.w.org\/{rel}","templated":true}]}}