{"id":277,"date":"2020-01-09T08:28:33","date_gmt":"2020-01-09T10:28:33","guid":{"rendered":"https:\/\/sites.usp.br\/encerramentogsuite\/?page_id=277"},"modified":"2023-03-10T15:04:41","modified_gmt":"2023-03-10T17:04:41","slug":"ex-alunos","status":"publish","type":"page","link":"https:\/\/sites.usp.br\/encerramentogsuite\/ex-alunos\/","title":{"rendered":"Orienta\u00e7\u00f5es para Ex-Alunos"},"content":{"rendered":"<p>Abaixo temos orienta\u00e7\u00f5es sobre o encerramento de contas direcionadas a nossos ex-alunos.<\/p>\n<ul>\n<li><strong>Eu conclu\u00ed um curso de Gradua\u00e7\u00e3o ou P\u00f3s Gradua\u00e7\u00e3o (Mestrado e Doutorado na modalidade Stricto Sensu), eu vou perder acesso a meu e-mail?<\/strong>\n<ul>\n<li>Conforme portarias <a href=\"http:\/\/www.leginf.usp.br\/?portaria=portaria-gr-no-3662-de-12-janeiro-de-2006\" target=\"_blank\" rel=\"noopener noreferrer\">GR3662<\/a>\u00a0e\u00a0<a href=\"http:\/\/www.leginf.usp.br\/?portaria=portaria-gr-no-7141-de-2-de-marco-de-2018\" target=\"_blank\" rel=\"noopener noreferrer\">GR7141<\/a>, sem um v\u00ednculo com direito a e-mail voc\u00ea vai perder acesso a sua conta <strong>@usp.br<\/strong>. Contudo, \u00e9 poss\u00edvel aderir a nosso programa de ex-alunos no portal <a href=\"http:\/\/www.alumni.usp.br\/\">alumni.usp.br<\/a>, que dentre outros benef\u00edcios, concede uma conta <strong>@alumni.usp.br<\/strong>.<\/li>\n<\/ul>\n<\/li>\n<li><strong>Fiz minha ades\u00e3o ao programa de ex-alunos e criei uma conta @alumni.usp.br, como transfiro minhas mensagens da conta @usp.br para ela?<\/strong>\n<ul>\n<li>Voc\u00ea pode fazer a transfer\u00eancia de suas mensagens seguindo as instru\u00e7\u00f5es em <a href=\"https:\/\/sites.usp.br\/encerramentogsuite\/backup\/\">Backup<\/a>.<\/li>\n<\/ul>\n<\/li>\n<\/ul>\n","protected":false},"excerpt":{"rendered":"<p>Abaixo temos orienta\u00e7\u00f5es sobre o encerramento de contas direcionadas a nossos ex-alunos. Eu conclu\u00ed um curso de Gradua\u00e7\u00e3o ou P\u00f3s Gradua\u00e7\u00e3o (Mestrado e Doutorado na modalidade Stricto Sensu), eu vou perder acesso a meu e-mail? Conforme portarias GR3662\u00a0e\u00a0GR7141, sem um v\u00ednculo com direito a e-mail voc\u00ea vai perder acesso a sua conta @usp.br. Contudo, \u00e9<a href=\"https:\/\/sites.usp.br\/encerramentogsuite\/ex-alunos\/\">[&#8230;]<\/a><\/p>\n","protected":false},"author":402,"featured_media":0,"parent":0,"menu_order":0,"comment_status":"closed","ping_status":"closed","template":"","meta":{"footnotes":"","_links_to":"","_links_to_target":""},"class_list":["post-277","page","type-page","status-publish","hentry"],"_links":{"self":[{"href":"https:\/\/sites.usp.br\/encerramentogsuite\/wp-json\/wp\/v2\/pages\/277","targetHints":{"allow":["GET"]}}],"collection":[{"href":"https:\/\/sites.usp.br\/encerramentogsuite\/wp-json\/wp\/v2\/pages"}],"about":[{"href":"https:\/\/sites.usp.br\/encerramentogsuite\/wp-json\/wp\/v2\/types\/page"}],"author":[{"embeddable":true,"href":"https:\/\/sites.usp.br\/encerramentogsuite\/wp-json\/wp\/v2\/users\/402"}],"replies":[{"embeddable":true,"href":"https:\/\/sites.usp.br\/encerramentogsuite\/wp-json\/wp\/v2\/comments?post=277"}],"version-history":[{"count":4,"href":"https:\/\/sites.usp.br\/encerramentogsuite\/wp-json\/wp\/v2\/pages\/277\/revisions"}],"predecessor-version":[{"id":343,"href":"https:\/\/sites.usp.br\/encerramentogsuite\/wp-json\/wp\/v2\/pages\/277\/revisions\/343"}],"wp:attachment":[{"href":"https:\/\/sites.usp.br\/encerramentogsuite\/wp-json\/wp\/v2\/media?parent=277"}],"curies":[{"name":"wp","href":"https:\/\/api.w.org\/{rel}","templated":true}]}}