{"id":279,"date":"2020-01-09T08:29:17","date_gmt":"2020-01-09T10:29:17","guid":{"rendered":"https:\/\/sites.usp.br\/encerramentogsuite\/?page_id=279"},"modified":"2020-01-09T13:56:59","modified_gmt":"2020-01-09T15:56:59","slug":"ex-funcionarios","status":"publish","type":"page","link":"https:\/\/sites.usp.br\/encerramentogsuite\/ex-funcionarios\/","title":{"rendered":"Orienta\u00e7\u00f5es para Ex-Funcion\u00e1rios"},"content":{"rendered":"<p>Abaixo temos orienta\u00e7\u00f5es sobre o encerramento de contas direcionadas a nossos ex-funcion\u00e1rios.<\/p>\n<ul>\n<li><strong>Sou ex-funcion\u00e1rio e al\u00e9m de minha conta pessoal @usp.br, sou respons\u00e1vel por uma ou mais contas institucionais @usp.br. O que devo fazer?<\/strong>\n<ul>\n<li>Entre em <a href=\"https:\/\/sites.usp.br\/encerramentogsuite\/contato\/\">contato<\/a> com nossa equipe de atendimento para maiores detalhes.<\/li>\n<\/ul>\n<\/li>\n<li><strong>Eu compartilhei documentos do Google Drive de minha conta pessoal @usp.br com pessoas da minha equipe\/unidade, eles perder\u00e3o acesso a esses arquivos?<\/strong>\n<ul>\n<li>Sim, eles precisam fazer c\u00f3pias locais desses documentos para suas pr\u00f3prias contas <strong>@usp.br<\/strong>, ou colocar esses documentos em Drive Compartilhado (antigo Drive de Equipe), transferindo a responsabilidade caso o atual respons\u00e1vel perca o v\u00ednculo com a USP.<\/li>\n<\/ul>\n<\/li>\n<\/ul>\n","protected":false},"excerpt":{"rendered":"<p>Abaixo temos orienta\u00e7\u00f5es sobre o encerramento de contas direcionadas a nossos ex-funcion\u00e1rios. Sou ex-funcion\u00e1rio e al\u00e9m de minha conta pessoal @usp.br, sou respons\u00e1vel por uma ou mais contas institucionais @usp.br. O que devo fazer? Entre em contato com nossa equipe de atendimento para maiores detalhes. Eu compartilhei documentos do Google Drive de minha conta pessoal<a href=\"https:\/\/sites.usp.br\/encerramentogsuite\/ex-funcionarios\/\">[&#8230;]<\/a><\/p>\n","protected":false},"author":402,"featured_media":0,"parent":0,"menu_order":0,"comment_status":"closed","ping_status":"closed","template":"","meta":{"footnotes":"","_links_to":"","_links_to_target":""},"class_list":["post-279","page","type-page","status-publish","hentry"],"_links":{"self":[{"href":"https:\/\/sites.usp.br\/encerramentogsuite\/wp-json\/wp\/v2\/pages\/279","targetHints":{"allow":["GET"]}}],"collection":[{"href":"https:\/\/sites.usp.br\/encerramentogsuite\/wp-json\/wp\/v2\/pages"}],"about":[{"href":"https:\/\/sites.usp.br\/encerramentogsuite\/wp-json\/wp\/v2\/types\/page"}],"author":[{"embeddable":true,"href":"https:\/\/sites.usp.br\/encerramentogsuite\/wp-json\/wp\/v2\/users\/402"}],"replies":[{"embeddable":true,"href":"https:\/\/sites.usp.br\/encerramentogsuite\/wp-json\/wp\/v2\/comments?post=279"}],"version-history":[{"count":4,"href":"https:\/\/sites.usp.br\/encerramentogsuite\/wp-json\/wp\/v2\/pages\/279\/revisions"}],"predecessor-version":[{"id":312,"href":"https:\/\/sites.usp.br\/encerramentogsuite\/wp-json\/wp\/v2\/pages\/279\/revisions\/312"}],"wp:attachment":[{"href":"https:\/\/sites.usp.br\/encerramentogsuite\/wp-json\/wp\/v2\/media?parent=279"}],"curies":[{"name":"wp","href":"https:\/\/api.w.org\/{rel}","templated":true}]}}