{"id":892,"date":"2020-11-30T11:01:39","date_gmt":"2020-11-30T14:01:39","guid":{"rendered":"http:\/\/sites.usp.br\/ensinodecienciasexatas\/?page_id=892"},"modified":"2021-01-26T23:01:13","modified_gmt":"2021-01-27T02:01:13","slug":"matematica-para-o-ensino-fundamental-i","status":"publish","type":"page","link":"https:\/\/sites.usp.br\/ensinodecienciasexatas\/matematica-para-o-ensino-fundamental-i\/","title":{"rendered":"Especializa\u00e7\u00e3o em Matem\u00e1tica para o Ensino Fundamental I"},"content":{"rendered":"<h2><strong>******* ESTE CURSO \u00c9 100% A DIST\u00c2NCIA **************<\/strong><\/h2>\n<p>Entendendo que a Matem\u00e1tica nos anos iniciais tem papel fundamental para o desenvolvimento do pensamento l\u00f3gico e para a estrutura\u00e7\u00e3o de conhecimentos em diversas \u00e1reas e visando a melhoria do ensino no Brasil, este curso justifica-se por aprofundar conceitos que possam enriquecer as aulas do professor, visando \u00e0 excel\u00eancia no que diz respeito ao ensino de Matem\u00e1tica. Para isso, o curso est\u00e1 estruturado com uma diversificada ementa que envolve aprofundamento nas cinco tem\u00e1ticas propostas pela BNCC para o Ensino Fundamental I (N\u00fameros, \u00c1lgebra, Geometria, Grandezas e Medidas, Probabilidade e Estat\u00edstica) e estrat\u00e9gias de ensino que envolvem Tecnologias da Informa\u00e7\u00e3o e Comunica\u00e7\u00e3o (TICs) capacitando o Professor da Educa\u00e7\u00e3o B\u00e1sica I.<\/p>\n<p>Convidamos voc\u00ea a navegar nos itens que detalham o curso:<\/p>\n<h3><a href=\"https:\/\/sites.usp.br\/ensinodecienciasexatas\/sobre-o-curso\/\" target=\"_blank\" rel=\"noopener noreferrer\">Sobre o curso<\/a><\/h3>\n<h3><a href=\"https:\/\/sites.usp.br\/ensinodecienciasexatas\/objetivo\/\" target=\"_blank\" rel=\"noopener noreferrer\"><strong>Objetivo<\/strong><\/a><\/h3>\n<h3><a href=\"https:\/\/sites.usp.br\/ensinodecienciasexatas\/publico-alvo\/\" target=\"_blank\" rel=\"noopener noreferrer\"><strong>P\u00fablico Alvo<\/strong><\/a><\/h3>\n<h3><a href=\"https:\/\/sites.usp.br\/ensinodecienciasexatas\/investimento\/\" target=\"_blank\" rel=\"noopener noreferrer\"><strong>Investimento<\/strong><\/a><\/h3>\n<h3><a href=\"https:\/\/sites.usp.br\/ensinodecienciasexatas\/disciplinas\/\" target=\"_blank\" rel=\"noopener noreferrer\"><strong>Disciplinas<\/strong><\/a><\/h3>\n","protected":false},"excerpt":{"rendered":"<p>******* ESTE CURSO \u00c9 100% A DIST\u00c2NCIA ************** Entendendo que a Matem\u00e1tica nos anos iniciais tem papel fundamental para o desenvolvimento do pensamento l\u00f3gico e para a estrutura\u00e7\u00e3o de conhecimentos em diversas \u00e1reas e visando a melhoria do ensino no Brasil, este curso justifica-se por aprofundar conceitos que possam enriquecer as aulas do professor, visando \u00e0 excel\u00eancia no que diz respeito ao ensino de Matem\u00e1tica. Para isso, o curso est\u00e1 estruturado com uma diversificada ementa que envolve aprofundamento nas cinco tem\u00e1ticas propostas pela BNCC para o Ensino Fundamental I (N\u00fameros, \u00c1lgebra, Geometria, Grandezas e Medidas, Probabilidade e Estat\u00edstica) e estrat\u00e9gias de ensino que envolvem Tecnologias da Informa\u00e7\u00e3o e Comunica\u00e7\u00e3o (TICs) capacitando o Professor da Educa\u00e7\u00e3o B\u00e1sica I. Convidamos voc\u00ea a navegar nos itens que detalham o curso: Sobre o curso Objetivo P\u00fablico Alvo Investimento Disciplinas<\/p>\n","protected":false},"author":1189,"featured_media":0,"parent":0,"menu_order":0,"comment_status":"closed","ping_status":"closed","template":"","meta":{"footnotes":"","_links_to":"","_links_to_target":""},"class_list":["post-892","page","type-page","status-publish","hentry"],"_links":{"self":[{"href":"https:\/\/sites.usp.br\/ensinodecienciasexatas\/wp-json\/wp\/v2\/pages\/892","targetHints":{"allow":["GET"]}}],"collection":[{"href":"https:\/\/sites.usp.br\/ensinodecienciasexatas\/wp-json\/wp\/v2\/pages"}],"about":[{"href":"https:\/\/sites.usp.br\/ensinodecienciasexatas\/wp-json\/wp\/v2\/types\/page"}],"author":[{"embeddable":true,"href":"https:\/\/sites.usp.br\/ensinodecienciasexatas\/wp-json\/wp\/v2\/users\/1189"}],"replies":[{"embeddable":true,"href":"https:\/\/sites.usp.br\/ensinodecienciasexatas\/wp-json\/wp\/v2\/comments?post=892"}],"version-history":[{"count":4,"href":"https:\/\/sites.usp.br\/ensinodecienciasexatas\/wp-json\/wp\/v2\/pages\/892\/revisions"}],"predecessor-version":[{"id":948,"href":"https:\/\/sites.usp.br\/ensinodecienciasexatas\/wp-json\/wp\/v2\/pages\/892\/revisions\/948"}],"wp:attachment":[{"href":"https:\/\/sites.usp.br\/ensinodecienciasexatas\/wp-json\/wp\/v2\/media?parent=892"}],"curies":[{"name":"wp","href":"https:\/\/api.w.org\/{rel}","templated":true}]}}