{"id":3073,"date":"2022-09-10T15:47:50","date_gmt":"2022-09-10T18:47:50","guid":{"rendered":"https:\/\/sites.usp.br\/entidadeseel\/?page_id=3073"},"modified":"2023-06-25T20:57:07","modified_gmt":"2023-06-25T23:57:07","slug":"sobre","status":"publish","type":"page","link":"https:\/\/sites.usp.br\/entidadeseel\/sobre\/","title":{"rendered":"Sobre"},"content":{"rendered":"\t\t<div data-elementor-type=\"wp-page\" data-elementor-id=\"3073\" class=\"elementor elementor-3073\" data-elementor-post-type=\"page\">\n\t\t\t\t\t\t<section class=\"elementor-section elementor-top-section elementor-element elementor-element-8c1f42d elementor-section-boxed elementor-section-height-default elementor-section-height-default\" data-id=\"8c1f42d\" data-element_type=\"section\">\n\t\t\t\t\t\t<div class=\"elementor-container elementor-column-gap-default\">\n\t\t\t\t\t<div class=\"elementor-column elementor-col-100 elementor-top-column elementor-element elementor-element-20be57a\" data-id=\"20be57a\" data-element_type=\"column\">\n\t\t\t<div class=\"elementor-widget-wrap elementor-element-populated\">\n\t\t\t\t\t\t<div class=\"elementor-element elementor-element-9800111 elementor-widget elementor-widget-heading\" data-id=\"9800111\" data-element_type=\"widget\" data-widget_type=\"heading.default\">\n\t\t\t\t<div class=\"elementor-widget-container\">\n\t\t\t<h2 class=\"elementor-heading-title elementor-size-default\">Sobre as entidades estudantis<\/h2>\t\t<\/div>\n\t\t\t\t<\/div>\n\t\t\t\t\t<\/div>\n\t\t<\/div>\n\t\t\t\t\t<\/div>\n\t\t<\/section>\n\t\t\t\t<section class=\"elementor-section elementor-top-section elementor-element elementor-element-b2dff2b elementor-section-boxed elementor-section-height-default elementor-section-height-default\" data-id=\"b2dff2b\" data-element_type=\"section\">\n\t\t\t\t\t\t<div class=\"elementor-container elementor-column-gap-default\">\n\t\t\t\t\t<div class=\"elementor-column elementor-col-100 elementor-top-column elementor-element elementor-element-17c7634\" data-id=\"17c7634\" data-element_type=\"column\">\n\t\t\t<div class=\"elementor-widget-wrap elementor-element-populated\">\n\t\t\t\t\t\t<div class=\"elementor-element elementor-element-e9f08e6 elementor-widget elementor-widget-text-editor\" data-id=\"e9f08e6\" data-element_type=\"widget\" data-widget_type=\"text-editor.default\">\n\t\t\t\t<div class=\"elementor-widget-container\">\n\t\t\t\t\t\t\t<p>As entidades exercem um grande papel na vida do estudante, contribuindo tanto para seu crescimento profissional quanto pessoal. Veja a seguir o depoimento da professora Elisangela, e conhe\u00e7a mais sobre o assunto!<\/p>\t\t\t\t\t\t<\/div>\n\t\t\t\t<\/div>\n\t\t\t\t\t<\/div>\n\t\t<\/div>\n\t\t\t\t\t<\/div>\n\t\t<\/section>\n\t\t\t\t<section class=\"elementor-section elementor-top-section elementor-element elementor-element-e510cb0 elementor-section-boxed elementor-section-height-default elementor-section-height-default\" data-id=\"e510cb0\" data-element_type=\"section\">\n\t\t\t\t\t\t<div class=\"elementor-container elementor-column-gap-default\">\n\t\t\t\t\t<div class=\"elementor-column elementor-col-100 elementor-top-column elementor-element elementor-element-8185058\" data-id=\"8185058\" data-element_type=\"column\">\n\t\t\t<div class=\"elementor-widget-wrap elementor-element-populated\">\n\t\t\t\t\t\t<div class=\"elementor-element elementor-element-e21dbb2 elementor-widget__width-initial elementor-invisible elementor-widget elementor-widget-video\" data-id=\"e21dbb2\" data-element_type=\"widget\" data-settings=\"{&quot;youtube_url&quot;:&quot;https:\\\/\\\/www.youtube.com\\\/watch?v=0z5xdLvRSH4&quot;,&quot;_animation&quot;:&quot;zoomIn&quot;,&quot;video_type&quot;:&quot;youtube&quot;,&quot;controls&quot;:&quot;yes&quot;}\" data-widget_type=\"video.default\">\n\t\t\t\t<div class=\"elementor-widget-container\">\n\t\t\t\t\t<div class=\"elementor-wrapper elementor-open-inline\">\n\t\t\t<div class=\"elementor-video\"><\/div>\t\t<\/div>\n\t\t\t\t<\/div>\n\t\t\t\t<\/div>\n\t\t\t\t\t<\/div>\n\t\t<\/div>\n\t\t\t\t\t<\/div>\n\t\t<\/section>\n\t\t\t\t<section class=\"elementor-section elementor-top-section elementor-element elementor-element-515a120 elementor-section-boxed elementor-section-height-default elementor-section-height-default\" data-id=\"515a120\" data-element_type=\"section\">\n\t\t\t\t\t\t<div class=\"elementor-container elementor-column-gap-default\">\n\t\t\t\t\t<div class=\"elementor-column elementor-col-100 elementor-top-column elementor-element elementor-element-86132d5\" data-id=\"86132d5\" data-element_type=\"column\">\n\t\t\t<div class=\"elementor-widget-wrap elementor-element-populated\">\n\t\t\t\t\t\t<div class=\"elementor-element elementor-element-70bb4e0 elementor-widget elementor-widget-heading\" data-id=\"70bb4e0\" data-element_type=\"widget\" data-widget_type=\"heading.default\">\n\t\t\t\t<div class=\"elementor-widget-container\">\n\t\t\t<h2 class=\"elementor-heading-title elementor-size-default\">Depoimento<\/h2>\t\t<\/div>\n\t\t\t\t<\/div>\n\t\t\t\t\t<\/div>\n\t\t<\/div>\n\t\t\t\t\t<\/div>\n\t\t<\/section>\n\t\t\t\t<section class=\"elementor-section elementor-top-section elementor-element elementor-element-283aff5 elementor-section-boxed elementor-section-height-default elementor-section-height-default\" data-id=\"283aff5\" data-element_type=\"section\">\n\t\t\t\t\t\t<div class=\"elementor-container elementor-column-gap-default\">\n\t\t\t\t\t<div class=\"elementor-column elementor-col-100 elementor-top-column elementor-element elementor-element-9fa8a62\" data-id=\"9fa8a62\" data-element_type=\"column\">\n\t\t\t<div class=\"elementor-widget-wrap elementor-element-populated\">\n\t\t\t\t\t\t<div class=\"elementor-element elementor-element-7a6b2a8 elementor-blockquote--skin-boxed elementor-blockquote--button-color-official elementor-widget elementor-widget-blockquote\" data-id=\"7a6b2a8\" data-element_type=\"widget\" data-widget_type=\"blockquote.default\">\n\t\t\t\t<div class=\"elementor-widget-container\">\n\t\t\t\t\t<blockquote class=\"elementor-blockquote\">\n\t\t\t<p class=\"elementor-blockquote__content\">\n\t\t\t\tN\u00f3s da Escola de Engenharia de Lorena \u2013 EEL-USP prezamos muito pela forma\u00e7\u00e3o de nossos alunos, preocupados em dot\u00e1-los de expertises t\u00e9cnicas e sociais imperativas para sua atua\u00e7\u00e3o com cidad\u00e3os probos e engenheiros de alto desempenho, comprometidos com a sociedade, a \u00e9tica e o meio a ambiente. Neste processo de forma\u00e7\u00e3o do profissional de alto desempenho, as entidades estudantis t\u00eam um papel important\u00edssimo. Ao passo de promoverem a intera\u00e7\u00e3o com a sociedade e o entorno, s\u00e3o excelentes mecanismos em que os alunos aprimoram o desenvolvimento de compet\u00eancias important\u00edssimas como capacidade de lideran\u00e7a, pensamento cr\u00edtico, trabalho em equipe, resili\u00eancia, entre outras. Para a Diretoria da EEL apoiar e oferecer suporte \u00e0 entidades n\u00e3o \u00e9 apenas uma a\u00e7\u00e3o administrativa, mas constitui-se na extens\u00e3o do processo de forma\u00e7\u00e3o de nossos jovens\u00a0talentos.\t\t\t<\/p>\n\t\t\t\t\t\t\t<div class=\"e-q-footer\">\n\t\t\t\t\t\t\t\t\t\t\t<cite class=\"elementor-blockquote__author\">Prof. Silvio Silv\u00e9rio da Silva, Diretor da EEL-USP<\/cite>\n\t\t\t\t\t\t\t\t\t\t\t\t\t\t<\/div>\n\t\t\t\t\t<\/blockquote>\n\t\t\t\t<\/div>\n\t\t\t\t<\/div>\n\t\t\t\t\t<\/div>\n\t\t<\/div>\n\t\t\t\t\t<\/div>\n\t\t<\/section>\n\t\t\t\t<\/div>\n\t\t","protected":false},"excerpt":{"rendered":"<p>Sobre as entidades estudantis As entidades exercem um grande papel na vida do estudante, contribuindo tanto para seu crescimento profissional quanto pessoal. Veja a seguir o depoimento da professora Elisangela, e conhe\u00e7a mais sobre o assunto! https:\/\/www.youtube.com\/watch?v=0z5xdLvRSH4 Depoimento N\u00f3s da Escola de Engenharia de Lorena \u2013 EEL-USP prezamos muito pela forma\u00e7\u00e3o de nossos alunos, preocupados [&hellip;]<\/p>\n","protected":false},"author":23127,"featured_media":0,"parent":0,"menu_order":0,"comment_status":"closed","ping_status":"closed","template":"","meta":{"_monsterinsights_skip_tracking":false,"_monsterinsights_sitenote_active":false,"_monsterinsights_sitenote_note":"","_monsterinsights_sitenote_category":0,"footnotes":"","_links_to":"","_links_to_target":""},"class_list":["post-3073","page","type-page","status-publish","hentry","entry"],"_links":{"self":[{"href":"https:\/\/sites.usp.br\/entidadeseel\/wp-json\/wp\/v2\/pages\/3073","targetHints":{"allow":["GET"]}}],"collection":[{"href":"https:\/\/sites.usp.br\/entidadeseel\/wp-json\/wp\/v2\/pages"}],"about":[{"href":"https:\/\/sites.usp.br\/entidadeseel\/wp-json\/wp\/v2\/types\/page"}],"author":[{"embeddable":true,"href":"https:\/\/sites.usp.br\/entidadeseel\/wp-json\/wp\/v2\/users\/23127"}],"replies":[{"embeddable":true,"href":"https:\/\/sites.usp.br\/entidadeseel\/wp-json\/wp\/v2\/comments?post=3073"}],"version-history":[{"count":5,"href":"https:\/\/sites.usp.br\/entidadeseel\/wp-json\/wp\/v2\/pages\/3073\/revisions"}],"predecessor-version":[{"id":4254,"href":"https:\/\/sites.usp.br\/entidadeseel\/wp-json\/wp\/v2\/pages\/3073\/revisions\/4254"}],"wp:attachment":[{"href":"https:\/\/sites.usp.br\/entidadeseel\/wp-json\/wp\/v2\/media?parent=3073"}],"curies":[{"name":"wp","href":"https:\/\/api.w.org\/{rel}","templated":true}]}}