{"id":4619,"date":"2016-05-05T09:52:35","date_gmt":"2016-05-05T12:52:35","guid":{"rendered":"http:\/\/sites.usp.br\/entomologia\/?page_id=530"},"modified":"2025-03-18T16:18:11","modified_gmt":"2025-03-18T19:18:11","slug":"pesquisa","status":"publish","type":"page","link":"https:\/\/sites.usp.br\/entomologia\/pb\/pesquisa","title":{"rendered":"Pesquisa"},"content":{"rendered":"<div id=\"abas\">\n<ul style=\"padding: 0;margin: 0\">\n<li><a href=\"#linhas\">Linhas de Pesquisa<\/a><\/li>\n<li><a href=\"#labs\">Laborat&#243;rios de Pesquisa<\/a><\/li>\n<li><a href=\"#grupos\">Grupos de Pesquisa<\/a><\/li>\n<\/ul>\n<div id=\"linhas\">\n        \n<!-- iframe plugin v.6.0 wordpress.org\/plugins\/iframe\/ -->\n<iframe loading=\"lazy\" frameborder=\"0\" height=\"1024px\" marginheight=\"0\" marginwidth=\"0\" scrolling=\"auto\" src=\"https:\/\/pos.ffclrp.usp.br\/pgusp\/pt-br\/ffclrp\/entomologia\/pesquisa\/areas.html\" width=\"100%\" class=\"iframe-class\"><\/iframe>\n\n    <\/div>\n<div id=\"labs\">\n<p>\nLABORAT\u00d3RIO DE MORFOLOGIA E EVOLU\u00c7\u00c3O DE DIPTERA \u2013 LMED<br \/>\nRespons\u00e1vel: Prof. Dr. Dalton de Souza Amorim<br \/>\n<a href=\"https:\/\/www.ffclrp.usp.br\/docentes\/doc.php?cusp=2086261\" target=\"_blank\">https:\/\/www.ffclrp.usp.br\/docentes\/doc.php?cusp=2086261<\/a>\n<\/p>\n<p>\nLABORAT\u00d3RIO DE ECOLOGIA E AN\u00c1LISE DE PAISAGENS \u2013 LEAP<br \/>\nRespons\u00e1vel: Prof. Dr. Danilo Boscolo<br \/>\n<a href=\"https:\/\/www.ffclrp.usp.br\/docentes\/doc.php?cusp=325041\" target=\"_blank\">https:\/\/www.ffclrp.usp.br\/docentes\/doc.php?cusp=325041<\/a>\n<\/p>\n<p>\nLABORAT\u00d3RIO DE BIOLOGIA COMPARADA E ABELHAS \u2013 LBCA<br \/>\nRespons\u00e1vel: Prof. Dr. Eduardo Andrade Botelho de Almeida<br \/>\n<a href=\"https:\/\/www.ffclrp.usp.br\/docentes\/doc.php?cusp=6761380\" target=\"_blank\">https:\/\/www.ffclrp.usp.br\/docentes\/doc.php?cusp=6761380<\/a>\n<\/p>\n<p>\nLABORATORIO DE COMPORTAMENTO E ECOLOGIA DE INSETOS SOCIAIS<br \/>\nRespons\u00e1vel: Prof. Dr. Fabio Santos do Nascimento e Dr. Andr\u00e9 Rodrigues Souza<br \/>\n<a href=\"https:\/\/www.ffclrp.usp.br\/docentes\/doc.php?cusp=2338629\" target=\"_blank\">https:\/\/www.ffclrp.usp.br\/docentes\/doc.php?cusp=2338629<\/a>\n<\/p>\n<p>\nLABORATORIO DE ECOLOGIA COMPORTAMENTAL E DE INTERA\u00c7\u00d5ES<br \/>\nRespons\u00e1vel: Profa. Dra. Helena Maura Torezan Silingardi e Prof. Dr. Kleber Del Claro<br \/>\n<a href=\"https:\/\/www.cienciaquenosfazemos.org\/leci-lab\" target=\"_blank\">https:\/\/www.cienciaquenosfazemos.org\/leci-lab<\/a>\n<\/p>\n<p>\nLABORATORIO DE ABELHAS<br \/>\nRespons\u00e1vel: Profa. Dra. Isabel Alves dos Santos<br \/>\n<a href=\"https:\/\/www.ib.usp.br\/telefones-ib\/docentes-ib\/98-isabel-alves-dos-santos.html\" target=\"_blank\">https:\/\/www.ib.usp.br\/telefones-ib\/docentes-ib\/98-isabel-alves-dos-santos.html<\/a>\n<\/p>\n<p>\nLABORATORIO DE ECOLOGIA E BIODIVERSIDADE<br \/>\nRespons\u00e1vel: Prof. Dr. Jean Carlos Santos<br \/>\n<a href=\"https:\/\/jcsantosbio.wixsite.com\/lebio\" target=\"_blank\">https:\/\/jcsantosbio.wixsite.com\/lebio<\/a>\n<\/p>\n<p>\nLABORATORIO DE ENTOMOLOGIA AGR\u00cdCOLA<br \/>\nRespons\u00e1vel: Prof. Dr. Odair Aparecido Fernandes<br \/>\n<a href=\"https:\/\/www.fcav.unesp.br\/#!\/docentes\/odair-aparecido-fernandes\/\" target=\"_blank\">https:\/\/www.fcav.unesp.br\/#!\/docentes\/odair-aparecido-fernandes\/<\/a><\/p>\n<p>\nLABORAT\u00d3RIO DE ECOLOGIA EVOLUTIVA E COMPORTAMENTAL<br \/>\nRespons\u00e1vel: Prof. Dr. Rhainer Guillermo Nascimento Ferreira\n<\/p>\n<p>\nLABORAT\u00d3RIO INTERA\u00c7\u00c3O INSETO-PLANTA<br \/>\nRespons\u00e1vel: Prof. Dr. Rodrigo Augusto Santinelo Pereira<br \/>\n<a href=\"https:\/\/www.ffclrp.usp.br\/docentes\/doc.php?cusp=5236343\" target=\"_blank\">https:\/\/www.ffclrp.usp.br\/docentes\/doc.php?cusp=5236343<\/a>\n<\/p>\n<p>\nLABORAT\u00d3RIO DE ECOLOGIA E COMPORTAMENTO DE ABELHAS<br \/>\nRespons\u00e1vel: Profa. Dra. Solange Cristina Augusto<br \/>\n<a href=\"https:\/\/ppgeco.inbio.ufu.br\/laboratorios-de-pesquisa\/laboratorio-de-ecologia-e-comportamento-de-abelhas-leca#:~:text=No%20LECA%20s%C3%A3o%20desenvolvidas%20pesquisas,Solange%20Cristina%20Augusto.\" target=\"_blank\">https:\/\/ppgeco.inbio.ufu.br\/laboratorios-de-pesquisa\/laboratorio-de-ecologia-e-comportamento-de-abelhas-leca#:~:text=No%20LECA%20s%C3%A3o%20desenvolvidas%20pesquisas,Solange%20Cristina%20Augusto.<\/a>\n<\/p>\n<p>\nLABORATORIO DE BIOLOGIA DO DESENVOLVIMENTO<br \/>\nRespons\u00e1vel: Profa. Dra. Zil\u00e1 Luz Paulino Sim\u00f5es<br \/>\n<a href=\"https:\/\/www.ffclrp.usp.br\/docentes\/doc.php?cusp=72039\" target=\"_blank\">https:\/\/www.ffclrp.usp.br\/docentes\/doc.php?cusp=72039<\/a>\n<\/p>\n<p>\nLABORATORIO DE SISTEMATICA DE DIPTERA<br \/>\nRespons\u00e1vel: Profa. Dra. Maria Virginia Urso Guimar\u00e3es<br \/>\n<a href=\"https:\/\/web-01.ufscar.br\/spdi\/Scriptlattes\/DBio-So-CCHB\/membro-8718750802689009.html\" target=\"_blank\">https:\/\/web-01.ufscar.br\/spdi\/Scriptlattes\/DBio-So-CCHB\/membro-8718750802689009.html<\/a>\n<\/p>\n<p>\nLABORATORIO DE SISTEM\u00c1TICA, TAXONOMIA E BIODIVERSIDADE DE INSETOS<br \/>\nRespons\u00e1vel: Prof. Dr. Caleb Califre Martins\n<\/p>\n<p>\nLABORAT\u00d3RIO DE BIOLOGIA E GEN\u00c9TICA DE DESENVOLVIMENTO DE INSETOS<br \/>\nRespons\u00e1vel: Prof. Dr. Klaus Hartfelder<br \/>\n<a href=\"http:\/\/rbp.fmrp.usp.br\/klaus-hartmann-hartfelder\/\" target=\"_blank\">http:\/\/rbp.fmrp.usp.br\/klaus-hartmann-hartfelder\/<\/a>\n<\/p>\n<\/p><\/div>\n<div id=\"grupos\">\n<h3>Em constru\u00e7\u00e3o!<\/h3>\n<\/p><\/div>\n<\/div>","protected":false},"excerpt":{"rendered":"<p>Linhas de Pesquisa Laborat&#243;rios de Pesquisa Grupos de Pesquisa LABORAT\u00d3RIO DE MORFOLOGIA E EVOLU\u00c7\u00c3O DE [&hellip;]<\/p>\n","protected":false},"author":211,"featured_media":0,"parent":0,"menu_order":0,"comment_status":"closed","ping_status":"closed","template":"","meta":{"footnotes":"","_links_to":"","_links_to_target":""},"class_list":["post-4619","page","type-page","status-publish","hentry"],"_links":{"self":[{"href":"https:\/\/sites.usp.br\/entomologia\/pb\/wp-json\/wp\/v2\/pages\/4619","targetHints":{"allow":["GET"]}}],"collection":[{"href":"https:\/\/sites.usp.br\/entomologia\/pb\/wp-json\/wp\/v2\/pages"}],"about":[{"href":"https:\/\/sites.usp.br\/entomologia\/pb\/wp-json\/wp\/v2\/types\/page"}],"author":[{"embeddable":true,"href":"https:\/\/sites.usp.br\/entomologia\/pb\/wp-json\/wp\/v2\/users\/211"}],"replies":[{"embeddable":true,"href":"https:\/\/sites.usp.br\/entomologia\/pb\/wp-json\/wp\/v2\/comments?post=4619"}],"version-history":[{"count":4,"href":"https:\/\/sites.usp.br\/entomologia\/pb\/wp-json\/wp\/v2\/pages\/4619\/revisions"}],"predecessor-version":[{"id":5269,"href":"https:\/\/sites.usp.br\/entomologia\/pb\/wp-json\/wp\/v2\/pages\/4619\/revisions\/5269"}],"wp:attachment":[{"href":"https:\/\/sites.usp.br\/entomologia\/pb\/wp-json\/wp\/v2\/media?parent=4619"}],"curies":[{"name":"wp","href":"https:\/\/api.w.org\/{rel}","templated":true}]}}