{"id":4620,"date":"2016-05-05T10:01:25","date_gmt":"2016-05-05T13:01:25","guid":{"rendered":"http:\/\/sites.usp.br\/entomologia\/?page_id=537"},"modified":"2026-04-02T14:17:29","modified_gmt":"2026-04-02T17:17:29","slug":"producoes","status":"publish","type":"page","link":"https:\/\/sites.usp.br\/entomologia\/pb\/producoes","title":{"rendered":"Produ\u00e7\u00f5es"},"content":{"rendered":"<div id=\"abas\">\n<ul style=\"padding: 0;margin: 0\">\n<li><a href=\"#prodAcadEst\">Produ\u00e7\u00f5es Acad\u00eamicas dos Estudantes<\/a><\/li>\n<li><a href=\"#curVerEnto\">Curso de Ver\u00e3o em Entomologia<\/a><\/li>\n<li><a href=\"#encAbelhas\">Encontro sobre abelhas<\/a><\/li>\n<\/ul>\n<div id=\"prodAcadEst\">\n\t\t\n<!-- iframe plugin v.6.0 wordpress.org\/plugins\/iframe\/ -->\n<iframe loading=\"lazy\" frameborder=\"0\" height=\"1024px\" marginheight=\"0\" marginwidth=\"0\" scrolling=\"auto\" src=\"https:\/\/pos.ffclrp.usp.br\/pgusp\/pt-br\/ffclrp\/entomologia\/defesas\/defendidas.html\" width=\"100%\" class=\"iframe-class\"><\/iframe>\n\n\t<\/div>\n<div id=\"curVerEnto\">\n\t\t\n<!-- iframe plugin v.6.0 wordpress.org\/plugins\/iframe\/ -->\n<iframe loading=\"lazy\" frameborder=\"0\" height=\"1024px\" marginheight=\"0\" marginwidth=\"0\" scrolling=\"auto\" src=\"https:\/\/pos.ffclrp.usp.br\/pgusp\/pt-br\/ffclrp\/entomologia\/uploads.html|cursoVerao\" width=\"100%\" class=\"iframe-class\"><\/iframe>\n\n\t<\/div>\n<\/div>","protected":false},"excerpt":{"rendered":"<p>Produ\u00e7\u00f5es Acad\u00eamicas dos Estudantes Curso de Ver\u00e3o em Entomologia Encontro sobre abelhas<\/p>\n","protected":false},"author":211,"featured_media":0,"parent":0,"menu_order":0,"comment_status":"closed","ping_status":"closed","template":"","meta":{"footnotes":"","_links_to":"","_links_to_target":""},"class_list":["post-4620","page","type-page","status-publish","hentry"],"_links":{"self":[{"href":"https:\/\/sites.usp.br\/entomologia\/pb\/wp-json\/wp\/v2\/pages\/4620","targetHints":{"allow":["GET"]}}],"collection":[{"href":"https:\/\/sites.usp.br\/entomologia\/pb\/wp-json\/wp\/v2\/pages"}],"about":[{"href":"https:\/\/sites.usp.br\/entomologia\/pb\/wp-json\/wp\/v2\/types\/page"}],"author":[{"embeddable":true,"href":"https:\/\/sites.usp.br\/entomologia\/pb\/wp-json\/wp\/v2\/users\/211"}],"replies":[{"embeddable":true,"href":"https:\/\/sites.usp.br\/entomologia\/pb\/wp-json\/wp\/v2\/comments?post=4620"}],"version-history":[{"count":4,"href":"https:\/\/sites.usp.br\/entomologia\/pb\/wp-json\/wp\/v2\/pages\/4620\/revisions"}],"predecessor-version":[{"id":5306,"href":"https:\/\/sites.usp.br\/entomologia\/pb\/wp-json\/wp\/v2\/pages\/4620\/revisions\/5306"}],"wp:attachment":[{"href":"https:\/\/sites.usp.br\/entomologia\/pb\/wp-json\/wp\/v2\/media?parent=4620"}],"curies":[{"name":"wp","href":"https:\/\/api.w.org\/{rel}","templated":true}]}}