{"id":648,"date":"2016-05-04T10:21:20","date_gmt":"2016-05-04T13:21:20","guid":{"rendered":"http:\/\/sites.usp.br\/entomologia\/?page_id=512"},"modified":"2026-04-02T10:45:41","modified_gmt":"2026-04-02T13:45:41","slug":"apresentacao","status":"publish","type":"page","link":"https:\/\/sites.usp.br\/entomologia\/pb\/apresentacao","title":{"rendered":"Apresenta\u00e7\u00e3o"},"content":{"rendered":"<div id=\"abas\">\n<ul style=\"padding: 0; margin: 0;\">\n<li><a href=\"#historico\">Hist\u00f3rico<\/a><\/li>\n<li><a href=\"#objetivos\">Objetivos<\/a><\/li>\n<li><a href=\"#areasPesq\">\u00c1reas de Pesquisa<\/a><\/li>\n<li><a href=\"#concCAPES\">Conceito CAPES<\/a><\/li>\n<li><a href=\"#CCP\">Coordena\u00e7\u00e3o<\/a><\/li>\n<li><a href=\"#calReunioes\">Calend\u00e1rio de Reuni\u00f5es<\/a><\/li>\n<li><a href=\"#contato\">Contato<\/a><\/li>\n<\/ul>\n<div id=\"historico\">\n<p>O Programa de P\u00f3s-Gradua\u00e7\u00e3o em Entomologia da Faculdade de Filosofia, Ci\u00eancias e Letras de Ribeir\u00e3o Preto (FFCLRP-USP) teve in\u00edcio em 1980, com a implanta\u00e7\u00e3o do curso de Mestrado. Desde sua implanta\u00e7\u00e3o, o Programa possui um car\u00e1ter inter-institucional, com docentes da Faculdade de Agronomia e Veterin\u00e1ria de Jaboticabal \u2013 UNESP, da Faculdade de Medicina de Ribeir\u00e3o Preto-USP, do Instituto de Bioci\u00eancias de S\u00e3o Paulo \u2013 USP, da Universidade Federal de Uberl\u00e2ndia, da Universidade Federal de Sergipe e da Universidade Federal de S\u00e3o Carlos \u2013 Campus Sorocaba. Em 1993, teve in\u00edcio o curso de Doutorado, atendendo a profissionais formados em diversas \u00e1reas da Biologia, como bi\u00f3logos, agr\u00f4nomos, zootecnistas e outras \u00e1reas afins. No final do ano de 2012 o Programa recebeu o conceito 6 pelo comit\u00ea de avalia\u00e7\u00e3o da \u00e1rea de Biodiversidade da Capes. Ao longo de seu percurso, o Programa atraiu alunos formados em diversas universidades do pa\u00eds e do exterior (e.g., Alemanha, Col\u00f4mbia, Costa Rica, Equador, M\u00e9xico, Peru, Portugal e Venezuela).<\/p>\n<p>Especificamente, os alunos formados pelo Programa t\u00eam atuado de forma direta e indireta (pela gera\u00e7\u00e3o e difus\u00e3o de conhecimento b\u00e1sico) no monitoramento dos impactos ambientais e no desenvolvimento de metodologias mais racionais e ambientalmente favor\u00e1veis no controle de pragas agr\u00edcolas.<\/p>\n<p>No contexto acad\u00eamico, o Programa estabelece rela\u00e7\u00f5es diretas (por meio de orientadores credenciados) e indiretas (por meio de interc\u00e2mbio de conhecimento) com grupos de pesquisa na \u00e1rea de concentra\u00e7\u00e3o de Entomologia das universidades p\u00fablicas paulistas e de universidades de outros Estados, tais como Faculdade de Medicina de Ribeir\u00e3o Preto-USP, Ag\u00eancia Paulista de Tecnologia dos Agroneg\u00f3cios \u2013 Ribeir\u00e3o Preto, Faculdade de Agronomia e Veterin\u00e1ria de Jaboticabal \u2013 UNESP, Centro de Ci\u00eancias Biol\u00f3gicas e da Sa\u00fade \u2013 UFSCar, Faculdade de Ci\u00eancias e Letras de Assis \u2013 UNESP, Instituto de Bioci\u00eancias Letras e Ci\u00eancias Exatas de S\u00e3o Jos\u00e9 do Rio Preto \u2013 UNESP, Centro de Energia Nuclear na Agricultura-CENA \u2013 USP, Escola Superior de Agricultura \u201cLuiz de Queiroz\u201d \u2013 USP, Instituto de Bioci\u00eancias de Rio Claro \u2013 UNESP, Instituto de Bioci\u00eancias de S\u00e3o Paulo \u2013 USP, Museu de Zoologia da USP, Instituto de Biologia \u2013 UNICAMP e Instituto de Biologia \u2013 UFU.<\/p>\n<\/div>\n<div id=\"objetivos\">\n<p>O Programa de P\u00f3s-Gradua\u00e7\u00e3o em Entomologia da Faculdade de Filosofia, Ci\u00eancias e Letras de Ribeir\u00e3o Preto da Universidade de S\u00e3o Paulo, destina-se os graduados de forma\u00e7\u00e3o profissional centrada nas \u00e1reas ligadas \u00e0 Biologia\u2014Licenciados e Bachar\u00e9is em Ci\u00eancias Biol\u00f3gicas, Agr\u00f4nomos, Zootecnistas e demais \u00e1reas afins. A miss\u00e3o do Programa \u00e9 a forma\u00e7\u00e3o de pesquisadores e docentes universit\u00e1rios altamente qualificados nas diversas \u00e1reas de investiga\u00e7\u00e3o relacionadas \u00e0 Entomologia.<\/p>\n<p>A estrutura de disciplinas inclui obrigat\u00f3rias e opcionais, entre as quais o(a) candidato(a), de comum acordo com seu orientador, elabora seu plano de estudo visando a melhor forma\u00e7\u00e3o no campo por ele escolhido.<\/p>\n<\/div>\n<div id=\"areasPesq\">\n<p>\u2022 <strong>Entomologia Aplicada: <\/strong>visa desenvolver m\u00e9todos e avaliar suas aplica\u00e7\u00f5es para diversas \u00e1reas da pesquisa b\u00e1sica e voltadas \u00e0s atividades de interesse econ\u00f4mico. Estas incluem o manejo de insetos, com destaque para a apicultura, o controle de pragas agr\u00edcolas e investiga\u00e7\u00f5es no campo da agroecologia.<\/p>\n<p><strong>Docentes envolvidos: <\/strong><br \/>\nProf. Dr. Odair Aparecido Fernandes<br \/>\nProf. Dr. Sergio Antonio De Bortoli<\/p>\n<hr \/>\n<p>\u2022 <strong>Ecologia e Conserva\u00e7\u00e3o de Insetos: <\/strong>investiga\u00e7\u00f5es voltadas para a compreens\u00e3o do comportamento de insetos, intera\u00e7\u00e3o entre insetos e entre estes e outros t\u00e1xons (especialmente as plantas), aspectos gerais da ecologia envolvendo os n\u00edveis populacional at\u00e9 a paisagem, a conserva\u00e7\u00e3o de insetos em ambientes naturais e manejados.<\/p>\n<p><strong>Docentes envolvidos: <\/strong><br \/>\nProf. Dr. Andr\u00e9 Rodrigues de Souza<br \/>\nProf. Dr. Danilo Boscolo<br \/>\nProf. Dr. Fabio Santos do Nascimento<br \/>\nProf. Dr. Jean Carlos Santos<br \/>\nProf. Dr. Isabel Alves dos Santos<br \/>\nProf. Dr. Kleber Del Claro<br \/>\nProf. Dr. Rhainer Nascimento Ferreira<br \/>\nProf. Dr. Rodrigo Augusto Santinelo Pereira<br \/>\nProfa. Dra. Solange Cristina Silva<br \/>\nProfa. Dra. Helena Maura Torezan Silingardi<\/p>\n<hr \/>\n<p>\u2022 <strong>Evolu\u00e7\u00e3o e Sistem\u00e1tica de Insetos:<\/strong> estudo da diversidade de insetos, dos fen\u00f3tipos e gen\u00f3tipos desses organismos, descri\u00e7\u00e3o e documenta\u00e7\u00e3o da diversidade por meio das ferramentas da taxonomia e investiga\u00e7\u00e3o dos processos e padr\u00f5es relativos \u00e0 forma\u00e7\u00e3o e manuten\u00e7\u00e3o da diversidade em suas dimens\u00f5es temporal e espacial, e a evolu\u00e7\u00e3o<\/p>\n<p><strong>Docentes envolvidos: <\/strong><br \/>\nProf. Dr. Caleb Califre Martins<br \/>\nProf. Dr. Dalton de Souza Amorim<br \/>\nProf. Dr. Eduardo Andrade Botelho de Almeida<br \/>\nProfa. Dra. Zil\u00e1 Luz Paulino Sim\u00f5es<br \/>\nProf. Dr. Klaus Hartfelder<br \/>\nProfa. Dra. Maria Virginia Urso Guimar\u00e3es<\/p>\n<\/div>\n<div id=\"concCAPES\">\n<p style=\"margin-bottom: 3%; margin-top: 2%;\">2021 \u2013 2024 = 6<span style=\"font-weight: bolder; font-size: 1.5em;\"><\/p>\n<p style=\"margin-bottom: 3%;\"> 2017 \u2013 2020 = 7 <\/p>\n<p style=\"margin-bottom: 3%;\">2013 \u2013 2016 = 7<\/p>\n<p style=\"margin-bottom: 3%;\">2010 \u2013 2012 = 6<\/p>\n<p style=\"margin-bottom: 3%;\">2007 \u2013 2009 = 5<\/p>\n<p style=\"margin-bottom: 3%;\">2004 \u2013 2006 = 5<\/p>\n<p style=\"margin-bottom: 3%;\">2001 \u2013 2003 = 4<\/p>\n<\/div>\n<div id=\"CCP\">\n<p><object data=\"https:\/\/pos.ffclrp.usp.br\/pgusp\/NereuColeg\/ExibeColegiado.php?idCol=5904&amp;sglCol=CCP\" width=\"100%\" height=\"1080\"><\/object><\/p>\n<\/div>\n<div id=\"calReunioes\">\n<h2>Calend\u00e1rio de Reuni\u00f5es<\/h2>\n<p><object data=\"https:\/\/sites.usp.br\/entomologia\/wp-content\/uploads\/sites\/249\/2026\/04\/reuniao-ccp.pdf\" width=\"100%\" height=\"1080\"><\/object><\/p>\n<\/div>\n<div id=\"contato\">\n<!-- iframe plugin v.6.0 wordpress.org\/plugins\/iframe\/ -->\n<iframe loading=\"lazy\" frameborder=\"0\" scrolling=\"auto\" marginheight=\"0\" marginwidth=\"0\" src=\"https:\/\/pos.ffclrp.usp.br\/pgusp\/pt-br\/ffclrp\/entomologia\/contato.html\" width=\"100%\" height=\"1024px\" class=\"iframe-class\"><\/iframe>\n<\/div>\n<\/div>","protected":false},"excerpt":{"rendered":"<p>Hist\u00f3rico Objetivos \u00c1reas de Pesquisa Conceito CAPES Coordena\u00e7\u00e3o Calend\u00e1rio de Reuni\u00f5es Contato O Programa de [&hellip;]<\/p>\n","protected":false},"author":211,"featured_media":0,"parent":0,"menu_order":1,"comment_status":"closed","ping_status":"closed","template":"","meta":{"footnotes":"","_links_to":"","_links_to_target":""},"class_list":["post-648","page","type-page","status-publish","hentry"],"_links":{"self":[{"href":"https:\/\/sites.usp.br\/entomologia\/pb\/wp-json\/wp\/v2\/pages\/648","targetHints":{"allow":["GET"]}}],"collection":[{"href":"https:\/\/sites.usp.br\/entomologia\/pb\/wp-json\/wp\/v2\/pages"}],"about":[{"href":"https:\/\/sites.usp.br\/entomologia\/pb\/wp-json\/wp\/v2\/types\/page"}],"author":[{"embeddable":true,"href":"https:\/\/sites.usp.br\/entomologia\/pb\/wp-json\/wp\/v2\/users\/211"}],"replies":[{"embeddable":true,"href":"https:\/\/sites.usp.br\/entomologia\/pb\/wp-json\/wp\/v2\/comments?post=648"}],"version-history":[{"count":4,"href":"https:\/\/sites.usp.br\/entomologia\/pb\/wp-json\/wp\/v2\/pages\/648\/revisions"}],"predecessor-version":[{"id":5304,"href":"https:\/\/sites.usp.br\/entomologia\/pb\/wp-json\/wp\/v2\/pages\/648\/revisions\/5304"}],"wp:attachment":[{"href":"https:\/\/sites.usp.br\/entomologia\/pb\/wp-json\/wp\/v2\/media?parent=648"}],"curies":[{"name":"wp","href":"https:\/\/api.w.org\/{rel}","templated":true}]}}