{"id":202,"date":"2022-02-08T15:58:23","date_gmt":"2022-02-08T17:58:23","guid":{"rendered":"https:\/\/sites.usp.br\/epigen\/?page_id=202"},"modified":"2022-04-01T20:27:34","modified_gmt":"2022-04-01T22:27:34","slug":"events","status":"publish","type":"page","link":"https:\/\/sites.usp.br\/epigen\/es\/events\/","title":{"rendered":"Events"},"content":{"rendered":"<p><span style=\"color: #000000;\"><strong><span style=\"font-family: terminal, monaco, monospace; font-size: 16pt;\">What is happening<\/span><\/strong><\/span><\/p>\n<p><span style=\"font-family: terminal, monaco, monospace; color: #000000; font-size: 11pt;\">Introdu\u00e7\u00e3o a Epidemiologia Epig\u00e9netica course (FMUSP):\u00a0<\/span><\/p>\n<p><a href=\"https:\/\/sites.usp.br\/epigen\/wp-content\/uploads\/sites\/950\/2022\/03\/iee.pdf\" target=\"_blank\" rel=\"noopener\"><img loading=\"lazy\" decoding=\"async\" class=\"alignnone wp-image-280\" src=\"https:\/\/sites.usp.br\/epigen\/wp-content\/uploads\/sites\/950\/2022\/03\/iee-212x300.jpg\" alt=\"\" width=\"372\" height=\"526\" srcset=\"https:\/\/sites.usp.br\/epigen\/wp-content\/uploads\/sites\/950\/2022\/03\/iee-212x300.jpg 212w, https:\/\/sites.usp.br\/epigen\/wp-content\/uploads\/sites\/950\/2022\/03\/iee-724x1024.jpg 724w, https:\/\/sites.usp.br\/epigen\/wp-content\/uploads\/sites\/950\/2022\/03\/iee-768x1086.jpg 768w, https:\/\/sites.usp.br\/epigen\/wp-content\/uploads\/sites\/950\/2022\/03\/iee-1086x1536.jpg 1086w, https:\/\/sites.usp.br\/epigen\/wp-content\/uploads\/sites\/950\/2022\/03\/iee-1448x2048.jpg 1448w, https:\/\/sites.usp.br\/epigen\/wp-content\/uploads\/sites\/950\/2022\/03\/iee-400x566.jpg 400w, https:\/\/sites.usp.br\/epigen\/wp-content\/uploads\/sites\/950\/2022\/03\/iee.jpg 1654w\" sizes=\"auto, (max-width: 372px) 100vw, 372px\" \/><\/a><\/p>\n<p>&nbsp;<\/p>\n<p><span style=\"font-family: terminal, monaco, monospace; font-size: 11pt;\"><span style=\"color: #000000;\">Introduction to causal inference course (11\u00ba Congresso Brasileiro de Epidemiologia, ABRASCO) (<\/span><a href=\"https:\/\/epi.org.br\/cursos\/index.php#topo\">https:\/\/epi.org.br\/cursos\/index.php#topo<\/a><span style=\"color: #000000;\">)<\/span><\/span><\/p>\n","protected":false},"excerpt":{"rendered":"<p>What is happening Introdu\u00e7\u00e3o a Epidemiologia Epig\u00e9netica course (FMUSP):\u00a0 &nbsp; Introduction to causal inference course (11\u00ba Congresso Brasileiro de Epidemiologia,&#46;&#46;&#46;<\/p>\n","protected":false},"author":22756,"featured_media":0,"parent":0,"menu_order":0,"comment_status":"closed","ping_status":"closed","template":"","meta":{"_monsterinsights_skip_tracking":false,"_monsterinsights_sitenote_active":false,"_monsterinsights_sitenote_note":"","_monsterinsights_sitenote_category":0,"footnotes":"","_links_to":"","_links_to_target":""},"class_list":["post-202","page","type-page","status-publish","hentry"],"_links":{"self":[{"href":"https:\/\/sites.usp.br\/epigen\/es\/wp-json\/wp\/v2\/pages\/202","targetHints":{"allow":["GET"]}}],"collection":[{"href":"https:\/\/sites.usp.br\/epigen\/es\/wp-json\/wp\/v2\/pages"}],"about":[{"href":"https:\/\/sites.usp.br\/epigen\/es\/wp-json\/wp\/v2\/types\/page"}],"author":[{"embeddable":true,"href":"https:\/\/sites.usp.br\/epigen\/es\/wp-json\/wp\/v2\/users\/22756"}],"replies":[{"embeddable":true,"href":"https:\/\/sites.usp.br\/epigen\/es\/wp-json\/wp\/v2\/comments?post=202"}],"version-history":[{"count":4,"href":"https:\/\/sites.usp.br\/epigen\/es\/wp-json\/wp\/v2\/pages\/202\/revisions"}],"predecessor-version":[{"id":424,"href":"https:\/\/sites.usp.br\/epigen\/es\/wp-json\/wp\/v2\/pages\/202\/revisions\/424"}],"wp:attachment":[{"href":"https:\/\/sites.usp.br\/epigen\/es\/wp-json\/wp\/v2\/media?parent=202"}],"curies":[{"name":"wp","href":"https:\/\/api.w.org\/{rel}","templated":true}]}}