{"id":204,"date":"2022-02-08T15:58:44","date_gmt":"2022-02-08T17:58:44","guid":{"rendered":"https:\/\/sites.usp.br\/epigen\/?page_id=204"},"modified":"2024-11-08T01:28:29","modified_gmt":"2024-11-08T03:28:29","slug":"media","status":"publish","type":"page","link":"https:\/\/sites.usp.br\/epigen\/es\/media\/","title":{"rendered":"Media"},"content":{"rendered":"<span style=\"font-size: 16pt; color: #000000;\"><strong><span style=\"font-family: terminal, monaco, monospace;\">We<\/span><span style=\"font-family: terminal, monaco, monospace;\"> made the papers!<\/span><\/strong><\/span><\/p>\n<p><span style=\"color: #ab115d; font-size: 12pt;\"><strong><span style=\"font-family: terminal, monaco, monospace;\">Reference to our work in the press<\/span><\/strong><\/span><\/p>\n<p><span style=\"font-family: terminal, monaco, monospace; color: #000000; font-size: 11pt;\">1- <a href=\"https:\/\/ladiaria.com.uy\/ciencia\/articulo\/2021\/2\/hallazgo-sorpresivo-en-montevideo-se-encontro-mayor-proporcion-de-ancestria-indigena-en-la-poblacion-de-menor-nivel-socioeconomico\/\" target=\"_blank\" rel=\"noopener\">Hallazgo sorpresivo en Montevideo: se encontr\u00f3 mayor proporci\u00f3n de ancestr\u00eda ind\u00edgena en la poblaci\u00f3n de menor nivel socioecon\u00f3mico<\/a>.<\/span><\/p>\n<p><span style=\"font-family: terminal, monaco, monospace; color: #000000; font-size: 11pt;\">Leo Lagos, newspaper ladiaria (Uruguay)<\/span><\/p>\n<p><span style=\"font-family: terminal, monaco, monospace; color: #000000; font-size: 11pt;\">2- <a href=\"https:\/\/ladiaria.com.uy\/ciencia\/articulo\/2019\/5\/investigacion-revela-la-magnitud-del-exterminio-indigena-en-el-sur-de-brasil-y-en-uruguay\/\" target=\"_blank\" rel=\"noopener\">Investigaci\u00f3n revela la magnitud del exterminio ind\u00edgena en el sur de Brasil y en Uruguay<\/a>.<\/span><\/p>\n<p><span style=\"font-family: terminal, monaco, monospace; font-size: 11pt;\"><span style=\"color: #000000;\">Leo Lagos, newspaper ladiaria (Uruguay)<\/span>\u00a0<\/span><\/p>\n<p>&nbsp;<\/p>\n<p><span style=\"font-size: 12pt;\"><strong><span style=\"font-family: terminal, monaco, monospace; color: #ab115d;\">Contributions<\/span><\/strong><\/span><\/p>\n<p><span style=\"font-family: terminal, monaco, monospace; color: #000000; font-size: 11pt;\">1- <a href=\"http:\/\/ladiaria.com.uy\/articulo\/2015\/9\/el-genoma-uruguayo-es-unico\/\" target=\"_blank\" rel=\"noopener\">El genoma uruguayo es \u00fanico<\/a>.<\/span><\/p>\n<p><span style=\"font-family: terminal, monaco, monospace; font-size: 11pt;\"><span style=\"color: #000000;\">newspaper ladiaria (Uruguay)<\/span>\u00a0<\/span>","protected":false},"excerpt":{"rendered":"<p>We made the papers! Reference to our work in the press 1- Hallazgo sorpresivo en Montevideo: se encontr\u00f3 mayor proporci\u00f3n&#46;&#46;&#46;<\/p>\n","protected":false},"author":22756,"featured_media":0,"parent":0,"menu_order":0,"comment_status":"closed","ping_status":"closed","template":"","meta":{"_monsterinsights_skip_tracking":false,"_monsterinsights_sitenote_active":false,"_monsterinsights_sitenote_note":"","_monsterinsights_sitenote_category":0,"footnotes":"","_links_to":"","_links_to_target":""},"class_list":["post-204","page","type-page","status-publish","hentry"],"_links":{"self":[{"href":"https:\/\/sites.usp.br\/epigen\/es\/wp-json\/wp\/v2\/pages\/204","targetHints":{"allow":["GET"]}}],"collection":[{"href":"https:\/\/sites.usp.br\/epigen\/es\/wp-json\/wp\/v2\/pages"}],"about":[{"href":"https:\/\/sites.usp.br\/epigen\/es\/wp-json\/wp\/v2\/types\/page"}],"author":[{"embeddable":true,"href":"https:\/\/sites.usp.br\/epigen\/es\/wp-json\/wp\/v2\/users\/22756"}],"replies":[{"embeddable":true,"href":"https:\/\/sites.usp.br\/epigen\/es\/wp-json\/wp\/v2\/comments?post=204"}],"version-history":[{"count":4,"href":"https:\/\/sites.usp.br\/epigen\/es\/wp-json\/wp\/v2\/pages\/204\/revisions"}],"predecessor-version":[{"id":577,"href":"https:\/\/sites.usp.br\/epigen\/es\/wp-json\/wp\/v2\/pages\/204\/revisions\/577"}],"wp:attachment":[{"href":"https:\/\/sites.usp.br\/epigen\/es\/wp-json\/wp\/v2\/media?parent=204"}],"curies":[{"name":"wp","href":"https:\/\/api.w.org\/{rel}","templated":true}]}}