{"id":198,"date":"2022-02-08T15:56:53","date_gmt":"2022-02-08T17:56:53","guid":{"rendered":"https:\/\/sites.usp.br\/epigen\/?page_id=198"},"modified":"2024-11-08T01:15:35","modified_gmt":"2024-11-08T03:15:35","slug":"publications","status":"publish","type":"page","link":"https:\/\/sites.usp.br\/epigen\/pb\/publications\/","title":{"rendered":"Publications"},"content":{"rendered":"<span style=\"color: #000000;\"><strong><span style=\"font-size: 16pt; font-family: terminal, monaco, monospace;\">Publish or perish<\/span><\/strong><\/span><\/p>\n<p><span style=\"font-size: 12pt; color: #ab115d;\"><strong><span style=\"font-family: terminal, monaco, monospace;\">2022<\/span><\/strong><\/span><\/p>\n<p><span style=\"font-family: terminal, monaco, monospace; color: #000000; font-size: 11pt;\">1- <a href=\"https:\/\/www.medrxiv.org\/content\/10.1101\/2022.01.08.22268938v1\" target=\"_blank\" rel=\"noopener\"><strong>Bonilla C<\/strong>, Mejia-Lancheros C. The skin we live in: pigmentation traits and tanning behaviour in British young adults, an observational and genetically-informed study. <em>medRxiv<\/em>. Preprint<\/a>.<\/span><\/p>\n<p>&nbsp;<\/p>\n<p><span style=\"font-size: 12pt; color: #ab115d;\"><strong><span style=\"font-family: terminal, monaco, monospace;\">2021<\/span><\/strong><\/span><\/p>\n<p><span style=\"font-family: terminal, monaco, monospace; font-size: 11pt;\"><span style=\"color: #000000;\">1- \u00a0<a href=\"https:\/\/www.medrxiv.org\/content\/10.1101\/2021.10.14.21265027v1\" target=\"_blank\" rel=\"noopener\"><strong>Bonilla C<\/strong>, Sortica VA, Schuler-Faccini L, Matijasevich A, Scheffer MC. 2021. Medical genetics workforce in Brazil: practitioners, services, and disease distribution. <em>medRxiv<\/em>. Preprint. Under review in Personalized Medicine<\/a>.<\/span><\/span><\/p>\n<p><span style=\"font-family: terminal, monaco, monospace; font-size: 11pt;\"><span style=\"color: #000000;\">2- <a href=\"https:\/\/pubmed.ncbi.nlm.nih.gov\/33821771\/\" target=\"_blank\" rel=\"noopener\">Carpena M, <strong>Bonilla C<\/strong>, Martins-Silva T, Matijasevich A, Genro JP, Hutz MH, Rohde LA, Tovo-Rodrigues L. Sleep-related traits and attention-deficit\/hyperactivity disorder comorbidity: shared genetic risk factors, molecular mechanisms, and causal effects. <em>The World Journal of Biological Psychiatry <\/em>22: 778-791<\/a><em>.<\/em><\/span><\/span><\/p>\n<p><span style=\"font-family: terminal, monaco, monospace; font-size: 11pt;\"><span style=\"color: #000000;\">3- <a href=\"https:\/\/journals.plos.org\/plosgenetics\/article?id=10.1371\/journal.pgen.1009319\" target=\"_blank\" rel=\"noopener\">Batai K, Cui Z, Arora A, Shah-Williams E, Hernandez W, Ruden M, Hollowell CMP, Hooker SE, Bathina M, Murphy AB, <strong>Bonilla C<\/strong>, Kittles RA. Genetic loci associated with skin pigmentation in African Americans and their effects on vitamin D deficiency. <em>PLoS Genetics<\/em> 17: e1009319<\/a>.<\/span><\/span><\/p>\n<p><span style=\"font-family: terminal, monaco, monospace; font-size: 11pt;\"><span style=\"color: #000000;\">4- <a href=\"https:\/\/pubmed.ncbi.nlm.nih.gov\/33248005\/\" target=\"_blank\" rel=\"noopener\"><strong>Bonilla C<\/strong>, Bertoni B, Min JL, Hemani G, Elliott HR. Investigating DNA methylation as a potential mediator between pigmentation genes, pigmentary traits and skin cancer. <em>Pigment Cell and Melanoma Research <\/em>34: 892-904<\/a>.<\/span><\/span><\/p>\n<p><span style=\"font-family: terminal, monaco, monospace; font-size: 11pt;\"><span style=\"color: #000000;\">5- <a href=\"https:\/\/febs.onlinelibrary.wiley.com\/doi\/full\/10.1002\/1878-0261.12842\" target=\"_blank\" rel=\"noopener\">Cappetta M, Fernandez L, Brignoni L, Artagaveytia N, <strong>Bonilla C<\/strong>, Lopez M, Esteller M, Bertoni B, Berdasco M. Discovery of novel DNA methylation biomarkers for sporadic breast cancer in a Latino population. <em>Molecular Oncology <\/em>15: 473-486<\/a>.<\/span><\/span><\/p>\n<p><span style=\"font-family: terminal, monaco, monospace; font-size: 11pt;\"><span style=\"color: #000000;\">6- <a href=\"https:\/\/revistas.unlp.edu.ar\/raab\/article\/view\/9926\" target=\"_blank\" rel=\"noopener\">Sans M, Figueiro G, <strong>Bonilla C<\/strong>, Bertoni B, Cappetta M, Artagaveytia N, Ackermann E, Mut P, Hidalgo PC. Ancestr\u00eda gen\u00e9tica y estratificaci\u00f3n social en Montevideo, Uruguay. <em>Revista Argentina de Antropolog\u00eda Biol\u00f3gica<\/em> 23: 029<\/a>.<\/span><\/span><\/p>\n<p>&nbsp;<\/p>\n<p><span style=\"font-size: 12pt; color: #ab115d;\"><strong><span style=\"font-family: terminal, monaco, monospace;\">2020<\/span><\/strong><\/span><\/p>\n<p><span style=\"font-family: terminal, monaco, monospace; font-size: 11pt;\"><span style=\"color: #000000;\">1- <a href=\"https:\/\/www.mdpi.com\/2073-4425\/11\/11\/1272\" target=\"_blank\" rel=\"noopener\">Brignoni L, Cappetta M, Colistro V, Sans M, Artagaveytia N, <strong>Bonilla C<\/strong>, Bertoni B. Genomic diversity in sporadic breast cancer in a Latin American population. <em>Genes<\/em> 11: 1272<\/a>.<\/span><\/span><\/p>\n<p><span style=\"font-family: terminal, monaco, monospace; font-size: 11pt;\"><span style=\"color: #000000;\">2- <a href=\"https:\/\/journals.plos.org\/plosone\/article?id=10.1371\/journal.pone.0237041\" target=\"_blank\" rel=\"noopener\">Teteh DK, Dawkins-Moultin L, Hooker S, Hernandez W, <strong>Bonilla C<\/strong>, Galloway D, LaGroon V, Santos ER, Shriver M, Royal CDM, Kittles RA. Genetic ancestry, skin color and social attainment: The four cities study. <em>PLoS ONE<\/em> 15: e0237041<\/a>.<\/span><\/span><\/p>\n<p><span style=\"font-family: terminal, monaco, monospace; font-size: 11pt;\"><span style=\"color: #000000;\">3- <a href=\"https:\/\/www.mdpi.com\/2073-4425\/11\/5\/507\" target=\"_blank\" rel=\"noopener\"><strong>Bonilla C<\/strong> and Baccarini LN. Genetic epidemiology in Latin America: Identifying strong genetic proxies for complex disease risk factors. <em>Genes<\/em> 11: 507<\/a>.<\/span><\/span><\/p>\n<p><span style=\"font-family: terminal, monaco, monospace; font-size: 11pt;\"><span style=\"color: #000000;\">4- <a href=\"https:\/\/pubmed.ncbi.nlm.nih.gov\/32006205\/\" target=\"_blank\" rel=\"noopener\">Jiang X, Dimou NL, Zhu Z, <strong>Bonilla C<\/strong>, Lewis SJ, Lindstr\u00f6m S, Kraft P, Tsilidis KK, Martin RM, PRACTICAL, CRUK, BPC3, CAPS and PEGASUS consortia. Allergy, asthma and the risk of breast and prostate cancer: a Mendelian randomization study. <em>Cancer Causes and Control<\/em> 31: 273-282<\/a>.<\/span>\u00a0<\/span>","protected":false},"excerpt":{"rendered":"<p>Publish or perish 2022 1- Bonilla C, Mejia-Lancheros C. The skin we live in: pigmentation traits and tanning behaviour in&#46;&#46;&#46;<\/p>\n","protected":false},"author":22756,"featured_media":0,"parent":0,"menu_order":0,"comment_status":"closed","ping_status":"closed","template":"","meta":{"_monsterinsights_skip_tracking":false,"_monsterinsights_sitenote_active":false,"_monsterinsights_sitenote_note":"","_monsterinsights_sitenote_category":0,"footnotes":"","_links_to":"","_links_to_target":""},"class_list":["post-198","page","type-page","status-publish","hentry"],"_links":{"self":[{"href":"https:\/\/sites.usp.br\/epigen\/pb\/wp-json\/wp\/v2\/pages\/198","targetHints":{"allow":["GET"]}}],"collection":[{"href":"https:\/\/sites.usp.br\/epigen\/pb\/wp-json\/wp\/v2\/pages"}],"about":[{"href":"https:\/\/sites.usp.br\/epigen\/pb\/wp-json\/wp\/v2\/types\/page"}],"author":[{"embeddable":true,"href":"https:\/\/sites.usp.br\/epigen\/pb\/wp-json\/wp\/v2\/users\/22756"}],"replies":[{"embeddable":true,"href":"https:\/\/sites.usp.br\/epigen\/pb\/wp-json\/wp\/v2\/comments?post=198"}],"version-history":[{"count":4,"href":"https:\/\/sites.usp.br\/epigen\/pb\/wp-json\/wp\/v2\/pages\/198\/revisions"}],"predecessor-version":[{"id":573,"href":"https:\/\/sites.usp.br\/epigen\/pb\/wp-json\/wp\/v2\/pages\/198\/revisions\/573"}],"wp:attachment":[{"href":"https:\/\/sites.usp.br\/epigen\/pb\/wp-json\/wp\/v2\/media?parent=198"}],"curies":[{"name":"wp","href":"https:\/\/api.w.org\/{rel}","templated":true}]}}